{"id":23402,"date":"2025-07-08T23:28:12","date_gmt":"2025-07-08T15:28:12","guid":{"rendered":"https:\/\/www.vape4wholesale.com\/?post_type=product&#038;p=23402"},"modified":"2026-02-04T14:28:40","modified_gmt":"2026-02-04T14:28:40","slug":"razz-bar-15000-puffs-vape-descartavel-por-atacado","status":"publish","type":"product","link":"https:\/\/www.vape4wholesale.com\/pt\/product\/razz-bar-15000-puffs-disposable-vape-wholesale","title":{"rendered":"Razz Bar 15000 Puffs Vape Descart\u00e1vel Atacado"},"content":{"rendered":"<p>O <strong><a title=\"Razz Bar\" href=\"https:\/\/www.vape4wholesale.com\/pt\/marca_do_produto\/bar-razz\/\" target=\"_blank\" rel=\"noopener\">Razz Bar<\/a> 15000<\/strong> O Vape descart\u00e1vel Puffs \u00e9 <span style=\"color: #555555; font-size: 14.4px;\">um vape descart\u00e1vel elegante e de grande capacidade, concebido para uma comodidade e um desempenho inigual\u00e1veis. <\/span>Equipada com uma bateria incorporada de 650mAh e carregamento r\u00e1pido USB Tipo C, a Razz Bar garante uma utiliza\u00e7\u00e3o prolongada sem compromissos. N\u00e3o precisa de se preocupar com a falta de energia - basta recarregar e desfrutar.<\/p>\n<p class=\"ds-markdown-paragraph\"><strong>Enorme capacidade de 26 ml de E-l\u00edquido<\/strong><br \/>\nCom um impressionante dep\u00f3sito pr\u00e9-cheio de 26 ml, este vape descart\u00e1vel proporciona at\u00e9 15 000 baforadas suaves e saborosas, tornando-o perfeito para vaporizar durante todo o dia.<\/p>\n<p class=\"ds-markdown-paragraph\"><strong>16 sabores requintados<\/strong><br \/>\nDelicie-se com um sabor rico e satisfat\u00f3rio com 16 op\u00e7\u00f5es de sabores premium. Quer deseje notas frutadas, geladas ou inspiradas em sobremesas, o Razz Bar oferece uma experi\u00eancia personalizada em cada inala\u00e7\u00e3o.<\/p>\n<p class=\"ds-markdown-paragraph\"><strong>Elegante, port\u00e1til e sem complica\u00e7\u00f5es<\/strong><br \/>\nCompacto mas potente, o Razz Bar 15000 combina a m\u00e1xima praticidade com uma produ\u00e7\u00e3o de vapor excecional. Sem recarga, sem manuten\u00e7\u00e3o - apenas conveni\u00eancia pura e descart\u00e1vel.<\/p>\n<h2 class=\"ds-markdown-paragraph\">Razz Bar 15000 Puffs Vape descart\u00e1vel Detalhes r\u00e1pidos<\/h2>\n<p class=\"ds-markdown-paragraph\">15.000 baforadas - prazer ultra-duradouro<br \/>\nFluxo de ar de 4 n\u00edveis<br \/>\n\u2714 Resist\u00eancia da bobina: 1.0\u03a9<br \/>\nBateria recarreg\u00e1vel de 650mAh - Carregamento r\u00e1pido USB tipo C<br \/>\n26mL E-Liquid pr\u00e9-cheio - Sem fugas, sem confus\u00e3o<br \/>\n16 sabores - ricos, arrojados e suaves<br \/>\nAtivado por desenho - F\u00e1cil de utilizar, sem bot\u00f5es<\/p>\n<h2>Flaovrs dispon\u00edveis<\/h2>\n<p>1. doce de framboesa<br \/>\n2. gelo de morango<br \/>\n3. gelo Red Bull<br \/>\n4. Kiwi Maracuj\u00e1 Goiaba<br \/>\n5.Mamba<br \/>\n6. gelo de mirtilo<br \/>\n7.Gelo de p\u00eassego<br \/>\n8. kiwi de morango<br \/>\n9. gelo de melancia<br \/>\n10. p\u00eassego manga anan\u00e1s<br \/>\n11. pastilha el\u00e1stica de melancia<br \/>\n12. bagas mistas<br \/>\n13. mirtilo framboesa lim\u00e3o<br \/>\n14. lima-lim\u00e3o<br \/>\n15. gelo de cola<br \/>\n16.ma\u00e7\u00e3 dupla<\/p>\n<figure id=\"attachment_23313\" aria-describedby=\"caption-attachment-23313\" style=\"width: 800px\" class=\"wp-caption alignnone\"><img loading=\"lazy\" decoding=\"async\" class=\"size-full wp-image-23313\" title=\"Razz Bar 15000 Puffs Vape Mamba descart\u00e1vel\" src=\"https:\/\/www.vape4wholesale.com\/wp-content\/uploads\/2025\/07\/Razz-Bar-15000-Puffs-Disposable-Vape_Mamba.webp\" alt=\"Razz Bar 15000 Puffs Vape Mamba descart\u00e1vel\" width=\"800\" height=\"800\" srcset=\"https:\/\/www.vape4wholesale.com\/wp-content\/uploads\/2025\/07\/Razz-Bar-15000-Puffs-Disposable-Vape_Mamba.webp 800w, https:\/\/www.vape4wholesale.com\/wp-content\/uploads\/2025\/07\/Razz-Bar-15000-Puffs-Disposable-Vape_Mamba-247x247.webp 247w, https:\/\/www.vape4wholesale.com\/wp-content\/uploads\/2025\/07\/Razz-Bar-15000-Puffs-Disposable-Vape_Mamba-100x100.webp 100w, https:\/\/www.vape4wholesale.com\/wp-content\/uploads\/2025\/07\/Razz-Bar-15000-Puffs-Disposable-Vape_Mamba-510x510.webp 510w, https:\/\/www.vape4wholesale.com\/wp-content\/uploads\/2025\/07\/Razz-Bar-15000-Puffs-Disposable-Vape_Mamba-300x300.webp 300w, https:\/\/www.vape4wholesale.com\/wp-content\/uploads\/2025\/07\/Razz-Bar-15000-Puffs-Disposable-Vape_Mamba-150x150.webp 150w, https:\/\/www.vape4wholesale.com\/wp-content\/uploads\/2025\/07\/Razz-Bar-15000-Puffs-Disposable-Vape_Mamba-768x768.webp 768w, https:\/\/www.vape4wholesale.com\/wp-content\/uploads\/2025\/07\/Razz-Bar-15000-Puffs-Disposable-Vape_Mamba-12x12.webp 12w, https:\/\/www.vape4wholesale.com\/wp-content\/uploads\/2025\/07\/Razz-Bar-15000-Puffs-Disposable-Vape_Mamba-64x64.webp 64w\" sizes=\"auto, (max-width: 800px) 100vw, 800px\" \/><figcaption id=\"caption-attachment-23313\" class=\"wp-caption-text\">Razz Bar 15000 Puffs Vape Descart\u00e1vel Atacado<\/figcaption><\/figure>\n<h2>PORQU\u00ca N\u00d3S?<\/h2>\r\n<ul>\r\n<li>Fonte vape real, fi\u00e1vel e profissional.<\/li>\r\n<li>100% Garantia genu\u00edna: S\u00f3 fornecemos produtos originais e genu\u00ednos, recusamos a contrafa\u00e7\u00e3o.<\/li>\r\n<li>100% Garantia de entrega: Utilizamos o melhor m\u00e9todo de envio para garantir que recebe a encomenda 100%.<\/li>\r\n<li>Ap\u00f3s o envio, fornecer-lhe-emos o n\u00famero de acompanhamento e a etiqueta de envio e acompanharemos a mercadoria at\u00e9 que a receba.<\/li>\r\n<li>Sem problemas aduaneiros, sem direitos aduaneiros<\/li>\r\n<\/ul>\n<p>&nbsp;<\/p>","protected":false},"excerpt":{"rendered":"<div class=\"wsppc_div_block woocommerce_before_add_to_cart_form\">\r\n<p><strong><span style=\"color: #00a859;\">Clear customs<\/span> before delivery &amp; 100% Delivery Guarantee, Delivery in 19~25 days around.\u00a0<\/strong><\/p>\r\n<\/div>","protected":false},"featured_media":23313,"comment_status":"open","ping_status":"closed","template":"","meta":[],"pwb-brand":[1266],"product_cat":[872],"product_tag":[22,24,684,823,1209],"class_list":{"0":"post-23402","1":"product","2":"type-product","3":"status-publish","4":"has-post-thumbnail","6":"pwb-brand-razz-bar","7":"product_cat-15k-20k-puffs","8":"product_tag-disposable","9":"product_tag-wholesale","10":"product_tag-15000-puffs","11":"product_tag-26-0ml","12":"product_tag-razz-bar","13":"product_shipping_class-eu-warehouse","14":"wcpa_has_options","16":"first","17":"outofstock","18":"featured","19":"shipping-taxable","20":"purchasable","21":"product-type-variable"},"aioseo_notices":[],"brands":[{"id":1266,"name":"Razz Bar","slug":"bar-razz"}],"_links":{"self":[{"href":"https:\/\/www.vape4wholesale.com\/pt\/wp-json\/wp\/v2\/product\/23402","targetHints":{"allow":["GET"]}}],"collection":[{"href":"https:\/\/www.vape4wholesale.com\/pt\/wp-json\/wp\/v2\/product"}],"about":[{"href":"https:\/\/www.vape4wholesale.com\/pt\/wp-json\/wp\/v2\/types\/product"}],"replies":[{"embeddable":true,"href":"https:\/\/www.vape4wholesale.com\/pt\/wp-json\/wp\/v2\/comments?post=23402"}],"wp:featuredmedia":[{"embeddable":true,"href":"https:\/\/www.vape4wholesale.com\/pt\/wp-json\/wp\/v2\/media\/23313"}],"wp:attachment":[{"href":"https:\/\/www.vape4wholesale.com\/pt\/wp-json\/wp\/v2\/media?parent=23402"}],"wp:term":[{"taxonomy":"pwb-brand","embeddable":true,"href":"https:\/\/www.vape4wholesale.com\/pt\/wp-json\/wp\/v2\/pwb-brand?post=23402"},{"taxonomy":"product_cat","embeddable":true,"href":"https:\/\/www.vape4wholesale.com\/pt\/wp-json\/wp\/v2\/product_cat?post=23402"},{"taxonomy":"product_tag","embeddable":true,"href":"https:\/\/www.vape4wholesale.com\/pt\/wp-json\/wp\/v2\/product_tag?post=23402"}],"curies":[{"name":"wp","href":"https:\/\/api.w.org\/{rel}","templated":true}]}}