{"id":23370,"date":"2025-07-08T00:11:30","date_gmt":"2025-07-07T16:11:30","guid":{"rendered":"https:\/\/www.vape4wholesale.com\/?post_type=product&#038;p=23370"},"modified":"2026-01-26T13:38:40","modified_gmt":"2026-01-26T13:38:40","slug":"happ-bar-ss25000-vape-descartavel-por-atacado","status":"publish","type":"product","link":"https:\/\/www.vape4wholesale.com\/pt\/produto\/happ-bar-ss25000-vape-descartavel-por-atacado","title":{"rendered":"Happ Bar SS25000 Vape Descart\u00e1vel Atacado"},"content":{"rendered":"<p class=\"ds-markdown-paragraph\">O\u00a0<strong><a title=\"Bar Happ\" href=\"https:\/\/www.vape4wholesale.com\/pt\/marca_do_produto\/bar-feliz\/\" target=\"_blank\" rel=\"noopener\">Bar Happ<\/a> SS25000<\/strong> O vape descart\u00e1vel destaca-se pela sua constru\u00e7\u00e3o multimaterial de primeira qualidade, combinando detalhes coloridos em pele sint\u00e9tica com detalhes met\u00e1licos elegantes que percorrem todo o corpo. O bot\u00e3o de alimenta\u00e7\u00e3o est\u00e1 perfeitamente integrado num painel preto mate, que tamb\u00e9m aloja um ecr\u00e3 LCD transparente para monitoriza\u00e7\u00e3o em tempo real.<\/p>\n<p class=\"ds-markdown-paragraph\">Ao contr\u00e1rio da maioria dos vapes descart\u00e1veis que se activam automaticamente, o SS25000 requer uma opera\u00e7\u00e3o manual para um controlo preciso. Para utilizar, basta premir o bot\u00e3o de alimenta\u00e7\u00e3o cinco vezes para o ligar e, em seguida, clicar tr\u00eas vezes rapidamente para mudar de modo. Possui dois modos de sa\u00edda:<\/p>\n<ul>\n<li>\n<p class=\"ds-markdown-paragraph\">Modo inteligente: Pot\u00eancia ajust\u00e1vel de 5W a 30W para uma vaporiza\u00e7\u00e3o personalizada.<\/p>\n<\/li>\n<li>\n<p class=\"ds-markdown-paragraph\">Modo Boost: Bloqueia a 30W para m\u00e1xima intensidade.<\/p>\n<\/li>\n<\/ul>\n<p class=\"ds-markdown-paragraph\">Al\u00e9m disso, este dispositivo suporta a funcionalidade de recarga. Para recarregar:<\/p>\n<ol start=\"1\">\n<li>\n<p class=\"ds-markdown-paragraph\">Retirar a boquilha.<\/p>\n<\/li>\n<li>\n<p class=\"ds-markdown-paragraph\">Retire os tamp\u00f5es de silicone de ambos os lados do tubo.<\/p>\n<\/li>\n<li>\n<p class=\"ds-markdown-paragraph\">Adicione o e-l\u00edquido (evite o orif\u00edcio central do fluxo de ar).<\/p>\n<\/li>\n<\/ol>\n<h2><strong>Happ Bar SS25000 Vape descart\u00e1vel Detalhes r\u00e1pidos<\/strong><\/h2>\n<ul>\n<li>\n<p class=\"ds-markdown-paragraph\">Contagem de puffs: 25,000<\/p>\n<\/li>\n<li>\n<p class=\"ds-markdown-paragraph\">Bobina: 0.6\u03a9 Mesh Coil (melhor sabor e vapor)<\/p>\n<\/li>\n<li>\n<p class=\"ds-markdown-paragraph\">Fluxo de ar ajust\u00e1vel<\/p>\n<\/li>\n<li>\n<p class=\"ds-markdown-paragraph\">Design recarreg\u00e1vel<\/p>\n<\/li>\n<li>\n<p class=\"ds-markdown-paragraph\">Bateria recarreg\u00e1vel de 650mAh (carregamento tipo C)<\/p>\n<\/li>\n<li>\n<p class=\"ds-markdown-paragraph\">Modos duplos: Impulso e inteligente<\/p>\n<\/li>\n<li>\n<p class=\"ds-markdown-paragraph\">Ecr\u00e3 LCD: Mostra o n\u00edvel da bateria e a pot\u00eancia<\/p>\n<\/li>\n<\/ul>\n<h2><strong>Sabores dispon\u00edveis<\/strong><\/h2>\n<p>Gelo de p\u00eassego<br \/>\nPonche de morango<br \/>\nMenta Uva<br \/>\nGelo de manga<br \/>\nMa\u00e7\u00e3 dupla<br \/>\nPastilha el\u00e1stica de mirtilo<br \/>\nHortel\u00e3-lim\u00e3o<br \/>\nGelo exuberante<br \/>\nMorango Kiwi<br \/>\nGelo de bagas<br \/>\nAmor m\u00e1gico<br \/>\nFesta da cereja<\/p>\n<figure id=\"attachment_23352\" aria-describedby=\"caption-attachment-23352\" style=\"width: 800px\" class=\"wp-caption alignnone\"><img loading=\"lazy\" decoding=\"async\" class=\"size-full wp-image-23352\" title=\"Happ Bar SS25000 Disposable Vape Double Appear\" src=\"https:\/\/www.vape4wholesale.com\/wp-content\/uploads\/2025\/07\/Happ-Bar-SS25000-Disposable-Vape_Double-Appe.webp\" alt=\"Happ Bar SS25000 Disposable Vape Double Appear\" width=\"800\" height=\"800\" srcset=\"https:\/\/www.vape4wholesale.com\/wp-content\/uploads\/2025\/07\/Happ-Bar-SS25000-Disposable-Vape_Double-Appe.webp 800w, https:\/\/www.vape4wholesale.com\/wp-content\/uploads\/2025\/07\/Happ-Bar-SS25000-Disposable-Vape_Double-Appe-247x247.webp 247w, https:\/\/www.vape4wholesale.com\/wp-content\/uploads\/2025\/07\/Happ-Bar-SS25000-Disposable-Vape_Double-Appe-100x100.webp 100w, https:\/\/www.vape4wholesale.com\/wp-content\/uploads\/2025\/07\/Happ-Bar-SS25000-Disposable-Vape_Double-Appe-510x510.webp 510w\" sizes=\"auto, (max-width: 800px) 100vw, 800px\" \/><figcaption id=\"caption-attachment-23352\" class=\"wp-caption-text\">Happ Bar SS25000 Disposable Vape Double Appear<\/figcaption><\/figure>\n[scf-template id=&#8217;16903&#8242;]","protected":false},"excerpt":{"rendered":"<p><b><span style=\"color: #00a859;\">Free shipping<\/span>\u00a0from Europe warehouse, 7-15 working days delivery time.<\/b><\/p>\r\n<div class=\"wsppc_div_block woocommerce_before_add_to_cart_form\">\r\n<p><strong>Clear customs before delivery &amp; 100% Delivery Guarantee<\/strong><\/p>\r\n<\/div>","protected":false},"featured_media":23352,"comment_status":"open","ping_status":"closed","template":"","meta":[],"pwb-brand":[1267],"product_cat":[938],"product_tag":[22,24,692,915,1035],"class_list":{"0":"post-23370","1":"product","2":"type-product","3":"status-publish","4":"has-post-thumbnail","6":"pwb-brand-happ-bar","7":"product_cat-europe-warehouse","8":"product_tag-disposable","9":"product_tag-wholesale","10":"product_tag-25-0ml","11":"product_tag-25000-puffs","12":"product_tag-happ-bar","13":"product_shipping_class-eu-warehouse","15":"first","16":"outofstock","17":"featured","18":"shipping-taxable","19":"purchasable","20":"product-type-variable"},"aioseo_notices":[],"brands":[{"id":1267,"name":"Bar Happ","slug":"bar-feliz"}],"_links":{"self":[{"href":"https:\/\/www.vape4wholesale.com\/pt\/wp-json\/wp\/v2\/product\/23370","targetHints":{"allow":["GET"]}}],"collection":[{"href":"https:\/\/www.vape4wholesale.com\/pt\/wp-json\/wp\/v2\/product"}],"about":[{"href":"https:\/\/www.vape4wholesale.com\/pt\/wp-json\/wp\/v2\/types\/product"}],"replies":[{"embeddable":true,"href":"https:\/\/www.vape4wholesale.com\/pt\/wp-json\/wp\/v2\/comments?post=23370"}],"wp:featuredmedia":[{"embeddable":true,"href":"https:\/\/www.vape4wholesale.com\/pt\/wp-json\/wp\/v2\/media\/23352"}],"wp:attachment":[{"href":"https:\/\/www.vape4wholesale.com\/pt\/wp-json\/wp\/v2\/media?parent=23370"}],"wp:term":[{"taxonomy":"pwb-brand","embeddable":true,"href":"https:\/\/www.vape4wholesale.com\/pt\/wp-json\/wp\/v2\/pwb-brand?post=23370"},{"taxonomy":"product_cat","embeddable":true,"href":"https:\/\/www.vape4wholesale.com\/pt\/wp-json\/wp\/v2\/product_cat?post=23370"},{"taxonomy":"product_tag","embeddable":true,"href":"https:\/\/www.vape4wholesale.com\/pt\/wp-json\/wp\/v2\/product_tag?post=23370"}],"curies":[{"name":"wp","href":"https:\/\/api.w.org\/{rel}","templated":true}]}}