{"id":23271,"date":"2025-07-07T00:00:13","date_gmt":"2025-07-06T16:00:13","guid":{"rendered":"https:\/\/www.vape4wholesale.com\/?post_type=product&#038;p=23271"},"modified":"2026-03-19T19:03:58","modified_gmt":"2026-03-19T11:03:58","slug":"fumot-digital-monkey-40000-puffs-vape-descartavel-por-atacado","status":"publish","type":"product","link":"https:\/\/www.vape4wholesale.com\/pt\/product\/fumot-digital-monkey-40000-puffs-disposable-vape-wholesale","title":{"rendered":"Fumot Digital Monkey 40000 Puffs Vape descart\u00e1vel Atacado"},"content":{"rendered":"<p>O<strong><a title=\"Fumot\" href=\"https:\/\/www.vape4wholesale.com\/pt\/marca_do_produto\/fumot\/\" target=\"_blank\" rel=\"noopener\"> Fumot<\/a> Macaco digital 40000<\/strong> \u00e9 um vape descart\u00e1vel com bobina de malha dupla, com um ecr\u00e3 inteligente e modos comut\u00e1veis. Como uma vers\u00e3o actualizada do popular <a title=\"Fumot 12000\" href=\"https:\/\/www.vape4wholesale.com\/pt\/produto\/fumot-digital-box-12000-vape-descartavel-por-atacado\/\" target=\"_blank\" rel=\"noopener\">Fumot 12000<\/a> O vape, apresenta um exterior elegante com padr\u00e3o de vidro e um grande ecr\u00e3 frontal. O ecr\u00e3 n\u00e3o s\u00f3 apresenta o gr\u00e1fico \"Digital Monkey\", como tamb\u00e9m fornece informa\u00e7\u00f5es em tempo real sobre o n\u00edvel de l\u00edquido, a dura\u00e7\u00e3o da bateria e o modo de vaporiza\u00e7\u00e3o atual. Este dispositivo oferece dois modos de vaporiza\u00e7\u00e3o: o modo de motor duplo e o modo de motor \u00fanico, que podem ser facilmente alternados com o bot\u00e3o localizado na parte inferior do dispositivo. O Digital Monkey est\u00e1 dispon\u00edvel em 16 sabores e oferece 2 dosagens de nicotina para satisfazer uma variedade de prefer\u00eancias.<\/p>\n<p>O visor do Digital Monkey fornece informa\u00e7\u00f5es em tempo real sobre o n\u00edvel de e-l\u00edquido, a dura\u00e7\u00e3o da bateria e o modo de vaporiza\u00e7\u00e3o atual Modo de motor duplo (D) ou Modo de motor \u00fanico (S) para melhorar a sua experi\u00eancia de vaporiza\u00e7\u00e3o.<\/p>\n<p>O vape Dual Mesh utiliza um elemento de aquecimento com duas camadas de material de malha, criando uma \u00e1rea de superf\u00edcie maior para o e-l\u00edquido entrar em contacto e aquecer uniformemente. Isto resulta num sabor mais suave e mais satisfat\u00f3rio<\/p>\n<p>Com uma bateria recarreg\u00e1vel de 850 mAh incorporada, pode recarregar v\u00e1rias vezes, para que n\u00e3o fique preso a baterias descart\u00e1veis mortas antes de o l\u00edquido eletr\u00f3nico acabar.<\/p>\n<h2><strong>Fumot Digital Monkey 40000 Puffs Vape descart\u00e1vel Detalhes r\u00e1pidos<\/strong><\/h2>\n<ul>\n<li class=\"ds-markdown-paragraph\">Puffs: At\u00e9 40.000<\/li>\n<li class=\"ds-markdown-paragraph\">Bateria: 850mAh (recarreg\u00e1vel atrav\u00e9s de USB-C)<\/li>\n<li class=\"ds-markdown-paragraph\">Bobina: Malha dupla (vapor mais suave e mais saboroso)<\/li>\n<li class=\"ds-markdown-paragraph\">Ecr\u00e3: Ecr\u00e3 inteligente (n\u00edvel de e-l\u00edquido em tempo real, bateria, indicador de modo)<\/li>\n<li>Capacidade do E-l\u00edquido: 16mL (pr\u00e9-cheio)<\/li>\n<li class=\"ds-markdown-paragraph\">Doses de nicotina: 2% (20mg) e 5% (50mg)<\/li>\n<li class=\"ds-markdown-paragraph\">Sabores: 16 op\u00e7\u00f5es (variedade para diferentes gostos)<\/li>\n<li class=\"ds-markdown-paragraph\">Design: Exterior com padr\u00e3o vidrado + gr\u00e1fico \"Digital Monkey<\/li>\n<li class=\"ds-markdown-paragraph\">Atualizado de: Fumot 12000 (melhor ecr\u00e3, malha dupla, maior dura\u00e7\u00e3o)<\/li>\n<li class=\"ds-markdown-paragraph\">Modos de funcionamento: Double Engine (D) - Vapor mais intenso\/ Single Engine (S) - Vaping normal (comut\u00e1vel atrav\u00e9s do bot\u00e3o inferior)<\/li>\n<\/ul>\n<h2><strong>Sabores dispon\u00edveis<\/strong><\/h2>\n<p>1. Gelo de banana<br \/>\n2. Melancia com morango<br \/>\n3. Miami Mint<br \/>\n4. Mirtilo Framboesa<br \/>\n5. Gelo negro<br \/>\n6. Gelo de goma branco<br \/>\n7. Gelo de melancia<br \/>\n8. Gelo de p\u00eassego sumarento<br \/>\n9. Limonada cor-de-rosa<br \/>\n10. Manga com morango<br \/>\n11. P\u00eassego Manga Melancia<br \/>\n12. Lim\u00e3o Uva<br \/>\n13. Tropical Rainbow Blast<br \/>\n14. Bomba de cereja<br \/>\n15. Rebu\u00e7ados de morango e menta<br \/>\n16. Ma\u00e7\u00e3 dupla<\/p>\n<figure id=\"attachment_23272\" aria-describedby=\"caption-attachment-23272\" style=\"width: 1248px\" class=\"wp-caption alignnone\"><img loading=\"lazy\" decoding=\"async\" class=\"size-full wp-image-23272\" title=\"Fumot Digital Monkey 40000 Puffs Vape descart\u00e1vel\" src=\"https:\/\/www.vape4wholesale.com\/wp-content\/uploads\/2025\/07\/Fumot-Digital-Monkey-40000-Puffs-Disposable-Vape.webp\" alt=\"Fumot Digital Monkey 40000 Puffs Vape descart\u00e1vel\" width=\"1248\" height=\"800\" srcset=\"https:\/\/www.vape4wholesale.com\/wp-content\/uploads\/2025\/07\/Fumot-Digital-Monkey-40000-Puffs-Disposable-Vape.webp 1248w, https:\/\/www.vape4wholesale.com\/wp-content\/uploads\/2025\/07\/Fumot-Digital-Monkey-40000-Puffs-Disposable-Vape-510x327.webp 510w, https:\/\/www.vape4wholesale.com\/wp-content\/uploads\/2025\/07\/Fumot-Digital-Monkey-40000-Puffs-Disposable-Vape-300x192.webp 300w, https:\/\/www.vape4wholesale.com\/wp-content\/uploads\/2025\/07\/Fumot-Digital-Monkey-40000-Puffs-Disposable-Vape-1024x656.webp 1024w, https:\/\/www.vape4wholesale.com\/wp-content\/uploads\/2025\/07\/Fumot-Digital-Monkey-40000-Puffs-Disposable-Vape-768x492.webp 768w, https:\/\/www.vape4wholesale.com\/wp-content\/uploads\/2025\/07\/Fumot-Digital-Monkey-40000-Puffs-Disposable-Vape-18x12.webp 18w, https:\/\/www.vape4wholesale.com\/wp-content\/uploads\/2025\/07\/Fumot-Digital-Monkey-40000-Puffs-Disposable-Vape-64x41.webp 64w\" sizes=\"auto, (max-width: 1248px) 100vw, 1248px\" \/><figcaption id=\"caption-attachment-23272\" class=\"wp-caption-text\">Fumot Digital Monkey 40000 Puffs Vape descart\u00e1vel<\/figcaption><\/figure>\n<h2>PORQU\u00ca N\u00d3S?<\/h2>\r\n<ul>\r\n<li>Fonte vape real, fi\u00e1vel e profissional.<\/li>\r\n<li>100% Garantia genu\u00edna: S\u00f3 fornecemos produtos originais e genu\u00ednos, recusamos a contrafa\u00e7\u00e3o.<\/li>\r\n<li>100% Garantia de entrega: Utilizamos o melhor m\u00e9todo de envio para garantir que recebe a encomenda 100%.<\/li>\r\n<li>Ap\u00f3s o envio, fornecer-lhe-emos o n\u00famero de acompanhamento e a etiqueta de envio e acompanharemos a mercadoria at\u00e9 que a receba.<\/li>\r\n<li>Sem problemas aduaneiros, sem direitos aduaneiros<\/li>\r\n<\/ul>","protected":false},"excerpt":{"rendered":"<div class=\"wsppc_div_block woocommerce_before_add_to_cart_form\">\r\n<p><strong><span style=\"color: #00a859;\">Clear customs<\/span> before delivery &amp; 100% Delivery Guarantee, Delivery in 19~25 days around.\u00a0<\/strong><\/p>\r\n<\/div>","protected":false},"featured_media":23259,"comment_status":"open","ping_status":"closed","template":"","meta":[],"pwb-brand":[1269],"product_cat":[873],"product_tag":[22,24,592,933,1016],"class_list":{"0":"post-23271","1":"product","2":"type-product","3":"status-publish","4":"has-post-thumbnail","6":"pwb-brand-fumot","7":"product_cat-above-20k-puffs","8":"product_tag-disposable","9":"product_tag-wholesale","10":"product_tag-fumot","11":"product_tag-35-0ml","12":"product_tag-40000-puffs","13":"wcpa_has_options","15":"first","16":"outofstock","17":"featured","18":"shipping-taxable","19":"purchasable","20":"product-type-variable"},"aioseo_notices":[],"brands":[{"id":1269,"name":"Fumot","slug":"fumot"}],"_links":{"self":[{"href":"https:\/\/www.vape4wholesale.com\/pt\/wp-json\/wp\/v2\/product\/23271","targetHints":{"allow":["GET"]}}],"collection":[{"href":"https:\/\/www.vape4wholesale.com\/pt\/wp-json\/wp\/v2\/product"}],"about":[{"href":"https:\/\/www.vape4wholesale.com\/pt\/wp-json\/wp\/v2\/types\/product"}],"replies":[{"embeddable":true,"href":"https:\/\/www.vape4wholesale.com\/pt\/wp-json\/wp\/v2\/comments?post=23271"}],"wp:featuredmedia":[{"embeddable":true,"href":"https:\/\/www.vape4wholesale.com\/pt\/wp-json\/wp\/v2\/media\/23259"}],"wp:attachment":[{"href":"https:\/\/www.vape4wholesale.com\/pt\/wp-json\/wp\/v2\/media?parent=23271"}],"wp:term":[{"taxonomy":"pwb-brand","embeddable":true,"href":"https:\/\/www.vape4wholesale.com\/pt\/wp-json\/wp\/v2\/pwb-brand?post=23271"},{"taxonomy":"product_cat","embeddable":true,"href":"https:\/\/www.vape4wholesale.com\/pt\/wp-json\/wp\/v2\/product_cat?post=23271"},{"taxonomy":"product_tag","embeddable":true,"href":"https:\/\/www.vape4wholesale.com\/pt\/wp-json\/wp\/v2\/product_tag?post=23271"}],"curies":[{"name":"wp","href":"https:\/\/api.w.org\/{rel}","templated":true}]}}