{"id":23021,"date":"2025-06-26T23:11:15","date_gmt":"2025-06-26T15:11:15","guid":{"rendered":"https:\/\/www.vape4wholesale.com\/?post_type=product&#038;p=23021"},"modified":"2026-03-30T11:11:35","modified_gmt":"2026-03-30T03:11:35","slug":"bang-box-3in1-80k-puffs-vape-descartavel-por-atacado","status":"publish","type":"product","link":"https:\/\/www.vape4wholesale.com\/pt\/product\/bang-box-3in1-80k-puffs-disposable-vape-wholesale","title":{"rendered":"Bang Box 3in1 80K Puffs Vape Descart\u00e1vel Atacado"},"content":{"rendered":"<p><a href=\"https:\/\/www.vape4wholesale.com\/pt\/marca_do_produto\/pancada\/\" target=\"_blank\" rel=\"noopener\">Pancada<\/a> O Box 3in1 80K Disposable Vape revoluciona a experi\u00eancia de vaporiza\u00e7\u00e3o com o seu inovador sistema de c\u00e1psulas 3 em 1. Com c\u00e1psulas triplas incorporadas e uma boquilha rotativa, permite alternar instantaneamente entre sabores sem necessitar de v\u00e1rios dispositivos. Com umas impressionantes 80.000 baforadas, uma capacidade de e-l\u00edquido de 60 ml de longa dura\u00e7\u00e3o e uma bateria recarreg\u00e1vel de 850 mAh tipo C, este dispositivo foi concebido para uma utiliza\u00e7\u00e3o prolongada e sem complica\u00e7\u00f5es. O visor inteligente mant\u00e9m-no informado com actualiza\u00e7\u00f5es em tempo real sobre os n\u00edveis de e-l\u00edquido e a dura\u00e7\u00e3o da bateria, garantindo que nunca \u00e9 apanhado desprevenido.<\/p>\n<p>Desfrute de uma experi\u00eancia personalizada com 2 tipos de op\u00e7\u00f5es de concentra\u00e7\u00e3o de nicotina (20 mg ou 50 mg) e 12 sabores maravilhosos, desde misturas frutadas a misturas geladas. O design compacto e \u00e0 prova de fugas proporciona tragos suaves e saborosos, sem bot\u00f5es ou defini\u00e7\u00f5es complicadas - apenas pura conveni\u00eancia. Quer seja um apreciador de sabores ou um vaporizador intenso, o Bang Box 3in1 adapta-se sem esfor\u00e7o \u00e0s suas prefer\u00eancias.<\/p>\n<h2 class=\"ds-markdown-paragraph\">Bang Box 3in1 80K Vape descart\u00e1vel Detalhes r\u00e1pidos<\/h2>\n<ul>\n<li class=\"ds-markdown-paragraph\">Puffs: At\u00e9 80.000<\/li>\n<li class=\"ds-markdown-paragraph\">Capacidade do e-l\u00edquido: 60mL (pr\u00e9-cheio)<\/li>\n<li class=\"ds-markdown-paragraph\">Bateria: 850mAh Recarreg\u00e1vel (Tipo C)<\/li>\n<li class=\"ds-markdown-paragraph\">Doses de nicotina: 20mg (2%) \/ 50mg (5%)<\/li>\n<li class=\"ds-markdown-paragraph\">Sabores: 12 op\u00e7\u00f5es \u00fanicas<\/li>\n<li class=\"ds-markdown-paragraph\">Ecr\u00e3: Ecr\u00e3 inteligente (n\u00edvel de E-l\u00edquido e de bateria)<\/li>\n<li class=\"ds-markdown-paragraph\">Carater\u00edstica principal: Sabores triplos 3 em 1<\/li>\n<li class=\"ds-markdown-paragraph\">Design: Compacto, \u00e0 prova de fugas, sem bot\u00f5es<\/li>\n<li class=\"ds-markdown-paragraph\">Ideal para: Variedade de sabores e vaporiza\u00e7\u00e3o de longa dura\u00e7\u00e3o<\/li>\n<\/ul>\n<h2>Sabores dispon\u00edveis<\/h2>\n<p>1) Banana com morango \/Melancia com framboesa \/Amor 666<br \/>\n2) Frutos tropicais \/Melancia com morango \/P\u00eassego com lim\u00e3o<br \/>\n3) Cola de morango e baunilha \/Framboesa de ma\u00e7\u00e3 \u00e1cida \/Lim\u00e3o<br \/>\n4) Uva dupla \/Manga com morango \/Gelo de framboesa azeda com mirtilo<br \/>\n5) Gelado de melancia\/gelado de morango\/mel\u00e3o triplo<br \/>\n6) Refrigerante de lim\u00e3o\/goma de melancia\/gelo drag\u00e3o negro<br \/>\n7) Triple Berry Ice \/Mango Peach \/Strawberry Kiwi<br \/>\n8) Gelo de morango \/Melancia de morango \/Manga de anan\u00e1s P\u00eassego<br \/>\n9) Anan\u00e1s com coco \/ Morango com framboesa \/ Gelo azul Razz<br \/>\n10) Lima-lim\u00e3o \/Manga P\u00eassego Melancia \/Gelo de mirtilo<br \/>\n11) Gelo de melancia \/Red Bull \/Quiwi de morango<br \/>\n12) Morango Kiwi \/Manga Azeda Anan\u00e1s \/Morango Red Bull<\/p>\n<figure id=\"attachment_23023\" aria-describedby=\"caption-attachment-23023\" style=\"width: 800px\" class=\"wp-caption alignnone\"><img loading=\"lazy\" decoding=\"async\" class=\"size-full wp-image-23023\" title=\"Bang Box 3in1 80K Puffs Vape Descart\u00e1vel Atacado\" src=\"https:\/\/www.vape4wholesale.com\/wp-content\/uploads\/2025\/06\/Bang-Box-3in1-80K-Puffs-Disposable-Vape-Wholesale-1.webp\" alt=\"Bang Box 3in1 80K Puffs Vape Descart\u00e1vel Atacado\" width=\"800\" height=\"1422\" srcset=\"https:\/\/www.vape4wholesale.com\/wp-content\/uploads\/2025\/06\/Bang-Box-3in1-80K-Puffs-Disposable-Vape-Wholesale-1.webp 800w, https:\/\/www.vape4wholesale.com\/wp-content\/uploads\/2025\/06\/Bang-Box-3in1-80K-Puffs-Disposable-Vape-Wholesale-1-510x907.webp 510w, https:\/\/www.vape4wholesale.com\/wp-content\/uploads\/2025\/06\/Bang-Box-3in1-80K-Puffs-Disposable-Vape-Wholesale-1-169x300.webp 169w, https:\/\/www.vape4wholesale.com\/wp-content\/uploads\/2025\/06\/Bang-Box-3in1-80K-Puffs-Disposable-Vape-Wholesale-1-576x1024.webp 576w, https:\/\/www.vape4wholesale.com\/wp-content\/uploads\/2025\/06\/Bang-Box-3in1-80K-Puffs-Disposable-Vape-Wholesale-1-768x1365.webp 768w, https:\/\/www.vape4wholesale.com\/wp-content\/uploads\/2025\/06\/Bang-Box-3in1-80K-Puffs-Disposable-Vape-Wholesale-1-7x12.webp 7w, https:\/\/www.vape4wholesale.com\/wp-content\/uploads\/2025\/06\/Bang-Box-3in1-80K-Puffs-Disposable-Vape-Wholesale-1-64x114.webp 64w\" sizes=\"auto, (max-width: 800px) 100vw, 800px\" \/><figcaption id=\"caption-attachment-23023\" class=\"wp-caption-text\">Bang Box 3in1 80K Puffs Vape Descart\u00e1vel Atacado<\/figcaption><\/figure>\n<h2>PORQU\u00ca N\u00d3S?<\/h2>\r\n<ul>\r\n<li>Fonte vape real, fi\u00e1vel e profissional.<\/li>\r\n<li>100% Garantia genu\u00edna: S\u00f3 fornecemos produtos originais e genu\u00ednos, recusamos a contrafa\u00e7\u00e3o.<\/li>\r\n<li>100% Garantia de entrega: Utilizamos o melhor m\u00e9todo de envio para garantir que recebe a encomenda 100%.<\/li>\r\n<li>Ap\u00f3s o envio, fornecer-lhe-emos o n\u00famero de acompanhamento e a etiqueta de envio e acompanharemos a mercadoria at\u00e9 que a receba.<\/li>\r\n<li>Sem problemas aduaneiros, sem direitos aduaneiros<\/li>\r\n<\/ul>","protected":false},"excerpt":{"rendered":"<div class=\"wsppc_div_block woocommerce_before_add_to_cart_form\">\r\n<p><strong><span style=\"color: #00a859;\">Passar na alf\u00e2ndega<\/span> antes da entrega e% Garantia de Entrega de 100 dias, Entrega em cerca de 19 a 25 dias.\u00a0<\/strong><\/p>\r\n<\/div>","protected":false},"featured_media":22971,"comment_status":"open","ping_status":"closed","template":"","meta":[],"pwb-brand":[1275],"product_cat":[873],"product_tag":[22,24,249,1182,1197],"class_list":{"0":"post-23021","1":"product","2":"type-product","3":"status-publish","4":"has-post-thumbnail","6":"pwb-brand-bang","7":"product_cat-above-20k-puffs","8":"product_tag-disposable","9":"product_tag-wholesale","10":"product_tag-bang","11":"product_tag-60-0ml","12":"product_tag-80000-puffs","13":"wcpa_has_options","15":"first","16":"instock","17":"featured","18":"shipping-taxable","19":"purchasable","20":"product-type-variable"},"aioseo_notices":[],"brands":[{"id":1275,"name":"Pancada","slug":"pancada"}],"_links":{"self":[{"href":"https:\/\/www.vape4wholesale.com\/pt\/wp-json\/wp\/v2\/product\/23021","targetHints":{"allow":["GET"]}}],"collection":[{"href":"https:\/\/www.vape4wholesale.com\/pt\/wp-json\/wp\/v2\/product"}],"about":[{"href":"https:\/\/www.vape4wholesale.com\/pt\/wp-json\/wp\/v2\/types\/product"}],"replies":[{"embeddable":true,"href":"https:\/\/www.vape4wholesale.com\/pt\/wp-json\/wp\/v2\/comments?post=23021"}],"wp:featuredmedia":[{"embeddable":true,"href":"https:\/\/www.vape4wholesale.com\/pt\/wp-json\/wp\/v2\/media\/22971"}],"wp:attachment":[{"href":"https:\/\/www.vape4wholesale.com\/pt\/wp-json\/wp\/v2\/media?parent=23021"}],"wp:term":[{"taxonomy":"pwb-brand","embeddable":true,"href":"https:\/\/www.vape4wholesale.com\/pt\/wp-json\/wp\/v2\/pwb-brand?post=23021"},{"taxonomy":"product_cat","embeddable":true,"href":"https:\/\/www.vape4wholesale.com\/pt\/wp-json\/wp\/v2\/product_cat?post=23021"},{"taxonomy":"product_tag","embeddable":true,"href":"https:\/\/www.vape4wholesale.com\/pt\/wp-json\/wp\/v2\/product_tag?post=23021"}],"curies":[{"name":"wp","href":"https:\/\/api.w.org\/{rel}","templated":true}]}}