{"id":23004,"date":"2025-06-26T19:48:47","date_gmt":"2025-06-26T11:48:47","guid":{"rendered":"https:\/\/www.vape4wholesale.com\/?post_type=product&#038;p=23004"},"modified":"2026-01-27T15:53:30","modified_gmt":"2026-01-27T15:53:30","slug":"lavie-twins-max-70000-puffs-vape-descartavel-por-atacado","status":"publish","type":"product","link":"https:\/\/www.vape4wholesale.com\/pt\/product\/lavie-twins-max-70000-puffs-disposable-vape-wholesale","title":{"rendered":"Lavie Twins Max 70000 Puffs Vape Descart\u00e1vel Atacado"},"content":{"rendered":"<p class=\"ds-markdown-paragraph\">a <a title=\"Lavie\" href=\"https:\/\/www.vape4wholesale.com\/pt\/marca_do_produto\/lavie\/\" target=\"_blank\" rel=\"noopener\"><strong>Lavie<\/strong><\/a> O vape descart\u00e1vel Twins Max 70000 Puffs foi concebido para os utilizadores que exigem variedade e resist\u00eancia. Este dispositivo de vanguarda proporciona umas impressionantes 70.000 baforadas gra\u00e7as \u00e0 sua enorme capacidade de 60 ml de e-l\u00edquido (2x30 ml). A bateria recarreg\u00e1vel Type-C de 850mAh garante uma utiliza\u00e7\u00e3o prolongada, enquanto o design leve de 122g o torna perfeito para vaping em movimento. Escolha entre as dosagens de nicotina 2% ou 5% de acordo com a sua prefer\u00eancia e desfrute sempre de um trago suave e satisfat\u00f3rio.<\/p>\n<p class=\"ds-markdown-paragraph\">O que o distingue \u00e9 o seu revolucion\u00e1rio sistema de duplo sabor. Basta empurrar a boquilha para tr\u00e1s e para a frente para alternar instantaneamente entre dois sabores diferentes - sem necessidade de transportar v\u00e1rios dispositivos. Com 12 excitantes op\u00e7\u00f5es de sabores dispon\u00edveis, pode explorar infinitas combina\u00e7\u00f5es de sabores, desde frutas doces a refrescantes mentolados. Quer seja um perseguidor de sabores ou um vaporizador intenso, este design 2 em 1 oferece uma versatilidade e um prazer inigual\u00e1veis. O visor inteligente pode monitorizar os n\u00edveis da bateria e do e-l\u00edquido em tempo real.<\/p>\n<p class=\"ds-markdown-paragraph\">Ideal para viajantes e vapers de todos os dias, combina um desempenho duradouro com uma funcionalidade inovadora. A sua constru\u00e7\u00e3o \u00e0 prova de fugas e o seu funcionamento f\u00e1cil fazem dele uma escolha fi\u00e1vel tanto para principiantes como para utilizadores experientes. Se est\u00e1 \u00e0 procura de um vape descart\u00e1vel que v\u00e1 verdadeiramente longe e que ofere\u00e7a uma excita\u00e7\u00e3o de dois sabores, o Lavie Twins Max \u00e9 a escolha perfeita.<\/p>\n<h2>Lavie Twins Max 70000 Puffs Vape Descart\u00e1vel Detalhes r\u00e1pidos<\/h2>\n<table style=\"border-collapse: collapse;width: 587.27pt\" border=\"0\" width=\"783\" cellspacing=\"0\" cellpadding=\"0\">\n<tbody>\n<tr style=\"height: 25.00pt\">\n<td class=\"et2\" style=\"height: 25.00pt;width: 141.75pt\" width=\"189\" height=\"33\"><strong>Carater\u00edstica<\/strong><\/td>\n<td class=\"et3\" style=\"width: 445.50pt\" width=\"594\"><strong>Especifica\u00e7\u00e3o<\/strong><\/td>\n<\/tr>\n<tr style=\"height: 25.00pt\">\n<td class=\"et4\" style=\"height: 25.00pt;width: 141.75pt\" width=\"189\" height=\"33\">Puffs<\/td>\n<td class=\"et5\" style=\"width: 445.50pt\" width=\"594\">At\u00e9 70.000<\/td>\n<\/tr>\n<tr style=\"height: 25.00pt\">\n<td class=\"et4\" style=\"height: 25.00pt;width: 141.75pt\" width=\"189\" height=\"33\">Capacidade de E-l\u00edquido<\/td>\n<td class=\"et5\" style=\"width: 445.50pt\" width=\"594\">60mL (2 dep\u00f3sitos duplos de 30mL)<\/td>\n<\/tr>\n<tr style=\"height: 25.00pt\">\n<td class=\"et4\" style=\"height: 25.00pt;width: 141.75pt\" width=\"189\" height=\"33\">Bateria<\/td>\n<td class=\"et5\" style=\"width: 445.50pt\" width=\"594\">850mAh (recarreg\u00e1vel)<\/td>\n<\/tr>\n<tr style=\"height: 25.00pt\">\n<td class=\"et4\" style=\"height: 25.00pt;width: 141.75pt\" width=\"189\" height=\"33\">Porta de carregamento<\/td>\n<td class=\"et5\" style=\"width: 445.50pt\" width=\"594\">Tipo C<\/td>\n<\/tr>\n<tr style=\"height: 25.00pt\">\n<td class=\"et4\" style=\"height: 25.00pt;width: 141.75pt\" width=\"189\" height=\"33\">For\u00e7a da nicotina<\/td>\n<td class=\"et5\" style=\"width: 445.50pt\" width=\"594\">2% \/ 5%<\/td>\n<\/tr>\n<tr style=\"height: 25.00pt\">\n<td class=\"et4\" style=\"height: 25.00pt;width: 141.75pt\" width=\"189\" height=\"33\">Peso<\/td>\n<td class=\"et5\" style=\"width: 445.50pt\" width=\"594\">122g<\/td>\n<\/tr>\n<tr style=\"height: 25.00pt\">\n<td class=\"et4\" style=\"height: 25.00pt;width: 141.75pt\" width=\"189\" height=\"33\">Op\u00e7\u00f5es de sabor<\/td>\n<td class=\"et5\" style=\"width: 445.50pt\" width=\"594\">12 sabores duplos \u00fanicos<\/td>\n<\/tr>\n<tr style=\"height: 25.00pt\">\n<td class=\"et4\" style=\"height: 25.00pt;width: 141.75pt\" width=\"189\" height=\"33\">Inova\u00e7\u00e3o fundamental<\/td>\n<td class=\"et5\" style=\"width: 445.50pt\" width=\"594\">Boquilha Push-Switch para mudan\u00e7a instant\u00e2nea de sabor<\/td>\n<\/tr>\n<tr style=\"height: 25.00pt\">\n<td class=\"et6\" style=\"height: 25.00pt\" height=\"33\">Ecr\u00e3 inteligente<\/td>\n<td>Controlo em tempo real dos n\u00edveis da bateria e do e-l\u00edquido para uma vaporiza\u00e7\u00e3o sem complica\u00e7\u00f5es<\/td>\n<\/tr>\n<\/tbody>\n<\/table>\n<h2>Sabores dispon\u00edveis<\/h2>\n<p>Mistura de frutos silvestres e cereja com g\u00e1s<br \/>\nRed Bull lce &amp; Strawberry Mango<br \/>\nMelancia e lima-lim\u00e3o<br \/>\nUva roxa e ma\u00e7\u00e3 dupla<br \/>\nRed Bull Strawberny &amp; Blackcurrant lce<br \/>\nP\u00e3o de l\u00f3 de banana e anan\u00e1s Strawberny<br \/>\nMorango, melancia, pastilha el\u00e1stica e mistura de frutos<br \/>\nAlgod\u00e3o doce de cereja e mirtilo<br \/>\nTriple Melon lce &amp; Rasperry Watermelon<br \/>\nLCE de mirtilo e LCE de drag\u00e3o preto<br \/>\nLimonada Blue Razz e Pastilha el\u00e1stica de melancia<br \/>\nMorango Melancia e Mirtilo Framboesa<\/p>\n<h2>Detalhes da embalagem<\/h2>\n<ul>\n<li>1\/ Caixa \u00fanica<\/li>\n<li>10\/ Caixa de apresenta\u00e7\u00e3o<\/li>\n<li>200\/ Caixa<\/li>\n<\/ul>\n<p>&nbsp;<\/p>\n<p>&nbsp;<\/p>\n<figure id=\"attachment_22996\" aria-describedby=\"caption-attachment-22996\" style=\"width: 800px\" class=\"wp-caption alignnone\"><img loading=\"lazy\" decoding=\"async\" class=\"size-full wp-image-22996\" title=\"Lavie Twins Max 70K Puffs Duplo Sabor Vape Descart\u00e1vel Red Bull Ice&amp; Strawberry Mango\" src=\"https:\/\/www.vape4wholesale.com\/wp-content\/uploads\/2025\/06\/Lavie-Twins-Max-70K-Puffs-Double-Flavors-Disposable-Vape-Red-Bull-Ice-Strawberry-Mango.webp\" alt=\"Lavie Twins Max 70K Puffs Duplo Sabor Vape Descart\u00e1vel Red Bull Ice&amp; Strawberry Mango\" width=\"800\" height=\"800\" srcset=\"https:\/\/www.vape4wholesale.com\/wp-content\/uploads\/2025\/06\/Lavie-Twins-Max-70K-Puffs-Double-Flavors-Disposable-Vape-Red-Bull-Ice-Strawberry-Mango.webp 800w, https:\/\/www.vape4wholesale.com\/wp-content\/uploads\/2025\/06\/Lavie-Twins-Max-70K-Puffs-Double-Flavors-Disposable-Vape-Red-Bull-Ice-Strawberry-Mango-247x247.webp 247w, https:\/\/www.vape4wholesale.com\/wp-content\/uploads\/2025\/06\/Lavie-Twins-Max-70K-Puffs-Double-Flavors-Disposable-Vape-Red-Bull-Ice-Strawberry-Mango-100x100.webp 100w, https:\/\/www.vape4wholesale.com\/wp-content\/uploads\/2025\/06\/Lavie-Twins-Max-70K-Puffs-Double-Flavors-Disposable-Vape-Red-Bull-Ice-Strawberry-Mango-510x510.webp 510w, https:\/\/www.vape4wholesale.com\/wp-content\/uploads\/2025\/06\/Lavie-Twins-Max-70K-Puffs-Double-Flavors-Disposable-Vape-Red-Bull-Ice-Strawberry-Mango-300x300.webp 300w, https:\/\/www.vape4wholesale.com\/wp-content\/uploads\/2025\/06\/Lavie-Twins-Max-70K-Puffs-Double-Flavors-Disposable-Vape-Red-Bull-Ice-Strawberry-Mango-150x150.webp 150w, https:\/\/www.vape4wholesale.com\/wp-content\/uploads\/2025\/06\/Lavie-Twins-Max-70K-Puffs-Double-Flavors-Disposable-Vape-Red-Bull-Ice-Strawberry-Mango-768x768.webp 768w, https:\/\/www.vape4wholesale.com\/wp-content\/uploads\/2025\/06\/Lavie-Twins-Max-70K-Puffs-Double-Flavors-Disposable-Vape-Red-Bull-Ice-Strawberry-Mango-12x12.webp 12w, https:\/\/www.vape4wholesale.com\/wp-content\/uploads\/2025\/06\/Lavie-Twins-Max-70K-Puffs-Double-Flavors-Disposable-Vape-Red-Bull-Ice-Strawberry-Mango-64x64.webp 64w\" sizes=\"auto, (max-width: 800px) 100vw, 800px\" \/><figcaption id=\"caption-attachment-22996\" class=\"wp-caption-text\">Lavie Twins Max 70K Puffs Duplo Sabor Vape Descart\u00e1vel Red Bull Ice&amp; Strawberry Mango<\/figcaption><\/figure>\n<figure id=\"attachment_22990\" aria-describedby=\"caption-attachment-22990\" style=\"width: 1100px\" class=\"wp-caption alignnone\"><img loading=\"lazy\" decoding=\"async\" class=\"wp-image-22990 size-full\" title=\"Lavie Twins Max 70K Puffs Duplo Sabor Descart\u00e1vel Atacado Vape\" src=\"https:\/\/www.vape4wholesale.com\/wp-content\/uploads\/2025\/06\/Lavie-Twins-Max-70K-Puffs-Double-Flavors-Disposable-Wholesale-Vape.webp\" alt=\"Lavie Twins Max 70K Puffs Duplo Sabor Descart\u00e1vel Atacado Vape\" width=\"1100\" height=\"619\" srcset=\"https:\/\/www.vape4wholesale.com\/wp-content\/uploads\/2025\/06\/Lavie-Twins-Max-70K-Puffs-Double-Flavors-Disposable-Wholesale-Vape.webp 1100w, https:\/\/www.vape4wholesale.com\/wp-content\/uploads\/2025\/06\/Lavie-Twins-Max-70K-Puffs-Double-Flavors-Disposable-Wholesale-Vape-510x287.webp 510w, https:\/\/www.vape4wholesale.com\/wp-content\/uploads\/2025\/06\/Lavie-Twins-Max-70K-Puffs-Double-Flavors-Disposable-Wholesale-Vape-300x169.webp 300w, https:\/\/www.vape4wholesale.com\/wp-content\/uploads\/2025\/06\/Lavie-Twins-Max-70K-Puffs-Double-Flavors-Disposable-Wholesale-Vape-1024x576.webp 1024w, https:\/\/www.vape4wholesale.com\/wp-content\/uploads\/2025\/06\/Lavie-Twins-Max-70K-Puffs-Double-Flavors-Disposable-Wholesale-Vape-768x432.webp 768w, https:\/\/www.vape4wholesale.com\/wp-content\/uploads\/2025\/06\/Lavie-Twins-Max-70K-Puffs-Double-Flavors-Disposable-Wholesale-Vape-18x10.webp 18w, https:\/\/www.vape4wholesale.com\/wp-content\/uploads\/2025\/06\/Lavie-Twins-Max-70K-Puffs-Double-Flavors-Disposable-Wholesale-Vape-64x36.webp 64w\" sizes=\"auto, (max-width: 1100px) 100vw, 1100px\" \/><figcaption id=\"caption-attachment-22990\" class=\"wp-caption-text\">Lavie Twins Max 70K Puffs Duplo Sabor Descart\u00e1vel Atacado Vape<\/figcaption><\/figure>\n<h2>PORQU\u00ca N\u00d3S?<\/h2>\r\n<ul>\r\n<li>Fonte vape real, fi\u00e1vel e profissional.<\/li>\r\n<li>100% Garantia genu\u00edna: S\u00f3 fornecemos produtos originais e genu\u00ednos, recusamos a contrafa\u00e7\u00e3o.<\/li>\r\n<li>100% Garantia de entrega: Utilizamos o melhor m\u00e9todo de envio para garantir que recebe a encomenda 100%.<\/li>\r\n<li>Ap\u00f3s o envio, fornecer-lhe-emos o n\u00famero de acompanhamento e a etiqueta de envio e acompanharemos a mercadoria at\u00e9 que a receba.<\/li>\r\n<li>Sem problemas aduaneiros, sem direitos aduaneiros<\/li>\r\n<\/ul>","protected":false},"excerpt":{"rendered":"<div class=\"wsppc_div_block woocommerce_before_add_to_cart_form\">\r\n<p><strong><span style=\"color: #00a859;\">Clear customs<\/span> before delivery &amp; 100% Delivery Guarantee, Delivery in 19~25 days around.\u00a0<\/strong><\/p>\r\n<\/div>","protected":false},"featured_media":23001,"comment_status":"open","ping_status":"closed","template":"","meta":[],"pwb-brand":[1277],"product_cat":[873],"product_tag":[22,24,37,1181,1182],"class_list":{"0":"post-23004","1":"product","2":"type-product","3":"status-publish","4":"has-post-thumbnail","6":"pwb-brand-lavie","7":"product_cat-above-20k-puffs","8":"product_tag-disposable","9":"product_tag-wholesale","10":"product_tag-lavie","11":"product_tag-70000-puffs","12":"product_tag-60-0ml","13":"wcpa_has_options","15":"first","16":"instock","17":"featured","18":"shipping-taxable","19":"purchasable","20":"product-type-variable"},"aioseo_notices":[],"brands":[{"id":1277,"name":"Lavie","slug":"lavie"}],"_links":{"self":[{"href":"https:\/\/www.vape4wholesale.com\/pt\/wp-json\/wp\/v2\/product\/23004","targetHints":{"allow":["GET"]}}],"collection":[{"href":"https:\/\/www.vape4wholesale.com\/pt\/wp-json\/wp\/v2\/product"}],"about":[{"href":"https:\/\/www.vape4wholesale.com\/pt\/wp-json\/wp\/v2\/types\/product"}],"replies":[{"embeddable":true,"href":"https:\/\/www.vape4wholesale.com\/pt\/wp-json\/wp\/v2\/comments?post=23004"}],"wp:featuredmedia":[{"embeddable":true,"href":"https:\/\/www.vape4wholesale.com\/pt\/wp-json\/wp\/v2\/media\/23001"}],"wp:attachment":[{"href":"https:\/\/www.vape4wholesale.com\/pt\/wp-json\/wp\/v2\/media?parent=23004"}],"wp:term":[{"taxonomy":"pwb-brand","embeddable":true,"href":"https:\/\/www.vape4wholesale.com\/pt\/wp-json\/wp\/v2\/pwb-brand?post=23004"},{"taxonomy":"product_cat","embeddable":true,"href":"https:\/\/www.vape4wholesale.com\/pt\/wp-json\/wp\/v2\/product_cat?post=23004"},{"taxonomy":"product_tag","embeddable":true,"href":"https:\/\/www.vape4wholesale.com\/pt\/wp-json\/wp\/v2\/product_tag?post=23004"}],"curies":[{"name":"wp","href":"https:\/\/api.w.org\/{rel}","templated":true}]}}