{"id":22467,"date":"2025-05-28T20:21:32","date_gmt":"2025-05-28T12:21:32","guid":{"rendered":"https:\/\/www.vape4wholesale.com\/?post_type=product&#038;p=22467"},"modified":"2026-04-10T17:30:46","modified_gmt":"2026-04-10T09:30:46","slug":"fizzy-max-iii-6in1-60000-puffs-vape-descartavel-por-atacado","status":"publish","type":"product","link":"https:\/\/www.vape4wholesale.com\/pt\/product\/fizzy-max-iii-6in1-60000-puffs-disposable-vape-wholesale","title":{"rendered":"Fizzy Max III 6in1 60000 Puffs Vape descart\u00e1vel Atacado"},"content":{"rendered":"<p class=\"ds-markdown-paragraph\">O\u00a0<strong><a title=\"Fresco\" href=\"https:\/\/www.vape4wholesale.com\/pt\/marca_do_produto\/efervescente\/\" target=\"_blank\" rel=\"noopener\">Fresco<\/a> Max III 6em1<\/strong> \u00e9 um vape descart\u00e1vel de \u00faltima gera\u00e7\u00e3o com um design inovador. Vem equipado com tr\u00eas c\u00e1psulas de e-l\u00edquido pr\u00e9-cheias, mas oferece muito mais do que apenas tr\u00eas sabores distintos. Ao misturar quaisquer dois dos tr\u00eas sabores, pode desbloquear uma experi\u00eancia de sabor \u00fanica e estimulante. Quando dois sabores s\u00e3o combinados, o fluxo de ar aumenta, proporcionando uma batida mais intensa e satisfat\u00f3ria. Isto significa que o dispositivo oferece efetivamente seis op\u00e7\u00f5es de sabores diferentes num \u00fanico vape.<\/p>\n<p class=\"ds-markdown-paragraph\">Com uma capacidade total de 50 ml de e-l\u00edquido (3\u00d716,7 ml) e uma potente bateria recarreg\u00e1vel de 850 mAh, o Fizzy Max III 6 em 1 garante um desempenho duradouro, eliminando a ansiedade do esgotamento r\u00e1pido. Suporta at\u00e9 60.000 baforadas, o que o torna uma escolha ideal para uma utiliza\u00e7\u00e3o prolongada. Al\u00e9m disso, o dispositivo possui um controlo de fluxo de ar inferior ajust\u00e1vel e um sistema de modo duplo (Modo Normal e Modo Boost), permitindo-lhe personalizar a sua experi\u00eancia de vaporiza\u00e7\u00e3o de acordo com as suas prefer\u00eancias.<\/p>\n<h2><strong>Como funciona o sistema Fizzy Max III 6in1?<\/strong><\/h2>\n<ol start=\"1\">\n<li>\n<p class=\"ds-markdown-paragraph\">Basta levantar e rodar a boquilha para alternar entre os sabores.<\/p>\n<\/li>\n<li>\n<p class=\"ds-markdown-paragraph\">O dispositivo alterna facilmente entre aromas simples e combina\u00e7\u00f5es h\u00edbridas pela seguinte ordem:<\/p>\n<ul>\n<li>\n<p class=\"ds-markdown-paragraph\">Sabor A \u2192 Mistura AB<\/p>\n<\/li>\n<li>\n<p class=\"ds-markdown-paragraph\">Sabor B \u2192 Mistura BC<\/p>\n<\/li>\n<li>\n<p class=\"ds-markdown-paragraph\">Sabor C \u2192 Mistura CA<\/p>\n<\/li>\n<\/ul>\n<\/li>\n<\/ol>\n<p class=\"ds-markdown-paragraph\">Este mecanismo intuitivo garante transi\u00e7\u00f5es sem esfor\u00e7o entre os seis perfis de sabor poss\u00edveis, tornando a experi\u00eancia 6 em 1 t\u00e3o conveniente quanto excitante. <a title=\"como funciona o fizzy max III 6in1?\" href=\"https:\/\/www.youtube.com\/watch?v=CoxB_HvaU3k\" target=\"_blank\" rel=\"noopener\">v\u00eddeo<\/a><\/p>\n<h2><strong>Optimizado para diferentes estilos de vaporiza\u00e7\u00e3o<\/strong><\/h2>\n<p class=\"ds-markdown-paragraph\">O Fizzy Max III atende de forma inteligente \u00e0s prefer\u00eancias de vaporiza\u00e7\u00e3o boca a pulm\u00e3o (MTL) e pulm\u00e3o direto (DL):<\/p>\n<ul>\n<li>\n<p class=\"ds-markdown-paragraph\">Modo de um s\u00f3 sabor - Perfeito para trac\u00e7\u00f5es boca a pulm\u00e3o (MTL) suaves e saborosas, proporcionando uma inala\u00e7\u00e3o cl\u00e1ssica e apertada semelhante \u00e0 dos cigarros tradicionais. Ideal para saborear a pureza de cada sabor individual.<\/p>\n<\/li>\n<li>\n<p class=\"ds-markdown-paragraph\">Modo Dual-Flavor Mix - Concebido para batidas direct-lung (DL) arrojadas e arejadas, o maior fluxo de ar e os sabores misturados criam um vapor mais intenso e volumoso, melhorando a experi\u00eancia sensorial dos ca\u00e7adores de nuvens.<\/p>\n<\/li>\n<\/ul>\n<p class=\"ds-markdown-paragraph\">Esta versatilidade de dupla finalidade garante que, quer prefira uma baforada restrita e saborosa ou uma batida profunda e satisfat\u00f3ria nos pulm\u00f5es, o Fizzy Max III adapta-se perfeitamente ao seu estilo.<\/p>\n<div class=\"markdown-table-wrapper\">\n<h2><strong>Fizzy Max III 6in1 Especifica\u00e7\u00f5es r\u00e1pidas<\/strong><\/h2>\n<div class=\"markdown-table-wrapper\">\n<table>\n<thead>\n<tr>\n<th><strong>Carater\u00edstica<\/strong><\/th>\n<th><strong>Especifica\u00e7\u00e3o<\/strong><\/th>\n<\/tr>\n<\/thead>\n<tbody>\n<tr>\n<td><strong>Tipo de desenho<\/strong><\/td>\n<td>Vape descart\u00e1vel avan\u00e7ado com tecnologia de sabor h\u00edbrido<\/td>\n<\/tr>\n<tr>\n<td><strong>Sistema de aromas<\/strong><\/td>\n<td>6 em 1 (3 sabores individuais + 3 misturas personaliz\u00e1veis)<\/td>\n<\/tr>\n<tr>\n<td><strong>Capacidade de E-l\u00edquido<\/strong><\/td>\n<td>50 ml no total (3 c\u00e1psulas de 16,7 ml)<\/td>\n<\/tr>\n<tr>\n<td><strong>Bateria<\/strong><\/td>\n<td>850mAh recarreg\u00e1vel<\/td>\n<\/tr>\n<tr>\n<td><strong>Contagem de baforadas<\/strong><\/td>\n<td>At\u00e9 60.000 baforadas<\/td>\n<\/tr>\n<tr>\n<td><strong>Controlo do fluxo de ar<\/strong><\/td>\n<td>Fluxo de ar inferior ajust\u00e1vel<\/td>\n<\/tr>\n<tr>\n<td><strong>Modos de funcionamento<\/strong><\/td>\n<td>\u2013\u00a0<strong>Modo normal<\/strong>: Sa\u00edda padr\u00e3o<br \/>\n\u2013\u00a0<strong>Modo de impulso<\/strong>: Vapor e intensidade de sabor melhorados<\/td>\n<\/tr>\n<tr>\n<td><strong>Estilos de vaporiza\u00e7\u00e3o<\/strong><\/td>\n<td>\u2013\u00a0<strong>Sabor \u00fanico<\/strong>: Apertado MTL (boca-a-pulm\u00e3o)<br \/>\n\u2013\u00a0<strong>Sabor duplo<\/strong>: Airy DL (pulm\u00e3o direto)<\/td>\n<\/tr>\n<tr>\n<td><strong>Mudan\u00e7a de sabor<\/strong><\/td>\n<td>Boquilha superior rotativa (A\u2192AB\u2192B\u2192BC\u2192C\u2192CA)<\/td>\n<\/tr>\n<\/tbody>\n<\/table>\n<h2><strong>Sabores de Fizzy Max III dispon\u00edveis<\/strong><\/h2>\n<p>1. melancia com morango e lima-lim\u00e3o e coco com mirtilo<br \/>\n2. gelo de mirtilo e cereja com g\u00e1s e lim\u00e3o com framboesa<br \/>\n3. gelo de melancia e morango Coca-Cola de baunilha e mistura de frutos silvestres<br \/>\n4. morango, fruta do drag\u00e3o, Red Bull e melancia com framboesa<br \/>\n5. Morango Framboesa e Manga P\u00eassego e Mirtilo Melancia<br \/>\n6. Morango Uva e Mirtilo Coco e P\u00eassego Lim\u00e3o<br \/>\n7.Blueberry Raspberry &amp; Triple Melon &amp; Strawberry Ice<br \/>\n8.Misto de frutos silvestres e kiwi Maracuj\u00e1 Goiaba e morango Melancia<br \/>\n9.Morango Kiwi &amp; Mirtilo Ice &amp; Melancia Ice<br \/>\n10.Blue Razz Ice &amp; Morango Kiwi &amp; Laranja Anan\u00e1s Azedo<br \/>\n11. Love 66 &amp; Red Bull Melancia &amp; Morango Framboesa<br \/>\n12.Gelado de morango, cola com g\u00e1s e pastilha el\u00e1stica de melancia<\/p>\n<h2><strong>Detalhes da embalagem<\/strong><\/h2>\n<ul>\n<li>Peso bruto:151g\/pc<\/li>\n<li>Tamanho do produto:42.8*42.2*125mm<\/li>\n<li>QTY:120pcs\/ctn,10pcs\/caixa<\/li>\n<li>Peso bruto:18kg\/ctn<\/li>\n<\/ul>\n<p>&nbsp;<\/p>\n<figure id=\"attachment_22448\" aria-describedby=\"caption-attachment-22448\" style=\"width: 800px\" class=\"wp-caption alignnone\"><img loading=\"lazy\" decoding=\"async\" class=\"size-full wp-image-22448\" title=\"Fizzy Max III 60000 Puffs 6in1 Vape Descart\u00e1vel Atacado (5)\" src=\"https:\/\/www.vape4wholesale.com\/wp-content\/uploads\/2025\/05\/Fizzy-Max-III-60000-Puffs-6in1-Disposable-Vape-Wholesale-5.webp\" alt=\"Fizzy Max III 60000 Puffs 6in1 Vape Descart\u00e1vel Atacado (5)\" width=\"800\" height=\"800\" srcset=\"https:\/\/www.vape4wholesale.com\/wp-content\/uploads\/2025\/05\/Fizzy-Max-III-60000-Puffs-6in1-Disposable-Vape-Wholesale-5.webp 800w, https:\/\/www.vape4wholesale.com\/wp-content\/uploads\/2025\/05\/Fizzy-Max-III-60000-Puffs-6in1-Disposable-Vape-Wholesale-5-247x247.webp 247w, https:\/\/www.vape4wholesale.com\/wp-content\/uploads\/2025\/05\/Fizzy-Max-III-60000-Puffs-6in1-Disposable-Vape-Wholesale-5-100x100.webp 100w, https:\/\/www.vape4wholesale.com\/wp-content\/uploads\/2025\/05\/Fizzy-Max-III-60000-Puffs-6in1-Disposable-Vape-Wholesale-5-510x510.webp 510w, https:\/\/www.vape4wholesale.com\/wp-content\/uploads\/2025\/05\/Fizzy-Max-III-60000-Puffs-6in1-Disposable-Vape-Wholesale-5-300x300.webp 300w, https:\/\/www.vape4wholesale.com\/wp-content\/uploads\/2025\/05\/Fizzy-Max-III-60000-Puffs-6in1-Disposable-Vape-Wholesale-5-150x150.webp 150w, https:\/\/www.vape4wholesale.com\/wp-content\/uploads\/2025\/05\/Fizzy-Max-III-60000-Puffs-6in1-Disposable-Vape-Wholesale-5-768x768.webp 768w, https:\/\/www.vape4wholesale.com\/wp-content\/uploads\/2025\/05\/Fizzy-Max-III-60000-Puffs-6in1-Disposable-Vape-Wholesale-5-12x12.webp 12w, https:\/\/www.vape4wholesale.com\/wp-content\/uploads\/2025\/05\/Fizzy-Max-III-60000-Puffs-6in1-Disposable-Vape-Wholesale-5-64x64.webp 64w\" sizes=\"auto, (max-width: 800px) 100vw, 800px\" \/><figcaption id=\"caption-attachment-22448\" class=\"wp-caption-text\">Fizzy Max III 60000 Puffs 6in1 Vape Descart\u00e1vel Atacado<\/figcaption><\/figure>\n<h2>PORQU\u00ca N\u00d3S?<\/h2>\r\n<ul>\r\n<li>Fonte vape real, fi\u00e1vel e profissional.<\/li>\r\n<li>100% Garantia genu\u00edna: S\u00f3 fornecemos produtos originais e genu\u00ednos, recusamos a contrafa\u00e7\u00e3o.<\/li>\r\n<li>100% Garantia de entrega: Utilizamos o melhor m\u00e9todo de envio para garantir que recebe a encomenda 100%.<\/li>\r\n<li>Ap\u00f3s o envio, fornecer-lhe-emos o n\u00famero de acompanhamento e a etiqueta de envio e acompanharemos a mercadoria at\u00e9 que a receba.<\/li>\r\n<li>Sem problemas aduaneiros, sem direitos aduaneiros<\/li>\r\n<\/ul>\n<\/div>\n<\/div>","protected":false},"excerpt":{"rendered":"<p><b><span style=\"color: #00a859;\">Envio gr\u00e1tis<\/span>\u00a0Do armaz\u00e9m da Europa, tempo de entrega de 7 a 15 dias \u00fateis.<\/b><\/p>\r\n<div class=\"wsppc_div_block woocommerce_before_add_to_cart_form\">\r\n<p><strong>Desalfandegar antes da entrega e garantia de entrega 100%%<\/strong><\/p>\r\n<\/div>\n<p><span style=\"color: #ed1c24;\"><strong>This product has been discontinued and replaced by a new version. \u2192<a href=\"https:\/\/www.vape4wholesale.com\/pt\/produto\/fizzy-max-iii-pro-6in1-60000-puffs-disposable-vape-wholesale\/\">Please click here to purchase<\/a>.<\/strong><\/span><\/p>","protected":false},"featured_media":22515,"comment_status":"open","ping_status":"closed","template":"","meta":[],"pwb-brand":[1268],"product_cat":[938],"product_tag":[22,24,948,1081,1114],"class_list":{"0":"post-22467","1":"product","2":"type-product","3":"status-publish","4":"has-post-thumbnail","6":"pwb-brand-fizzy","7":"product_cat-europe-warehouse","8":"product_tag-disposable","9":"product_tag-wholesale","10":"product_tag-fizzy","11":"product_tag-50-0ml","12":"product_tag-60000-puffs","13":"product_shipping_class-eu-warehouse","14":"wcpa_has_options","16":"first","17":"outofstock","18":"featured","19":"shipping-taxable","20":"purchasable","21":"product-type-variable"},"aioseo_notices":[],"brands":[{"id":1268,"name":"Fresco","slug":"efervescente"}],"_links":{"self":[{"href":"https:\/\/www.vape4wholesale.com\/pt\/wp-json\/wp\/v2\/product\/22467","targetHints":{"allow":["GET"]}}],"collection":[{"href":"https:\/\/www.vape4wholesale.com\/pt\/wp-json\/wp\/v2\/product"}],"about":[{"href":"https:\/\/www.vape4wholesale.com\/pt\/wp-json\/wp\/v2\/types\/product"}],"replies":[{"embeddable":true,"href":"https:\/\/www.vape4wholesale.com\/pt\/wp-json\/wp\/v2\/comments?post=22467"}],"wp:featuredmedia":[{"embeddable":true,"href":"https:\/\/www.vape4wholesale.com\/pt\/wp-json\/wp\/v2\/media\/22515"}],"wp:attachment":[{"href":"https:\/\/www.vape4wholesale.com\/pt\/wp-json\/wp\/v2\/media?parent=22467"}],"wp:term":[{"taxonomy":"pwb-brand","embeddable":true,"href":"https:\/\/www.vape4wholesale.com\/pt\/wp-json\/wp\/v2\/pwb-brand?post=22467"},{"taxonomy":"product_cat","embeddable":true,"href":"https:\/\/www.vape4wholesale.com\/pt\/wp-json\/wp\/v2\/product_cat?post=22467"},{"taxonomy":"product_tag","embeddable":true,"href":"https:\/\/www.vape4wholesale.com\/pt\/wp-json\/wp\/v2\/product_tag?post=22467"}],"curies":[{"name":"wp","href":"https:\/\/api.w.org\/{rel}","templated":true}]}}