{"id":22135,"date":"2025-05-15T16:49:29","date_gmt":"2025-05-15T08:49:29","guid":{"rendered":"https:\/\/www.vape4wholesale.com\/?post_type=product&#038;p=22135"},"modified":"2026-01-26T13:39:05","modified_gmt":"2026-01-26T13:39:05","slug":"happ-bar-twin-pod-35000-vape-descartavel","status":"publish","type":"product","link":"https:\/\/www.vape4wholesale.com\/pt\/produto\/happ-bar-twin-pod-35000-vape-descartavel","title":{"rendered":"Happ Bar Twin Pod 35000 Vape descart\u00e1vel"},"content":{"rendered":"<p class=\"ds-markdown-paragraph\">O <a title=\"Bar Happ\" href=\"https:\/\/www.vape4wholesale.com\/pt\/marca_do_produto\/bar-feliz\/\"><strong>Bar Happ<\/strong> <\/a>O Twin Pod 35000 Disposable Vape \u00e9 o derradeiro dispositivo de duplo sabor. Com umas impressionantes 35.000 baforadas, este dispositivo atualizado inclui dois dep\u00f3sitos de 18 ml e um bocal rotativo para alternar facilmente entre sabores. Alimentado por uma bateria recarreg\u00e1vel Type-C de 650mAh e bobinas de malha dupla (1,0ohm), proporciona um vapor suave e rico e um desempenho duradouro.<\/p>\n<p class=\"ds-markdown-paragraph\">\u00c9 fornecido com 2% e 5% de nicotina para escolha e um design gradiente elegante com um ecr\u00e3 LED para uma experi\u00eancia de vaporiza\u00e7\u00e3o com estilo. O sistema de tanque duplo elimina a necessidade de v\u00e1rios dispositivos, enquanto a capacidade melhorada do e-l\u00edquido garante uma utiliza\u00e7\u00e3o prolongada. Perfeito para vapers que desejam variedade e conveni\u00eancia sem comprometer o sabor ou a qualidade do vapor.<\/p>\n<p class=\"ds-markdown-paragraph\">Concebido para portabilidade e desempenho, combina inova\u00e7\u00e3o com sentido pr\u00e1tico. O seu design apelativo, a longa dura\u00e7\u00e3o da bateria e a tecnologia de duplo sabor fazem dele uma escolha de destaque para vaporizar durante todo o dia. Melhore a sua experi\u00eancia hoje com este vape descart\u00e1vel de alta capacidade e repleto de funcionalidades!<\/p>\n<h2 class=\"ds-markdown-paragraph\"><strong>Happ Bar Twin Pod 35000 Vape descart\u00e1vel Detalhes r\u00e1pidos<\/strong><\/h2>\n<ul>\n<li>\n<p class=\"ds-markdown-paragraph\"><strong>Puffs:<\/strong>\u00a035,000<\/p>\n<\/li>\n<li>\n<p class=\"ds-markdown-paragraph\"><strong>Nicotina:<\/strong>\u00a02% ou 5% (opcional)<\/p>\n<\/li>\n<li>\n<p class=\"ds-markdown-paragraph\"><strong>Bateria:<\/strong>\u00a0650mAh (recarreg\u00e1vel tipo C)<\/p>\n<\/li>\n<li>\n<p class=\"ds-markdown-paragraph\"><strong>Capacidade de E-Liquid:<\/strong> 36ML-18mL + 18mL (dep\u00f3sito duplo)<\/p>\n<\/li>\n<li>\n<p class=\"ds-markdown-paragraph\"><strong>Bobina:<\/strong>\u00a0Malha dupla (1,0ohm)<\/p>\n<\/li>\n<li>\n<p class=\"ds-markdown-paragraph\"><strong>Conce\u00e7\u00e3o:<\/strong>\u00a0Cores gradientes + ecr\u00e3 LED<\/p>\n<\/li>\n<\/ul>\n<h2><strong>Porqu\u00ea escolher o Happ Bar Twin Pod 35000?<\/strong><\/h2>\n<ul>\n<li class=\"ds-markdown-paragraph\">Dois sabores num s\u00f3 dispositivo - Alterne entre sabores sem esfor\u00e7o com uma tor\u00e7\u00e3o do bocal.<\/li>\n<li class=\"ds-markdown-paragraph\">Mais duradouro e mais econ\u00f3mico - Uma maior capacidade de sumo eletr\u00f3nico significa menos substitui\u00e7\u00f5es.<\/li>\n<li class=\"ds-markdown-paragraph\">Sons suaves e saborosos - As avan\u00e7adas bobinas de malha dupla aumentam o vapor e o sabor.<\/li>\n<li class=\"ds-markdown-paragraph\">Design apelativo - Destaque-se com um acabamento gradiente vibrante e um ecr\u00e3 LED.<\/li>\n<\/ul>\n<h2><strong>Sabores dispon\u00edveis<\/strong><\/h2>\n<ol>\n<li>Gelo de p\u00eassego, manga, anan\u00e1s e morango<\/li>\n<li>Limonada Blue Razz e gelo de p\u00eassego<\/li>\n<li>Morango Kiwi e Lush Ice<\/li>\n<li>Fudge de framboesa e ma\u00e7\u00e3 dupla<\/li>\n<li>Gelo de melancia e lima-lim\u00e3o<\/li>\n<li>Gelado de mirtilo, framboesa, lim\u00e3o e cereja<\/li>\n<li>Coca-Cola de morango e baunilha e mistura de frutos silvestres<\/li>\n<li>Pastilha el\u00e1stica de mirtilo, cereja, arando e melancia<\/li>\n<li>Gelado de morango, banana e cola<\/li>\n<li>Gelo de anan\u00e1s, coco e mirtilo<\/li>\n<li>Red Bull Ice e Hami Melon<\/li>\n<li>Gelo de uva e P\u00eassego de ma\u00e7\u00e3<\/li>\n<\/ol>\n<figure id=\"attachment_22120\" aria-describedby=\"caption-attachment-22120\" style=\"width: 800px\" class=\"wp-caption alignnone\"><img loading=\"lazy\" decoding=\"async\" class=\"size-full wp-image-22120\" title=\"Happ Bar Twin Pod 35000 Blueberry Cherry Cranberry &amp; Watermelon Bubble Gum\" src=\"https:\/\/www.vape4wholesale.com\/wp-content\/uploads\/2025\/05\/Happ-Bar-Twin-Pod-35000-Blueberry-Cherry-Cranberry-Watermelon-Bubble-Gum.webp\" alt=\"Happ Bar Twin Pod 35000 Blueberry Cherry Cranberry &amp; Watermelon Bubble Gum\" width=\"800\" height=\"800\" srcset=\"https:\/\/www.vape4wholesale.com\/wp-content\/uploads\/2025\/05\/Happ-Bar-Twin-Pod-35000-Blueberry-Cherry-Cranberry-Watermelon-Bubble-Gum.webp 800w, https:\/\/www.vape4wholesale.com\/wp-content\/uploads\/2025\/05\/Happ-Bar-Twin-Pod-35000-Blueberry-Cherry-Cranberry-Watermelon-Bubble-Gum-247x247.webp 247w, https:\/\/www.vape4wholesale.com\/wp-content\/uploads\/2025\/05\/Happ-Bar-Twin-Pod-35000-Blueberry-Cherry-Cranberry-Watermelon-Bubble-Gum-100x100.webp 100w, https:\/\/www.vape4wholesale.com\/wp-content\/uploads\/2025\/05\/Happ-Bar-Twin-Pod-35000-Blueberry-Cherry-Cranberry-Watermelon-Bubble-Gum-510x510.webp 510w, https:\/\/www.vape4wholesale.com\/wp-content\/uploads\/2025\/05\/Happ-Bar-Twin-Pod-35000-Blueberry-Cherry-Cranberry-Watermelon-Bubble-Gum-300x300.webp 300w, https:\/\/www.vape4wholesale.com\/wp-content\/uploads\/2025\/05\/Happ-Bar-Twin-Pod-35000-Blueberry-Cherry-Cranberry-Watermelon-Bubble-Gum-150x150.webp 150w, https:\/\/www.vape4wholesale.com\/wp-content\/uploads\/2025\/05\/Happ-Bar-Twin-Pod-35000-Blueberry-Cherry-Cranberry-Watermelon-Bubble-Gum-768x768.webp 768w, https:\/\/www.vape4wholesale.com\/wp-content\/uploads\/2025\/05\/Happ-Bar-Twin-Pod-35000-Blueberry-Cherry-Cranberry-Watermelon-Bubble-Gum-12x12.webp 12w, https:\/\/www.vape4wholesale.com\/wp-content\/uploads\/2025\/05\/Happ-Bar-Twin-Pod-35000-Blueberry-Cherry-Cranberry-Watermelon-Bubble-Gum-64x64.webp 64w\" sizes=\"auto, (max-width: 800px) 100vw, 800px\" \/><figcaption id=\"caption-attachment-22120\" class=\"wp-caption-text\">Happ Bar Twin Pod 35000 Blueberry Cherry Cranberry &amp; Watermelon Bubble Gum<\/figcaption><\/figure>\n<h2>PORQU\u00ca N\u00d3S?<\/h2>\r\n<ul>\r\n<li>Fonte vape real, fi\u00e1vel e profissional.<\/li>\r\n<li>100% Garantia genu\u00edna: S\u00f3 fornecemos produtos originais e genu\u00ednos, recusamos a contrafa\u00e7\u00e3o.<\/li>\r\n<li>100% Garantia de entrega: Utilizamos o melhor m\u00e9todo de envio para garantir que recebe a encomenda 100%.<\/li>\r\n<li>Ap\u00f3s o envio, fornecer-lhe-emos o n\u00famero de acompanhamento e a etiqueta de envio e acompanharemos a mercadoria at\u00e9 que a receba.<\/li>\r\n<li>Sem problemas aduaneiros, sem direitos aduaneiros<\/li>\r\n<\/ul>","protected":false},"excerpt":{"rendered":"<p><b><span style=\"color: #00a859;\">Free shipping<\/span>\u00a0from Europe warehouse, 7-15 working days delivery time.<\/b><\/p>\r\n<div class=\"wsppc_div_block woocommerce_before_add_to_cart_form\">\r\n<p><strong>Clear customs before delivery &amp; 100% Delivery Guarantee<\/strong><\/p>\r\n<\/div>","protected":false},"featured_media":22122,"comment_status":"open","ping_status":"closed","template":"","meta":[],"pwb-brand":[1267],"product_cat":[938],"product_tag":[22,24,849,1023,1035],"class_list":{"0":"post-22135","1":"product","2":"type-product","3":"status-publish","4":"has-post-thumbnail","6":"pwb-brand-happ-bar","7":"product_cat-europe-warehouse","8":"product_tag-disposable","9":"product_tag-wholesale","10":"product_tag-36-0ml","11":"product_tag-35000-puffs","12":"product_tag-happ-bar","13":"product_shipping_class-eu-warehouse","14":"wcpa_has_options","16":"first","17":"instock","18":"featured","19":"shipping-taxable","20":"purchasable","21":"product-type-variable"},"aioseo_notices":[],"brands":[{"id":1267,"name":"Bar Happ","slug":"bar-feliz"}],"_links":{"self":[{"href":"https:\/\/www.vape4wholesale.com\/pt\/wp-json\/wp\/v2\/product\/22135","targetHints":{"allow":["GET"]}}],"collection":[{"href":"https:\/\/www.vape4wholesale.com\/pt\/wp-json\/wp\/v2\/product"}],"about":[{"href":"https:\/\/www.vape4wholesale.com\/pt\/wp-json\/wp\/v2\/types\/product"}],"replies":[{"embeddable":true,"href":"https:\/\/www.vape4wholesale.com\/pt\/wp-json\/wp\/v2\/comments?post=22135"}],"wp:featuredmedia":[{"embeddable":true,"href":"https:\/\/www.vape4wholesale.com\/pt\/wp-json\/wp\/v2\/media\/22122"}],"wp:attachment":[{"href":"https:\/\/www.vape4wholesale.com\/pt\/wp-json\/wp\/v2\/media?parent=22135"}],"wp:term":[{"taxonomy":"pwb-brand","embeddable":true,"href":"https:\/\/www.vape4wholesale.com\/pt\/wp-json\/wp\/v2\/pwb-brand?post=22135"},{"taxonomy":"product_cat","embeddable":true,"href":"https:\/\/www.vape4wholesale.com\/pt\/wp-json\/wp\/v2\/product_cat?post=22135"},{"taxonomy":"product_tag","embeddable":true,"href":"https:\/\/www.vape4wholesale.com\/pt\/wp-json\/wp\/v2\/product_tag?post=22135"}],"curies":[{"name":"wp","href":"https:\/\/api.w.org\/{rel}","templated":true}]}}