{"id":21760,"date":"2025-04-28T22:00:11","date_gmt":"2025-04-28T14:00:11","guid":{"rendered":"https:\/\/www.vape4wholesale.com\/?post_type=product&#038;p=21760"},"modified":"2026-01-27T13:38:24","modified_gmt":"2026-01-27T13:38:24","slug":"vapsolo-king-pro-40000-puffs-vape-descartavel-por-atacado","status":"publish","type":"product","link":"https:\/\/www.vape4wholesale.com\/pt\/product\/vapsolo-king-pro-40000-puffs-disposable-vape-wholesale","title":{"rendered":"Vapsolo King Pro 40000 Puffs Vape Descart\u00e1vel Atacado"},"content":{"rendered":"<p class=\"ds-markdown-paragraph\">a\u00a0<a title=\"Vapsolo\" href=\"https:\/\/www.vape4wholesale.com\/pt\/marca_do_produto\/vapsolo\/\"><strong>Vapsolo<\/strong><\/a> O King Pro 40000 Disposable Vape foi concebido para proporcionar umas impressionantes 40.000 baforadas por dispositivo. Com uma grande capacidade de 40 ml de e-l\u00edquido e uma bateria recarreg\u00e1vel de 650 mAh (porta Tipo C), este vape descart\u00e1vel garante uma utiliza\u00e7\u00e3o prolongada sem substitui\u00e7\u00f5es frequentes.<\/p>\n<p class=\"ds-markdown-paragraph\">O visor LCD incorporado proporciona uma monitoriza\u00e7\u00e3o em tempo real da bateria e do e-l\u00edquido para maior comodidade. Equipado com uma bobina de malha de 1,0\u03a9, o King Pro produz sabores ricos e suaves e vapor denso a cada tragada. Personalize ainda mais a sua experi\u00eancia de vaporiza\u00e7\u00e3o com o controlo ajust\u00e1vel do fluxo de ar, que satisfaz as prefer\u00eancias MTL (boca a pulm\u00e3o) e RDL (pulm\u00e3o direto restrito).<\/p>\n<h2><strong>Carater\u00edsticas principais do Vapsolo King Pro 40000 Puffs Vape<\/strong><\/h2>\n<p>\u2714 <strong>40.000 baforadas<\/strong>\u00a0- Prazer ultra-duradouro<br \/>\n\u2714\u00a0<strong>40 ml de e-l\u00edquido pr\u00e9-cheio<\/strong>\u00a0- N\u00e3o s\u00e3o necess\u00e1rias recargas<br \/>\n\u2714\u00a0<strong>Bateria de 650mAh com carregamento Tipo C<\/strong>\u00a0- Recarregamento r\u00e1pido e c\u00f3modo<br \/>\n\u2714\u00a0<strong>Bobina de malha de 1,0\u03a9<\/strong>\u00a0- Sabor e produ\u00e7\u00e3o de vapor melhorados<br \/>\n\u2714\u00a0<strong>Ecr\u00e3 LCD<\/strong>\u00a0- Monitorizar os n\u00edveis da bateria e do sumo eletr\u00f3nico<br \/>\n\u2714\u00a0<strong>Fluxo de ar ajust\u00e1vel<\/strong>\u00a0- Adapte a sua resist\u00eancia \u00e0 tra\u00e7\u00e3o<\/p>\n<h2><strong>Sabores dispon\u00edveis<\/strong><\/h2>\n<ul>\n<li>01. Lim\u00e3o Cereja<\/li>\n<li>02. Kiwi Maracuj\u00e1 Goiaba<\/li>\n<li>03. Amor 66<\/li>\n<li>04. Gelo de melancia<\/li>\n<li>05. Morango Kiwi<\/li>\n<li>06. Lim\u00e3o e lima<\/li>\n<li>07. Banana com Morango<\/li>\n<li>08. Black Ice Dragon Fruit Morango<\/li>\n<li>09. Baga de P\u00eassego<\/li>\n<li>10. Melancia com morango<\/li>\n<li>11. Cola de cereja<\/li>\n<li>12. Explos\u00e3o de uva<\/li>\n<li>13. Baga mista<\/li>\n<li>14. Framboesa azeda com mirtilo<\/li>\n<li>15. P\u00eassego Manga Anan\u00e1s<\/li>\n<\/ul>\n<h2><strong>Detalhes da embalagem<\/strong><\/h2>\n<ul>\n<li>1\/ Caixa individual\/ 133g<\/li>\n<li>10\/ Caixa de exposi\u00e7\u00e3o<\/li>\n<li>200\/ Caixa principal\/ 27,5 kg<\/li>\n<\/ul>\n<figure id=\"attachment_21787\" aria-describedby=\"caption-attachment-21787\" style=\"width: 800px\" class=\"wp-caption alignnone\"><img loading=\"lazy\" decoding=\"async\" class=\"size-full wp-image-21787\" title=\"morango banana Vapsolo King Pro 40000\" src=\"https:\/\/www.vape4wholesale.com\/wp-content\/uploads\/2025\/04\/strawberry-banana-Vapsolo-King-Pro-40000.webp\" alt=\"morango banana Vapsolo King Pro 40000\" width=\"800\" height=\"800\" srcset=\"https:\/\/www.vape4wholesale.com\/wp-content\/uploads\/2025\/04\/strawberry-banana-Vapsolo-King-Pro-40000.webp 800w, https:\/\/www.vape4wholesale.com\/wp-content\/uploads\/2025\/04\/strawberry-banana-Vapsolo-King-Pro-40000-247x247.webp 247w, https:\/\/www.vape4wholesale.com\/wp-content\/uploads\/2025\/04\/strawberry-banana-Vapsolo-King-Pro-40000-100x100.webp 100w, https:\/\/www.vape4wholesale.com\/wp-content\/uploads\/2025\/04\/strawberry-banana-Vapsolo-King-Pro-40000-510x510.webp 510w, https:\/\/www.vape4wholesale.com\/wp-content\/uploads\/2025\/04\/strawberry-banana-Vapsolo-King-Pro-40000-300x300.webp 300w, https:\/\/www.vape4wholesale.com\/wp-content\/uploads\/2025\/04\/strawberry-banana-Vapsolo-King-Pro-40000-150x150.webp 150w, https:\/\/www.vape4wholesale.com\/wp-content\/uploads\/2025\/04\/strawberry-banana-Vapsolo-King-Pro-40000-768x768.webp 768w, https:\/\/www.vape4wholesale.com\/wp-content\/uploads\/2025\/04\/strawberry-banana-Vapsolo-King-Pro-40000-12x12.webp 12w, https:\/\/www.vape4wholesale.com\/wp-content\/uploads\/2025\/04\/strawberry-banana-Vapsolo-King-Pro-40000-64x64.webp 64w\" sizes=\"auto, (max-width: 800px) 100vw, 800px\" \/><figcaption id=\"caption-attachment-21787\" class=\"wp-caption-text\">Vapsolo King Pro 40000 Puffs Vape Descart\u00e1vel Atacado<\/figcaption><\/figure>\n<h2>PORQU\u00ca N\u00d3S?<\/h2>\r\n<ul>\r\n<li>Fonte vape real, fi\u00e1vel e profissional.<\/li>\r\n<li>100% Garantia genu\u00edna: S\u00f3 fornecemos produtos originais e genu\u00ednos, recusamos a contrafa\u00e7\u00e3o.<\/li>\r\n<li>100% Garantia de entrega: Utilizamos o melhor m\u00e9todo de envio para garantir que recebe a encomenda 100%.<\/li>\r\n<li>Ap\u00f3s o envio, fornecer-lhe-emos o n\u00famero de acompanhamento e a etiqueta de envio e acompanharemos a mercadoria at\u00e9 que a receba.<\/li>\r\n<li>Sem problemas aduaneiros, sem direitos aduaneiros<\/li>\r\n<\/ul>","protected":false},"excerpt":{"rendered":"<p><b><span style=\"color: #00a859;\">Envio gr\u00e1tis<\/span>\u00a0Do armaz\u00e9m da Europa, tempo de entrega de 7 a 15 dias \u00fateis.<\/b><\/p>\r\n<div class=\"wsppc_div_block woocommerce_before_add_to_cart_form\">\r\n<p><strong>Desalfandegar antes da entrega e garantia de entrega 100%%<\/strong><\/p>\r\n<\/div>","protected":false},"featured_media":21785,"comment_status":"open","ping_status":"closed","template":"","meta":[],"pwb-brand":[1271],"product_cat":[938],"product_tag":[24,899,1016,1026,22],"class_list":{"0":"post-21760","1":"product","2":"type-product","3":"status-publish","4":"has-post-thumbnail","6":"pwb-brand-vapsolo","7":"product_cat-europe-warehouse","8":"product_tag-wholesale","9":"product_tag-vapsolo","10":"product_tag-40000-puffs","11":"product_tag-40-0ml","12":"product_tag-disposable","13":"product_shipping_class-eu-warehouse","14":"wcpa_has_options","16":"first","17":"instock","18":"shipping-taxable","19":"purchasable","20":"product-type-variable"},"aioseo_notices":[],"brands":[{"id":1271,"name":"Vapsolo","slug":"vapsolo"}],"_links":{"self":[{"href":"https:\/\/www.vape4wholesale.com\/pt\/wp-json\/wp\/v2\/product\/21760","targetHints":{"allow":["GET"]}}],"collection":[{"href":"https:\/\/www.vape4wholesale.com\/pt\/wp-json\/wp\/v2\/product"}],"about":[{"href":"https:\/\/www.vape4wholesale.com\/pt\/wp-json\/wp\/v2\/types\/product"}],"replies":[{"embeddable":true,"href":"https:\/\/www.vape4wholesale.com\/pt\/wp-json\/wp\/v2\/comments?post=21760"}],"wp:featuredmedia":[{"embeddable":true,"href":"https:\/\/www.vape4wholesale.com\/pt\/wp-json\/wp\/v2\/media\/21785"}],"wp:attachment":[{"href":"https:\/\/www.vape4wholesale.com\/pt\/wp-json\/wp\/v2\/media?parent=21760"}],"wp:term":[{"taxonomy":"pwb-brand","embeddable":true,"href":"https:\/\/www.vape4wholesale.com\/pt\/wp-json\/wp\/v2\/pwb-brand?post=21760"},{"taxonomy":"product_cat","embeddable":true,"href":"https:\/\/www.vape4wholesale.com\/pt\/wp-json\/wp\/v2\/product_cat?post=21760"},{"taxonomy":"product_tag","embeddable":true,"href":"https:\/\/www.vape4wholesale.com\/pt\/wp-json\/wp\/v2\/product_tag?post=21760"}],"curies":[{"name":"wp","href":"https:\/\/api.w.org\/{rel}","templated":true}]}}