{"id":2161,"date":"2022-03-04T20:38:21","date_gmt":"2022-03-04T12:38:21","guid":{"rendered":"https:\/\/www.vape4wholesale.com\/?post_type=product&#038;p=2161"},"modified":"2026-01-26T13:43:46","modified_gmt":"2026-01-26T13:43:46","slug":"lavie-box-3500-puffs-vape-descartavel-por-atacado","status":"publish","type":"product","link":"https:\/\/www.vape4wholesale.com\/pt\/produto\/lavie-box-3500-puffs-vape-descartavel-por-atacado","title":{"rendered":"Lavie Box 3500 Puffs Vape Descart\u00e1vel Atacado"},"content":{"rendered":"<p>a <strong><a href=\"https:\/\/www.vape4wholesale.com\/pt\/marca_do_produto\/lavie\/\">Lavie<\/a> Caixa 3500<\/strong> \u00e9 um vape descart\u00e1vel de aspeto agrad\u00e1vel e colorido tipo caixa com fun\u00e7\u00e3o recarreg\u00e1vel, utiliza uma bateria incorporada de 400mah e com 11,5 ml de capacidade de e-l\u00edquido, suporta um m\u00e1ximo de 3500 puffs.<\/p>\n<h2>Lavie Box 3500 Puffs Vape descart\u00e1vel Lista de sabores<\/h2>\n<p>Algod\u00e3o doce<br \/>\nUva Laranja Ma\u00e7\u00e3<br \/>\nGelo exuberante<br \/>\nGelo de manga<br \/>\nMistura de bagas<br \/>\nO.M.G<br \/>\nGelo de p\u00eassego<br \/>\nMorango Coco Anan\u00e1s<\/p>\n<h2>Peso e embalagem<\/h2>\n<p>Tamanho do corpo: 69*38,5*19,5mm<\/p>\n<p>Peso corporal: 55g<\/p>\n<p>10 unidades por embalagem<\/p>\n<p>13,5 KG\/Caixa inclui 240 PCS.<\/p>\n<h2>ODM\/OEM:<\/h2>\n<p>1000 unidades por sabor<\/p>\n<p>For\u00e7a da nicotina \u00e0 escolha para encomendas OEM\/ODM: 0%, 1%, 2%, 3%, 5%.<\/p>\n<figure id=\"attachment_13407\" aria-describedby=\"caption-attachment-13407\" style=\"width: 800px\" class=\"wp-caption alignnone\"><img loading=\"lazy\" decoding=\"async\" class=\"wp-image-13407 size-full\" title=\"Lavie Box 3500 Vape Descart\u00e1vel Atacado Todos os Sabores\" src=\"https:\/\/www.vape4wholesale.com\/wp-content\/uploads\/2022\/03\/Lavie-Box-3500-Disposable-Vape-Wholesale-All-Flavors.jpg\" alt=\"Lavie Box 3500 Vape Descart\u00e1vel Atacado Todos os Sabores\" width=\"800\" height=\"800\" srcset=\"https:\/\/www.vape4wholesale.com\/wp-content\/uploads\/2022\/03\/Lavie-Box-3500-Disposable-Vape-Wholesale-All-Flavors.jpg 800w, https:\/\/www.vape4wholesale.com\/wp-content\/uploads\/2022\/03\/Lavie-Box-3500-Disposable-Vape-Wholesale-All-Flavors-247x247.jpg 247w, https:\/\/www.vape4wholesale.com\/wp-content\/uploads\/2022\/03\/Lavie-Box-3500-Disposable-Vape-Wholesale-All-Flavors-100x100.jpg 100w, https:\/\/www.vape4wholesale.com\/wp-content\/uploads\/2022\/03\/Lavie-Box-3500-Disposable-Vape-Wholesale-All-Flavors-510x510.jpg 510w, https:\/\/www.vape4wholesale.com\/wp-content\/uploads\/2022\/03\/Lavie-Box-3500-Disposable-Vape-Wholesale-All-Flavors-64x64.jpg 64w, https:\/\/www.vape4wholesale.com\/wp-content\/uploads\/2022\/03\/Lavie-Box-3500-Disposable-Vape-Wholesale-All-Flavors-300x300.jpg 300w, https:\/\/www.vape4wholesale.com\/wp-content\/uploads\/2022\/03\/Lavie-Box-3500-Disposable-Vape-Wholesale-All-Flavors-150x150.jpg 150w, https:\/\/www.vape4wholesale.com\/wp-content\/uploads\/2022\/03\/Lavie-Box-3500-Disposable-Vape-Wholesale-All-Flavors-768x768.jpg 768w\" sizes=\"auto, (max-width: 800px) 100vw, 800px\" \/><figcaption id=\"caption-attachment-13407\" class=\"wp-caption-text\">Lavie Box 3500 Vape Descart\u00e1vel Atacado<\/figcaption><\/figure>\n<h2>PORQU\u00ca N\u00d3S?<\/h2>\r\n<ul>\r\n<li>Fonte vape real, fi\u00e1vel e profissional.<\/li>\r\n<li>100% Garantia genu\u00edna: S\u00f3 fornecemos produtos originais e genu\u00ednos, recusamos a contrafa\u00e7\u00e3o.<\/li>\r\n<li>100% Garantia de entrega: Utilizamos o melhor m\u00e9todo de envio para garantir que recebe a encomenda 100%.<\/li>\r\n<li>Ap\u00f3s o envio, fornecer-lhe-emos o n\u00famero de acompanhamento e a etiqueta de envio e acompanharemos a mercadoria at\u00e9 que a receba.<\/li>\r\n<li>Sem problemas aduaneiros, sem direitos aduaneiros<\/li>\r\n<\/ul>","protected":false},"excerpt":{"rendered":"<div class=\"wsppc_div_block woocommerce_before_add_to_cart_form\">\r\n<p><strong><span style=\"color: #00a859;\">Clear customs<\/span> before delivery &amp; 100% Delivery Guarantee, Delivery in 19~25 days around.\u00a0<\/strong><\/p>\r\n<\/div>","protected":false},"featured_media":13413,"comment_status":"open","ping_status":"closed","template":"","meta":[],"pwb-brand":[1277],"product_cat":[85],"product_tag":[37,112,113,22,24],"class_list":{"0":"post-2161","1":"product","2":"type-product","3":"status-publish","4":"has-post-thumbnail","6":"pwb-brand-lavie","7":"product_cat-3000-4000-puffs","8":"product_tag-lavie","9":"product_tag-11-5ml","10":"product_tag-3500-puffs","11":"product_tag-disposable","12":"product_tag-wholesale","14":"first","15":"instock","16":"shipping-taxable","17":"purchasable","18":"product-type-variable"},"aioseo_notices":[],"brands":[{"id":1277,"name":"Lavie","slug":"lavie"}],"_links":{"self":[{"href":"https:\/\/www.vape4wholesale.com\/pt\/wp-json\/wp\/v2\/product\/2161","targetHints":{"allow":["GET"]}}],"collection":[{"href":"https:\/\/www.vape4wholesale.com\/pt\/wp-json\/wp\/v2\/product"}],"about":[{"href":"https:\/\/www.vape4wholesale.com\/pt\/wp-json\/wp\/v2\/types\/product"}],"replies":[{"embeddable":true,"href":"https:\/\/www.vape4wholesale.com\/pt\/wp-json\/wp\/v2\/comments?post=2161"}],"wp:featuredmedia":[{"embeddable":true,"href":"https:\/\/www.vape4wholesale.com\/pt\/wp-json\/wp\/v2\/media\/13413"}],"wp:attachment":[{"href":"https:\/\/www.vape4wholesale.com\/pt\/wp-json\/wp\/v2\/media?parent=2161"}],"wp:term":[{"taxonomy":"pwb-brand","embeddable":true,"href":"https:\/\/www.vape4wholesale.com\/pt\/wp-json\/wp\/v2\/pwb-brand?post=2161"},{"taxonomy":"product_cat","embeddable":true,"href":"https:\/\/www.vape4wholesale.com\/pt\/wp-json\/wp\/v2\/product_cat?post=2161"},{"taxonomy":"product_tag","embeddable":true,"href":"https:\/\/www.vape4wholesale.com\/pt\/wp-json\/wp\/v2\/product_tag?post=2161"}],"curies":[{"name":"wp","href":"https:\/\/api.w.org\/{rel}","templated":true}]}}