{"id":21602,"date":"2025-04-21T21:47:54","date_gmt":"2025-04-21T13:47:54","guid":{"rendered":"https:\/\/www.vape4wholesale.com\/?post_type=product&#038;p=21602"},"modified":"2026-04-28T19:28:11","modified_gmt":"2026-04-28T11:28:11","slug":"vozol-gear-power-20k-vape-descartavel-por-atacado","status":"publish","type":"product","link":"https:\/\/www.vape4wholesale.com\/pt\/product\/vozol-gear-power-20k-disposable-vape-wholesale","title":{"rendered":"Vozol Gear Power 20K Vape descart\u00e1vel Atacado"},"content":{"rendered":"<p class=\"ds-markdown-paragraph\">a <a title=\"Vozol\" href=\"https:\/\/www.vape4wholesale.com\/pt\/marca_do_produto\/vozol\/\"><strong>Vozol<\/strong><\/a> O Gear Power 20K \u00e9 um vape descart\u00e1vel avan\u00e7ado alimentado pela tecnologia S.i.L.C. para um sabor ultra-suave e produ\u00e7\u00e3o de vapor. Com um sistema inteligente de alimenta\u00e7\u00e3o dupla, pode alternar entre o modo Eco (at\u00e9 20.000 baforadas) para uma utiliza\u00e7\u00e3o prolongada ou o modo Power (at\u00e9 12.000 baforadas) para intensificar as nuvens e a riqueza - tudo num \u00fanico dispositivo compacto.<\/p>\n<p class=\"ds-markdown-paragraph\">Equipado com uma bobina de malha dupla, este vape assegura um aquecimento consistente e uma maior clareza de sabor, enquanto o visor de ecr\u00e3 completo o mant\u00e9m informado sobre a dura\u00e7\u00e3o da bateria e os n\u00edveis de e-l\u00edquido em tempo real. Pr\u00e9-preenchido com 20 ml de e-l\u00edquido de primeira qualidade e uma concentra\u00e7\u00e3o de nicotina de 5% (50 mg), proporciona um efeito satisfat\u00f3rio na garganta e uma satisfa\u00e7\u00e3o robusta com a nicotina.<\/p>\n<h2>Vozol Gear Power 20K Vape Detalhes r\u00e1pidos<\/h2>\n<ul>\n<li>S.i.L.C. Tech<\/li>\n<li>Modo ECO\/POWER de dupla pot\u00eancia<\/li>\n<li>At\u00e9 20000 baforadas no modo Eco<\/li>\n<li>At\u00e9 12000 baforadas no modo de alimenta\u00e7\u00e3o<\/li>\n<li>Bobina de malha dupla<\/li>\n<li>Visualiza\u00e7\u00e3o em ecr\u00e3 total<\/li>\n<li>20mL de E-l\u00edquido pr\u00e9-cheio<\/li>\n<li>5%(50mg) For\u00e7a da nicotina<\/li>\n<\/ul>\n<h2>Sabores dispon\u00edveis<\/h2>\n<p>1. Gelo de melancia<br \/>\n2. Gelo de uva<br \/>\n3. Gelo de manga<br \/>\n4. Gelo duplo de ma\u00e7\u00e3<br \/>\n5. Lavafire<br \/>\n6. Tempestade de mirtilos<br \/>\n7. Mojito azul<br \/>\n8. Manga Anan\u00e1s Toranja<br \/>\n9. Morango Kiwi<br \/>\n10. Melancia com framboesa<br \/>\n11. Blue Razz Ice<br \/>\n12. Manga com morango<br \/>\n13. Lima-lim\u00e3o<br \/>\n14. Limonada de cereja<br \/>\n15. Bagas mistas<br \/>\n16. Frutos do drag\u00e3o Banana Cereja<br \/>\n17. Hortel\u00e3-lim\u00e3o<br \/>\n19. Gelo de p\u00eassego<br \/>\n20. Melancia com morango<\/p>\n<h2>Detalhes da embalagem<\/h2>\n<ul>\n<li>1\/caixa de dobradi\u00e7as<\/li>\n<li>10\/caixa de exposi\u00e7\u00e3o<\/li>\n<li>200\/ caixa, 22,8kg<\/li>\n<\/ul>\n<figure id=\"attachment_21614\" aria-describedby=\"caption-attachment-21614\" style=\"width: 750px\" class=\"wp-caption alignnone\"><img loading=\"lazy\" decoding=\"async\" class=\"wp-image-21614 size-full\" title=\"Vozol Gear Power 20K Vape Descart\u00e1vel Atacado (1)\" src=\"https:\/\/www.vape4wholesale.com\/wp-content\/uploads\/2025\/04\/Vozol-Gear-Power-20K-Disposable-Vape-Wholesale-1.webp\" alt=\"Vozol Gear Power 20K Vape Descart\u00e1vel Atacado (1)\" width=\"750\" height=\"800\" srcset=\"https:\/\/www.vape4wholesale.com\/wp-content\/uploads\/2025\/04\/Vozol-Gear-Power-20K-Disposable-Vape-Wholesale-1.webp 750w, https:\/\/www.vape4wholesale.com\/wp-content\/uploads\/2025\/04\/Vozol-Gear-Power-20K-Disposable-Vape-Wholesale-1-510x544.webp 510w, https:\/\/www.vape4wholesale.com\/wp-content\/uploads\/2025\/04\/Vozol-Gear-Power-20K-Disposable-Vape-Wholesale-1-281x300.webp 281w, https:\/\/www.vape4wholesale.com\/wp-content\/uploads\/2025\/04\/Vozol-Gear-Power-20K-Disposable-Vape-Wholesale-1-11x12.webp 11w, https:\/\/www.vape4wholesale.com\/wp-content\/uploads\/2025\/04\/Vozol-Gear-Power-20K-Disposable-Vape-Wholesale-1-64x68.webp 64w\" sizes=\"auto, (max-width: 750px) 100vw, 750px\" \/><figcaption id=\"caption-attachment-21614\" class=\"wp-caption-text\">Vozol Gear Power 20K Vape descart\u00e1vel Atacado<\/figcaption><\/figure>\n<h2>PORQU\u00ca N\u00d3S?<\/h2>\r\n<ul>\r\n<li>Fonte vape real, fi\u00e1vel e profissional.<\/li>\r\n<li>100% Garantia genu\u00edna: S\u00f3 fornecemos produtos originais e genu\u00ednos, recusamos a contrafa\u00e7\u00e3o.<\/li>\r\n<li>100% Garantia de entrega: Utilizamos o melhor m\u00e9todo de envio para garantir que recebe a encomenda 100%.<\/li>\r\n<li>Ap\u00f3s o envio, fornecer-lhe-emos o n\u00famero de acompanhamento e a etiqueta de envio e acompanharemos a mercadoria at\u00e9 que a receba.<\/li>\r\n<li>Sem problemas aduaneiros, sem direitos aduaneiros<\/li>\r\n<\/ul>","protected":false},"excerpt":{"rendered":"<p><b><span style=\"color: #00a859;\">Free shipping<\/span>\u00a0from Europe warehouse, 7-15 working days delivery time.<\/b><\/p>\r\n<div class=\"wsppc_div_block woocommerce_before_add_to_cart_form\">\r\n<p><strong>Clear customs before delivery &amp; 100% Delivery Guarantee<\/strong><\/p>\r\n<\/div>","protected":false},"featured_media":21612,"comment_status":"open","ping_status":"closed","template":"","meta":[],"pwb-brand":[1276],"product_cat":[938],"product_tag":[22,24,172,794,1137],"class_list":{"0":"post-21602","1":"product","2":"type-product","3":"status-publish","4":"has-post-thumbnail","6":"pwb-brand-vozol","7":"product_cat-europe-warehouse","8":"product_tag-disposable","9":"product_tag-wholesale","10":"product_tag-20-0ml","11":"product_tag-20000-puffs","12":"product_tag-vozol","13":"product_shipping_class-eu-warehouse","15":"first","16":"outofstock","17":"featured","18":"shipping-taxable","19":"purchasable","20":"product-type-variable"},"aioseo_notices":[],"brands":[{"id":1276,"name":"Vozol","slug":"vozol"}],"_links":{"self":[{"href":"https:\/\/www.vape4wholesale.com\/pt\/wp-json\/wp\/v2\/product\/21602","targetHints":{"allow":["GET"]}}],"collection":[{"href":"https:\/\/www.vape4wholesale.com\/pt\/wp-json\/wp\/v2\/product"}],"about":[{"href":"https:\/\/www.vape4wholesale.com\/pt\/wp-json\/wp\/v2\/types\/product"}],"replies":[{"embeddable":true,"href":"https:\/\/www.vape4wholesale.com\/pt\/wp-json\/wp\/v2\/comments?post=21602"}],"wp:featuredmedia":[{"embeddable":true,"href":"https:\/\/www.vape4wholesale.com\/pt\/wp-json\/wp\/v2\/media\/21612"}],"wp:attachment":[{"href":"https:\/\/www.vape4wholesale.com\/pt\/wp-json\/wp\/v2\/media?parent=21602"}],"wp:term":[{"taxonomy":"pwb-brand","embeddable":true,"href":"https:\/\/www.vape4wholesale.com\/pt\/wp-json\/wp\/v2\/pwb-brand?post=21602"},{"taxonomy":"product_cat","embeddable":true,"href":"https:\/\/www.vape4wholesale.com\/pt\/wp-json\/wp\/v2\/product_cat?post=21602"},{"taxonomy":"product_tag","embeddable":true,"href":"https:\/\/www.vape4wholesale.com\/pt\/wp-json\/wp\/v2\/product_tag?post=21602"}],"curies":[{"name":"wp","href":"https:\/\/api.w.org\/{rel}","templated":true}]}}