{"id":21527,"date":"2025-04-18T23:41:27","date_gmt":"2025-04-18T15:41:27","guid":{"rendered":"https:\/\/www.vape4wholesale.com\/?post_type=product&#038;p=21527"},"modified":"2026-01-26T13:39:12","modified_gmt":"2026-01-26T13:39:12","slug":"vozol-vista-20000-vape-descartavel-por-atacado","status":"publish","type":"product","link":"https:\/\/www.vape4wholesale.com\/pt\/product\/vozol-vista-20000-disposable-vape-wholesale","title":{"rendered":"Vozol Vista 20000 Vape Descart\u00e1vel Atacado"},"content":{"rendered":"<p>O <a title=\"Vozol\" href=\"https:\/\/www.vape4wholesale.com\/pt\/marca_do_produto\/vozol\/\"><strong>Vozol<\/strong><\/a> O Vista 20000 redefine a conveni\u00eancia com umas impressionantes mais de 20.000 baforadas, tornando-o num dos vapes descart\u00e1veis mais duradouros do mercado. Com um ecr\u00e3 OLED n\u00edtido, permite monitorizar os n\u00edveis da bateria e do e-l\u00edquido em tempo real para uma experi\u00eancia de vaporiza\u00e7\u00e3o sem complica\u00e7\u00f5es. Al\u00e9m disso, o seu kit recarreg\u00e1vel e reutiliz\u00e1vel garante uma utiliza\u00e7\u00e3o prolongada, enquanto a bateria de 650mAh suporta uma carga completa em apenas 45 minutos - perfeita para utilizadores em movimento.<\/p>\n<p>Equipado com um ajuste de sa\u00edda de watt de 6 n\u00edveis, o Vista permite-lhe afinar a intensidade da vaporiza\u00e7\u00e3o para obter tragos mais suaves ou nuvens mais densas. Gra\u00e7as \u00e0 avan\u00e7ada bobina S.i.L.C Tech Dual Mesh Coil, proporciona um sabor rico e consistente em cada tragada, complementado pela for\u00e7a da nicotina 5% (NS) para uma experi\u00eancia de vaporiza\u00e7\u00e3o MTL (boca a pulm\u00e3o) satisfat\u00f3ria.<\/p>\n<p>Concebido a pensar na sustentabilidade, o dispositivo utiliza 65% PCR (pl\u00e1stico reciclado p\u00f3s-consumo), reduzindo o impacto ambiental sem comprometer a durabilidade. Al\u00e9m disso, cumpre as normas de conformidade TPD, garantindo seguran\u00e7a e qualidade para os mercados europeus.<\/p>\n<p>Alimentado por um eficiente chip de processamento MCU, o Vozol Vista garante um desempenho est\u00e1vel e uma maior capacidade de resposta. Quer se trate de um principiante ou de um vaporizador experiente, o seu design f\u00e1cil de utilizar e o n\u00famero alargado de baforadas fazem dele uma escolha de topo para vaporizar durante todo o dia.<\/p>\n<h2><strong>Vozol Vista 20000 Vape descart\u00e1vel Detalhes r\u00e1pidos<\/strong><\/h2>\n<ul>\n<li>Ecr\u00e3 OLED para o n\u00edvel da bateria e do e-l\u00edquido<\/li>\n<li>Mais de 20.000 Puffs<\/li>\n<li>Kit recarreg\u00e1vel e reutiliz\u00e1vel<\/li>\n<li>Ajuste da sa\u00edda de watts em 6 n\u00edveis<\/li>\n<li>Bateria recarreg\u00e1vel de 650mAh (carregamento completo em 45 minutos)<\/li>\n<li>5% Nictotina<\/li>\n<li>Bobina: Bobina de malha dupla S.i.L.C Tech<\/li>\n<li>Chip de processamento: Chip MCU<\/li>\n<li>Material: 65% PCR (material pl\u00e1stico ecol\u00f3gico recicl\u00e1vel)<\/li>\n<li>Conformidade com TPD<\/li>\n<li>MTL Vaping<\/li>\n<\/ul>\n<h2><strong>Sabores dispon\u00edveis<\/strong><\/h2>\n<p>1. Lavafire<br \/>\n2. Gelo de uva<br \/>\n3. Miami Mint<br \/>\n4. Gelo de p\u00eassego<br \/>\n5. Bagas mistas<br \/>\n6. Blue Razz Ice<br \/>\n7. Gelo de melancia<br \/>\n8. Lima-lim\u00e3o<br \/>\n9. Manga com morango<br \/>\n10. Cola de cereja<br \/>\n11. Melancia com framboesa<br \/>\n12. Gelo de manga<br \/>\n14. P\u00eassego Manga Melancia<br \/>\n15. Morango, framboesa, cereja<br \/>\n16. Toranja de sabugueiro<br \/>\n17. Frutos do drag\u00e3o Banana Cereja<br \/>\n18. Gelo de ma\u00e7\u00e3 azeda<br \/>\n19. VZBULL<br \/>\n20. Pastilha el\u00e1stica de melancia<\/p>\n<h2><strong>Detalhes da embalagem<\/strong><\/h2>\n<ul>\n<li>1 pe\u00e7a\/caixa individual<\/li>\n<li>10 unidades\/caixa de exposi\u00e7\u00e3o<\/li>\n<li>18,5 kg\/ 200 unidades\/ caixa de cart\u00e3o<\/li>\n<\/ul>\n<figure id=\"attachment_21546\" aria-describedby=\"caption-attachment-21546\" style=\"width: 800px\" class=\"wp-caption alignnone\"><img loading=\"lazy\" decoding=\"async\" class=\"size-full wp-image-21546\" title=\"Vozol Vista 20000 Vape descart\u00e1vel Pastilha el\u00e1stica de melancia\" src=\"https:\/\/www.vape4wholesale.com\/wp-content\/uploads\/2025\/04\/Vozol-Vista-20000-Disposable-Vape-Watermelon-Bubble-Gum.webp\" alt=\"Vozol Vista 20000 Vape descart\u00e1vel Pastilha el\u00e1stica de melancia\" width=\"800\" height=\"800\" srcset=\"https:\/\/www.vape4wholesale.com\/wp-content\/uploads\/2025\/04\/Vozol-Vista-20000-Disposable-Vape-Watermelon-Bubble-Gum.webp 800w, https:\/\/www.vape4wholesale.com\/wp-content\/uploads\/2025\/04\/Vozol-Vista-20000-Disposable-Vape-Watermelon-Bubble-Gum-247x247.webp 247w, https:\/\/www.vape4wholesale.com\/wp-content\/uploads\/2025\/04\/Vozol-Vista-20000-Disposable-Vape-Watermelon-Bubble-Gum-100x100.webp 100w, https:\/\/www.vape4wholesale.com\/wp-content\/uploads\/2025\/04\/Vozol-Vista-20000-Disposable-Vape-Watermelon-Bubble-Gum-510x510.webp 510w, https:\/\/www.vape4wholesale.com\/wp-content\/uploads\/2025\/04\/Vozol-Vista-20000-Disposable-Vape-Watermelon-Bubble-Gum-300x300.webp 300w, https:\/\/www.vape4wholesale.com\/wp-content\/uploads\/2025\/04\/Vozol-Vista-20000-Disposable-Vape-Watermelon-Bubble-Gum-150x150.webp 150w, https:\/\/www.vape4wholesale.com\/wp-content\/uploads\/2025\/04\/Vozol-Vista-20000-Disposable-Vape-Watermelon-Bubble-Gum-768x768.webp 768w, https:\/\/www.vape4wholesale.com\/wp-content\/uploads\/2025\/04\/Vozol-Vista-20000-Disposable-Vape-Watermelon-Bubble-Gum-12x12.webp 12w, https:\/\/www.vape4wholesale.com\/wp-content\/uploads\/2025\/04\/Vozol-Vista-20000-Disposable-Vape-Watermelon-Bubble-Gum-64x64.webp 64w\" sizes=\"auto, (max-width: 800px) 100vw, 800px\" \/><figcaption id=\"caption-attachment-21546\" class=\"wp-caption-text\">Vozol Vista 20000 Vape descart\u00e1vel<\/figcaption><\/figure>\n<h2>PORQU\u00ca N\u00d3S?<\/h2>\r\n<ul>\r\n<li>Fonte vape real, fi\u00e1vel e profissional.<\/li>\r\n<li>100% Garantia genu\u00edna: S\u00f3 fornecemos produtos originais e genu\u00ednos, recusamos a contrafa\u00e7\u00e3o.<\/li>\r\n<li>100% Garantia de entrega: Utilizamos o melhor m\u00e9todo de envio para garantir que recebe a encomenda 100%.<\/li>\r\n<li>Ap\u00f3s o envio, fornecer-lhe-emos o n\u00famero de acompanhamento e a etiqueta de envio e acompanharemos a mercadoria at\u00e9 que a receba.<\/li>\r\n<li>Sem problemas aduaneiros, sem direitos aduaneiros<\/li>\r\n<\/ul>","protected":false},"excerpt":{"rendered":"<p><b><span style=\"color: #00a859;\">Envio gr\u00e1tis<\/span>\u00a0Do armaz\u00e9m da Europa, tempo de entrega de 7 a 15 dias \u00fateis.<\/b><\/p>\r\n<div class=\"wsppc_div_block woocommerce_before_add_to_cart_form\">\r\n<p><strong>Desalfandegar antes da entrega e garantia de entrega 100%%<\/strong><\/p>\r\n<\/div>","protected":false},"featured_media":21546,"comment_status":"open","ping_status":"closed","template":"","meta":[],"pwb-brand":[1276],"product_cat":[873],"product_tag":[794,1137,22,24,172],"class_list":{"0":"post-21527","1":"product","2":"type-product","3":"status-publish","4":"has-post-thumbnail","6":"pwb-brand-vozol","7":"product_cat-above-20k-puffs","8":"product_tag-20000-puffs","9":"product_tag-vozol","10":"product_tag-disposable","11":"product_tag-wholesale","12":"product_tag-20-0ml","14":"first","15":"outofstock","16":"featured","17":"shipping-taxable","18":"purchasable","19":"product-type-variable"},"aioseo_notices":[],"brands":[{"id":1276,"name":"Vozol","slug":"vozol"}],"_links":{"self":[{"href":"https:\/\/www.vape4wholesale.com\/pt\/wp-json\/wp\/v2\/product\/21527","targetHints":{"allow":["GET"]}}],"collection":[{"href":"https:\/\/www.vape4wholesale.com\/pt\/wp-json\/wp\/v2\/product"}],"about":[{"href":"https:\/\/www.vape4wholesale.com\/pt\/wp-json\/wp\/v2\/types\/product"}],"replies":[{"embeddable":true,"href":"https:\/\/www.vape4wholesale.com\/pt\/wp-json\/wp\/v2\/comments?post=21527"}],"wp:featuredmedia":[{"embeddable":true,"href":"https:\/\/www.vape4wholesale.com\/pt\/wp-json\/wp\/v2\/media\/21546"}],"wp:attachment":[{"href":"https:\/\/www.vape4wholesale.com\/pt\/wp-json\/wp\/v2\/media?parent=21527"}],"wp:term":[{"taxonomy":"pwb-brand","embeddable":true,"href":"https:\/\/www.vape4wholesale.com\/pt\/wp-json\/wp\/v2\/pwb-brand?post=21527"},{"taxonomy":"product_cat","embeddable":true,"href":"https:\/\/www.vape4wholesale.com\/pt\/wp-json\/wp\/v2\/product_cat?post=21527"},{"taxonomy":"product_tag","embeddable":true,"href":"https:\/\/www.vape4wholesale.com\/pt\/wp-json\/wp\/v2\/product_tag?post=21527"}],"curies":[{"name":"wp","href":"https:\/\/api.w.org\/{rel}","templated":true}]}}