{"id":21243,"date":"2025-04-06T18:29:57","date_gmt":"2025-04-06T10:29:57","guid":{"rendered":"https:\/\/www.vape4wholesale.com\/?post_type=product&#038;p=21243"},"modified":"2026-03-15T22:35:46","modified_gmt":"2026-03-15T14:35:46","slug":"fumot-tornado-25000-puffs-vape-descartavel-por-atacado","status":"publish","type":"product","link":"https:\/\/www.vape4wholesale.com\/pt\/produto\/fumot-tornado-25000-puffs-vape-descartavel-por-atacado","title":{"rendered":"Fumot Tornado 25000 Puffs Vape Descart\u00e1vel Atacado"},"content":{"rendered":"<p>O Fumot Tornado 25000 redefine a vaporiza\u00e7\u00e3o descart\u00e1vel com a sua enorme capacidade de 20 ml de e-l\u00edquido e 25 000 baforadas. Concebido para conveni\u00eancia e desempenho, este dispositivo avan\u00e7ado possui uma bateria recarreg\u00e1vel de 700mAh com carregamento r\u00e1pido Tipo C, garantindo que nunca fica sem energia inesperadamente. Os utilizadores podem escolher entre as op\u00e7\u00f5es de for\u00e7a de nicotina 0%, 2%, 3% ou 5%, todas fornecidas atrav\u00e9s de um sistema avan\u00e7ado de bobina de malha dupla que produz um sabor excecionalmente rico e nuvens de vapor densas.<\/p>\n<p>O que realmente distingue o Tornado 25000 \u00e9 o seu ecr\u00e3 t\u00e1til TFT inteligente de 1,77 polegadas, que mostra claramente os n\u00edveis de e-l\u00edquido em tempo real e o estado da bateria para uma vaporiza\u00e7\u00e3o sem preocupa\u00e7\u00f5es. Os controlos intuitivos sens\u00edveis ao toque permitem um ajuste f\u00e1cil da pot\u00eancia com apenas 3 cliques, enquanto os 26 sabores dispon\u00edveis satisfazem todas as prefer\u00eancias de sabor, desde perfis frutados a perfis inspirados em sobremesas. O design elegante e ergon\u00f3mico combina portabilidade com funcionalidade premium, tornando-o ideal para utiliza\u00e7\u00e3o durante todo o dia, quer esteja em casa ou fora dela.<\/p>\n<h2><strong>Fumot Tornado 25000 Vape Descart\u00e1vel Detalhes r\u00e1pidos<\/strong><\/h2>\n<ul>\n<li>0% 2% 3% 5% Nicotina<\/li>\n<li>Bateria recarreg\u00e1vel de 700mah<\/li>\n<li>Puffs:25000 puffs<\/li>\n<li>Capacidade:20ml<\/li>\n<li>Interruptor t\u00e1til<\/li>\n<li>Ecr\u00e3 TFT de 1,77<\/li>\n<li>Pot\u00eancia Ajustada premindo tr\u00eas vezes no ecr\u00e3 t\u00e1til<\/li>\n<li>Ecr\u00e3 com indicador de \u00f3leo e de bateria<\/li>\n<li>Porta tipo c<\/li>\n<li>26 sabores dispon\u00edveis<\/li>\n<li>Malha dupla<\/li>\n<\/ul>\n<h2><strong>Sabores dispon\u00edveis<\/strong><\/h2>\n<p>1. Gelo de banana<br \/>\n2. Melancia com morango<br \/>\n3. Miami Mint<br \/>\n4. Mirtilo Framboesa<br \/>\n5. Gelo negro<br \/>\n6. Gelo de goma branco<br \/>\n7. Gelo de melancia<br \/>\n8. Gelo de p\u00eassego sumarento<br \/>\n9. Limonada cor-de-rosa<br \/>\n10. Manga com morango<br \/>\n11. P\u00eassego Manga Melancia<br \/>\n12. Lim\u00e3o Uva<br \/>\n13. Tropical Rainbow Blast<br \/>\n14. Bomba de cereja<br \/>\n15. Rebu\u00e7ados de morango e menta<br \/>\n16. Ma\u00e7\u00e3 dupla<br \/>\n17. Amora no gelo<br \/>\n18. Gelo de morango<br \/>\n19. Gelo exuberante<br \/>\n20. Gelo de anan\u00e1s<br \/>\n21. Gelo de uva<br \/>\n22. Dr. Blue<br \/>\n23. Kiwi Maracuj\u00e1 Goiaba<br \/>\n24. Cola de cereja<br \/>\n25. Hortel\u00e3 fresca<br \/>\n26. Red Bull de morango<\/p>\n<h2><strong>Detalhes da embalagem<\/strong><\/h2>\n<ul>\n<li>160 unidades numa caixa de cart\u00e3o<\/li>\n<li>cada caixa: 18,5 kg<\/li>\n<\/ul>\n<figure id=\"attachment_21274\" aria-describedby=\"caption-attachment-21274\" style=\"width: 800px\" class=\"wp-caption alignnone\"><img loading=\"lazy\" decoding=\"async\" class=\"size-full wp-image-21274\" title=\"Fumot Tornado 25000 Puffs Vape descart\u00e1vel\" src=\"https:\/\/www.vape4wholesale.com\/wp-content\/uploads\/2025\/04\/Fumot-Tornado-25000-Puffs-Disposable-Vape.webp\" alt=\"Fumot Tornado 25000 Puffs Vape descart\u00e1vel\" width=\"800\" height=\"800\" srcset=\"https:\/\/www.vape4wholesale.com\/wp-content\/uploads\/2025\/04\/Fumot-Tornado-25000-Puffs-Disposable-Vape.webp 800w, https:\/\/www.vape4wholesale.com\/wp-content\/uploads\/2025\/04\/Fumot-Tornado-25000-Puffs-Disposable-Vape-247x247.webp 247w, https:\/\/www.vape4wholesale.com\/wp-content\/uploads\/2025\/04\/Fumot-Tornado-25000-Puffs-Disposable-Vape-100x100.webp 100w, https:\/\/www.vape4wholesale.com\/wp-content\/uploads\/2025\/04\/Fumot-Tornado-25000-Puffs-Disposable-Vape-510x510.webp 510w\" sizes=\"auto, (max-width: 800px) 100vw, 800px\" \/><figcaption id=\"caption-attachment-21274\" class=\"wp-caption-text\">Fumot Tornado 25000 Puffs Vape descart\u00e1vel<\/figcaption><\/figure>\n<h2>PORQU\u00ca N\u00d3S?<\/h2>\r\n<ul>\r\n<li>Fonte vape real, fi\u00e1vel e profissional.<\/li>\r\n<li>100% Garantia genu\u00edna: S\u00f3 fornecemos produtos originais e genu\u00ednos, recusamos a contrafa\u00e7\u00e3o.<\/li>\r\n<li>100% Garantia de entrega: Utilizamos o melhor m\u00e9todo de envio para garantir que recebe a encomenda 100%.<\/li>\r\n<li>Ap\u00f3s o envio, fornecer-lhe-emos o n\u00famero de acompanhamento e a etiqueta de envio e acompanharemos a mercadoria at\u00e9 que a receba.<\/li>\r\n<li>Sem problemas aduaneiros, sem direitos aduaneiros<\/li>\r\n<\/ul>","protected":false},"excerpt":{"rendered":"<div class=\"wsppc_div_block woocommerce_before_add_to_cart_form\">\r\n<p><strong><span style=\"color: #00a859;\">Clear customs<\/span> before delivery &amp; 100% Delivery Guarantee, Delivery in 19~25 days around.\u00a0<\/strong><\/p>\r\n<\/div>","protected":false},"featured_media":21271,"comment_status":"open","ping_status":"closed","template":"","meta":[],"pwb-brand":[1269],"product_cat":[873],"product_tag":[22,24,172,592,915],"class_list":{"0":"post-21243","1":"product","2":"type-product","3":"status-publish","4":"has-post-thumbnail","6":"pwb-brand-fumot","7":"product_cat-above-20k-puffs","8":"product_tag-disposable","9":"product_tag-wholesale","10":"product_tag-20-0ml","11":"product_tag-fumot","12":"product_tag-25000-puffs","13":"wcpa_has_options","15":"first","16":"instock","17":"featured","18":"shipping-taxable","19":"purchasable","20":"product-type-variable"},"aioseo_notices":[],"brands":[{"id":1269,"name":"Fumot","slug":"fumot"}],"_links":{"self":[{"href":"https:\/\/www.vape4wholesale.com\/pt\/wp-json\/wp\/v2\/product\/21243","targetHints":{"allow":["GET"]}}],"collection":[{"href":"https:\/\/www.vape4wholesale.com\/pt\/wp-json\/wp\/v2\/product"}],"about":[{"href":"https:\/\/www.vape4wholesale.com\/pt\/wp-json\/wp\/v2\/types\/product"}],"replies":[{"embeddable":true,"href":"https:\/\/www.vape4wholesale.com\/pt\/wp-json\/wp\/v2\/comments?post=21243"}],"wp:featuredmedia":[{"embeddable":true,"href":"https:\/\/www.vape4wholesale.com\/pt\/wp-json\/wp\/v2\/media\/21271"}],"wp:attachment":[{"href":"https:\/\/www.vape4wholesale.com\/pt\/wp-json\/wp\/v2\/media?parent=21243"}],"wp:term":[{"taxonomy":"pwb-brand","embeddable":true,"href":"https:\/\/www.vape4wholesale.com\/pt\/wp-json\/wp\/v2\/pwb-brand?post=21243"},{"taxonomy":"product_cat","embeddable":true,"href":"https:\/\/www.vape4wholesale.com\/pt\/wp-json\/wp\/v2\/product_cat?post=21243"},{"taxonomy":"product_tag","embeddable":true,"href":"https:\/\/www.vape4wholesale.com\/pt\/wp-json\/wp\/v2\/product_tag?post=21243"}],"curies":[{"name":"wp","href":"https:\/\/api.w.org\/{rel}","templated":true}]}}