{"id":20867,"date":"2025-03-26T16:09:59","date_gmt":"2025-03-26T08:09:59","guid":{"rendered":"https:\/\/www.vape4wholesale.com\/?post_type=product&#038;p=20867"},"modified":"2026-03-30T11:15:50","modified_gmt":"2026-03-30T03:15:50","slug":"waspe-aiviou-3in1-60000-puffs-vape-descartavel","status":"publish","type":"product","link":"https:\/\/www.vape4wholesale.com\/pt\/produto\/waspe-aiviou-3in1-60000-puffs-vape-descartavel","title":{"rendered":"Waspe Aiviou 3in1 60000 Puffs Vape descart\u00e1vel"},"content":{"rendered":"<p>O <a title=\"Vespa\" href=\"https:\/\/www.vape4wholesale.com\/pt\/marca_do_produto\/vespa\/\">Vespa<\/a> O Aiviou 3in1 60000 \u00e9 um avan\u00e7ado dispositivo vape descart\u00e1vel que revoluciona a conveni\u00eancia com tr\u00eas sabores num design compacto. Com uma simples rota\u00e7\u00e3o do bocal superior, os utilizadores podem alternar facilmente entre sabores, oferecendo uma experi\u00eancia de vaporiza\u00e7\u00e3o vers\u00e1til como nunca antes. A sua forma ergon\u00f3mica triangular garante uma ader\u00eancia confort\u00e1vel, combinando praticidade com uma est\u00e9tica moderna e elegante.<\/p>\n<p>Equipado com tr\u00eas c\u00e1psulas pr\u00e9-cheias de 18 ml (54 ml de capacidade total), este dispositivo permite uma utiliza\u00e7\u00e3o prolongada sem necessidade de substitui\u00e7\u00f5es frequentes. A bobina de malha de 0,9\u03a9 integrada melhora a produ\u00e7\u00e3o de vapor, proporcionando um sabor consistentemente rico e encorpado em cada tragada. Al\u00e9m disso, um visor digital integrado oferece monitoriza\u00e7\u00e3o em tempo real dos n\u00edveis de e-l\u00edquido e da vida \u00fatil restante da bateria, garantindo sempre um desempenho \u00f3timo.<\/p>\n<p>Para uma satisfa\u00e7\u00e3o personalizada, o Aiviou 3em1 est\u00e1 dispon\u00edvel em 12 combina\u00e7\u00f5es de sabores habilmente elaboradas, atendendo a uma ampla gama de prefer\u00eancias. Os utilizadores tamb\u00e9m podem selecionar a sua concentra\u00e7\u00e3o de nicotina preferida, com op\u00e7\u00f5es dispon\u00edveis em 0% (sem nicotina), 2% ou 5%.<\/p>\n<h2><strong>Vape descart\u00e1vel Waspe Aiviou 3in1 60000 Detalhes r\u00e1pidos<\/strong><\/h2>\n<ul>\n<li>Puffs de apoio: 60000 Puffs<\/li>\n<li>Triplo Sabor, 3 c\u00e1psulas<\/li>\n<li>Tipo de bobina e resist\u00eancia: Bobina de malha 0.9ohm*3<\/li>\n<li>E-l\u00edquido:54ml (3*18ml)<\/li>\n<li>Nicotina:0%\/ 2%\/ 5%<\/li>\n<li>Bateria:650 mAh<\/li>\n<li>Recarreg\u00e1vel:Tipo C<\/li>\n<li>O visor LED mostra o n\u00edvel da bateria e do l\u00edquido<\/li>\n<\/ul>\n<h2><strong>Sabores dispon\u00edveis<\/strong><\/h2>\n<ul>\n<li>1. gelo de melancia, morango, kiwi e lima-lim\u00e3o<\/li>\n<li>2. melancia com morango e framboesa com morango e gelo de uva<\/li>\n<li>3. gelo de mirtilo e gelo de drag\u00e3o negro e gelo de cereja com g\u00e1s<\/li>\n<li>4. morango, framboesa, cereja e amor 666 e cereja doce gelada<\/li>\n<li>5.P\u00eassego Gelo e Anan\u00e1s Manga P\u00eassego e Arando Lim\u00e3o<\/li>\n<li>6.Red Bull Ice &amp; Morango Manga &amp; Morango Melancia Pastilha el\u00e1stica<\/li>\n<li>7. mistura de bagas e gomas e mistura de frutos<\/li>\n<li>8.Triplo Gelo de mel\u00e3o &amp; Rebu\u00e7ado arco-\u00edris &amp; Rebu\u00e7ado de mirtilo<\/li>\n<li>9. gelo de uva e doce de morango e cereja de morango e framboesa<\/li>\n<li>10.Morango, Banana e Anan\u00e1s, Gelo de Coco e Gelo de Manga<\/li>\n<li>11.Cherry Cola Ice &amp; Strawberry Cola &amp; Cola Ice<\/li>\n<li>12.Blueberry Raspberry &amp; Blueberry Cotton Candy &amp; Double Apple Ice<\/li>\n<\/ul>\n<h2><strong>Detalhes da embalagem<\/strong><\/h2>\n<ul>\n<li>Peso do produto: 130g\/pcs<\/li>\n<li>Tamanho do produto: 47*47*116mm<\/li>\n<li>QTY: 160pcs\/ctn, 10pcs\/caixa<\/li>\n<li>Peso bruto: 21 kg<\/li>\n<\/ul>\n<figure id=\"attachment_20878\" aria-describedby=\"caption-attachment-20878\" style=\"width: 800px\" class=\"wp-caption alignnone\"><img loading=\"lazy\" decoding=\"async\" class=\"wp-image-20878 size-full\" title=\"Waspe Aiviou 3in1 60000 Puffs Vape descart\u00e1vel 2\" src=\"https:\/\/www.vape4wholesale.com\/wp-content\/uploads\/2025\/03\/Waspe-Aiviou-3in1-60000-Puffs-Disposable-Vape_2.webp\" alt=\"Waspe Aiviou 3in1 60000 Puffs Vape descart\u00e1vel 2\" width=\"800\" height=\"800\" srcset=\"https:\/\/www.vape4wholesale.com\/wp-content\/uploads\/2025\/03\/Waspe-Aiviou-3in1-60000-Puffs-Disposable-Vape_2.webp 800w, https:\/\/www.vape4wholesale.com\/wp-content\/uploads\/2025\/03\/Waspe-Aiviou-3in1-60000-Puffs-Disposable-Vape_2-247x247.webp 247w, https:\/\/www.vape4wholesale.com\/wp-content\/uploads\/2025\/03\/Waspe-Aiviou-3in1-60000-Puffs-Disposable-Vape_2-100x100.webp 100w, https:\/\/www.vape4wholesale.com\/wp-content\/uploads\/2025\/03\/Waspe-Aiviou-3in1-60000-Puffs-Disposable-Vape_2-510x510.webp 510w\" sizes=\"auto, (max-width: 800px) 100vw, 800px\" \/><figcaption id=\"caption-attachment-20878\" class=\"wp-caption-text\">Waspe Aiviou 3in1 60000 Puffs Vape descart\u00e1vel<\/figcaption><\/figure>\n<figure id=\"attachment_20877\" aria-describedby=\"caption-attachment-20877\" style=\"width: 955px\" class=\"wp-caption alignnone\"><img loading=\"lazy\" decoding=\"async\" class=\"size-large wp-image-20877\" title=\"Waspe Aiviou 3in1 60000 Puffs Vape descart\u00e1vel\" src=\"https:\/\/www.vape4wholesale.com\/wp-content\/uploads\/2025\/03\/Waspe-Aiviou-3in1-60000-Puffs-Disposable-Vape-955x1024.webp\" alt=\"Waspe Aiviou 3in1 60000 Puffs Vape descart\u00e1vel\" width=\"955\" height=\"1024\" \/><figcaption id=\"caption-attachment-20877\" class=\"wp-caption-text\">Waspe Aiviou 3in1 60000 Puffs Vape descart\u00e1vel<\/figcaption><\/figure>\n<h2>PORQU\u00ca N\u00d3S?<\/h2>\r\n<ul>\r\n<li>Fonte vape real, fi\u00e1vel e profissional.<\/li>\r\n<li>100% Garantia genu\u00edna: S\u00f3 fornecemos produtos originais e genu\u00ednos, recusamos a contrafa\u00e7\u00e3o.<\/li>\r\n<li>100% Garantia de entrega: Utilizamos o melhor m\u00e9todo de envio para garantir que recebe a encomenda 100%.<\/li>\r\n<li>Ap\u00f3s o envio, fornecer-lhe-emos o n\u00famero de acompanhamento e a etiqueta de envio e acompanharemos a mercadoria at\u00e9 que a receba.<\/li>\r\n<li>Sem problemas aduaneiros, sem direitos aduaneiros<\/li>\r\n<\/ul>","protected":false},"excerpt":{"rendered":"<div class=\"wsppc_div_block woocommerce_before_add_to_cart_form\">\r\n<p><strong><span style=\"color: #00a859;\">Clear customs<\/span> before delivery &amp; 100% Delivery Guarantee, Delivery in 19~25 days around.\u00a0<\/strong><\/p>\r\n<\/div>","protected":false},"featured_media":20877,"comment_status":"open","ping_status":"closed","template":"","meta":[],"pwb-brand":[1272],"product_cat":[873],"product_tag":[22,24,999,1114,1115],"class_list":{"0":"post-20867","1":"product","2":"type-product","3":"status-publish","4":"has-post-thumbnail","6":"pwb-brand-waspe","7":"product_cat-above-20k-puffs","8":"product_tag-disposable","9":"product_tag-wholesale","10":"product_tag-waspe","11":"product_tag-60000-puffs","12":"product_tag-54-0ml","13":"wcpa_has_options","15":"first","16":"instock","17":"featured","18":"shipping-taxable","19":"purchasable","20":"product-type-variable"},"aioseo_notices":[],"brands":[{"id":1272,"name":"Vespa","slug":"vespa"}],"_links":{"self":[{"href":"https:\/\/www.vape4wholesale.com\/pt\/wp-json\/wp\/v2\/product\/20867","targetHints":{"allow":["GET"]}}],"collection":[{"href":"https:\/\/www.vape4wholesale.com\/pt\/wp-json\/wp\/v2\/product"}],"about":[{"href":"https:\/\/www.vape4wholesale.com\/pt\/wp-json\/wp\/v2\/types\/product"}],"replies":[{"embeddable":true,"href":"https:\/\/www.vape4wholesale.com\/pt\/wp-json\/wp\/v2\/comments?post=20867"}],"wp:featuredmedia":[{"embeddable":true,"href":"https:\/\/www.vape4wholesale.com\/pt\/wp-json\/wp\/v2\/media\/20877"}],"wp:attachment":[{"href":"https:\/\/www.vape4wholesale.com\/pt\/wp-json\/wp\/v2\/media?parent=20867"}],"wp:term":[{"taxonomy":"pwb-brand","embeddable":true,"href":"https:\/\/www.vape4wholesale.com\/pt\/wp-json\/wp\/v2\/pwb-brand?post=20867"},{"taxonomy":"product_cat","embeddable":true,"href":"https:\/\/www.vape4wholesale.com\/pt\/wp-json\/wp\/v2\/product_cat?post=20867"},{"taxonomy":"product_tag","embeddable":true,"href":"https:\/\/www.vape4wholesale.com\/pt\/wp-json\/wp\/v2\/product_tag?post=20867"}],"curies":[{"name":"wp","href":"https:\/\/api.w.org\/{rel}","templated":true}]}}