{"id":20829,"date":"2025-03-25T22:36:41","date_gmt":"2025-03-25T14:36:41","guid":{"rendered":"https:\/\/www.vape4wholesale.com\/?post_type=product&#038;p=20829"},"modified":"2026-03-30T11:12:46","modified_gmt":"2026-03-30T03:12:46","slug":"efervescente-twins-50000-puff-dual-flavors-vape-descartavel-por-atacado","status":"publish","type":"product","link":"https:\/\/www.vape4wholesale.com\/pt\/product\/fizzy-twins-50000-puffs-dual-flavors-disposable-vape-wholesale","title":{"rendered":"Fizzy Twins 50000 Puffs Duplo Sabor Vape Descart\u00e1vel Atacado"},"content":{"rendered":"<p>O <a title=\"Fresco\" href=\"https:\/\/www.vape4wholesale.com\/pt\/marca_do_produto\/efervescente\/\" target=\"_blank\" rel=\"noopener\"><strong>Fresco<\/strong><\/a> O Twins 50000 \u00e9 um avan\u00e7ado vape descart\u00e1vel de duplo sabor que permite alternar instantaneamente entre dois sabores distintos com apenas um toque no bocal. Al\u00e9m disso, possui dois sistemas de fluxo de ar ajust\u00e1veis independentemente, permitindo-lhe personalizar a intensidade do vapor para cada sabor - garantindo sempre uma experi\u00eancia perfeitamente adaptada.<\/p>\n<p>Concebida para impressionar, a Fizzy Twins apresenta um corpo elegante e luminoso com uma banda acentuada, combinando um estilo minimalista com uma sofistica\u00e7\u00e3o not\u00e1vel. Para maior comodidade, um visor incorporado na base mostra claramente os n\u00edveis de e-l\u00edquido e de bateria em tempo real, para que esteja sempre em controlo.<\/p>\n<p>Mas isso n\u00e3o \u00e9 tudo - este dispositivo vers\u00e1til oferece modos duplos (Normal e Boost) para se adequar a diferentes prefer\u00eancias de vaporiza\u00e7\u00e3o. Com 12 sabores tentadores e duas op\u00e7\u00f5es de concentra\u00e7\u00e3o de nicotina (2% e 5%), o Fizzy Twins oferece uma variedade inigual\u00e1vel para satisfazer todos os utilizadores.<\/p>\n<h2><strong>Carater\u00edsticas principais do Fizzy Twins 50000 Puffs Vape descart\u00e1vel de duplo sabor<\/strong><\/h2>\n<ul>\n<li>Inova\u00e7\u00e3o de duplo sabor - Alterne instantaneamente entre 2 sabores num s\u00f3 dispositivo com um simples toque no bocal.<\/li>\n<li>Fluxo de ar duplo ajust\u00e1vel - Controla de forma independente a satura\u00e7\u00e3o de vapor para cada sabor, optimizando o sabor e o efeito na garganta.<\/li>\n<li>12 sabores excitantes - Uma vasta sele\u00e7\u00e3o para satisfazer todas as prefer\u00eancias, desde misturas frutadas a misturas refrescantes.<\/li>\n<li>Dupla for\u00e7a de nicotina - Escolha entre 2% (20mg) ou 5% (50mg) de nicotina para uma experi\u00eancia personalizada.<\/li>\n<li>Alta capacidade e recarreg\u00e1vel - bateria incorporada de 850mAh (recarreg\u00e1vel por USB-C) + 5mL de e-l\u00edquido pr\u00e9-cheio, garantindo um prazer duradouro.<\/li>\n<li>Bobina de malha de precis\u00e3o - A tecnologia de aquecimento de malha avan\u00e7ada proporciona um sabor mais suave e rico em cada tragada.<\/li>\n<li>Ecr\u00e3 LED inteligente - Monitoriza\u00e7\u00e3o em tempo real do n\u00edvel de e-l\u00edquido e da dura\u00e7\u00e3o da bateria para uma utiliza\u00e7\u00e3o sem problemas.<\/li>\n<li>Modos duplos (Normal\/Boost) - Alterne entre vapor equilibrado (Normal) e nuvens intensas (Boost) para se adaptar ao seu estado de esp\u00edrito.<\/li>\n<li>Design elegante e moderno - Corpo luminoso apelativo com pormenores modernos de emblemas - minimalista mas arrojado.<\/li>\n<\/ul>\n<h2><strong>Sabores dispon\u00edveis<\/strong><\/h2>\n<p>1. gelo de melancia \/ Kiwi de morango<br \/>\n2. Morango Kiwi Rom\u00e3 \/ Red Bull<br \/>\n3. coco mirtilo \/ gelo de uva<br \/>\n4.Blue Razz Lemonade \/ Triple Melon<br \/>\n5. melancia com morango \/ gelo de mirtilo<br \/>\n6.P\u00eassego Manga Melancia \/ Morango Banana<br \/>\n7. framboesa Watermenlon \/ Kiwi Maracuj\u00e1 Goiaba<br \/>\n8. Anan\u00e1s P\u00eassego Maracuj\u00e1 \/ Mirtilo Framboesa<br \/>\n9. gelo de melancia \/ lima-lim\u00e3o<br \/>\n10.Baga mista \/ Gelo de p\u00eassego<br \/>\n11.Gelo de morango \/ Cereja com g\u00e1s<br \/>\n12. limonada de framboesa \/ gelo de morango<br \/>\n13.Chiclete Red Bull Morango e Melancia<br \/>\n14.Love 66 &amp; Doce de Morango e Framboesa<br \/>\n15.Refrigerante com g\u00e1s de cola e melancia gelada<\/p>\n<h2>Detalhes da embalagem<\/h2>\n<ul>\n<li>1\/ Caixa \u00fanica<\/li>\n<li>10\/ Caixa de apresenta\u00e7\u00e3o<\/li>\n<li>120 PCS\/Caixa, 18kg<\/li>\n<\/ul>\n<figure id=\"attachment_20842\" aria-describedby=\"caption-attachment-20842\" style=\"width: 1000px\" class=\"wp-caption alignnone\"><img loading=\"lazy\" decoding=\"async\" class=\"size-full wp-image-20842\" title=\"Fizzy Twins 50000 Puffs Vape Descart\u00e1vel Atacado\" src=\"https:\/\/www.vape4wholesale.com\/wp-content\/uploads\/2025\/03\/Fizzy-Twins-50000-Puffs-Disposable-Vape-Wholesale.webp\" alt=\"Fizzy Twins 50000 Puffs Vape Descart\u00e1vel Atacado\" width=\"1000\" height=\"1000\" srcset=\"https:\/\/www.vape4wholesale.com\/wp-content\/uploads\/2025\/03\/Fizzy-Twins-50000-Puffs-Disposable-Vape-Wholesale.webp 1000w, https:\/\/www.vape4wholesale.com\/wp-content\/uploads\/2025\/03\/Fizzy-Twins-50000-Puffs-Disposable-Vape-Wholesale-247x247.webp 247w, https:\/\/www.vape4wholesale.com\/wp-content\/uploads\/2025\/03\/Fizzy-Twins-50000-Puffs-Disposable-Vape-Wholesale-100x100.webp 100w, https:\/\/www.vape4wholesale.com\/wp-content\/uploads\/2025\/03\/Fizzy-Twins-50000-Puffs-Disposable-Vape-Wholesale-510x510.webp 510w\" sizes=\"auto, (max-width: 1000px) 100vw, 1000px\" \/><figcaption id=\"caption-attachment-20842\" class=\"wp-caption-text\">Fizzy Twins 50000 Puffs Vape Descart\u00e1vel Atacado<\/figcaption><\/figure>\n<h2>PORQU\u00ca N\u00d3S?<\/h2>\r\n<ul>\r\n<li>Fonte vape real, fi\u00e1vel e profissional.<\/li>\r\n<li>100% Garantia genu\u00edna: S\u00f3 fornecemos produtos originais e genu\u00ednos, recusamos a contrafa\u00e7\u00e3o.<\/li>\r\n<li>100% Garantia de entrega: Utilizamos o melhor m\u00e9todo de envio para garantir que recebe a encomenda 100%.<\/li>\r\n<li>Ap\u00f3s o envio, fornecer-lhe-emos o n\u00famero de acompanhamento e a etiqueta de envio e acompanharemos a mercadoria at\u00e9 que a receba.<\/li>\r\n<li>Sem problemas aduaneiros, sem direitos aduaneiros<\/li>\r\n<\/ul>\n<p>&nbsp;<\/p>","protected":false},"excerpt":{"rendered":"<p><b><span style=\"color: #00a859;\">Free shipping<\/span>\u00a0from Europe warehouse, 7-15 working days delivery time.<\/b><\/p>\r\n<div class=\"wsppc_div_block woocommerce_before_add_to_cart_form\">\r\n<p><strong>Clear customs before delivery &amp; 100% Delivery Guarantee<\/strong><\/p>\r\n<\/div>","protected":false},"featured_media":20849,"comment_status":"open","ping_status":"closed","template":"","meta":[],"pwb-brand":[1268],"product_cat":[938],"product_tag":[22,24,948,1081,1082],"class_list":{"0":"post-20829","1":"product","2":"type-product","3":"status-publish","4":"has-post-thumbnail","6":"pwb-brand-fizzy","7":"product_cat-europe-warehouse","8":"product_tag-disposable","9":"product_tag-wholesale","10":"product_tag-fizzy","11":"product_tag-50-0ml","12":"product_tag-50000-puffs","13":"product_shipping_class-eu-warehouse","14":"wcpa_has_options","16":"first","17":"instock","18":"featured","19":"shipping-taxable","20":"purchasable","21":"product-type-variable"},"aioseo_notices":[],"brands":[{"id":1268,"name":"Fresco","slug":"efervescente"}],"_links":{"self":[{"href":"https:\/\/www.vape4wholesale.com\/pt\/wp-json\/wp\/v2\/product\/20829","targetHints":{"allow":["GET"]}}],"collection":[{"href":"https:\/\/www.vape4wholesale.com\/pt\/wp-json\/wp\/v2\/product"}],"about":[{"href":"https:\/\/www.vape4wholesale.com\/pt\/wp-json\/wp\/v2\/types\/product"}],"replies":[{"embeddable":true,"href":"https:\/\/www.vape4wholesale.com\/pt\/wp-json\/wp\/v2\/comments?post=20829"}],"wp:featuredmedia":[{"embeddable":true,"href":"https:\/\/www.vape4wholesale.com\/pt\/wp-json\/wp\/v2\/media\/20849"}],"wp:attachment":[{"href":"https:\/\/www.vape4wholesale.com\/pt\/wp-json\/wp\/v2\/media?parent=20829"}],"wp:term":[{"taxonomy":"pwb-brand","embeddable":true,"href":"https:\/\/www.vape4wholesale.com\/pt\/wp-json\/wp\/v2\/pwb-brand?post=20829"},{"taxonomy":"product_cat","embeddable":true,"href":"https:\/\/www.vape4wholesale.com\/pt\/wp-json\/wp\/v2\/product_cat?post=20829"},{"taxonomy":"product_tag","embeddable":true,"href":"https:\/\/www.vape4wholesale.com\/pt\/wp-json\/wp\/v2\/product_tag?post=20829"}],"curies":[{"name":"wp","href":"https:\/\/api.w.org\/{rel}","templated":true}]}}