{"id":20372,"date":"2025-02-28T16:23:55","date_gmt":"2025-02-28T08:23:55","guid":{"rendered":"https:\/\/www.vape4wholesale.com\/?post_type=product&#038;p=20372"},"modified":"2026-01-27T15:41:16","modified_gmt":"2026-01-27T15:41:16","slug":"bang-36000-puffs-ice-control-vape-descartavel-por-atacado","status":"publish","type":"product","link":"https:\/\/www.vape4wholesale.com\/pt\/product\/bang-36000-puffs-ice-control-disposable-vape-wholesale","title":{"rendered":"Bang 36000 Puffs Ice Control Vape Descart\u00e1vel Atacado"},"content":{"rendered":"<p>O Bang 36000 Ice Control redefine a conveni\u00eancia com o seu avan\u00e7ado ecr\u00e3 sens\u00edvel ao toque, permitindo-lhe ajustar facilmente a intensidade do gelo do seu vapor. Quer prefira um arrefecimento suave ou uma sensa\u00e7\u00e3o de gelo ousada, este dispositivo coloca a personaliza\u00e7\u00e3o na ponta dos seus dedos. Al\u00e9m disso, o seu ecr\u00e3 a cores mant\u00e9m-no informado sobre o n\u00edvel de pot\u00eancia, o n\u00edvel de gelo e a capacidade do e-l\u00edquido, garantindo uma experi\u00eancia perfeita.<\/p>\n<p>Com uma generosa capacidade de 36 ml de e-l\u00edquido e suporte para at\u00e9 36.000 baforadas, o Bang 36000 foi concebido para ir longe. A sua bateria recarreg\u00e1vel de 850mAh aumenta ainda mais a durabilidade, tornando-o ideal para uma utiliza\u00e7\u00e3o prolongada. Al\u00e9m disso, o design elegante e moderno garante um equil\u00edbrio perfeito entre estilo e funcionalidade.<\/p>\n<p>Para satisfazer as necessidades de todos os fumadores, o Bang 36000 oferece op\u00e7\u00f5es de nicotina nas pot\u00eancias 0%, 2%, 3% e 5%. Quer esteja a reduzir a quantidade de nicotina ou a desejar uma dose mais forte, este aparelho \u00e9 a solu\u00e7\u00e3o. Combinado com a sua inovadora tecnologia de controlo de gelo e funcionalidades f\u00e1ceis de utilizar, o Bang 36000 \u00e9 o derradeiro vape descart\u00e1vel para uma experi\u00eancia personalizada e satisfat\u00f3ria. Melhore o seu jogo de vaporiza\u00e7\u00e3o hoje mesmo!<\/p>\n<h2>Bang 36000 Puffs Ice Control Vape Descart\u00e1vel Carater\u00edsticas principais<\/h2>\n<ol start=\"1\">\n<li>Ajuste a intensidade da sa\u00edda de vapor gelado atrav\u00e9s dos bot\u00f5es sens\u00edveis ao toque no ecr\u00e3 grande.<\/li>\n<li>O visor a cores mostra a vida \u00fatil restante da bateria, o n\u00edvel de arrefecimento atual e a capacidade do e-l\u00edquido.<\/li>\n<li>Suporta at\u00e9 36.000 baforadas.<\/li>\n<li>Op\u00e7\u00f5es de nicotina: 0%, 2%, 3% e 5%.<\/li>\n<li>Capacidade do e-l\u00edquido: 36ml.<\/li>\n<li>Capacidade da bateria: 850mAh, recarreg\u00e1vel.<\/li>\n<\/ol>\n<h2>Sabores dispon\u00edveis<\/h2>\n<p>1. banana com morango<br \/>\n2.Love 66<br \/>\n3. anan\u00e1s e coco<br \/>\n4. mirtilo Framboesa<br \/>\n5. melancia com morango<br \/>\n6. gelo de morango<br \/>\n7. gelo de mirtilo<br \/>\n8.Triple Berry<br \/>\n9. morango Kiwi<br \/>\n10. manga com morango<br \/>\n11. touro vermelho<br \/>\n12. gelo de melancia<\/p>\n<h2>Detalhes da embalagem<\/h2>\n<ul>\n<li>Tamanho da caixa: 49,6*36*27,7cm<\/li>\n<li>160 unidades por caixa<\/li>\n<li>21,8 kg\/caixa<\/li>\n<\/ul>\n<figure id=\"attachment_20356\" aria-describedby=\"caption-attachment-20356\" style=\"width: 800px\" class=\"wp-caption alignnone\"><img loading=\"lazy\" decoding=\"async\" class=\"wp-image-20356 size-full\" title=\"Bang 36000 Puffs Ice Control Vape descart\u00e1vel TRIPLE BERRY\" src=\"https:\/\/www.vape4wholesale.com\/wp-content\/uploads\/2025\/02\/Bang-36000-Puffs-Ice-Control-Disposable-Vape-TRIPLE-BERRY.webp\" alt=\"Bang 36000 Puffs Ice Control Vape descart\u00e1vel TRIPLE BERRY\" width=\"800\" height=\"800\" srcset=\"https:\/\/www.vape4wholesale.com\/wp-content\/uploads\/2025\/02\/Bang-36000-Puffs-Ice-Control-Disposable-Vape-TRIPLE-BERRY.webp 800w, https:\/\/www.vape4wholesale.com\/wp-content\/uploads\/2025\/02\/Bang-36000-Puffs-Ice-Control-Disposable-Vape-TRIPLE-BERRY-247x247.webp 247w, https:\/\/www.vape4wholesale.com\/wp-content\/uploads\/2025\/02\/Bang-36000-Puffs-Ice-Control-Disposable-Vape-TRIPLE-BERRY-100x100.webp 100w, https:\/\/www.vape4wholesale.com\/wp-content\/uploads\/2025\/02\/Bang-36000-Puffs-Ice-Control-Disposable-Vape-TRIPLE-BERRY-510x510.webp 510w\" sizes=\"auto, (max-width: 800px) 100vw, 800px\" \/><figcaption id=\"caption-attachment-20356\" class=\"wp-caption-text\">Bang 36000 Puffs Ice Control Vape descart\u00e1vel<\/figcaption><\/figure>\n<figure id=\"attachment_20358\" aria-describedby=\"caption-attachment-20358\" style=\"width: 800px\" class=\"wp-caption alignnone\"><img loading=\"lazy\" decoding=\"async\" class=\"size-full wp-image-20358\" title=\"Bang 36000 Puffs Ice Control Vape Descart\u00e1vel Atacado\" src=\"https:\/\/www.vape4wholesale.com\/wp-content\/uploads\/2025\/02\/Bang-36000-Puffs-Ice-Control-Disposable-Vape-Wholesale.webp\" alt=\"Bang 36000 Puffs Ice Control Vape Descart\u00e1vel Atacado\" width=\"800\" height=\"800\" srcset=\"https:\/\/www.vape4wholesale.com\/wp-content\/uploads\/2025\/02\/Bang-36000-Puffs-Ice-Control-Disposable-Vape-Wholesale.webp 800w, https:\/\/www.vape4wholesale.com\/wp-content\/uploads\/2025\/02\/Bang-36000-Puffs-Ice-Control-Disposable-Vape-Wholesale-247x247.webp 247w, https:\/\/www.vape4wholesale.com\/wp-content\/uploads\/2025\/02\/Bang-36000-Puffs-Ice-Control-Disposable-Vape-Wholesale-100x100.webp 100w, https:\/\/www.vape4wholesale.com\/wp-content\/uploads\/2025\/02\/Bang-36000-Puffs-Ice-Control-Disposable-Vape-Wholesale-510x510.webp 510w\" sizes=\"auto, (max-width: 800px) 100vw, 800px\" \/><figcaption id=\"caption-attachment-20358\" class=\"wp-caption-text\">Bang 36000 Puffs Ice Control Vape Descart\u00e1vel Atacado<\/figcaption><\/figure>\n<h2>PORQU\u00ca N\u00d3S?<\/h2>\r\n<ul>\r\n<li>Fonte vape real, fi\u00e1vel e profissional.<\/li>\r\n<li>100% Garantia genu\u00edna: S\u00f3 fornecemos produtos originais e genu\u00ednos, recusamos a contrafa\u00e7\u00e3o.<\/li>\r\n<li>100% Garantia de entrega: Utilizamos o melhor m\u00e9todo de envio para garantir que recebe a encomenda 100%.<\/li>\r\n<li>Ap\u00f3s o envio, fornecer-lhe-emos o n\u00famero de acompanhamento e a etiqueta de envio e acompanharemos a mercadoria at\u00e9 que a receba.<\/li>\r\n<li>Sem problemas aduaneiros, sem direitos aduaneiros<\/li>\r\n<\/ul>","protected":false},"excerpt":{"rendered":"<div class=\"wsppc_div_block woocommerce_before_add_to_cart_form\">\r\n<p><strong><span style=\"color: #00a859;\">Passar na alf\u00e2ndega<\/span> antes da entrega e% Garantia de Entrega de 100 dias, Entrega em cerca de 19 a 25 dias.\u00a0<\/strong><\/p>\r\n<\/div>","protected":false},"featured_media":20356,"comment_status":"open","ping_status":"closed","template":"","meta":[],"pwb-brand":[1275],"product_cat":[873],"product_tag":[849,988,22,24,249],"class_list":{"0":"post-20372","1":"product","2":"type-product","3":"status-publish","4":"has-post-thumbnail","6":"pwb-brand-bang","7":"product_cat-above-20k-puffs","8":"product_tag-36-0ml","9":"product_tag-36000-puffs","10":"product_tag-disposable","11":"product_tag-wholesale","12":"product_tag-bang","13":"wcpa_has_options","15":"first","16":"instock","17":"shipping-taxable","18":"purchasable","19":"product-type-variable"},"aioseo_notices":[],"brands":[{"id":1275,"name":"Pancada","slug":"pancada"}],"_links":{"self":[{"href":"https:\/\/www.vape4wholesale.com\/pt\/wp-json\/wp\/v2\/product\/20372","targetHints":{"allow":["GET"]}}],"collection":[{"href":"https:\/\/www.vape4wholesale.com\/pt\/wp-json\/wp\/v2\/product"}],"about":[{"href":"https:\/\/www.vape4wholesale.com\/pt\/wp-json\/wp\/v2\/types\/product"}],"replies":[{"embeddable":true,"href":"https:\/\/www.vape4wholesale.com\/pt\/wp-json\/wp\/v2\/comments?post=20372"}],"wp:featuredmedia":[{"embeddable":true,"href":"https:\/\/www.vape4wholesale.com\/pt\/wp-json\/wp\/v2\/media\/20356"}],"wp:attachment":[{"href":"https:\/\/www.vape4wholesale.com\/pt\/wp-json\/wp\/v2\/media?parent=20372"}],"wp:term":[{"taxonomy":"pwb-brand","embeddable":true,"href":"https:\/\/www.vape4wholesale.com\/pt\/wp-json\/wp\/v2\/pwb-brand?post=20372"},{"taxonomy":"product_cat","embeddable":true,"href":"https:\/\/www.vape4wholesale.com\/pt\/wp-json\/wp\/v2\/product_cat?post=20372"},{"taxonomy":"product_tag","embeddable":true,"href":"https:\/\/www.vape4wholesale.com\/pt\/wp-json\/wp\/v2\/product_tag?post=20372"}],"curies":[{"name":"wp","href":"https:\/\/api.w.org\/{rel}","templated":true}]}}