{"id":20283,"date":"2025-02-26T13:55:39","date_gmt":"2025-02-26T05:55:39","guid":{"rendered":"https:\/\/www.vape4wholesale.com\/?post_type=product&#038;p=20283"},"modified":"2026-01-27T15:43:12","modified_gmt":"2026-01-27T15:43:12","slug":"uwin-crystal-twins-40k-vape-descartavel-por-atacado-2","status":"publish","type":"product","link":"https:\/\/www.vape4wholesale.com\/pt\/produto\/uwin-crystal-twins-40k-vape-descartavel-por-atacado-2","title":{"rendered":"Uwin Crystal Twins 40K Vape Descart\u00e1vel Atacado"},"content":{"rendered":"<p>O\u00a0<a title=\"Uwin\" href=\"https:\/\/www.vape4wholesale.com\/pt\/marca_do_produto\/uwin\/\" target=\"_blank\" rel=\"noopener\">Uwin<\/a> O Crystal Twins 40K redefine a experi\u00eancia de vaporiza\u00e7\u00e3o descart\u00e1vel com o seu inovador bocal rotativo, permitindo aos utilizadores alternar facilmente entre dois sabores distintos num \u00fanico dispositivo. Este design inovador n\u00e3o s\u00f3 acrescenta versatilidade, como tamb\u00e9m garante uma experi\u00eancia de vaporiza\u00e7\u00e3o sempre fresca e excitante. Quer deseje uma explos\u00e3o de fruta ou uma indulg\u00eancia cremosa, este dispositivo satisfaz as suas prefer\u00eancias sem esfor\u00e7o. Com uma enorme capacidade de 40.000 baforadas e uma generosa capacidade de 30 ml de e-l\u00edquido, foi concebido para proporcionar uma satisfa\u00e7\u00e3o duradoura sem compromissos.<\/p>\n<p>Concebido para proporcionar desempenho e comodidade, o Uwin Crystal Twins 40K \u00e9 alimentado por uma bateria de cobalto recarreg\u00e1vel de 850 mAh com uma porta Tipo C para um carregamento r\u00e1pido e eficiente. Emparelhado com uma bobina de malha de 0,6 ohm, garante uma produ\u00e7\u00e3o de vapor suave e consistente e uma entrega de sabor rica. Dispon\u00edvel nas pot\u00eancias de nicotina 0%, 2%, 3% e 5%, este dispositivo atende a uma ampla gama de prefer\u00eancias, tornando-o ideal tanto para utilizadores casuais como para vapers experientes. Al\u00e9m disso, com 12 sabores atraentes \u00e0 escolha, h\u00e1 algo que se adequa a todos os paladares.<\/p>\n<p>Perfeito para compradores grossistas, o Uwin Crystal Twins 40K \u00e9 fornecido numa embalagem pr\u00e1tica, com 10 unidades por caixa e 160 unidades por caixa (18,5 kg por caixa). A sua combina\u00e7\u00e3o de design inovador, desempenho premium e valor excecional faz com que seja uma escolha de destaque para retalhistas e entusiastas da vaporiza\u00e7\u00e3o. Eleve a sua experi\u00eancia de vaporiza\u00e7\u00e3o hoje com o Uwin Crystal Twins 40K - onde os sabores duplos se encontram com uma conveni\u00eancia incompar\u00e1vel.<\/p>\n<h2>Uwin Crystal Twins 40K Vape Descart\u00e1vel Carater\u00edsticas principais<\/h2>\n<ul>\n<li>Sistema de duplo sabor: Rode o bocal para desfrutar de dois sabores diferentes num s\u00f3 dispositivo.<\/li>\n<li>Grande n\u00famero de baforadas: Oferece at\u00e9 40.000 baforadas, garantindo um prazer duradouro.<\/li>\n<li>Capacidade generosa de e-l\u00edquido: Equipado com uma capacidade de 30 ml de e-l\u00edquido para uma utiliza\u00e7\u00e3o prolongada.<\/li>\n<li>Bateria recarreg\u00e1vel: Alimentado por uma bateria de cobalto recarreg\u00e1vel de 850mAh com uma porta Tipo C para um carregamento r\u00e1pido e c\u00f3modo.<\/li>\n<li>Bobina de malha avan\u00e7ada: Possui uma bobina de malha de 0,6 ohm para uma produ\u00e7\u00e3o de vapor suave e consistente.<\/li>\n<li>M\u00faltiplas op\u00e7\u00f5es de nicotina: Dispon\u00edvel nas dosagens de nicotina 0%, 2%, 3% e 5% para satisfazer as suas prefer\u00eancias.<\/li>\n<li>Vasta sele\u00e7\u00e3o de sabores: Escolha entre 12 sabores excitantes para combinar com o seu gosto.<\/li>\n<\/ul>\n<h2>Sabores dispon\u00edveis<\/h2>\n<ul>\n<li>1. mirtilo no gelo\/ p\u00eassego de ver\u00e3o no gelo<\/li>\n<li>2. Kiwi Maracuj\u00e1 Goiaba\/ Mirtilo Framboesa<\/li>\n<li>3. morango Kiwi\/ uva Ice<\/li>\n<li>4. Kiwi Maracuj\u00e1 Goiaba\/ Duas Ma\u00e7\u00e3s<\/li>\n<li>5. morango\/melancia\/lim\u00e3o\/lim\u00e3o e lima<\/li>\n<li>6. mirtilo framboesa\/ cereja gelada<\/li>\n<li>7.Morango Framboesa Cereja\/ Sr. Azul<\/li>\n<li>8.P\u00eassego Manga Anan\u00e1s\/ Red Bull<\/li>\n<li>9. gelo de melancia\/mistura de frutos silvestres<\/li>\n<li>10. Morango Banana\/ Amor 66\uff08Fruto da Paix\u00e3o Mel\u00e3o Gelado\uff09<\/li>\n<\/ul>\n<h2><strong>Detalhes da embalagem<\/strong><\/h2>\n<ol>\n<li>10 unidades por caixa<\/li>\n<li>160 unidades por caixa<\/li>\n<li>Peso da caixa: 18,5 kg<\/li>\n<\/ol>\n<figure id=\"attachment_20293\" aria-describedby=\"caption-attachment-20293\" style=\"width: 800px\" class=\"wp-caption alignnone\"><img loading=\"lazy\" decoding=\"async\" class=\"size-full wp-image-20293\" title=\"Uwin Crystal Twins 40K Vape descart\u00e1vel Morango Kiwi Uva Gelo\" src=\"https:\/\/www.vape4wholesale.com\/wp-content\/uploads\/2025\/02\/Uwin-Crystal-Twins-40K-Disposable-Vape-Strawberry-Kiwi_Grape-Ice.webp\" alt=\"Uwin Crystal Twins 40K Vape descart\u00e1vel Morango Kiwi Uva Gelo\" width=\"800\" height=\"800\" srcset=\"https:\/\/www.vape4wholesale.com\/wp-content\/uploads\/2025\/02\/Uwin-Crystal-Twins-40K-Disposable-Vape-Strawberry-Kiwi_Grape-Ice.webp 800w, https:\/\/www.vape4wholesale.com\/wp-content\/uploads\/2025\/02\/Uwin-Crystal-Twins-40K-Disposable-Vape-Strawberry-Kiwi_Grape-Ice-247x247.webp 247w, https:\/\/www.vape4wholesale.com\/wp-content\/uploads\/2025\/02\/Uwin-Crystal-Twins-40K-Disposable-Vape-Strawberry-Kiwi_Grape-Ice-100x100.webp 100w, https:\/\/www.vape4wholesale.com\/wp-content\/uploads\/2025\/02\/Uwin-Crystal-Twins-40K-Disposable-Vape-Strawberry-Kiwi_Grape-Ice-510x510.webp 510w, https:\/\/www.vape4wholesale.com\/wp-content\/uploads\/2025\/02\/Uwin-Crystal-Twins-40K-Disposable-Vape-Strawberry-Kiwi_Grape-Ice-64x64.webp 64w, https:\/\/www.vape4wholesale.com\/wp-content\/uploads\/2025\/02\/Uwin-Crystal-Twins-40K-Disposable-Vape-Strawberry-Kiwi_Grape-Ice-300x300.webp 300w, https:\/\/www.vape4wholesale.com\/wp-content\/uploads\/2025\/02\/Uwin-Crystal-Twins-40K-Disposable-Vape-Strawberry-Kiwi_Grape-Ice-150x150.webp 150w, https:\/\/www.vape4wholesale.com\/wp-content\/uploads\/2025\/02\/Uwin-Crystal-Twins-40K-Disposable-Vape-Strawberry-Kiwi_Grape-Ice-768x768.webp 768w, https:\/\/www.vape4wholesale.com\/wp-content\/uploads\/2025\/02\/Uwin-Crystal-Twins-40K-Disposable-Vape-Strawberry-Kiwi_Grape-Ice-12x12.webp 12w\" sizes=\"auto, (max-width: 800px) 100vw, 800px\" \/><figcaption id=\"caption-attachment-20293\" class=\"wp-caption-text\">Uwin Crystal Twins 40K Vape Descart\u00e1vel Atacado<\/figcaption><\/figure>\n<figure id=\"attachment_20294\" aria-describedby=\"caption-attachment-20294\" style=\"width: 905px\" class=\"wp-caption alignnone\"><img loading=\"lazy\" decoding=\"async\" class=\"size-large wp-image-20294\" title=\"Uwin Crystal Twins 40K Vape Descart\u00e1vel Atacado\" src=\"https:\/\/www.vape4wholesale.com\/wp-content\/uploads\/2025\/02\/Uwin-Crystal-Twins-40K-Disposable-Vape-Wholesale-905x1024.webp\" alt=\"Uwin Crystal Twins 40K Vape Descart\u00e1vel Atacado\" width=\"905\" height=\"1024\" srcset=\"https:\/\/www.vape4wholesale.com\/wp-content\/uploads\/2025\/02\/Uwin-Crystal-Twins-40K-Disposable-Vape-Wholesale-905x1024.webp 905w, https:\/\/www.vape4wholesale.com\/wp-content\/uploads\/2025\/02\/Uwin-Crystal-Twins-40K-Disposable-Vape-Wholesale-510x577.webp 510w, https:\/\/www.vape4wholesale.com\/wp-content\/uploads\/2025\/02\/Uwin-Crystal-Twins-40K-Disposable-Vape-Wholesale-64x72.webp 64w, https:\/\/www.vape4wholesale.com\/wp-content\/uploads\/2025\/02\/Uwin-Crystal-Twins-40K-Disposable-Vape-Wholesale-265x300.webp 265w, https:\/\/www.vape4wholesale.com\/wp-content\/uploads\/2025\/02\/Uwin-Crystal-Twins-40K-Disposable-Vape-Wholesale-768x869.webp 768w, https:\/\/www.vape4wholesale.com\/wp-content\/uploads\/2025\/02\/Uwin-Crystal-Twins-40K-Disposable-Vape-Wholesale-11x12.webp 11w, https:\/\/www.vape4wholesale.com\/wp-content\/uploads\/2025\/02\/Uwin-Crystal-Twins-40K-Disposable-Vape-Wholesale.webp 1000w\" sizes=\"auto, (max-width: 905px) 100vw, 905px\" \/><figcaption id=\"caption-attachment-20294\" class=\"wp-caption-text\">Uwin Crystal Twins 40K Vape Descart\u00e1vel Atacado<\/figcaption><\/figure>\n<h2>PORQU\u00ca N\u00d3S?<\/h2>\r\n<ul>\r\n<li>Fonte vape real, fi\u00e1vel e profissional.<\/li>\r\n<li>100% Garantia genu\u00edna: S\u00f3 fornecemos produtos originais e genu\u00ednos, recusamos a contrafa\u00e7\u00e3o.<\/li>\r\n<li>100% Garantia de entrega: Utilizamos o melhor m\u00e9todo de envio para garantir que recebe a encomenda 100%.<\/li>\r\n<li>Ap\u00f3s o envio, fornecer-lhe-emos o n\u00famero de acompanhamento e a etiqueta de envio e acompanharemos a mercadoria at\u00e9 que a receba.<\/li>\r\n<li>Sem problemas aduaneiros, sem direitos aduaneiros<\/li>\r\n<\/ul>","protected":false},"excerpt":{"rendered":"<div class=\"wsppc_div_block woocommerce_before_add_to_cart_form\">\r\n<p><strong><span style=\"color: #00a859;\">Clear customs<\/span> before delivery &amp; 100% Delivery Guarantee, Delivery in 19~25 days around.\u00a0<\/strong><\/p>\r\n<\/div>","protected":false},"featured_media":20288,"comment_status":"open","ping_status":"closed","template":"","meta":[],"pwb-brand":[1274],"product_cat":[873],"product_tag":[936,1016,22,24,683],"class_list":{"0":"post-20283","1":"product","2":"type-product","3":"status-publish","4":"has-post-thumbnail","6":"pwb-brand-uwin","7":"product_cat-above-20k-puffs","8":"product_tag-uwin","9":"product_tag-40000-puffs","10":"product_tag-disposable","11":"product_tag-wholesale","12":"product_tag-30-0ml","13":"wcpa_has_options","15":"first","16":"instock","17":"featured","18":"shipping-taxable","19":"purchasable","20":"product-type-variable"},"aioseo_notices":[],"brands":[{"id":1274,"name":"Uwin","slug":"uwin"}],"_links":{"self":[{"href":"https:\/\/www.vape4wholesale.com\/pt\/wp-json\/wp\/v2\/product\/20283","targetHints":{"allow":["GET"]}}],"collection":[{"href":"https:\/\/www.vape4wholesale.com\/pt\/wp-json\/wp\/v2\/product"}],"about":[{"href":"https:\/\/www.vape4wholesale.com\/pt\/wp-json\/wp\/v2\/types\/product"}],"replies":[{"embeddable":true,"href":"https:\/\/www.vape4wholesale.com\/pt\/wp-json\/wp\/v2\/comments?post=20283"}],"wp:featuredmedia":[{"embeddable":true,"href":"https:\/\/www.vape4wholesale.com\/pt\/wp-json\/wp\/v2\/media\/20288"}],"wp:attachment":[{"href":"https:\/\/www.vape4wholesale.com\/pt\/wp-json\/wp\/v2\/media?parent=20283"}],"wp:term":[{"taxonomy":"pwb-brand","embeddable":true,"href":"https:\/\/www.vape4wholesale.com\/pt\/wp-json\/wp\/v2\/pwb-brand?post=20283"},{"taxonomy":"product_cat","embeddable":true,"href":"https:\/\/www.vape4wholesale.com\/pt\/wp-json\/wp\/v2\/product_cat?post=20283"},{"taxonomy":"product_tag","embeddable":true,"href":"https:\/\/www.vape4wholesale.com\/pt\/wp-json\/wp\/v2\/product_tag?post=20283"}],"curies":[{"name":"wp","href":"https:\/\/api.w.org\/{rel}","templated":true}]}}