{"id":20242,"date":"2025-02-26T11:53:11","date_gmt":"2025-02-26T03:53:11","guid":{"rendered":"https:\/\/www.vape4wholesale.com\/?post_type=product&#038;p=20242"},"modified":"2026-01-27T13:44:46","modified_gmt":"2026-01-27T13:44:46","slug":"uwin-crystal-20000-puffs-vape-descartavel-por-atacado","status":"publish","type":"product","link":"https:\/\/www.vape4wholesale.com\/pt\/product\/uwin-crystal-20000-puffs-disposable-vape-wholesale","title":{"rendered":"Uwin Crystal 20000 Puffs Vape Descart\u00e1vel Atacado"},"content":{"rendered":"<p>O\u00a0<a title=\"Uwin\" href=\"https:\/\/www.vape4wholesale.com\/pt\/marca_do_produto\/uwin\/\" target=\"_blank\" rel=\"noopener\"><strong>Uwin<\/strong><\/a> O Crystal 20000 \u00e9 um dispositivo SHISHA HOOKAH de qualidade superior, concebido para proporcionar uma experi\u00eancia de vaporiza\u00e7\u00e3o excecional. Com uma enorme capacidade de 25 ml e suporte para at\u00e9 20.000 baforadas, este dispositivo garante um prazer duradouro sem necessidade de recargas frequentes. A sua impressionante contagem de baforadas e a grande capacidade de e-l\u00edquido fazem dele uma escolha fi\u00e1vel tanto para utilizadores casuais como para utilizadores mais exigentes.<\/p>\n<p>Com uma bateria recarreg\u00e1vel de 850mAh e uma pr\u00e1tica porta Tipo C, o Uwin Crystal 20000 foi concebido para ser pr\u00e1tico e eficiente. A tecnologia avan\u00e7ada da bobina de malha melhora a liberta\u00e7\u00e3o do sabor, proporcionando uma experi\u00eancia de vaporiza\u00e7\u00e3o suave e satisfat\u00f3ria em cada tragada. Quer esteja em casa ou em viagem, este dispositivo oferece um desempenho consistente e facilidade de utiliza\u00e7\u00e3o.<\/p>\n<p>Al\u00e9m disso, o Uwin Crystal 20000 atende a uma ampla gama de prefer\u00eancias com 12 sabores exclusivos e op\u00e7\u00f5es de nicotina que variam de 0%, 2%, 3% e 5%. Esta versatilidade garante que cada utilizador possa encontrar a combina\u00e7\u00e3o perfeita. Quer seja um entusiasta experiente ou um novo utilizador do SHISHA HOOKAH, o Uwin Crystal 20000 combina inova\u00e7\u00e3o, estilo e funcionalidade para uma experi\u00eancia de vaporiza\u00e7\u00e3o inigual\u00e1vel.<\/p>\n<h2>Uwin Crystal 20000 Vape descart\u00e1vel Detalhe r\u00e1pido<\/h2>\n<ul>\n<li>0% 2% 3% 5% Nicotina<\/li>\n<li>Puffs:20000<\/li>\n<li>Capacidade:25ml<\/li>\n<li>200 unidades \/caixa<\/li>\n<li>10 unidades \/ caixa<\/li>\n<li>12 sabores dispon\u00edveis<\/li>\n<li>850 mAh Porta recarreg\u00e1vel de cobalto tipo C<\/li>\n<li>Bobina :Bobina de malha<\/li>\n<\/ul>\n<h2>Sabores dispon\u00edveis<\/h2>\n<p>1. mirtilo com gelo<br \/>\n2. kiwi maracuj\u00e1 goiaba<br \/>\n3. kiwi de morango<br \/>\n4. bagas mistas<br \/>\n5. melancia com morango<br \/>\n6. gelo de uva<br \/>\n7. gelo de melancia<br \/>\n8. gelo de cereja<br \/>\n9. gelo de morango<br \/>\n10.Gelo de p\u00eassego<br \/>\n11. mirtilo framboesa<br \/>\n12.Love 66<\/p>\n<h2>Detalhe da embalagem<\/h2>\n<ul>\n<li>Cada caixa: 20,3 kg<\/li>\n<li>Tamanho da caixa: 39,5*39*30,5CM<\/li>\n<\/ul>\n<figure id=\"attachment_20246\" aria-describedby=\"caption-attachment-20246\" style=\"width: 800px\" class=\"wp-caption alignnone\"><img loading=\"lazy\" decoding=\"async\" class=\"size-full wp-image-20246\" title=\"Uwin Crystal 20000 Puffs Vape Descart\u00e1vel Atacado\" src=\"https:\/\/www.vape4wholesale.com\/wp-content\/uploads\/2025\/02\/Uwin-Crystal-20000-Puffs-Disposable-Vape-Wholesale.webp\" alt=\"Uwin Crystal 20000 Puffs Vape Descart\u00e1vel Atacado\" width=\"800\" height=\"800\" srcset=\"https:\/\/www.vape4wholesale.com\/wp-content\/uploads\/2025\/02\/Uwin-Crystal-20000-Puffs-Disposable-Vape-Wholesale.webp 800w, https:\/\/www.vape4wholesale.com\/wp-content\/uploads\/2025\/02\/Uwin-Crystal-20000-Puffs-Disposable-Vape-Wholesale-247x247.webp 247w, https:\/\/www.vape4wholesale.com\/wp-content\/uploads\/2025\/02\/Uwin-Crystal-20000-Puffs-Disposable-Vape-Wholesale-100x100.webp 100w, https:\/\/www.vape4wholesale.com\/wp-content\/uploads\/2025\/02\/Uwin-Crystal-20000-Puffs-Disposable-Vape-Wholesale-510x510.webp 510w, https:\/\/www.vape4wholesale.com\/wp-content\/uploads\/2025\/02\/Uwin-Crystal-20000-Puffs-Disposable-Vape-Wholesale-64x64.webp 64w, https:\/\/www.vape4wholesale.com\/wp-content\/uploads\/2025\/02\/Uwin-Crystal-20000-Puffs-Disposable-Vape-Wholesale-300x300.webp 300w, https:\/\/www.vape4wholesale.com\/wp-content\/uploads\/2025\/02\/Uwin-Crystal-20000-Puffs-Disposable-Vape-Wholesale-150x150.webp 150w, https:\/\/www.vape4wholesale.com\/wp-content\/uploads\/2025\/02\/Uwin-Crystal-20000-Puffs-Disposable-Vape-Wholesale-768x768.webp 768w, https:\/\/www.vape4wholesale.com\/wp-content\/uploads\/2025\/02\/Uwin-Crystal-20000-Puffs-Disposable-Vape-Wholesale-12x12.webp 12w\" sizes=\"auto, (max-width: 800px) 100vw, 800px\" \/><figcaption id=\"caption-attachment-20246\" class=\"wp-caption-text\">Uwin Crystal 20000 Puffs Vape Descart\u00e1vel Atacado<\/figcaption><\/figure>\n<figure id=\"attachment_20245\" aria-describedby=\"caption-attachment-20245\" style=\"width: 1000px\" class=\"wp-caption alignnone\"><img loading=\"lazy\" decoding=\"async\" class=\"size-full wp-image-20245\" title=\"Fita Vape descart\u00e1vel Uwin Crystal 20000 Puffs\" src=\"https:\/\/www.vape4wholesale.com\/wp-content\/uploads\/2025\/02\/Uwin-Crystal-20000-Puffs-Disposable-Vape-banner.webp\" alt=\"Fita Vape descart\u00e1vel Uwin Crystal 20000 Puffs\" width=\"1000\" height=\"667\" srcset=\"https:\/\/www.vape4wholesale.com\/wp-content\/uploads\/2025\/02\/Uwin-Crystal-20000-Puffs-Disposable-Vape-banner.webp 1000w, https:\/\/www.vape4wholesale.com\/wp-content\/uploads\/2025\/02\/Uwin-Crystal-20000-Puffs-Disposable-Vape-banner-510x340.webp 510w, https:\/\/www.vape4wholesale.com\/wp-content\/uploads\/2025\/02\/Uwin-Crystal-20000-Puffs-Disposable-Vape-banner-64x43.webp 64w, https:\/\/www.vape4wholesale.com\/wp-content\/uploads\/2025\/02\/Uwin-Crystal-20000-Puffs-Disposable-Vape-banner-300x200.webp 300w, https:\/\/www.vape4wholesale.com\/wp-content\/uploads\/2025\/02\/Uwin-Crystal-20000-Puffs-Disposable-Vape-banner-768x512.webp 768w, https:\/\/www.vape4wholesale.com\/wp-content\/uploads\/2025\/02\/Uwin-Crystal-20000-Puffs-Disposable-Vape-banner-18x12.webp 18w\" sizes=\"auto, (max-width: 1000px) 100vw, 1000px\" \/><figcaption id=\"caption-attachment-20245\" class=\"wp-caption-text\">Fita Vape descart\u00e1vel Uwin Crystal 20000 Puffs<\/figcaption><\/figure>\n<h2>PORQU\u00ca N\u00d3S?<\/h2>\r\n<ul>\r\n<li>Fonte vape real, fi\u00e1vel e profissional.<\/li>\r\n<li>100% Garantia genu\u00edna: S\u00f3 fornecemos produtos originais e genu\u00ednos, recusamos a contrafa\u00e7\u00e3o.<\/li>\r\n<li>100% Garantia de entrega: Utilizamos o melhor m\u00e9todo de envio para garantir que recebe a encomenda 100%.<\/li>\r\n<li>Ap\u00f3s o envio, fornecer-lhe-emos o n\u00famero de acompanhamento e a etiqueta de envio e acompanharemos a mercadoria at\u00e9 que a receba.<\/li>\r\n<li>Sem problemas aduaneiros, sem direitos aduaneiros<\/li>\r\n<\/ul>","protected":false},"excerpt":{"rendered":"<div class=\"wsppc_div_block woocommerce_before_add_to_cart_form\">\r\n<p><strong><span style=\"color: #00a859;\">Clear customs<\/span> before delivery &amp; 100% Delivery Guarantee, Delivery in 19~25 days around.\u00a0<\/strong><\/p>\r\n<\/div>","protected":false},"featured_media":20246,"comment_status":"open","ping_status":"closed","template":"","meta":[],"pwb-brand":[1274],"product_cat":[874],"product_tag":[936,22,24,692,794],"class_list":{"0":"post-20242","1":"product","2":"type-product","3":"status-publish","4":"has-post-thumbnail","6":"pwb-brand-uwin","7":"product_cat-shisha-type","8":"product_tag-uwin","9":"product_tag-disposable","10":"product_tag-wholesale","11":"product_tag-25-0ml","12":"product_tag-20000-puffs","13":"wcpa_has_options","15":"first","16":"instock","17":"featured","18":"shipping-taxable","19":"purchasable","20":"product-type-variable"},"aioseo_notices":[],"brands":[{"id":1274,"name":"Uwin","slug":"uwin"}],"_links":{"self":[{"href":"https:\/\/www.vape4wholesale.com\/pt\/wp-json\/wp\/v2\/product\/20242","targetHints":{"allow":["GET"]}}],"collection":[{"href":"https:\/\/www.vape4wholesale.com\/pt\/wp-json\/wp\/v2\/product"}],"about":[{"href":"https:\/\/www.vape4wholesale.com\/pt\/wp-json\/wp\/v2\/types\/product"}],"replies":[{"embeddable":true,"href":"https:\/\/www.vape4wholesale.com\/pt\/wp-json\/wp\/v2\/comments?post=20242"}],"wp:featuredmedia":[{"embeddable":true,"href":"https:\/\/www.vape4wholesale.com\/pt\/wp-json\/wp\/v2\/media\/20246"}],"wp:attachment":[{"href":"https:\/\/www.vape4wholesale.com\/pt\/wp-json\/wp\/v2\/media?parent=20242"}],"wp:term":[{"taxonomy":"pwb-brand","embeddable":true,"href":"https:\/\/www.vape4wholesale.com\/pt\/wp-json\/wp\/v2\/pwb-brand?post=20242"},{"taxonomy":"product_cat","embeddable":true,"href":"https:\/\/www.vape4wholesale.com\/pt\/wp-json\/wp\/v2\/product_cat?post=20242"},{"taxonomy":"product_tag","embeddable":true,"href":"https:\/\/www.vape4wholesale.com\/pt\/wp-json\/wp\/v2\/product_tag?post=20242"}],"curies":[{"name":"wp","href":"https:\/\/api.w.org\/{rel}","templated":true}]}}