{"id":19758,"date":"2025-02-05T21:57:56","date_gmt":"2025-02-05T13:57:56","guid":{"rendered":"https:\/\/www.vape4wholesale.com\/?post_type=product&#038;p=19758"},"modified":"2026-03-30T11:13:42","modified_gmt":"2026-03-30T03:13:42","slug":"fumot-tornado-20000-vape-descartavel-por-atacado","status":"publish","type":"product","link":"https:\/\/www.vape4wholesale.com\/pt\/produto\/fumot-tornado-20000-vape-descartavel-por-atacado","title":{"rendered":"Fumot Tornado 20000 Vape Descart\u00e1vel Atacado"},"content":{"rendered":"<p><strong>Fumot Tornado 20000 Vape descart\u00e1vel<\/strong>\u00a0\u00e9 um dispositivo vape descart\u00e1vel com bobina de malha dupla e um ecr\u00e3 LED inteligente. Com bobinas de malha dupla, pode esperar um sabor mais rico e mais satisfat\u00f3rio em cada baforada. O ecr\u00e3 LED inteligente fornece informa\u00e7\u00f5es em tempo real, permitindo que os vapers saibam os detalhes de importa\u00e7\u00e3o num relance, o ecr\u00e3 mostra a dura\u00e7\u00e3o da bateria e o n\u00edvel de e-sumo. \u00c9 enchido com 20 ml de ejuice e pode ser aspirado at\u00e9 20.000 vezes. O Fumot Tornado 20000 tem o tipo 5% e 20 sabores \u00e0 escolha. O Fumot Tornado 20000 possui uma bateria recarreg\u00e1vel de 900mAh. Esta potente bateria garante um tempo de utiliza\u00e7\u00e3o alargado e pode ser facilmente recarregada atrav\u00e9s da porta Type-C. Diga adeus aos vapes descart\u00e1veis que ficam sem bateria demasiado depressa!<\/p>\n<h2><strong>Fumot Tornado 20000 Detalhes r\u00e1pidos<\/strong><\/h2>\n<ul>\n<li>Tipo: 5% Nic<\/li>\n<li>Bateria: Bateria recarreg\u00e1vel de 900mah<\/li>\n<li>Puffs:20000 puffs<\/li>\n<li>Capacidade: 20 ml<\/li>\n<li>Ecr\u00e3 com indicador de \u00f3leo e de bateria<\/li>\n<li>Porta tipo c<\/li>\n<li>20 sabores<\/li>\n<li>Bobina: Bobina de malha dupla<\/li>\n<\/ul>\n<h2><strong>Sabores dispon\u00edveis<\/strong><\/h2>\n<p>1 rebu\u00e7ado de mirtilo e framboesa<br \/>\n2 Blue Razz<br \/>\n3 Morango Kiwi<br \/>\n4 P\u00eassego Anan\u00e1s Laranja<br \/>\n5 Skittles<br \/>\n6 P\u00eassego Manga Melancia<br \/>\n7 Gelado de morango<br \/>\n8 Pera Gelo<br \/>\n9 Algod\u00e3o doce<br \/>\n10 gomas<br \/>\n11 Limonada de pepino<br \/>\n12 Pina Colada<br \/>\n13 Huckleberry<br \/>\n14 Gelo de melancia<br \/>\n15 Melancia com morango<br \/>\n16 Baga mista<br \/>\n17 Lichia Hami Mel\u00e3o<br \/>\n18 Cereja lima<br \/>\n19 Anan\u00e1s Lim\u00e3o Ma\u00e7\u00e3 verde<br \/>\n20 Bolo de banana<br \/>\n21 Sr. Blue<br \/>\n22 Cereja<br \/>\n23 Mirtilo Framboesa<br \/>\n24 Cherry Cola<br \/>\n25 Kiwi Maracuj\u00e1 Goiaba<br \/>\n26 Gelo de morango<br \/>\n27 Gelado de morango, framboesa e cereja<br \/>\n28 Cereja Baga<br \/>\n29 Mirtilo Framboesa azeda<br \/>\n30 Baga de p\u00eassego<br \/>\n31 Goma de ursinho Blue Razz<br \/>\n32 Cool Mint<br \/>\n33 Mirtilo no gelo<br \/>\n34 Cactus Ice<br \/>\n35 Red Grape Lime<br \/>\n36 Cola Lim\u00e3o<br \/>\n37 Groselha preta Ma\u00e7\u00e3<br \/>\n38 Cato Kiwi<br \/>\n39 Cola Ice<br \/>\n40 Manga Uva lce<br \/>\n41 Blueberry Cactus lce<br \/>\n42 Uva Kiwi<br \/>\n43 Ma\u00e7\u00e3 Toranja<\/p>\n<figure id=\"attachment_26815\" aria-describedby=\"caption-attachment-26815\" style=\"width: 800px\" class=\"wp-caption alignnone\"><img loading=\"lazy\" decoding=\"async\" class=\"size-full wp-image-26815\" title=\"Fumot Tornado 20000 Vape Descart\u00e1vel Atacado\" src=\"https:\/\/www.vape4wholesale.com\/wp-content\/uploads\/2025\/02\/Fumot-Tornado-20000-Disposable-Vape-Wholesale-1.jpg\" alt=\"Fumot Tornado 20000 Vape Descart\u00e1vel Atacado\" width=\"800\" height=\"800\" srcset=\"https:\/\/www.vape4wholesale.com\/wp-content\/uploads\/2025\/02\/Fumot-Tornado-20000-Disposable-Vape-Wholesale-1.jpg 800w, https:\/\/www.vape4wholesale.com\/wp-content\/uploads\/2025\/02\/Fumot-Tornado-20000-Disposable-Vape-Wholesale-1-300x300.jpg 300w, https:\/\/www.vape4wholesale.com\/wp-content\/uploads\/2025\/02\/Fumot-Tornado-20000-Disposable-Vape-Wholesale-1-150x150.jpg 150w, https:\/\/www.vape4wholesale.com\/wp-content\/uploads\/2025\/02\/Fumot-Tornado-20000-Disposable-Vape-Wholesale-1-768x768.jpg 768w, https:\/\/www.vape4wholesale.com\/wp-content\/uploads\/2025\/02\/Fumot-Tornado-20000-Disposable-Vape-Wholesale-1-12x12.jpg 12w, https:\/\/www.vape4wholesale.com\/wp-content\/uploads\/2025\/02\/Fumot-Tornado-20000-Disposable-Vape-Wholesale-1-247x247.jpg 247w, https:\/\/www.vape4wholesale.com\/wp-content\/uploads\/2025\/02\/Fumot-Tornado-20000-Disposable-Vape-Wholesale-1-510x510.jpg 510w, https:\/\/www.vape4wholesale.com\/wp-content\/uploads\/2025\/02\/Fumot-Tornado-20000-Disposable-Vape-Wholesale-1-100x100.jpg 100w\" sizes=\"auto, (max-width: 800px) 100vw, 800px\" \/><figcaption id=\"caption-attachment-26815\" class=\"wp-caption-text\">Fumot Tornado 20000 Vape Descart\u00e1vel Atacado<\/figcaption><\/figure>\n<h2>PORQU\u00ca N\u00d3S?<\/h2>\r\n<ul>\r\n<li>Fonte vape real, fi\u00e1vel e profissional.<\/li>\r\n<li>100% Garantia genu\u00edna: S\u00f3 fornecemos produtos originais e genu\u00ednos, recusamos a contrafa\u00e7\u00e3o.<\/li>\r\n<li>100% Garantia de entrega: Utilizamos o melhor m\u00e9todo de envio para garantir que recebe a encomenda 100%.<\/li>\r\n<li>Ap\u00f3s o envio, fornecer-lhe-emos o n\u00famero de acompanhamento e a etiqueta de envio e acompanharemos a mercadoria at\u00e9 que a receba.<\/li>\r\n<li>Sem problemas aduaneiros, sem direitos aduaneiros<\/li>\r\n<\/ul>","protected":false},"excerpt":{"rendered":"<div class=\"wsppc_div_block woocommerce_before_add_to_cart_form\">\r\n<p><strong><span style=\"color: #00a859;\">Clear customs<\/span> before delivery &amp; 100% Delivery Guarantee, Delivery in 19~25 days around.\u00a0<\/strong><\/p>\r\n<\/div>","protected":false},"featured_media":26815,"comment_status":"open","ping_status":"closed","template":"","meta":[],"pwb-brand":[1269],"product_cat":[873],"product_tag":[22,24,172,592,794],"class_list":{"0":"post-19758","1":"product","2":"type-product","3":"status-publish","4":"has-post-thumbnail","6":"pwb-brand-fumot","7":"product_cat-above-20k-puffs","8":"product_tag-disposable","9":"product_tag-wholesale","10":"product_tag-20-0ml","11":"product_tag-fumot","12":"product_tag-20000-puffs","13":"wcpa_has_options","15":"first","16":"instock","17":"featured","18":"shipping-taxable","19":"purchasable","20":"product-type-variable"},"aioseo_notices":[],"brands":[{"id":1269,"name":"Fumot","slug":"fumot"}],"_links":{"self":[{"href":"https:\/\/www.vape4wholesale.com\/pt\/wp-json\/wp\/v2\/product\/19758","targetHints":{"allow":["GET"]}}],"collection":[{"href":"https:\/\/www.vape4wholesale.com\/pt\/wp-json\/wp\/v2\/product"}],"about":[{"href":"https:\/\/www.vape4wholesale.com\/pt\/wp-json\/wp\/v2\/types\/product"}],"replies":[{"embeddable":true,"href":"https:\/\/www.vape4wholesale.com\/pt\/wp-json\/wp\/v2\/comments?post=19758"}],"wp:featuredmedia":[{"embeddable":true,"href":"https:\/\/www.vape4wholesale.com\/pt\/wp-json\/wp\/v2\/media\/26815"}],"wp:attachment":[{"href":"https:\/\/www.vape4wholesale.com\/pt\/wp-json\/wp\/v2\/media?parent=19758"}],"wp:term":[{"taxonomy":"pwb-brand","embeddable":true,"href":"https:\/\/www.vape4wholesale.com\/pt\/wp-json\/wp\/v2\/pwb-brand?post=19758"},{"taxonomy":"product_cat","embeddable":true,"href":"https:\/\/www.vape4wholesale.com\/pt\/wp-json\/wp\/v2\/product_cat?post=19758"},{"taxonomy":"product_tag","embeddable":true,"href":"https:\/\/www.vape4wholesale.com\/pt\/wp-json\/wp\/v2\/product_tag?post=19758"}],"curies":[{"name":"wp","href":"https:\/\/api.w.org\/{rel}","templated":true}]}}