{"id":19715,"date":"2025-02-04T23:14:18","date_gmt":"2025-02-04T15:14:18","guid":{"rendered":"https:\/\/www.vape4wholesale.com\/?post_type=product&#038;p=19715"},"modified":"2026-01-27T13:46:32","modified_gmt":"2026-01-27T13:46:32","slug":"bang-32000-puffs-vape-descartavel-por-atacado","status":"publish","type":"product","link":"https:\/\/www.vape4wholesale.com\/pt\/produto\/bang-32000-puffs-vape-descartavel-por-atacado","title":{"rendered":"Bang 32000 Puffs Vape Descart\u00e1vel Atacado"},"content":{"rendered":"<p>O <strong><a title=\"Pancada\" href=\"https:\/\/www.vape4wholesale.com\/pt\/marca_do_produto\/pancada\/\">Pancada<\/a> <\/strong>O 32000 \u00e9 um vape descart\u00e1vel bem concebido que oferece um equil\u00edbrio excecional entre sabor, desempenho e conveni\u00eancia. Quer seja um vaper experiente ou um novato, este dispositivo promete uma experi\u00eancia perfeita e personaliz\u00e1vel, com carater\u00edsticas avan\u00e7adas como pot\u00eancia ajust\u00e1vel, um ecr\u00e3 inteligente e uma enorme capacidade de 32.000 baforadas.<\/p>\n<h2><strong>O que torna o Bang 32000 Disposable Vape excecional<\/strong><\/h2>\n<ul>\n<li><strong>N\u00edveis de nicotina selecion\u00e1veis<\/strong><br \/>\nO\u00a0<strong>Bang 32000 Puffs<\/strong>\u00a0oferece quatro op\u00e7\u00f5es de nicotina:\u00a0<strong>0%, 2%, 3% e 5%<\/strong>. Escolha o n\u00edvel que melhor se adapta \u00e0s suas prefer\u00eancias, desde o prazer sem nicotina at\u00e9 uma pancada mais forte para os utilizadores mais experientes.<\/li>\n<li><strong>Grande capacidade de sopro<\/strong><br \/>\nCom uma generosa\u00a0<strong>32.000 baforadas<\/strong>, o\u00a0<strong>Bang 32000 Puffs<\/strong>\u00a0elimina a necessidade de substitui\u00e7\u00f5es frequentes. Esta capacidade alargada de baforadas garante que pode desfrutar de uma vaporiza\u00e7\u00e3o ininterrupta durante um longo per\u00edodo de tempo.<\/li>\n<li><strong>Elevada capacidade de E-Liquid<\/strong><br \/>\nCom um\u00a0<strong>32mL de e-l\u00edquido<\/strong>\u00a0tanque, o\u00a0<strong>Bang 32000 Puffs<\/strong>\u00a0foi concebido para proporcionar um sabor \u00f3timo, reduzindo a necessidade de recargas constantes e permitindo sess\u00f5es mais longas.<\/li>\n<li><strong>Bobina de malha dupla avan\u00e7ada<\/strong><br \/>\nEquipado com um\u00a0<strong>Bobina de malha dupla de 0,5\u03a9<\/strong>Com o seu sistema de controlo de temperatura, este dispositivo melhora a produ\u00e7\u00e3o de vapor e a consist\u00eancia do sabor, proporcionando um vapor suave, intenso e rico a cada inala\u00e7\u00e3o.<\/li>\n<li><strong>Ecr\u00e3 completo inteligente<\/strong><br \/>\nO\u00a0<strong>Bang 32000 Puffs<\/strong>\u00a0foi concebido com um\u00a0<strong>ecr\u00e3 inteligente<\/strong>\u00a0que apresenta os n\u00edveis de \u00f3leo e a dura\u00e7\u00e3o da bateria, para que esteja sempre a par do estado do seu dispositivo. Acabaram-se as adivinha\u00e7\u00f5es!<\/li>\n<li><strong>Bateria recarreg\u00e1vel de 650mAh<\/strong><br \/>\nAlimentado por uma bateria de longa dura\u00e7\u00e3o<strong>\u00a0Bateria de 650mAh<\/strong>Este dispositivo garante uma experi\u00eancia de vaporiza\u00e7\u00e3o durante todo o dia. Al\u00e9m disso, com o carregamento r\u00e1pido Tipo C, pode recarregar o vape de forma r\u00e1pida e conveniente.<\/li>\n<li><strong>Pot\u00eancia ajust\u00e1vel<\/strong><br \/>\nPersonalize a sua experi\u00eancia de vaporiza\u00e7\u00e3o com\u00a0<strong>pot\u00eancia regul\u00e1vel<\/strong>\u00a0defini\u00e7\u00f5es. Esta carater\u00edstica permite-lhe adaptar o seu vape \u00e0s suas necessidades espec\u00edficas, garantindo sempre a baforada perfeita.<\/li>\n<\/ul>\n<h2><strong>Sabores dispon\u00edveis<\/strong><\/h2>\n<ol>\n<li>Mirtilo Framboesa<\/li>\n<li>Melancia Cereja<\/li>\n<li>Gelo de mirtilo<\/li>\n<li>Gelo de melancia<\/li>\n<li>Melancia com morango<\/li>\n<li>Morango Kiwi<\/li>\n<li>Red Bull<\/li>\n<li>Pastilha el\u00e1stica de melancia<\/li>\n<li>Gelo de uva<\/li>\n<li>P\u00eassego Manga<\/li>\n<li>Gelo de p\u00eassego<\/li>\n<li>Frutos mistos<\/li>\n<\/ol>\n<h2><strong>Detalhes da embalagem<\/strong><\/h2>\n<ul>\n<li>1\/ caixa \u00fanica<\/li>\n<li>10\/ caixa de exposi\u00e7\u00e3o<\/li>\n<li>180\/ Caixa de cart\u00e3o, 21,5 kg<\/li>\n<\/ul>\n<figure id=\"attachment_19716\" aria-describedby=\"caption-attachment-19716\" style=\"width: 692px\" class=\"wp-caption alignnone\"><img loading=\"lazy\" decoding=\"async\" class=\"wp-image-19716 size-full\" title=\"Bang 32000 Puffs Vape Descart\u00e1vel Atacado\" src=\"https:\/\/www.vape4wholesale.com\/wp-content\/uploads\/2025\/02\/Bang-32000-Puffs-Disposable-Vape-Wholesale.webp\" alt=\"Bang 32000 Puffs Vape Descart\u00e1vel Atacado\" width=\"692\" height=\"1323\" srcset=\"https:\/\/www.vape4wholesale.com\/wp-content\/uploads\/2025\/02\/Bang-32000-Puffs-Disposable-Vape-Wholesale.webp 692w, https:\/\/www.vape4wholesale.com\/wp-content\/uploads\/2025\/02\/Bang-32000-Puffs-Disposable-Vape-Wholesale-510x975.webp 510w, https:\/\/www.vape4wholesale.com\/wp-content\/uploads\/2025\/02\/Bang-32000-Puffs-Disposable-Vape-Wholesale-64x122.webp 64w, https:\/\/www.vape4wholesale.com\/wp-content\/uploads\/2025\/02\/Bang-32000-Puffs-Disposable-Vape-Wholesale-157x300.webp 157w, https:\/\/www.vape4wholesale.com\/wp-content\/uploads\/2025\/02\/Bang-32000-Puffs-Disposable-Vape-Wholesale-536x1024.webp 536w, https:\/\/www.vape4wholesale.com\/wp-content\/uploads\/2025\/02\/Bang-32000-Puffs-Disposable-Vape-Wholesale-6x12.webp 6w\" sizes=\"auto, (max-width: 692px) 100vw, 692px\" \/><figcaption id=\"caption-attachment-19716\" class=\"wp-caption-text\">Bang 32000 Puffs Vape Descart\u00e1vel Atacado<\/figcaption><\/figure>\n<h2>PORQU\u00ca N\u00d3S?<\/h2>\r\n<ul>\r\n<li>Fonte vape real, fi\u00e1vel e profissional.<\/li>\r\n<li>100% Garantia genu\u00edna: S\u00f3 fornecemos produtos originais e genu\u00ednos, recusamos a contrafa\u00e7\u00e3o.<\/li>\r\n<li>100% Garantia de entrega: Utilizamos o melhor m\u00e9todo de envio para garantir que recebe a encomenda 100%.<\/li>\r\n<li>Ap\u00f3s o envio, fornecer-lhe-emos o n\u00famero de acompanhamento e a etiqueta de envio e acompanharemos a mercadoria at\u00e9 que a receba.<\/li>\r\n<li>Sem problemas aduaneiros, sem direitos aduaneiros<\/li>\r\n<\/ul>","protected":false},"excerpt":{"rendered":"<div class=\"wsppc_div_block woocommerce_before_add_to_cart_form\">\r\n<p><strong><span style=\"color: #00a859;\">Clear customs<\/span> before delivery &amp; 100% Delivery Guarantee, Delivery in 19~25 days around.\u00a0<\/strong><\/p>\r\n<\/div>","protected":false},"featured_media":19730,"comment_status":"open","ping_status":"closed","template":"","meta":[],"pwb-brand":[1275],"product_cat":[873],"product_tag":[22,24,249,944,1047],"class_list":{"0":"post-19715","1":"product","2":"type-product","3":"status-publish","4":"has-post-thumbnail","6":"pwb-brand-bang","7":"product_cat-above-20k-puffs","8":"product_tag-disposable","9":"product_tag-wholesale","10":"product_tag-bang","11":"product_tag-32000-puffs","12":"product_tag-32-0ml","13":"wcpa_has_options","15":"first","16":"instock","17":"shipping-taxable","18":"purchasable","19":"product-type-variable"},"aioseo_notices":[],"brands":[{"id":1275,"name":"Pancada","slug":"pancada"}],"_links":{"self":[{"href":"https:\/\/www.vape4wholesale.com\/pt\/wp-json\/wp\/v2\/product\/19715","targetHints":{"allow":["GET"]}}],"collection":[{"href":"https:\/\/www.vape4wholesale.com\/pt\/wp-json\/wp\/v2\/product"}],"about":[{"href":"https:\/\/www.vape4wholesale.com\/pt\/wp-json\/wp\/v2\/types\/product"}],"replies":[{"embeddable":true,"href":"https:\/\/www.vape4wholesale.com\/pt\/wp-json\/wp\/v2\/comments?post=19715"}],"wp:featuredmedia":[{"embeddable":true,"href":"https:\/\/www.vape4wholesale.com\/pt\/wp-json\/wp\/v2\/media\/19730"}],"wp:attachment":[{"href":"https:\/\/www.vape4wholesale.com\/pt\/wp-json\/wp\/v2\/media?parent=19715"}],"wp:term":[{"taxonomy":"pwb-brand","embeddable":true,"href":"https:\/\/www.vape4wholesale.com\/pt\/wp-json\/wp\/v2\/pwb-brand?post=19715"},{"taxonomy":"product_cat","embeddable":true,"href":"https:\/\/www.vape4wholesale.com\/pt\/wp-json\/wp\/v2\/product_cat?post=19715"},{"taxonomy":"product_tag","embeddable":true,"href":"https:\/\/www.vape4wholesale.com\/pt\/wp-json\/wp\/v2\/product_tag?post=19715"}],"curies":[{"name":"wp","href":"https:\/\/api.w.org\/{rel}","templated":true}]}}