{"id":18876,"date":"2025-01-07T12:07:18","date_gmt":"2025-01-07T04:07:18","guid":{"rendered":"https:\/\/www.vape4wholesale.com\/?post_type=product&#038;p=18876"},"modified":"2026-01-27T13:47:37","modified_gmt":"2026-01-27T13:47:37","slug":"happ-bar-twin-pod-25000-puffs-descartavel-vape-wholesale","status":"publish","type":"product","link":"https:\/\/www.vape4wholesale.com\/pt\/product\/happ-bar-twin-pod-25000-puffs-disposable-vape-wholesale","title":{"rendered":"Happ Bar Twin Pod 25000 Puffs Vape Descart\u00e1vel Atacado"},"content":{"rendered":"<p>O <a title=\"Bar Happ\" href=\"https:\/\/www.vape4wholesale.com\/pt\/marca_do_produto\/bar-feliz\/\">Bar Happ<\/a> O Twin Pod 25000 foi concebido com c\u00e1psulas duplas incorporadas, pelo que \u00e9 poss\u00edvel ter 2 sabores num s\u00f3 dispositivo. Para ajustar os diferentes sabores, basta levantar a boquilha e rod\u00e1-la.<\/p>\n<p>O visor mostra com precis\u00e3o a bateria restante e a capacidade de e-l\u00edquido actuais, e o ecr\u00e3 est\u00e1 localizado numa faixa preta que vai de cima a baixo do corpo, fazendo com que todo o design se integre bem.<\/p>\n<p>Tem 2 c\u00e1psulas de 16 ml incorporadas com uma capacidade total de at\u00e9 32 ml de l\u00edquido, enquanto 2 bobinas de malha melhoram o desempenho e a experi\u00eancia de vaporiza\u00e7\u00e3o do dispositivo. Suporta at\u00e9 25000 baforadas.<\/p>\n<h2>Happ Bar Twin Pod 25000 Vape Detalhe r\u00e1pido<\/h2>\n<ul>\n<li>Puffs: At\u00e9 25.000<\/li>\n<li>Intensidade da nicotina: 2%, 5%<\/li>\n<li>Capacidade da bateria: 650mAh<\/li>\n<li>Porta de carregamento: Typpe C<\/li>\n<li>Resist\u00eancia: 1,0 ohm<\/li>\n<li>Capacidade do l\u00edquido: 16ml+16ml<\/li>\n<\/ul>\n<h2>Sabores dispon\u00edveis<\/h2>\n<ol>\n<li>Limonada Blue Razz e gelo de p\u00eassego<\/li>\n<li>Pastilha el\u00e1stica de mirtilo, cereja, arando e melancia<\/li>\n<li>Gelado de mirtilo, framboesa, lim\u00e3o e cereja<\/li>\n<li>Gelo de p\u00eassego, manga, anan\u00e1s e morango<\/li>\n<li>Gelo de anan\u00e1s, coco e mirtilo<\/li>\n<li>Fudge de framboesa e ma\u00e7\u00e3 dupla<\/li>\n<li>Red Bull Ice e Hami Melon<\/li>\n<li>Gelado de morango, banana e cola<\/li>\n<li>Morango Kiwi e Lush Ice<\/li>\n<li>Coca-Cola de morango e baunilha e mistura de frutos silvestres<\/li>\n<li>Gelo de melancia e lima-lim\u00e3o<\/li>\n<\/ol>\n<figure id=\"attachment_18842\" aria-describedby=\"caption-attachment-18842\" style=\"width: 800px\" class=\"wp-caption alignnone\"><img loading=\"lazy\" decoding=\"async\" class=\"size-full wp-image-18842\" title=\"Happ Bar Twin Pod 25000 Puffs Vape Descart\u00e1vel Atacado\" src=\"https:\/\/www.vape4wholesale.com\/wp-content\/uploads\/2025\/01\/Happ-Bar-Twin-Pod-25000-Puffs-Disposable-Vape-Wholesale.webp\" alt=\"Happ Bar Twin Pod 25000 Puffs Vape Descart\u00e1vel Atacado\" width=\"800\" height=\"800\" srcset=\"https:\/\/www.vape4wholesale.com\/wp-content\/uploads\/2025\/01\/Happ-Bar-Twin-Pod-25000-Puffs-Disposable-Vape-Wholesale.webp 800w, https:\/\/www.vape4wholesale.com\/wp-content\/uploads\/2025\/01\/Happ-Bar-Twin-Pod-25000-Puffs-Disposable-Vape-Wholesale-247x247.webp 247w, https:\/\/www.vape4wholesale.com\/wp-content\/uploads\/2025\/01\/Happ-Bar-Twin-Pod-25000-Puffs-Disposable-Vape-Wholesale-100x100.webp 100w, https:\/\/www.vape4wholesale.com\/wp-content\/uploads\/2025\/01\/Happ-Bar-Twin-Pod-25000-Puffs-Disposable-Vape-Wholesale-510x510.webp 510w, https:\/\/www.vape4wholesale.com\/wp-content\/uploads\/2025\/01\/Happ-Bar-Twin-Pod-25000-Puffs-Disposable-Vape-Wholesale-64x64.webp 64w, https:\/\/www.vape4wholesale.com\/wp-content\/uploads\/2025\/01\/Happ-Bar-Twin-Pod-25000-Puffs-Disposable-Vape-Wholesale-300x300.webp 300w, https:\/\/www.vape4wholesale.com\/wp-content\/uploads\/2025\/01\/Happ-Bar-Twin-Pod-25000-Puffs-Disposable-Vape-Wholesale-150x150.webp 150w, https:\/\/www.vape4wholesale.com\/wp-content\/uploads\/2025\/01\/Happ-Bar-Twin-Pod-25000-Puffs-Disposable-Vape-Wholesale-768x768.webp 768w, https:\/\/www.vape4wholesale.com\/wp-content\/uploads\/2025\/01\/Happ-Bar-Twin-Pod-25000-Puffs-Disposable-Vape-Wholesale-12x12.webp 12w\" sizes=\"auto, (max-width: 800px) 100vw, 800px\" \/><figcaption id=\"caption-attachment-18842\" class=\"wp-caption-text\">Happ Bar Twin Pod 25000 Puffs Vape Descart\u00e1vel Atacado<\/figcaption><\/figure>\n<h2>PORQU\u00ca N\u00d3S?<\/h2>\r\n<ul>\r\n<li>Fonte vape real, fi\u00e1vel e profissional.<\/li>\r\n<li>100% Garantia genu\u00edna: S\u00f3 fornecemos produtos originais e genu\u00ednos, recusamos a contrafa\u00e7\u00e3o.<\/li>\r\n<li>100% Garantia de entrega: Utilizamos o melhor m\u00e9todo de envio para garantir que recebe a encomenda 100%.<\/li>\r\n<li>Ap\u00f3s o envio, fornecer-lhe-emos o n\u00famero de acompanhamento e a etiqueta de envio e acompanharemos a mercadoria at\u00e9 que a receba.<\/li>\r\n<li>Sem problemas aduaneiros, sem direitos aduaneiros<\/li>\r\n<\/ul>\n<p>&nbsp;<\/p>","protected":false},"excerpt":{"rendered":"<p><span style=\"color: #0000ff;\"><strong>Este produto j\u00e1 n\u00e3o est\u00e1 dispon\u00edvel, clique em <span style=\"color: #ed1c24;\"><a style=\"color: #ed1c24;\" title=\"Happ Bar Twin Pod 35000 Vape\" href=\"https:\/\/www.vape4wholesale.com\/pt\/produto\/happ-bar-twin-pod-35000-vape-descartavel\/\" target=\"_blank\" rel=\"noopener\">aqui<\/a><\/span> para visitar a liga\u00e7\u00e3o do produto para a nova vers\u00e3o do 35000 Twin Pod.<\/strong><\/span><\/p>","protected":false},"featured_media":18847,"comment_status":"open","ping_status":"closed","template":"","meta":[],"pwb-brand":[1267],"product_cat":[938],"product_tag":[22,24,915,1035,1047],"class_list":{"0":"post-18876","1":"product","2":"type-product","3":"status-publish","4":"has-post-thumbnail","6":"pwb-brand-happ-bar","7":"product_cat-europe-warehouse","8":"product_tag-disposable","9":"product_tag-wholesale","10":"product_tag-25000-puffs","11":"product_tag-happ-bar","12":"product_tag-32-0ml","13":"product_shipping_class-eu-warehouse","14":"wcpa_has_options","16":"first","17":"outofstock","18":"shipping-taxable","19":"purchasable","20":"product-type-variable"},"aioseo_notices":[],"brands":[{"id":1267,"name":"Bar Happ","slug":"bar-feliz"}],"_links":{"self":[{"href":"https:\/\/www.vape4wholesale.com\/pt\/wp-json\/wp\/v2\/product\/18876","targetHints":{"allow":["GET"]}}],"collection":[{"href":"https:\/\/www.vape4wholesale.com\/pt\/wp-json\/wp\/v2\/product"}],"about":[{"href":"https:\/\/www.vape4wholesale.com\/pt\/wp-json\/wp\/v2\/types\/product"}],"replies":[{"embeddable":true,"href":"https:\/\/www.vape4wholesale.com\/pt\/wp-json\/wp\/v2\/comments?post=18876"}],"wp:featuredmedia":[{"embeddable":true,"href":"https:\/\/www.vape4wholesale.com\/pt\/wp-json\/wp\/v2\/media\/18847"}],"wp:attachment":[{"href":"https:\/\/www.vape4wholesale.com\/pt\/wp-json\/wp\/v2\/media?parent=18876"}],"wp:term":[{"taxonomy":"pwb-brand","embeddable":true,"href":"https:\/\/www.vape4wholesale.com\/pt\/wp-json\/wp\/v2\/pwb-brand?post=18876"},{"taxonomy":"product_cat","embeddable":true,"href":"https:\/\/www.vape4wholesale.com\/pt\/wp-json\/wp\/v2\/product_cat?post=18876"},{"taxonomy":"product_tag","embeddable":true,"href":"https:\/\/www.vape4wholesale.com\/pt\/wp-json\/wp\/v2\/product_tag?post=18876"}],"curies":[{"name":"wp","href":"https:\/\/api.w.org\/{rel}","templated":true}]}}