{"id":18856,"date":"2025-01-07T11:31:25","date_gmt":"2025-01-07T03:31:25","guid":{"rendered":"https:\/\/www.vape4wholesale.com\/?post_type=product&#038;p=18856"},"modified":"2026-01-27T13:49:54","modified_gmt":"2026-01-27T13:49:54","slug":"happ-bar-gr20000-vape-descartavel-por-atacado","status":"publish","type":"product","link":"https:\/\/www.vape4wholesale.com\/pt\/produto\/happ-bar-gr20000-vape-descartavel-por-atacado","title":{"rendered":"Happ Bar GR20000 Vape Descart\u00e1vel Atacado"},"content":{"rendered":"<p>O <a title=\"Bar Happ\" href=\"https:\/\/www.vape4wholesale.com\/pt\/marca_do_produto\/bar-feliz\/\">Bar Happ<\/a> O GR20000 \u00e9 um vape descart\u00e1vel com um design \u00fanico. Inclui um visor de l\u00edquido e de energia e, ao mesmo tempo, o ajuste do fluxo de ar est\u00e1 dispon\u00edvel. 25 ml de l\u00edquido incorporado e uma bateria recarreg\u00e1vel de 650 mAh, que pode suportar at\u00e9 20 000 baforadas.<\/p>\n<p>Inclui um pequeno visor que mostra com precis\u00e3o a carga atual da bateria e o l\u00edquido restante. Tem um aspeto muito original com um design moldado em duas cores e um corpo ergon\u00f3mico. Entretanto, utiliza uma nova gera\u00e7\u00e3o de bobinas de malha, tornando o GR2000 uma melhor experi\u00eancia e sabor.<\/p>\n<h2>Happ Bar GR20000 Vape descart\u00e1vel Detalhe r\u00e1pido<\/h2>\n<ul>\n<li>Puffs: At\u00e9 20.000<\/li>\n<li>Intensidade da nicotina: 2%, 5%<\/li>\n<li>Capacidade da bateria: 650mAh<\/li>\n<li>Porta de carregamento: Typpe C<\/li>\n<li>Resist\u00eancia: 1,0 ohm<\/li>\n<li>Capacidade do l\u00edquido: 25 ml<\/li>\n<\/ul>\n<h2>Sabores dispon\u00edveis<\/h2>\n<ol>\n<li>Goma de ursinho Blue Razz<\/li>\n<li>Mirtilo Cereja Arando<\/li>\n<li>Gelo de mirtilo<\/li>\n<li>Mirtilo Framboesa<\/li>\n<li>Gelo de cereja<\/li>\n<li>Coco Lim\u00e3o<\/li>\n<li>Mel\u00e3o Hami<\/li>\n<li>Kiwi Maracuj\u00e1 Goiaba<\/li>\n<li>Granizo de lim\u00e3o<\/li>\n<li>Manga Monstro<\/li>\n<li>Anan\u00e1s de coco<\/li>\n<li>Melancia com framboesa<\/li>\n<li>Banana com morango<\/li>\n<li>Gelo de morango<\/li>\n<li>Morango Kiwi<\/li>\n<li>Morango Framboesa<\/li>\n<li>Coca-Cola de morango e baunilha<\/li>\n<li>Gelo de melancia<\/li>\n<\/ol>\n<figure id=\"attachment_18817\" aria-describedby=\"caption-attachment-18817\" style=\"width: 800px\" class=\"wp-caption alignnone\"><img loading=\"lazy\" decoding=\"async\" class=\"size-full wp-image-18817\" title=\"Happ Bar GR20000 Vape Descart\u00e1vel Atacado\" src=\"https:\/\/www.vape4wholesale.com\/wp-content\/uploads\/2025\/01\/Happ-Bar-GR20000-Disposable-Vape-Wholesale.webp\" alt=\"Happ Bar GR20000 Vape Descart\u00e1vel Atacado\" width=\"800\" height=\"800\" srcset=\"https:\/\/www.vape4wholesale.com\/wp-content\/uploads\/2025\/01\/Happ-Bar-GR20000-Disposable-Vape-Wholesale.webp 800w, https:\/\/www.vape4wholesale.com\/wp-content\/uploads\/2025\/01\/Happ-Bar-GR20000-Disposable-Vape-Wholesale-247x247.webp 247w, https:\/\/www.vape4wholesale.com\/wp-content\/uploads\/2025\/01\/Happ-Bar-GR20000-Disposable-Vape-Wholesale-100x100.webp 100w, https:\/\/www.vape4wholesale.com\/wp-content\/uploads\/2025\/01\/Happ-Bar-GR20000-Disposable-Vape-Wholesale-510x510.webp 510w, https:\/\/www.vape4wholesale.com\/wp-content\/uploads\/2025\/01\/Happ-Bar-GR20000-Disposable-Vape-Wholesale-64x64.webp 64w, https:\/\/www.vape4wholesale.com\/wp-content\/uploads\/2025\/01\/Happ-Bar-GR20000-Disposable-Vape-Wholesale-300x300.webp 300w, https:\/\/www.vape4wholesale.com\/wp-content\/uploads\/2025\/01\/Happ-Bar-GR20000-Disposable-Vape-Wholesale-150x150.webp 150w, https:\/\/www.vape4wholesale.com\/wp-content\/uploads\/2025\/01\/Happ-Bar-GR20000-Disposable-Vape-Wholesale-768x768.webp 768w, https:\/\/www.vape4wholesale.com\/wp-content\/uploads\/2025\/01\/Happ-Bar-GR20000-Disposable-Vape-Wholesale-12x12.webp 12w\" sizes=\"auto, (max-width: 800px) 100vw, 800px\" \/><figcaption id=\"caption-attachment-18817\" class=\"wp-caption-text\">Happ Bar GR20000 Vape Descart\u00e1vel Atacado<\/figcaption><\/figure>\n<h2>PORQU\u00ca N\u00d3S?<\/h2>\r\n<ul>\r\n<li>Fonte vape real, fi\u00e1vel e profissional.<\/li>\r\n<li>100% Garantia genu\u00edna: S\u00f3 fornecemos produtos originais e genu\u00ednos, recusamos a contrafa\u00e7\u00e3o.<\/li>\r\n<li>100% Garantia de entrega: Utilizamos o melhor m\u00e9todo de envio para garantir que recebe a encomenda 100%.<\/li>\r\n<li>Ap\u00f3s o envio, fornecer-lhe-emos o n\u00famero de acompanhamento e a etiqueta de envio e acompanharemos a mercadoria at\u00e9 que a receba.<\/li>\r\n<li>Sem problemas aduaneiros, sem direitos aduaneiros<\/li>\r\n<\/ul>\n<p>&nbsp;<\/p>\n<p>&nbsp;<\/p>","protected":false},"excerpt":{"rendered":"<p><b><span style=\"color: #00a859;\">Free shipping<\/span>\u00a0from Europe warehouse, 7-15 working days delivery time.<\/b><\/p>\r\n<div class=\"wsppc_div_block woocommerce_before_add_to_cart_form\">\r\n<p><strong>Clear customs before delivery &amp; 100% Delivery Guarantee<\/strong><\/p>\r\n<\/div>\n<p><span style=\"color: #ff0000;\"><strong>Nota: Este produto foi atualizado para <a href=\"https:\/\/www.vape4wholesale.com\/pt\/produto\/happ-bar-gr30000-vape-descartavel-por-atacado\/\" target=\"_blank\" rel=\"noopener\">GR30000<\/a>, \u2192 <a href=\"https:\/\/www.vape4wholesale.com\/pt\/produto\/happ-bar-gr30000-vape-descartavel-por-atacado\/\" target=\"_blank\" rel=\"noopener\">Clique para encomendar a nova vers\u00e3o.<\/a><\/strong><\/span><\/p>","protected":false},"featured_media":18821,"comment_status":"open","ping_status":"closed","template":"","meta":[],"pwb-brand":[1267],"product_cat":[938],"product_tag":[24,692,794,1035,22],"class_list":{"0":"post-18856","1":"product","2":"type-product","3":"status-publish","4":"has-post-thumbnail","6":"pwb-brand-happ-bar","7":"product_cat-europe-warehouse","8":"product_tag-wholesale","9":"product_tag-25-0ml","10":"product_tag-20000-puffs","11":"product_tag-happ-bar","12":"product_tag-disposable","13":"product_shipping_class-eu-warehouse","14":"wcpa_has_options","16":"first","17":"instock","18":"shipping-taxable","19":"purchasable","20":"product-type-variable"},"aioseo_notices":[],"brands":[{"id":1267,"name":"Bar Happ","slug":"bar-feliz"}],"_links":{"self":[{"href":"https:\/\/www.vape4wholesale.com\/pt\/wp-json\/wp\/v2\/product\/18856","targetHints":{"allow":["GET"]}}],"collection":[{"href":"https:\/\/www.vape4wholesale.com\/pt\/wp-json\/wp\/v2\/product"}],"about":[{"href":"https:\/\/www.vape4wholesale.com\/pt\/wp-json\/wp\/v2\/types\/product"}],"replies":[{"embeddable":true,"href":"https:\/\/www.vape4wholesale.com\/pt\/wp-json\/wp\/v2\/comments?post=18856"}],"wp:featuredmedia":[{"embeddable":true,"href":"https:\/\/www.vape4wholesale.com\/pt\/wp-json\/wp\/v2\/media\/18821"}],"wp:attachment":[{"href":"https:\/\/www.vape4wholesale.com\/pt\/wp-json\/wp\/v2\/media?parent=18856"}],"wp:term":[{"taxonomy":"pwb-brand","embeddable":true,"href":"https:\/\/www.vape4wholesale.com\/pt\/wp-json\/wp\/v2\/pwb-brand?post=18856"},{"taxonomy":"product_cat","embeddable":true,"href":"https:\/\/www.vape4wholesale.com\/pt\/wp-json\/wp\/v2\/product_cat?post=18856"},{"taxonomy":"product_tag","embeddable":true,"href":"https:\/\/www.vape4wholesale.com\/pt\/wp-json\/wp\/v2\/product_tag?post=18856"}],"curies":[{"name":"wp","href":"https:\/\/api.w.org\/{rel}","templated":true}]}}