{"id":1852,"date":"2022-07-29T10:37:10","date_gmt":"2022-07-29T02:37:10","guid":{"rendered":"https:\/\/www.vape4wholesale.com\/?post_type=product&#038;p=1852"},"modified":"2026-01-26T13:43:25","modified_gmt":"2026-01-26T13:43:25","slug":"randm-tornado-7000-puffs-vape-descartavel-por-atacado","status":"publish","type":"product","link":"https:\/\/www.vape4wholesale.com\/pt\/produto\/randm-tornado-7000-puffs-vape-descartavel-por-atacado","title":{"rendered":"RandM Tornado 7000 Puffs Vape Descart\u00e1vel Atacado"},"content":{"rendered":"<p><strong><a href=\"https:\/\/www.vape4wholesale.com\/pt\/marca_do_produto\/randm\/\">RandM<\/a> Tornado 7000<\/strong>\u00a0\u00e9 um dispositivo vape descart\u00e1vel com controlo do fluxo de ar e \u00e9 recarreg\u00e1vel. Cont\u00e9m 14 ml de sumo eletr\u00f3nico de sal de nicotina 5% e pode atingir 7000 baforadas. Existem 20 sabores para escolher. O controlo do fluxo de ar permite-lhe escolher o melhor local para si, al\u00e9m de incluir uma porta Type-C recarreg\u00e1vel na parte de tr\u00e1s do dispositivo, o que garante que termina sempre a \u00faltima gota do ejuice no dep\u00f3sito.<\/p>\n<h2><b data-stringify-type=\"bold\">RandM Tornado 7000 Disposable Vape Carater\u00edsticas<\/b><\/h2>\n<ul>\n<li>0\/2\/3\/5% Sal de nicotina<\/li>\n<li>14ML de E-l\u00edquido<\/li>\n<li>7000 baforadas por dispositivo<\/li>\n<li>Controlo do fluxo de ar<\/li>\n<li>Recarga Tipo C<\/li>\n<li>Bateria recarreg\u00e1vel<\/li>\n<li>Bateria integrada de 850mAh<\/li>\n<li>52 sabores dispon\u00edveis<\/li>\n<li>10 unidades numa caixa de exposi\u00e7\u00e3o<\/li>\n<li>240 unidades numa caixa de cart\u00e3o\/ 17 kg<\/li>\n<li>tamanho da caixa: 46,2*26,9*30,6 CM<\/li>\n<\/ul>\n<h2><b data-stringify-type=\"bold\">Sabores dispon\u00edveis<\/b><\/h2>\n<p>1. hortel\u00e3 fresca<br \/>\n2. gelo exuberante<br \/>\n3. gelo de tangerina<br \/>\n4. donut de morango<br \/>\n5. urso de goma<br \/>\n6. mirtilo no gelo<br \/>\n7. manga no gelo<br \/>\n8.Gelo de p\u00eassego<br \/>\n9. gelo de banana<br \/>\n10. gelo de uva<br \/>\n11. limonada cor-de-rosa<br \/>\n12.Rum Pina Colada<br \/>\n13. bagas mistas<br \/>\n14. batido de banana<br \/>\n15. melancia com amora<br \/>\n16. ma\u00e7\u00e3 vermelha lim\u00e3o<br \/>\n17. gelo de anan\u00e1s<br \/>\n18. algod\u00e3o doce<br \/>\n19. banana com morango<br \/>\n20. gelo de morango<br \/>\n21. morango Kiwi<br \/>\n22. gelo de energia vermelha<br \/>\n23.Blue razz limonada<br \/>\n24. gelo de ma\u00e7\u00e3 vermelha<br \/>\n25. limonada de bagas<br \/>\n26 - Pastilha el\u00e1stica de mirtilo<br \/>\n27.Bluesour framboesa<br \/>\n28.Mr azul<br \/>\n29.ma\u00e7\u00e3 p\u00eassego pera<br \/>\n30. mirtilo rom\u00e3<br \/>\n31. Vimto<br \/>\n32. kiwi maracuj\u00e1 goiaba<br \/>\n33.Cola<br \/>\n34. ma\u00e7\u00e3 \u00e1cida<br \/>\n35. mentol de groselha preta<br \/>\n36.Sangue de tigre<br \/>\n37. rebu\u00e7ado de p\u00eassego e mirtilo<br \/>\n38. p\u00eassego manga<br \/>\n39.Strawberry Red Bull<br \/>\n40. gelo de groselha preta<br \/>\n41. Limonada de melancia e morango<br \/>\n42.Cereja<br \/>\n43.Blue Razz Cherry<br \/>\n44. gomas<br \/>\n45. mirtilo framboesa<br \/>\n46. Uva de palha<br \/>\n47. Mirtilo Cereja Arando<br \/>\n48. explos\u00e3o de bagas de ma\u00e7\u00e3<br \/>\n49.Cherry Cola<br \/>\n50. lim\u00e3o e lima<br \/>\n51. Explos\u00e3o cor-de-rosa<br \/>\n52. Arrefecedor do Pac\u00edfico<\/p>\n<h2><strong>Embalagem<\/strong><\/h2>\n<p>240 PCS\/ caixa, 17KG<\/p>\n<p><img loading=\"lazy\" decoding=\"async\" class=\"alignnone size-full wp-image-12769\" title=\"RandM Tornado 7000 Controlo de fluxo de ar recarreg\u00e1vel Vape descart\u00e1vel Atacado\" src=\"https:\/\/www.vape4wholesale.com\/wp-content\/uploads\/2022\/07\/RandM-Tornado-7000-Rechargeable-Airflow-Control-Disposable-Vape-Wholesale.jpg\" alt=\"RandM Tornado 7000 Controlo de fluxo de ar recarreg\u00e1vel Vape descart\u00e1vel Atacado\" width=\"800\" height=\"684\" srcset=\"https:\/\/www.vape4wholesale.com\/wp-content\/uploads\/2022\/07\/RandM-Tornado-7000-Rechargeable-Airflow-Control-Disposable-Vape-Wholesale.jpg 800w, https:\/\/www.vape4wholesale.com\/wp-content\/uploads\/2022\/07\/RandM-Tornado-7000-Rechargeable-Airflow-Control-Disposable-Vape-Wholesale-510x436.jpg 510w\" sizes=\"auto, (max-width: 800px) 100vw, 800px\" \/> <img loading=\"lazy\" decoding=\"async\" class=\"alignnone size-full wp-image-12770\" title=\"RandM Tornado 7000 Vape descart\u00e1vel Venda por grosso de sabores de donut de morango\" src=\"https:\/\/www.vape4wholesale.com\/wp-content\/uploads\/2022\/07\/RandM-Tornado-7000-Disposable-Vape-Wholesale-Strawberry-Donut-Flavors.jpg\" alt=\"RandM Tornado 7000 Vape descart\u00e1vel Venda por grosso de sabores de donut de morango\" width=\"800\" height=\"800\" srcset=\"https:\/\/www.vape4wholesale.com\/wp-content\/uploads\/2022\/07\/RandM-Tornado-7000-Disposable-Vape-Wholesale-Strawberry-Donut-Flavors.jpg 800w, https:\/\/www.vape4wholesale.com\/wp-content\/uploads\/2022\/07\/RandM-Tornado-7000-Disposable-Vape-Wholesale-Strawberry-Donut-Flavors-247x247.jpg 247w, https:\/\/www.vape4wholesale.com\/wp-content\/uploads\/2022\/07\/RandM-Tornado-7000-Disposable-Vape-Wholesale-Strawberry-Donut-Flavors-100x100.jpg 100w, https:\/\/www.vape4wholesale.com\/wp-content\/uploads\/2022\/07\/RandM-Tornado-7000-Disposable-Vape-Wholesale-Strawberry-Donut-Flavors-510x510.jpg 510w, https:\/\/www.vape4wholesale.com\/wp-content\/uploads\/2022\/07\/RandM-Tornado-7000-Disposable-Vape-Wholesale-Strawberry-Donut-Flavors-64x64.jpg 64w, https:\/\/www.vape4wholesale.com\/wp-content\/uploads\/2022\/07\/RandM-Tornado-7000-Disposable-Vape-Wholesale-Strawberry-Donut-Flavors-300x300.jpg 300w, https:\/\/www.vape4wholesale.com\/wp-content\/uploads\/2022\/07\/RandM-Tornado-7000-Disposable-Vape-Wholesale-Strawberry-Donut-Flavors-150x150.jpg 150w, https:\/\/www.vape4wholesale.com\/wp-content\/uploads\/2022\/07\/RandM-Tornado-7000-Disposable-Vape-Wholesale-Strawberry-Donut-Flavors-768x768.jpg 768w\" sizes=\"auto, (max-width: 800px) 100vw, 800px\" \/> <img loading=\"lazy\" decoding=\"async\" class=\"alignnone size-full wp-image-12771\" title=\"RandM Tornado 7000 Vape descart\u00e1vel Venda por grosso de sabores de gelo de morango\" src=\"https:\/\/www.vape4wholesale.com\/wp-content\/uploads\/2022\/07\/RandM-Tornado-7000-Disposable-Vape-Wholesale-Strawberry-ice-Flavors.jpg\" alt=\"RandM Tornado 7000 Vape descart\u00e1vel Venda por grosso de sabores de gelo de morango\" width=\"800\" height=\"800\" srcset=\"https:\/\/www.vape4wholesale.com\/wp-content\/uploads\/2022\/07\/RandM-Tornado-7000-Disposable-Vape-Wholesale-Strawberry-ice-Flavors.jpg 800w, https:\/\/www.vape4wholesale.com\/wp-content\/uploads\/2022\/07\/RandM-Tornado-7000-Disposable-Vape-Wholesale-Strawberry-ice-Flavors-247x247.jpg 247w, https:\/\/www.vape4wholesale.com\/wp-content\/uploads\/2022\/07\/RandM-Tornado-7000-Disposable-Vape-Wholesale-Strawberry-ice-Flavors-100x100.jpg 100w, https:\/\/www.vape4wholesale.com\/wp-content\/uploads\/2022\/07\/RandM-Tornado-7000-Disposable-Vape-Wholesale-Strawberry-ice-Flavors-510x510.jpg 510w, https:\/\/www.vape4wholesale.com\/wp-content\/uploads\/2022\/07\/RandM-Tornado-7000-Disposable-Vape-Wholesale-Strawberry-ice-Flavors-64x64.jpg 64w, https:\/\/www.vape4wholesale.com\/wp-content\/uploads\/2022\/07\/RandM-Tornado-7000-Disposable-Vape-Wholesale-Strawberry-ice-Flavors-300x300.jpg 300w, https:\/\/www.vape4wholesale.com\/wp-content\/uploads\/2022\/07\/RandM-Tornado-7000-Disposable-Vape-Wholesale-Strawberry-ice-Flavors-150x150.jpg 150w, https:\/\/www.vape4wholesale.com\/wp-content\/uploads\/2022\/07\/RandM-Tornado-7000-Disposable-Vape-Wholesale-Strawberry-ice-Flavors-768x768.jpg 768w\" sizes=\"auto, (max-width: 800px) 100vw, 800px\" \/> <img loading=\"lazy\" decoding=\"async\" class=\"alignnone size-full wp-image-12772\" title=\"RandM Tornado 7000 Vape descart\u00e1vel Venda grossista de sabores de morango e melancia\" src=\"https:\/\/www.vape4wholesale.com\/wp-content\/uploads\/2022\/07\/RandM-Tornado-7000-Disposable-Vape-Wholesale-Strawberry-Watermelon-Flavors.jpg\" alt=\"RandM Tornado 7000 Vape descart\u00e1vel Venda grossista de sabores de morango e melancia\" width=\"800\" height=\"800\" srcset=\"https:\/\/www.vape4wholesale.com\/wp-content\/uploads\/2022\/07\/RandM-Tornado-7000-Disposable-Vape-Wholesale-Strawberry-Watermelon-Flavors.jpg 800w, https:\/\/www.vape4wholesale.com\/wp-content\/uploads\/2022\/07\/RandM-Tornado-7000-Disposable-Vape-Wholesale-Strawberry-Watermelon-Flavors-247x247.jpg 247w, https:\/\/www.vape4wholesale.com\/wp-content\/uploads\/2022\/07\/RandM-Tornado-7000-Disposable-Vape-Wholesale-Strawberry-Watermelon-Flavors-100x100.jpg 100w, https:\/\/www.vape4wholesale.com\/wp-content\/uploads\/2022\/07\/RandM-Tornado-7000-Disposable-Vape-Wholesale-Strawberry-Watermelon-Flavors-510x510.jpg 510w, https:\/\/www.vape4wholesale.com\/wp-content\/uploads\/2022\/07\/RandM-Tornado-7000-Disposable-Vape-Wholesale-Strawberry-Watermelon-Flavors-64x64.jpg 64w, https:\/\/www.vape4wholesale.com\/wp-content\/uploads\/2022\/07\/RandM-Tornado-7000-Disposable-Vape-Wholesale-Strawberry-Watermelon-Flavors-300x300.jpg 300w, https:\/\/www.vape4wholesale.com\/wp-content\/uploads\/2022\/07\/RandM-Tornado-7000-Disposable-Vape-Wholesale-Strawberry-Watermelon-Flavors-150x150.jpg 150w, https:\/\/www.vape4wholesale.com\/wp-content\/uploads\/2022\/07\/RandM-Tornado-7000-Disposable-Vape-Wholesale-Strawberry-Watermelon-Flavors-768x768.jpg 768w\" sizes=\"auto, (max-width: 800px) 100vw, 800px\" \/> <img loading=\"lazy\" decoding=\"async\" class=\"alignnone size-full wp-image-12773\" title=\"RandM Tornado 7000 Vape descart\u00e1vel Venda grossista de sabores de tangerina e gelo\" src=\"https:\/\/www.vape4wholesale.com\/wp-content\/uploads\/2022\/07\/RandM-Tornado-7000-Disposable-Vape-Wholesale-Tangerine-Ice-Flavors.jpg\" alt=\"RandM Tornado 7000 Vape descart\u00e1vel Venda grossista de sabores de tangerina e gelo\" width=\"800\" height=\"800\" srcset=\"https:\/\/www.vape4wholesale.com\/wp-content\/uploads\/2022\/07\/RandM-Tornado-7000-Disposable-Vape-Wholesale-Tangerine-Ice-Flavors.jpg 800w, https:\/\/www.vape4wholesale.com\/wp-content\/uploads\/2022\/07\/RandM-Tornado-7000-Disposable-Vape-Wholesale-Tangerine-Ice-Flavors-247x247.jpg 247w, https:\/\/www.vape4wholesale.com\/wp-content\/uploads\/2022\/07\/RandM-Tornado-7000-Disposable-Vape-Wholesale-Tangerine-Ice-Flavors-100x100.jpg 100w, https:\/\/www.vape4wholesale.com\/wp-content\/uploads\/2022\/07\/RandM-Tornado-7000-Disposable-Vape-Wholesale-Tangerine-Ice-Flavors-510x510.jpg 510w\" sizes=\"auto, (max-width: 800px) 100vw, 800px\" \/> <img loading=\"lazy\" decoding=\"async\" class=\"alignnone size-full wp-image-12774\" title=\"RandM Tornado 7000 Vape descart\u00e1vel recarreg\u00e1vel com controlo de fluxo de ar 3 sabores\" src=\"https:\/\/www.vape4wholesale.com\/wp-content\/uploads\/2022\/07\/RandM-Tornado-7000-Rechargeable-Airflow-Control-Disposable-Vape-Wholesale-3-Flavors.jpg\" alt=\"RandM Tornado 7000 Vape descart\u00e1vel recarreg\u00e1vel com controlo de fluxo de ar 3 sabores\" width=\"800\" height=\"800\" srcset=\"https:\/\/www.vape4wholesale.com\/wp-content\/uploads\/2022\/07\/RandM-Tornado-7000-Rechargeable-Airflow-Control-Disposable-Vape-Wholesale-3-Flavors.jpg 800w, https:\/\/www.vape4wholesale.com\/wp-content\/uploads\/2022\/07\/RandM-Tornado-7000-Rechargeable-Airflow-Control-Disposable-Vape-Wholesale-3-Flavors-247x247.jpg 247w, https:\/\/www.vape4wholesale.com\/wp-content\/uploads\/2022\/07\/RandM-Tornado-7000-Rechargeable-Airflow-Control-Disposable-Vape-Wholesale-3-Flavors-100x100.jpg 100w, https:\/\/www.vape4wholesale.com\/wp-content\/uploads\/2022\/07\/RandM-Tornado-7000-Rechargeable-Airflow-Control-Disposable-Vape-Wholesale-3-Flavors-510x510.jpg 510w, https:\/\/www.vape4wholesale.com\/wp-content\/uploads\/2022\/07\/RandM-Tornado-7000-Rechargeable-Airflow-Control-Disposable-Vape-Wholesale-3-Flavors-64x64.jpg 64w, https:\/\/www.vape4wholesale.com\/wp-content\/uploads\/2022\/07\/RandM-Tornado-7000-Rechargeable-Airflow-Control-Disposable-Vape-Wholesale-3-Flavors-300x300.jpg 300w, https:\/\/www.vape4wholesale.com\/wp-content\/uploads\/2022\/07\/RandM-Tornado-7000-Rechargeable-Airflow-Control-Disposable-Vape-Wholesale-3-Flavors-150x150.jpg 150w, https:\/\/www.vape4wholesale.com\/wp-content\/uploads\/2022\/07\/RandM-Tornado-7000-Rechargeable-Airflow-Control-Disposable-Vape-Wholesale-3-Flavors-768x768.jpg 768w\" sizes=\"auto, (max-width: 800px) 100vw, 800px\" \/> <img loading=\"lazy\" decoding=\"async\" class=\"alignnone size-full wp-image-12775\" title=\"RandM Tornado 7000 Vape descart\u00e1vel recarreg\u00e1vel com controlo do fluxo de ar 20 sabores\" src=\"https:\/\/www.vape4wholesale.com\/wp-content\/uploads\/2022\/07\/RandM-Tornado-7000-Rechargeable-Airflow-Control-Disposable-Vape-Wholesale-20-Flavors.jpg\" alt=\"RandM Tornado 7000 Vape descart\u00e1vel recarreg\u00e1vel com controlo do fluxo de ar 20 sabores\" width=\"800\" height=\"800\" srcset=\"https:\/\/www.vape4wholesale.com\/wp-content\/uploads\/2022\/07\/RandM-Tornado-7000-Rechargeable-Airflow-Control-Disposable-Vape-Wholesale-20-Flavors.jpg 800w, https:\/\/www.vape4wholesale.com\/wp-content\/uploads\/2022\/07\/RandM-Tornado-7000-Rechargeable-Airflow-Control-Disposable-Vape-Wholesale-20-Flavors-247x247.jpg 247w, https:\/\/www.vape4wholesale.com\/wp-content\/uploads\/2022\/07\/RandM-Tornado-7000-Rechargeable-Airflow-Control-Disposable-Vape-Wholesale-20-Flavors-100x100.jpg 100w, https:\/\/www.vape4wholesale.com\/wp-content\/uploads\/2022\/07\/RandM-Tornado-7000-Rechargeable-Airflow-Control-Disposable-Vape-Wholesale-20-Flavors-510x510.jpg 510w, https:\/\/www.vape4wholesale.com\/wp-content\/uploads\/2022\/07\/RandM-Tornado-7000-Rechargeable-Airflow-Control-Disposable-Vape-Wholesale-20-Flavors-64x64.jpg 64w, https:\/\/www.vape4wholesale.com\/wp-content\/uploads\/2022\/07\/RandM-Tornado-7000-Rechargeable-Airflow-Control-Disposable-Vape-Wholesale-20-Flavors-300x300.jpg 300w, https:\/\/www.vape4wholesale.com\/wp-content\/uploads\/2022\/07\/RandM-Tornado-7000-Rechargeable-Airflow-Control-Disposable-Vape-Wholesale-20-Flavors-150x150.jpg 150w, https:\/\/www.vape4wholesale.com\/wp-content\/uploads\/2022\/07\/RandM-Tornado-7000-Rechargeable-Airflow-Control-Disposable-Vape-Wholesale-20-Flavors-768x768.jpg 768w\" sizes=\"auto, (max-width: 800px) 100vw, 800px\" \/> <img loading=\"lazy\" decoding=\"async\" class=\"alignnone size-full wp-image-12776\" title=\"RandM Tornado 7000 Recarreg\u00e1vel Controlo do fluxo de ar Vape descart\u00e1vel Sabores por grosso\" src=\"https:\/\/www.vape4wholesale.com\/wp-content\/uploads\/2022\/07\/RandM-Tornado-7000-Rechargeable-Airflow-Control-Disposable-Vape-Wholesale-Flavors.jpg\" alt=\"RandM Tornado 7000 Recarreg\u00e1vel Controlo do fluxo de ar Vape descart\u00e1vel Sabores por grosso\" width=\"800\" height=\"450\" srcset=\"https:\/\/www.vape4wholesale.com\/wp-content\/uploads\/2022\/07\/RandM-Tornado-7000-Rechargeable-Airflow-Control-Disposable-Vape-Wholesale-Flavors.jpg 800w, https:\/\/www.vape4wholesale.com\/wp-content\/uploads\/2022\/07\/RandM-Tornado-7000-Rechargeable-Airflow-Control-Disposable-Vape-Wholesale-Flavors-510x287.jpg 510w, https:\/\/www.vape4wholesale.com\/wp-content\/uploads\/2022\/07\/RandM-Tornado-7000-Rechargeable-Airflow-Control-Disposable-Vape-Wholesale-Flavors-64x36.jpg 64w, https:\/\/www.vape4wholesale.com\/wp-content\/uploads\/2022\/07\/RandM-Tornado-7000-Rechargeable-Airflow-Control-Disposable-Vape-Wholesale-Flavors-300x169.jpg 300w, https:\/\/www.vape4wholesale.com\/wp-content\/uploads\/2022\/07\/RandM-Tornado-7000-Rechargeable-Airflow-Control-Disposable-Vape-Wholesale-Flavors-768x432.jpg 768w\" sizes=\"auto, (max-width: 800px) 100vw, 800px\" \/> <img loading=\"lazy\" decoding=\"async\" class=\"alignnone size-full wp-image-12777\" title=\"RandM Tornado 7000 Vape descart\u00e1vel Venda por grosso de sabores de morango e banana\" src=\"https:\/\/www.vape4wholesale.com\/wp-content\/uploads\/2022\/07\/RandM-Tornado-7000-Disposable-Vape-Wholesale-Strawberry-Banana-Flavors.jpg\" alt=\"RandM Tornado 7000 Vape descart\u00e1vel Venda por grosso de sabores de morango e banana\" width=\"800\" height=\"800\" srcset=\"https:\/\/www.vape4wholesale.com\/wp-content\/uploads\/2022\/07\/RandM-Tornado-7000-Disposable-Vape-Wholesale-Strawberry-Banana-Flavors.jpg 800w, https:\/\/www.vape4wholesale.com\/wp-content\/uploads\/2022\/07\/RandM-Tornado-7000-Disposable-Vape-Wholesale-Strawberry-Banana-Flavors-247x247.jpg 247w, https:\/\/www.vape4wholesale.com\/wp-content\/uploads\/2022\/07\/RandM-Tornado-7000-Disposable-Vape-Wholesale-Strawberry-Banana-Flavors-100x100.jpg 100w, https:\/\/www.vape4wholesale.com\/wp-content\/uploads\/2022\/07\/RandM-Tornado-7000-Disposable-Vape-Wholesale-Strawberry-Banana-Flavors-510x510.jpg 510w, https:\/\/www.vape4wholesale.com\/wp-content\/uploads\/2022\/07\/RandM-Tornado-7000-Disposable-Vape-Wholesale-Strawberry-Banana-Flavors-64x64.jpg 64w, https:\/\/www.vape4wholesale.com\/wp-content\/uploads\/2022\/07\/RandM-Tornado-7000-Disposable-Vape-Wholesale-Strawberry-Banana-Flavors-300x300.jpg 300w, https:\/\/www.vape4wholesale.com\/wp-content\/uploads\/2022\/07\/RandM-Tornado-7000-Disposable-Vape-Wholesale-Strawberry-Banana-Flavors-150x150.jpg 150w, https:\/\/www.vape4wholesale.com\/wp-content\/uploads\/2022\/07\/RandM-Tornado-7000-Disposable-Vape-Wholesale-Strawberry-Banana-Flavors-768x768.jpg 768w\" sizes=\"auto, (max-width: 800px) 100vw, 800px\" \/><\/p>","protected":false},"excerpt":{"rendered":"[scf-template id=&#8217;11434&#8242;]\n<table class=\"woocommerce-product-attributes shop_attributes\" aria-label=\"Detalhes do produto\" data-no-translation-aria-label=\"\">\n\t\t\t<tr class=\"woocommerce-product-attributes-item woocommerce-product-attributes-item--weight\">\n\t\t\t<th class=\"woocommerce-product-attributes-item__label\" scope=\"row\" data-no-translation=\"\" data-trp-gettext=\"\">Peso<\/th>\n\t\t\t<td class=\"woocommerce-product-attributes-item__value\">0.075 kg<\/td>\n\t\t<\/tr>\n\t<\/table>","protected":false},"featured_media":12769,"comment_status":"open","ping_status":"closed","template":"","meta":[],"pwb-brand":[1270],"product_cat":[869],"product_tag":[22,24,177,178,180],"class_list":{"0":"post-1852","1":"product","2":"type-product","3":"status-publish","4":"has-post-thumbnail","6":"pwb-brand-randm","7":"product_cat-5000-8000-puffs","8":"product_tag-disposable","9":"product_tag-wholesale","10":"product_tag-14-0ml","11":"product_tag-7000-puffs","12":"product_tag-randm-tornado","13":"wcpa_has_options","15":"first","16":"outofstock","17":"shipping-taxable","18":"purchasable","19":"product-type-variable","20":"has-default-attributes"},"aioseo_notices":[],"brands":[{"id":1270,"name":"Randm","slug":"randm"}],"_links":{"self":[{"href":"https:\/\/www.vape4wholesale.com\/pt\/wp-json\/wp\/v2\/product\/1852","targetHints":{"allow":["GET"]}}],"collection":[{"href":"https:\/\/www.vape4wholesale.com\/pt\/wp-json\/wp\/v2\/product"}],"about":[{"href":"https:\/\/www.vape4wholesale.com\/pt\/wp-json\/wp\/v2\/types\/product"}],"replies":[{"embeddable":true,"href":"https:\/\/www.vape4wholesale.com\/pt\/wp-json\/wp\/v2\/comments?post=1852"}],"wp:featuredmedia":[{"embeddable":true,"href":"https:\/\/www.vape4wholesale.com\/pt\/wp-json\/wp\/v2\/media\/12769"}],"wp:attachment":[{"href":"https:\/\/www.vape4wholesale.com\/pt\/wp-json\/wp\/v2\/media?parent=1852"}],"wp:term":[{"taxonomy":"pwb-brand","embeddable":true,"href":"https:\/\/www.vape4wholesale.com\/pt\/wp-json\/wp\/v2\/pwb-brand?post=1852"},{"taxonomy":"product_cat","embeddable":true,"href":"https:\/\/www.vape4wholesale.com\/pt\/wp-json\/wp\/v2\/product_cat?post=1852"},{"taxonomy":"product_tag","embeddable":true,"href":"https:\/\/www.vape4wholesale.com\/pt\/wp-json\/wp\/v2\/product_tag?post=1852"}],"curies":[{"name":"wp","href":"https:\/\/api.w.org\/{rel}","templated":true}]}}