{"id":18489,"date":"2024-12-22T14:17:51","date_gmt":"2024-12-22T06:17:51","guid":{"rendered":"https:\/\/www.vape4wholesale.com\/?post_type=product&#038;p=18489"},"modified":"2026-03-30T11:16:09","modified_gmt":"2026-03-30T03:16:09","slug":"waspe-fihp-40000-puffs-40k-vape-descartavel-por-atacado","status":"publish","type":"product","link":"https:\/\/www.vape4wholesale.com\/pt\/product\/waspe-fihp-40000-puffs-40k-disposable-vape-wholesale","title":{"rendered":"Waspe FIHP 40000 Puffs 40K Vape Descart\u00e1vel Atacado"},"content":{"rendered":"<p>O <strong><a title=\"WASPE\" href=\"https:\/\/www.vape4wholesale.com\/pt\/marca_do_produto\/vespa\/\">WASPE<\/a> FIHP 40000 40K Puffs<\/strong> O Disposable Vape \u00e9 um dispositivo de vaporiza\u00e7\u00e3o de vanguarda concebido para quem procura inova\u00e7\u00e3o e desempenho superior. Proporciona at\u00e9 40.000 baforadas, proporcionando uma utiliza\u00e7\u00e3o duradoura e uma satisfa\u00e7\u00e3o consistente em cada tragada. \u00c9 fornecido com 2 c\u00e1psulas de sabores diferentes, para que possa desfrutar de 2 sabores diferentes em qualquer altura, enquanto possui um dispositivo vape. Basta puxar o bocal e rod\u00e1-lo para poder desfrutar instantaneamente de outro sabor.<\/p>\n<p>O WASPE FIHP 40000 40K Puffs possui duas bobinas de malha de 0,9ohm para garantir uma produ\u00e7\u00e3o de vapor suave e saborosa, proporcionando um sabor rico e uma sensa\u00e7\u00e3o satisfat\u00f3ria na garganta. As bobinas duplas garantem que cada baforada \u00e9 cheia e saborosa, melhorando a sua experi\u00eancia de vaporiza\u00e7\u00e3o.<\/p>\n<p>A capacidade de 36 ml de e-l\u00edquido garante longas sess\u00f5es de vaporiza\u00e7\u00e3o, minimizando a necessidade de recargas frequentes, enquanto a bateria recarreg\u00e1vel de 850 mAh fornece muita energia para uma utiliza\u00e7\u00e3o prolongada. Com o carregamento r\u00e1pido Tipo C, o carregamento \u00e9 r\u00e1pido e f\u00e1cil.<\/p>\n<p>O visor LED inteligente fornece-lhe actualiza\u00e7\u00f5es instant\u00e2neas sobre a dura\u00e7\u00e3o da bateria e os n\u00edveis de e-l\u00edquido, para que possa manter-se a par do estado do seu dispositivo. A fun\u00e7\u00e3o Dual Flavor Experience permite-lhe alternar entre dois sabores diferentes para uma experi\u00eancia de vaporiza\u00e7\u00e3o personalizada com possibilidades infinitas.<\/p>\n<p>O WASPE FIHP 40000 40K Puffs est\u00e1 dispon\u00edvel nas dosagens de nicotina 0%, 2% e 5%, proporcionando flexibilidade tanto para os vapers casuais como para os experientes. Com 16 sabores diferentes \u00e0 escolha, ter\u00e1 muitas op\u00e7\u00f5es para satisfazer as suas prefer\u00eancias de gosto.<\/p>\n<h2>VASPE FIHP 40000 40K Vape descart\u00e1vel Detalhes r\u00e1pidos<\/h2>\n<ul>\n<li>C\u00e1psulas duplas, sabores duplos<\/li>\n<li>Intensidade da nicotina: 0%\/2%\/5%<\/li>\n<li>Puffs Deliers: 40000 Puffs<\/li>\n<li>Capacidade do E-l\u00edquido: 36 ml<\/li>\n<li>Bobinas duplas de malha de 0,9ohm para uma extra\u00e7\u00e3o suave e saborosa<\/li>\n<li>Recarreg\u00e1vel tipo C para carregamento r\u00e1pido<\/li>\n<li>Bateria recarreg\u00e1vel de 850mAh<\/li>\n<li>O ecr\u00e3 LED inteligente mostra a dura\u00e7\u00e3o da bateria e os n\u00edveis de e-l\u00edquido<\/li>\n<li>16 sabores \u00e0 escolha<\/li>\n<\/ul>\n<h2>Sabores dispon\u00edveis<\/h2>\n<ul>\n<li>01. Gelo de melancia e lima-lim\u00e3o<\/li>\n<li>02. Gelo de cereja com g\u00e1s e algod\u00e3o doce de mirtilo<\/li>\n<li>03. Melancia com morango e framboesa com mirtilo<\/li>\n<li>04. Red Bull Ice &amp; Morango Manga<\/li>\n<li>05. P\u00eassego Gelado &amp; Anan\u00e1s Manga P\u00eassego<\/li>\n<li>06. Gelo de uva e Kiwi de morango<\/li>\n<li>07. Bagas mistas e gelo duplo de ma\u00e7\u00e3<\/li>\n<li>08. Blue Razz Lemonade &amp; Watermelon Bubblegum<\/li>\n<li>09. Morango, framboesa, cereja e amor 666<\/li>\n<li>10. Gelado de morango, banana e anan\u00e1s com coco<\/li>\n<li>11. Morango, melancia, pastilha el\u00e1stica e mistura de frutos<\/li>\n<li>12. Gelo Cherry Cola e rebu\u00e7ado de morango e framboesa<\/li>\n<li>13. Ma\u00e7\u00e3 \u00e1cida, framboesa e morango Big Bang<\/li>\n<li>14. P\u00eassego Baga e Melancia Manga P\u00eassego<\/li>\n<li>15. Gelo de mirtilo e gelo de drag\u00e3o negro<\/li>\n<li>16. Morango Cereja e Kiwi Maracuj\u00e1<\/li>\n<li>17. Urso de goma e cola de morango<\/li>\n<li>18. Gelo de banana e anan\u00e1s &amp; Gelo de Red Bull<\/li>\n<li>19. Red Bull Strwaberry &amp; Blackcurrant Ice<\/li>\n<li>20. Triple Melon Ice &amp; Raspberry Watermelon<\/li>\n<\/ul>\n<h2>Detalhes da embalagem<\/h2>\n<ul>\n<li>Peso do produto: 120g\/pcs<\/li>\n<li>Tamanho do produto: 61*31*115mm<\/li>\n<li>1PC\/ Caixa individual<\/li>\n<li>10 unidades\/ caixa de exposi\u00e7\u00e3o<\/li>\n<li>QTY: 160pcs\/ctn, 10pcs\/caixa<\/li>\n<li>Peso bruto: 20 kg<\/li>\n<\/ul>\n<figure id=\"attachment_18490\" aria-describedby=\"caption-attachment-18490\" style=\"width: 1200px\" class=\"wp-caption alignnone\"><img loading=\"lazy\" decoding=\"async\" class=\"size-full wp-image-18490\" title=\"WASPE FIHP 40000 Puffs 40K Vape descart\u00e1vel Atacado\" src=\"https:\/\/www.vape4wholesale.com\/wp-content\/uploads\/2024\/12\/WASPE-FIHP-40000-Puffs-40K-Disposable-Vape-Wholesale.webp\" alt=\"WASPE FIHP 40000 Puffs 40K Vape descart\u00e1vel Atacado\" width=\"1200\" height=\"1200\" srcset=\"https:\/\/www.vape4wholesale.com\/wp-content\/uploads\/2024\/12\/WASPE-FIHP-40000-Puffs-40K-Disposable-Vape-Wholesale.webp 1200w, https:\/\/www.vape4wholesale.com\/wp-content\/uploads\/2024\/12\/WASPE-FIHP-40000-Puffs-40K-Disposable-Vape-Wholesale-247x247.webp 247w, https:\/\/www.vape4wholesale.com\/wp-content\/uploads\/2024\/12\/WASPE-FIHP-40000-Puffs-40K-Disposable-Vape-Wholesale-100x100.webp 100w, https:\/\/www.vape4wholesale.com\/wp-content\/uploads\/2024\/12\/WASPE-FIHP-40000-Puffs-40K-Disposable-Vape-Wholesale-510x510.webp 510w\" sizes=\"auto, (max-width: 1200px) 100vw, 1200px\" \/><figcaption id=\"caption-attachment-18490\" class=\"wp-caption-text\">WASPE FIHP 40000 Puffs 40K Vape descart\u00e1vel Atacado<\/figcaption><\/figure>\n<h2>PORQU\u00ca N\u00d3S?<\/h2>\r\n<ul>\r\n<li>Fonte vape real, fi\u00e1vel e profissional.<\/li>\r\n<li>100% Garantia genu\u00edna: S\u00f3 fornecemos produtos originais e genu\u00ednos, recusamos a contrafa\u00e7\u00e3o.<\/li>\r\n<li>100% Garantia de entrega: Utilizamos o melhor m\u00e9todo de envio para garantir que recebe a encomenda 100%.<\/li>\r\n<li>Ap\u00f3s o envio, fornecer-lhe-emos o n\u00famero de acompanhamento e a etiqueta de envio e acompanharemos a mercadoria at\u00e9 que a receba.<\/li>\r\n<li>Sem problemas aduaneiros, sem direitos aduaneiros<\/li>\r\n<\/ul>","protected":false},"excerpt":{"rendered":"<div class=\"wsppc_div_block woocommerce_before_add_to_cart_form\">\r\n<p><strong><span style=\"color: #00a859;\">Clear customs<\/span> before delivery &amp; 100% Delivery Guarantee, Delivery in 19~25 days around.\u00a0<\/strong><\/p>\r\n<\/div>","protected":false},"featured_media":18490,"comment_status":"open","ping_status":"closed","template":"","meta":[],"pwb-brand":[1272],"product_cat":[873],"product_tag":[22,24,849,999,1016],"class_list":{"0":"post-18489","1":"product","2":"type-product","3":"status-publish","4":"has-post-thumbnail","6":"pwb-brand-waspe","7":"product_cat-above-20k-puffs","8":"product_tag-disposable","9":"product_tag-wholesale","10":"product_tag-36-0ml","11":"product_tag-waspe","12":"product_tag-40000-puffs","13":"wcpa_has_options","15":"first","16":"instock","17":"featured","18":"shipping-taxable","19":"purchasable","20":"product-type-variable"},"aioseo_notices":[],"brands":[{"id":1272,"name":"Vespa","slug":"vespa"}],"_links":{"self":[{"href":"https:\/\/www.vape4wholesale.com\/pt\/wp-json\/wp\/v2\/product\/18489","targetHints":{"allow":["GET"]}}],"collection":[{"href":"https:\/\/www.vape4wholesale.com\/pt\/wp-json\/wp\/v2\/product"}],"about":[{"href":"https:\/\/www.vape4wholesale.com\/pt\/wp-json\/wp\/v2\/types\/product"}],"replies":[{"embeddable":true,"href":"https:\/\/www.vape4wholesale.com\/pt\/wp-json\/wp\/v2\/comments?post=18489"}],"wp:featuredmedia":[{"embeddable":true,"href":"https:\/\/www.vape4wholesale.com\/pt\/wp-json\/wp\/v2\/media\/18490"}],"wp:attachment":[{"href":"https:\/\/www.vape4wholesale.com\/pt\/wp-json\/wp\/v2\/media?parent=18489"}],"wp:term":[{"taxonomy":"pwb-brand","embeddable":true,"href":"https:\/\/www.vape4wholesale.com\/pt\/wp-json\/wp\/v2\/pwb-brand?post=18489"},{"taxonomy":"product_cat","embeddable":true,"href":"https:\/\/www.vape4wholesale.com\/pt\/wp-json\/wp\/v2\/product_cat?post=18489"},{"taxonomy":"product_tag","embeddable":true,"href":"https:\/\/www.vape4wholesale.com\/pt\/wp-json\/wp\/v2\/product_tag?post=18489"}],"curies":[{"name":"wp","href":"https:\/\/api.w.org\/{rel}","templated":true}]}}