{"id":18450,"date":"2024-12-22T12:10:02","date_gmt":"2024-12-22T04:10:02","guid":{"rendered":"https:\/\/www.vape4wholesale.com\/?post_type=product&#038;p=18450"},"modified":"2026-01-29T05:32:28","modified_gmt":"2026-01-29T05:32:28","slug":"waspe-aiviou-25000-puffs-vape-descartavel-por-atacado","status":"publish","type":"product","link":"https:\/\/www.vape4wholesale.com\/pt\/product\/waspe-aiviou-25000-puffs-disposable-vape-wholesale","title":{"rendered":"WASPE Aiviou 25000 Puffs Vape descart\u00e1vel Atacado"},"content":{"rendered":"<p>O <strong><a title=\"WASPE\" href=\"https:\/\/www.vape4wholesale.com\/pt\/marca_do_produto\/vespa\/\">WASPE<\/a> Aiviou 25000 Vape descart\u00e1vel<\/strong> vem pr\u00e9-cheio com 25 ml de sumo eletr\u00f3nico e fornece at\u00e9 25.000 baforadas. O ecr\u00e3 de visualiza\u00e7\u00e3o cl\u00e1ssico incorporado \u00e9 funcional e \u00fatil, lembrando-o de carregar o seu vape por precau\u00e7\u00e3o. As bobinas de malha dupla incorporam a tecnologia moderna e, claro, este vape suporta o popular modo Boost. Para uma utiliza\u00e7\u00e3o respons\u00e1vel, existe tamb\u00e9m um bloqueio para crian\u00e7as para evitar a utiliza\u00e7\u00e3o por menores, e o WASPE 25000 oferece bastante poder de suc\u00e7\u00e3o e um bom sabor sem frescuras.<\/p>\n<p>O WASPE Aiviou 25000 25K Puffs vem com um ecr\u00e3 LCD, que \u00e9 um dispositivo de vaporiza\u00e7\u00e3o avan\u00e7ado concebido para um desempenho e uma conveni\u00eancia superiores. Este vape descart\u00e1vel tem uma grande capacidade de at\u00e9 25.000 baforadas para garantir uma utiliza\u00e7\u00e3o duradoura e satisfa\u00e7\u00e3o.<\/p>\n<p>O WASPE Aiviou 25000 possui uma grande capacidade de e-l\u00edquido de 25 ml e est\u00e1 dispon\u00edvel nas op\u00e7\u00f5es de nicotina 0%, 2% e 5% para atender a diferentes prefer\u00eancias. O dispositivo est\u00e1 equipado com bobinas de malha dupla para melhorar a produ\u00e7\u00e3o de vapor e o fornecimento de sabor para uma experi\u00eancia de vaporiza\u00e7\u00e3o suave e agrad\u00e1vel.<\/p>\n<p>O WASPE Aiviou 25000 foi concebido para ser f\u00e1cil de utilizar, com um ecr\u00e3 LCD que fornece informa\u00e7\u00f5es detalhadas num relance e uma porta de carregamento Tipo C que garante um carregamento r\u00e1pido e eficiente para minimizar o tempo de inatividade. Com uma capacidade de bateria de 650mAh, este modelo fornece energia fi\u00e1vel para longos per\u00edodos de utiliza\u00e7\u00e3o.<\/p>\n<p>O Vape descart\u00e1vel WASPE Aiviou 25000 25K Puffs Original Edition com ecr\u00e3 LCD \u00e9 a combina\u00e7\u00e3o perfeita de inova\u00e7\u00e3o e qualidade. Quer seja um principiante ou um vaporizador experiente, a WASPE garante uma experi\u00eancia de vaporiza\u00e7\u00e3o de qualidade que vai ao encontro das suas expectativas.<\/p>\n<p>&nbsp;<\/p>\n<h2>WASPE Aiviou 25000 25K Vape descart\u00e1vel Detalhes r\u00e1pidos<\/h2>\n<ul>\n<li>Bateria recarreg\u00e1vel de 650mAh incorporada<\/li>\n<li>Pr\u00e9-cheio com 25 ml de sumo eletr\u00f3nico<\/li>\n<li>Design de bobina de malha dupla com 2 modos de vaporiza\u00e7\u00e3o: Modo ECO\/Boost<\/li>\n<li>O visor digital mostra o modo, a dura\u00e7\u00e3o da bateria e o volume do sumo eletr\u00f3nico.<\/li>\n<li>O Puffs suporta. 25000 portas<\/li>\n<li>Bloqueio para crian\u00e7as<\/li>\n<li>5% (50mg) concentra\u00e7\u00e3o de nicotina<\/li>\n<li>Carregamento USB tipo C<\/li>\n<\/ul>\n<h2>Sabores dispon\u00edveis<\/h2>\n<ul>\n<li>1. Gelo de melancia<\/li>\n<li>2. Mirtilo no gelo<\/li>\n<li>3. Melancia com morango<\/li>\n<li>4. Limonada de mirtilo e framboesa<\/li>\n<li>5. Gelo de cereja<\/li>\n<li>6. P\u00eassego Manga Melancia<\/li>\n<li>7. Bagas mistas<\/li>\n<li>8. Gelo de p\u00eassego<\/li>\n<li>9. Morango Kiwi<\/li>\n<li>10. Gelo de uva<\/li>\n<\/ul>\n<h2>Detalhes da embalagem<\/h2>\n<ul>\n<li>1 unidade\/caixa individual<\/li>\n<li>10 unidades\/caixa expositora<\/li>\n<li>200 unidades numa caixa de cart\u00e3o<\/li>\n<li>Cada caixa 21 kg<\/li>\n<\/ul>\n<figure id=\"attachment_18476\" aria-describedby=\"caption-attachment-18476\" style=\"width: 800px\" class=\"wp-caption alignnone\"><img loading=\"lazy\" decoding=\"async\" class=\"wp-image-18476 size-full\" title=\"WASPE Aiviou 25000 Puffs Vape descart\u00e1vel Atacado\" src=\"https:\/\/www.vape4wholesale.com\/wp-content\/uploads\/2024\/12\/WSAPE-Aiviou-25000-Puffs-Disposable-Vape-Wholesale.jpg\" alt=\"WASPE Aiviou 25000 Puffs Vape descart\u00e1vel Atacado\" width=\"800\" height=\"800\" srcset=\"https:\/\/www.vape4wholesale.com\/wp-content\/uploads\/2024\/12\/WSAPE-Aiviou-25000-Puffs-Disposable-Vape-Wholesale.jpg 800w, https:\/\/www.vape4wholesale.com\/wp-content\/uploads\/2024\/12\/WSAPE-Aiviou-25000-Puffs-Disposable-Vape-Wholesale-247x247.jpg 247w, https:\/\/www.vape4wholesale.com\/wp-content\/uploads\/2024\/12\/WSAPE-Aiviou-25000-Puffs-Disposable-Vape-Wholesale-100x100.jpg 100w, https:\/\/www.vape4wholesale.com\/wp-content\/uploads\/2024\/12\/WSAPE-Aiviou-25000-Puffs-Disposable-Vape-Wholesale-510x510.jpg 510w, https:\/\/www.vape4wholesale.com\/wp-content\/uploads\/2024\/12\/WSAPE-Aiviou-25000-Puffs-Disposable-Vape-Wholesale-64x64.jpg 64w, https:\/\/www.vape4wholesale.com\/wp-content\/uploads\/2024\/12\/WSAPE-Aiviou-25000-Puffs-Disposable-Vape-Wholesale-300x300.jpg 300w, https:\/\/www.vape4wholesale.com\/wp-content\/uploads\/2024\/12\/WSAPE-Aiviou-25000-Puffs-Disposable-Vape-Wholesale-150x150.jpg 150w, https:\/\/www.vape4wholesale.com\/wp-content\/uploads\/2024\/12\/WSAPE-Aiviou-25000-Puffs-Disposable-Vape-Wholesale-768x768.jpg 768w, https:\/\/www.vape4wholesale.com\/wp-content\/uploads\/2024\/12\/WSAPE-Aiviou-25000-Puffs-Disposable-Vape-Wholesale-12x12.jpg 12w\" sizes=\"auto, (max-width: 800px) 100vw, 800px\" \/><figcaption id=\"caption-attachment-18476\" class=\"wp-caption-text\">WASPE Aiviou 25000 Puffs Vape descart\u00e1vel Atacado<\/figcaption><\/figure>\n<h2>PORQU\u00ca N\u00d3S?<\/h2>\r\n<ul>\r\n<li>Fonte vape real, fi\u00e1vel e profissional.<\/li>\r\n<li>100% Garantia genu\u00edna: S\u00f3 fornecemos produtos originais e genu\u00ednos, recusamos a contrafa\u00e7\u00e3o.<\/li>\r\n<li>100% Garantia de entrega: Utilizamos o melhor m\u00e9todo de envio para garantir que recebe a encomenda 100%.<\/li>\r\n<li>Ap\u00f3s o envio, fornecer-lhe-emos o n\u00famero de acompanhamento e a etiqueta de envio e acompanharemos a mercadoria at\u00e9 que a receba.<\/li>\r\n<li>Sem problemas aduaneiros, sem direitos aduaneiros<\/li>\r\n<\/ul>","protected":false},"excerpt":{"rendered":"<div class=\"wsppc_div_block woocommerce_before_add_to_cart_form\">\r\n<p><strong><span style=\"color: #00a859;\">Clear customs<\/span> before delivery &amp; 100% Delivery Guarantee, Delivery in 19~25 days around.\u00a0<\/strong><\/p>\r\n<\/div>","protected":false},"featured_media":18476,"comment_status":"open","ping_status":"closed","template":"","meta":[],"pwb-brand":[1272],"product_cat":[873],"product_tag":[22,24,692,915,999],"class_list":{"0":"post-18450","1":"product","2":"type-product","3":"status-publish","4":"has-post-thumbnail","6":"pwb-brand-waspe","7":"product_cat-above-20k-puffs","8":"product_tag-disposable","9":"product_tag-wholesale","10":"product_tag-25-0ml","11":"product_tag-25000-puffs","12":"product_tag-waspe","13":"wcpa_has_options","15":"first","16":"outofstock","17":"shipping-taxable","18":"purchasable","19":"product-type-variable"},"aioseo_notices":[],"brands":[{"id":1272,"name":"Vespa","slug":"vespa"}],"_links":{"self":[{"href":"https:\/\/www.vape4wholesale.com\/pt\/wp-json\/wp\/v2\/product\/18450","targetHints":{"allow":["GET"]}}],"collection":[{"href":"https:\/\/www.vape4wholesale.com\/pt\/wp-json\/wp\/v2\/product"}],"about":[{"href":"https:\/\/www.vape4wholesale.com\/pt\/wp-json\/wp\/v2\/types\/product"}],"replies":[{"embeddable":true,"href":"https:\/\/www.vape4wholesale.com\/pt\/wp-json\/wp\/v2\/comments?post=18450"}],"wp:featuredmedia":[{"embeddable":true,"href":"https:\/\/www.vape4wholesale.com\/pt\/wp-json\/wp\/v2\/media\/18476"}],"wp:attachment":[{"href":"https:\/\/www.vape4wholesale.com\/pt\/wp-json\/wp\/v2\/media?parent=18450"}],"wp:term":[{"taxonomy":"pwb-brand","embeddable":true,"href":"https:\/\/www.vape4wholesale.com\/pt\/wp-json\/wp\/v2\/pwb-brand?post=18450"},{"taxonomy":"product_cat","embeddable":true,"href":"https:\/\/www.vape4wholesale.com\/pt\/wp-json\/wp\/v2\/product_cat?post=18450"},{"taxonomy":"product_tag","embeddable":true,"href":"https:\/\/www.vape4wholesale.com\/pt\/wp-json\/wp\/v2\/product_tag?post=18450"}],"curies":[{"name":"wp","href":"https:\/\/api.w.org\/{rel}","templated":true}]}}