{"id":18353,"date":"2024-12-19T14:43:33","date_gmt":"2024-12-19T06:43:33","guid":{"rendered":"https:\/\/www.vape4wholesale.com\/?post_type=product&#038;p=18353"},"modified":"2026-01-27T13:58:08","modified_gmt":"2026-01-27T13:58:08","slug":"bang-36000-puffs-ecra-completo-inteligente-vape-descartavel-por-atacado","status":"publish","type":"product","link":"https:\/\/www.vape4wholesale.com\/pt\/product\/bang-36000-puffs-smart-full-screen-disposable-vape-wholesale","title":{"rendered":"Bang 36000 Puffs Smart Full Screen Vape Descart\u00e1vel Atacado"},"content":{"rendered":"<p><strong><a title=\"Pancada\" href=\"https:\/\/www.vape4wholesale.com\/pt\/marca_do_produto\/pancada\/\">Pancada<\/a> 36000 Puffs Smart Full Screen<\/strong> O Disposable Vape \u00e9 um dispositivo de \u00faltima gera\u00e7\u00e3o concebido para os vapers que valorizam a inova\u00e7\u00e3o e o controlo. Com uma capacidade at\u00e9 36000 baforadas, este vape avan\u00e7ado garante uma satisfa\u00e7\u00e3o duradoura e um excelente desempenho.<\/p>\n<p>Este dispositivo proporciona uma experi\u00eancia de vaporiza\u00e7\u00e3o imbat\u00edvel. Atende a uma vasta gama de utilizadores, oferecendo op\u00e7\u00f5es tanto para os entusiastas da nicotina como para os que procuram uma experi\u00eancia sem nicotina.<\/p>\n<p>Alimentado por uma bateria recarreg\u00e1vel de 850mAh com carregamento Tipo C, o Bang 36000 garante sess\u00f5es de vaporiza\u00e7\u00e3o ininterruptas. O seu sensor de impress\u00f5es digitais acrescenta uma camada de seguran\u00e7a e uma funcionalidade moderna, tornando-o pessoal e f\u00e1cil de utilizar.<\/p>\n<p>Dispon\u00edvel nas dosagens de nicotina 0%, 2%, 3% e 5%, e com 12 deliciosos sabores, este dispositivo satisfaz uma grande variedade de gostos e prefer\u00eancias de nicotina.<\/p>\n<p>Encomende a granel a nossa vasta sele\u00e7\u00e3o de 12 sabores de Bang 36000 Puffs Vape Descart\u00e1vel com o melhor pre\u00e7o e envio r\u00e1pido, veja o <a title=\"v\u00eddeo do Bang 36K\" href=\"https:\/\/youtu.be\/o42OkKkQv0o?si=_WOO-oAe1LgSc6AM\" target=\"_blank\" rel=\"noopener\">v\u00eddeo do Bang 36K<\/a><\/p>\n<h2>Bang 36000 Puffs Vape descart\u00e1vel Detalhes r\u00e1pidos<\/h2>\n<ul>\n<li>Intensidade da nicotina: 0\/2\/3\/5%<\/li>\n<li>PUFFS: At\u00e9 36000<\/li>\n<li>Capacidade do E-l\u00edquido: 36ml<\/li>\n<li>Bobina de malha dupla<\/li>\n<li>Ecr\u00e3 LED para o n\u00edvel da bateria e do l\u00edquido<\/li>\n<li>Resist\u00eancia: 1,0 ohm<\/li>\n<li>Capacidade da bateria: 850mah recarreg\u00e1vel<\/li>\n<li>Tipo de carga: Tipo C<\/li>\n<li>Peso corporal: 124,6g<\/li>\n<\/ul>\n<h2>Sabores dispon\u00edveis<\/h2>\n<ol>\n<li>Mistura de frutas<\/li>\n<li>Baga tripla<\/li>\n<li>P\u00eassego Manga Melancia<\/li>\n<li>Mirtilo Framboesa<\/li>\n<li>Drag\u00e3o negro de gelo<\/li>\n<li>Gelo de uva<\/li>\n<li>Gelo de mirtilo<\/li>\n<li>Melancia com morango<\/li>\n<li>Banana com morango<\/li>\n<li>Morango Kiwi<\/li>\n<li>Manga com morango<\/li>\n<li>Gelo de melancia<\/li>\n<\/ol>\n<h2>Informa\u00e7\u00f5es sobre a embalagem<\/h2>\n<ul>\n<li>124,6g\/ vaporizador \u00fanico<\/li>\n<li>10 PCS\/ Caixa de exposi\u00e7\u00e3o<\/li>\n<li>160 unidades por caixa<\/li>\n<li>Peso: 21.38KG<\/li>\n<li>49,6*36*27,7CM<\/li>\n<\/ul>\n<figure id=\"attachment_20325\" aria-describedby=\"caption-attachment-20325\" style=\"width: 800px\" class=\"wp-caption alignnone\"><img loading=\"lazy\" decoding=\"async\" class=\"size-full wp-image-20325\" title=\"Bang 36000 Puffs Vape descart\u00e1vel de ecr\u00e3 inteiro inteligente Atacado Morango Kiwi\" src=\"https:\/\/www.vape4wholesale.com\/wp-content\/uploads\/2024\/12\/Bang-36000-Puffs-Smart-Full-Screen-Disposable-Vape-Wholesale-Strawberry-Kiwi-1.webp\" alt=\"Bang 36000 Puffs Vape descart\u00e1vel de ecr\u00e3 inteiro inteligente Atacado Morango Kiwi\" width=\"800\" height=\"800\" srcset=\"https:\/\/www.vape4wholesale.com\/wp-content\/uploads\/2024\/12\/Bang-36000-Puffs-Smart-Full-Screen-Disposable-Vape-Wholesale-Strawberry-Kiwi-1.webp 800w, https:\/\/www.vape4wholesale.com\/wp-content\/uploads\/2024\/12\/Bang-36000-Puffs-Smart-Full-Screen-Disposable-Vape-Wholesale-Strawberry-Kiwi-1-247x247.webp 247w, https:\/\/www.vape4wholesale.com\/wp-content\/uploads\/2024\/12\/Bang-36000-Puffs-Smart-Full-Screen-Disposable-Vape-Wholesale-Strawberry-Kiwi-1-100x100.webp 100w, https:\/\/www.vape4wholesale.com\/wp-content\/uploads\/2024\/12\/Bang-36000-Puffs-Smart-Full-Screen-Disposable-Vape-Wholesale-Strawberry-Kiwi-1-510x510.webp 510w, https:\/\/www.vape4wholesale.com\/wp-content\/uploads\/2024\/12\/Bang-36000-Puffs-Smart-Full-Screen-Disposable-Vape-Wholesale-Strawberry-Kiwi-1-64x64.webp 64w, https:\/\/www.vape4wholesale.com\/wp-content\/uploads\/2024\/12\/Bang-36000-Puffs-Smart-Full-Screen-Disposable-Vape-Wholesale-Strawberry-Kiwi-1-300x300.webp 300w, https:\/\/www.vape4wholesale.com\/wp-content\/uploads\/2024\/12\/Bang-36000-Puffs-Smart-Full-Screen-Disposable-Vape-Wholesale-Strawberry-Kiwi-1-150x150.webp 150w, https:\/\/www.vape4wholesale.com\/wp-content\/uploads\/2024\/12\/Bang-36000-Puffs-Smart-Full-Screen-Disposable-Vape-Wholesale-Strawberry-Kiwi-1-768x768.webp 768w, https:\/\/www.vape4wholesale.com\/wp-content\/uploads\/2024\/12\/Bang-36000-Puffs-Smart-Full-Screen-Disposable-Vape-Wholesale-Strawberry-Kiwi-1-12x12.webp 12w\" sizes=\"auto, (max-width: 800px) 100vw, 800px\" \/><figcaption id=\"caption-attachment-20325\" class=\"wp-caption-text\">Bang 36000 Puffs Smart Full Screen Vape Descart\u00e1vel Atacado<\/figcaption><\/figure>\n<figure id=\"attachment_20330\" aria-describedby=\"caption-attachment-20330\" style=\"width: 1020px\" class=\"wp-caption alignnone\"><img loading=\"lazy\" decoding=\"async\" class=\"size-large wp-image-20330\" title=\"Pacote de Vape descart\u00e1vel Bang 36000 Puffs Smart Full Screen\" src=\"https:\/\/www.vape4wholesale.com\/wp-content\/uploads\/2024\/12\/Bang-36000-Puffs-Smart-Full-Screen-Disposable-Vape-Package-1024x479.webp\" alt=\"Pacote de Vape descart\u00e1vel Bang 36000 Puffs Smart Full Screen\" width=\"1020\" height=\"477\" srcset=\"https:\/\/www.vape4wholesale.com\/wp-content\/uploads\/2024\/12\/Bang-36000-Puffs-Smart-Full-Screen-Disposable-Vape-Package-1024x479.webp 1024w, https:\/\/www.vape4wholesale.com\/wp-content\/uploads\/2024\/12\/Bang-36000-Puffs-Smart-Full-Screen-Disposable-Vape-Package-510x238.webp 510w, https:\/\/www.vape4wholesale.com\/wp-content\/uploads\/2024\/12\/Bang-36000-Puffs-Smart-Full-Screen-Disposable-Vape-Package-64x30.webp 64w, https:\/\/www.vape4wholesale.com\/wp-content\/uploads\/2024\/12\/Bang-36000-Puffs-Smart-Full-Screen-Disposable-Vape-Package-300x140.webp 300w, https:\/\/www.vape4wholesale.com\/wp-content\/uploads\/2024\/12\/Bang-36000-Puffs-Smart-Full-Screen-Disposable-Vape-Package-768x359.webp 768w, https:\/\/www.vape4wholesale.com\/wp-content\/uploads\/2024\/12\/Bang-36000-Puffs-Smart-Full-Screen-Disposable-Vape-Package-18x8.webp 18w, https:\/\/www.vape4wholesale.com\/wp-content\/uploads\/2024\/12\/Bang-36000-Puffs-Smart-Full-Screen-Disposable-Vape-Package.webp 1200w\" sizes=\"auto, (max-width: 1020px) 100vw, 1020px\" \/><figcaption id=\"caption-attachment-20330\" class=\"wp-caption-text\">Pacote de Vape descart\u00e1vel Bang 36000 Puffs Smart Full Screen<\/figcaption><\/figure>\n<h2>PORQU\u00ca N\u00d3S?<\/h2>\r\n<ul>\r\n<li>Fonte vape real, fi\u00e1vel e profissional.<\/li>\r\n<li>100% Garantia genu\u00edna: S\u00f3 fornecemos produtos originais e genu\u00ednos, recusamos a contrafa\u00e7\u00e3o.<\/li>\r\n<li>100% Garantia de entrega: Utilizamos o melhor m\u00e9todo de envio para garantir que recebe a encomenda 100%.<\/li>\r\n<li>Ap\u00f3s o envio, fornecer-lhe-emos o n\u00famero de acompanhamento e a etiqueta de envio e acompanharemos a mercadoria at\u00e9 que a receba.<\/li>\r\n<li>Sem problemas aduaneiros, sem direitos aduaneiros<\/li>\r\n<\/ul>","protected":false},"excerpt":{"rendered":"<div class=\"wsppc_div_block woocommerce_before_add_to_cart_form\">\r\n<p><strong><span style=\"color: #00a859;\">Passar na alf\u00e2ndega<\/span> antes da entrega e% Garantia de Entrega de 100 dias, Entrega em cerca de 19 a 25 dias.\u00a0<\/strong><\/p>\r\n<\/div>","protected":false},"featured_media":18382,"comment_status":"open","ping_status":"closed","template":"","meta":[],"pwb-brand":[1275],"product_cat":[873],"product_tag":[24,249,849,988,22],"class_list":{"0":"post-18353","1":"product","2":"type-product","3":"status-publish","4":"has-post-thumbnail","6":"pwb-brand-bang","7":"product_cat-above-20k-puffs","8":"product_tag-wholesale","9":"product_tag-bang","10":"product_tag-36-0ml","11":"product_tag-36000-puffs","12":"product_tag-disposable","13":"wcpa_has_options","15":"first","16":"instock","17":"shipping-taxable","18":"purchasable","19":"product-type-variable"},"aioseo_notices":[],"brands":[{"id":1275,"name":"Pancada","slug":"pancada"}],"_links":{"self":[{"href":"https:\/\/www.vape4wholesale.com\/pt\/wp-json\/wp\/v2\/product\/18353","targetHints":{"allow":["GET"]}}],"collection":[{"href":"https:\/\/www.vape4wholesale.com\/pt\/wp-json\/wp\/v2\/product"}],"about":[{"href":"https:\/\/www.vape4wholesale.com\/pt\/wp-json\/wp\/v2\/types\/product"}],"replies":[{"embeddable":true,"href":"https:\/\/www.vape4wholesale.com\/pt\/wp-json\/wp\/v2\/comments?post=18353"}],"wp:featuredmedia":[{"embeddable":true,"href":"https:\/\/www.vape4wholesale.com\/pt\/wp-json\/wp\/v2\/media\/18382"}],"wp:attachment":[{"href":"https:\/\/www.vape4wholesale.com\/pt\/wp-json\/wp\/v2\/media?parent=18353"}],"wp:term":[{"taxonomy":"pwb-brand","embeddable":true,"href":"https:\/\/www.vape4wholesale.com\/pt\/wp-json\/wp\/v2\/pwb-brand?post=18353"},{"taxonomy":"product_cat","embeddable":true,"href":"https:\/\/www.vape4wholesale.com\/pt\/wp-json\/wp\/v2\/product_cat?post=18353"},{"taxonomy":"product_tag","embeddable":true,"href":"https:\/\/www.vape4wholesale.com\/pt\/wp-json\/wp\/v2\/product_tag?post=18353"}],"curies":[{"name":"wp","href":"https:\/\/api.w.org\/{rel}","templated":true}]}}