{"id":16538,"date":"2024-08-01T08:35:00","date_gmt":"2024-08-01T00:35:00","guid":{"rendered":"https:\/\/www.vape4wholesale.com\/?post_type=product&#038;p=16538"},"modified":"2026-01-26T13:40:18","modified_gmt":"2026-01-26T13:40:18","slug":"bang-king-25000-vape-descartavel-por-atacado","status":"publish","type":"product","link":"https:\/\/www.vape4wholesale.com\/pt\/produto\/bang-king-25000-vape-descartavel-por-atacado","title":{"rendered":"Bang King 25000 Vape descart\u00e1vel por atacado"},"content":{"rendered":"<p>O Bang King 25000 foi concebido para os vapers que procuram um desempenho e uma comodidade excepcionais. suporta at\u00e9 25.000 baforadas e possui c\u00e1psulas duplas de 23 ml. Dispon\u00edvel em 2% e 5% de nicotina. Sistema de c\u00e1psula dupla para reduzir a acumula\u00e7\u00e3o de carbono e restaurar o sabor. usando o carregamento tipo C.<\/p>\n<p>Escolha entre as op\u00e7\u00f5es de nicotina de 0%, 2%, 3% ou 5% e desfrute de batidas suaves com a bobina de malha de 1,0 ohm. A porta de carregamento Tipo C garante recargas r\u00e1pidas, e com 12 deliciosos sabores dispon\u00edveis.<\/p>\n<p>Encomende a granel a nossa vasta sele\u00e7\u00e3o de 12 sabores de Bang King 25000 com envio r\u00e1pido e o melhor pre\u00e7o.<\/p>\n<h2><strong>Bang King 25000 Vape descart\u00e1vel <\/strong><strong>Caracter\u00edsticas<\/strong><\/h2>\n<ul>\n<li>Puffs: 25000 puffs<\/li>\n<li>Bateria: 650mah recarreg\u00e1vel<\/li>\n<li>23 ml de e-l\u00edquido pr\u00e9-cheio (2 PODS, 11,5 ml+11,5 ml)<\/li>\n<li>0%, 2%, 3%, 5% Teor de nicotina<\/li>\n<li>Bobina de malha de 1,0 ohm<\/li>\n<li>Porta de carregamento tipo C<\/li>\n<li>12 sabores dispon\u00edveis<\/li>\n<\/ul>\n<h2><strong>Lista de sabores<\/strong><\/h2>\n<ol>\n<li>Gelo Blue Razz<\/li>\n<li>Gelo de p\u00eassego sumarento<\/li>\n<li>Melancia com morango<\/li>\n<li>Gelo de melancia<\/li>\n<li>Banana com morango<\/li>\n<li>Gelo de ma\u00e7\u00e3 azeda<\/li>\n<li>Gelo de bagas triplo<\/li>\n<li>Frutos tropicais<\/li>\n<li>Bomba de cereja<\/li>\n<li>Gelo de uva<\/li>\n<li>P\u00eassego Manga<\/li>\n<li>Manga com morango<\/li>\n<\/ol>\n<figure id=\"attachment_16589\" aria-describedby=\"caption-attachment-16589\" style=\"width: 800px\" class=\"wp-caption alignnone\"><img loading=\"lazy\" decoding=\"async\" class=\"size-full wp-image-16589\" title=\"Bang King 25000 Puffs Vape descart\u00e1vel Atacado FRUTA TROPICAL\" src=\"https:\/\/www.vape4wholesale.com\/wp-content\/uploads\/2024\/08\/Bang-King-25000-Puffs-Disposable-Vape-Wholesale-TROPICAL-FRUIT.jpg\" alt=\"Bang King 25000 Puffs Vape descart\u00e1vel Atacado FRUTA TROPICAL\" width=\"800\" height=\"800\" srcset=\"https:\/\/www.vape4wholesale.com\/wp-content\/uploads\/2024\/08\/Bang-King-25000-Puffs-Disposable-Vape-Wholesale-TROPICAL-FRUIT.jpg 800w, https:\/\/www.vape4wholesale.com\/wp-content\/uploads\/2024\/08\/Bang-King-25000-Puffs-Disposable-Vape-Wholesale-TROPICAL-FRUIT-247x247.jpg 247w, https:\/\/www.vape4wholesale.com\/wp-content\/uploads\/2024\/08\/Bang-King-25000-Puffs-Disposable-Vape-Wholesale-TROPICAL-FRUIT-100x100.jpg 100w, https:\/\/www.vape4wholesale.com\/wp-content\/uploads\/2024\/08\/Bang-King-25000-Puffs-Disposable-Vape-Wholesale-TROPICAL-FRUIT-510x510.jpg 510w, https:\/\/www.vape4wholesale.com\/wp-content\/uploads\/2024\/08\/Bang-King-25000-Puffs-Disposable-Vape-Wholesale-TROPICAL-FRUIT-64x64.jpg 64w, https:\/\/www.vape4wholesale.com\/wp-content\/uploads\/2024\/08\/Bang-King-25000-Puffs-Disposable-Vape-Wholesale-TROPICAL-FRUIT-300x300.jpg 300w, https:\/\/www.vape4wholesale.com\/wp-content\/uploads\/2024\/08\/Bang-King-25000-Puffs-Disposable-Vape-Wholesale-TROPICAL-FRUIT-150x150.jpg 150w, https:\/\/www.vape4wholesale.com\/wp-content\/uploads\/2024\/08\/Bang-King-25000-Puffs-Disposable-Vape-Wholesale-TROPICAL-FRUIT-768x768.jpg 768w, https:\/\/www.vape4wholesale.com\/wp-content\/uploads\/2024\/08\/Bang-King-25000-Puffs-Disposable-Vape-Wholesale-TROPICAL-FRUIT-12x12.jpg 12w\" sizes=\"auto, (max-width: 800px) 100vw, 800px\" \/><figcaption id=\"caption-attachment-16589\" class=\"wp-caption-text\">Bang King 25000 Puffs Vape Descart\u00e1vel Atacado<\/figcaption><\/figure>\n<h2>PORQU\u00ca N\u00d3S?<\/h2>\r\n<ul>\r\n<li>Fonte vape real, fi\u00e1vel e profissional.<\/li>\r\n<li>100% Garantia genu\u00edna: S\u00f3 fornecemos produtos originais e genu\u00ednos, recusamos a contrafa\u00e7\u00e3o.<\/li>\r\n<li>100% Garantia de entrega: Utilizamos o melhor m\u00e9todo de envio para garantir que recebe a encomenda 100%.<\/li>\r\n<li>Ap\u00f3s o envio, fornecer-lhe-emos o n\u00famero de acompanhamento e a etiqueta de envio e acompanharemos a mercadoria at\u00e9 que a receba.<\/li>\r\n<li>Sem problemas aduaneiros, sem direitos aduaneiros<\/li>\r\n<\/ul>","protected":false},"excerpt":{"rendered":"<div class=\"wsppc_div_block woocommerce_before_add_to_cart_form\">\r\n<p><strong><span style=\"color: #00a859;\">Clear customs<\/span> before delivery &amp; 100% Delivery Guarantee, Delivery in 19~25 days around.\u00a0<\/strong><\/p>\r\n<\/div>","protected":false},"featured_media":16579,"comment_status":"open","ping_status":"closed","template":"","meta":[],"pwb-brand":[1275],"product_cat":[873],"product_tag":[22,24,249,557,915],"class_list":{"0":"post-16538","1":"product","2":"type-product","3":"status-publish","4":"has-post-thumbnail","6":"pwb-brand-bang","7":"product_cat-above-20k-puffs","8":"product_tag-disposable","9":"product_tag-wholesale","10":"product_tag-bang","11":"product_tag-23-0ml","12":"product_tag-25000-puffs","13":"wcpa_has_options","15":"first","16":"instock","17":"featured","18":"shipping-taxable","19":"purchasable","20":"product-type-variable"},"aioseo_notices":[],"brands":[{"id":1275,"name":"Pancada","slug":"pancada"}],"_links":{"self":[{"href":"https:\/\/www.vape4wholesale.com\/pt\/wp-json\/wp\/v2\/product\/16538","targetHints":{"allow":["GET"]}}],"collection":[{"href":"https:\/\/www.vape4wholesale.com\/pt\/wp-json\/wp\/v2\/product"}],"about":[{"href":"https:\/\/www.vape4wholesale.com\/pt\/wp-json\/wp\/v2\/types\/product"}],"replies":[{"embeddable":true,"href":"https:\/\/www.vape4wholesale.com\/pt\/wp-json\/wp\/v2\/comments?post=16538"}],"wp:featuredmedia":[{"embeddable":true,"href":"https:\/\/www.vape4wholesale.com\/pt\/wp-json\/wp\/v2\/media\/16579"}],"wp:attachment":[{"href":"https:\/\/www.vape4wholesale.com\/pt\/wp-json\/wp\/v2\/media?parent=16538"}],"wp:term":[{"taxonomy":"pwb-brand","embeddable":true,"href":"https:\/\/www.vape4wholesale.com\/pt\/wp-json\/wp\/v2\/pwb-brand?post=16538"},{"taxonomy":"product_cat","embeddable":true,"href":"https:\/\/www.vape4wholesale.com\/pt\/wp-json\/wp\/v2\/product_cat?post=16538"},{"taxonomy":"product_tag","embeddable":true,"href":"https:\/\/www.vape4wholesale.com\/pt\/wp-json\/wp\/v2\/product_tag?post=16538"}],"curies":[{"name":"wp","href":"https:\/\/api.w.org\/{rel}","templated":true}]}}