{"id":16512,"date":"2024-07-31T23:32:00","date_gmt":"2024-07-31T15:32:00","guid":{"rendered":"https:\/\/www.vape4wholesale.com\/?post_type=product&#038;p=16512"},"modified":"2026-01-26T13:40:20","modified_gmt":"2026-01-26T13:40:20","slug":"bang-30000-puffs-vape-descartavel-por-atacado-2","status":"publish","type":"product","link":"https:\/\/www.vape4wholesale.com\/pt\/produto\/bang-30000-puffs-vape-descartavel-por-atacado-2","title":{"rendered":"Bang King Coloor 30000 Puffs Vape Descart\u00e1vel Atacado"},"content":{"rendered":"<p>O Bang King Coloor 30000 Puffs apresenta um design de duplo sabor que visa uma experi\u00eancia de vaporiza\u00e7\u00e3o excecional, est\u00e1 equipado com uma bobina de malha de 1,0ohm e cont\u00e9m 36ml de e-l\u00edquido.<\/p>\n<p>Dispon\u00edvel em dosagens de nicotina de 0%, 2%, 3% e 5%, satisfazendo v\u00e1rias prefer\u00eancias e necessidades. A bateria recarreg\u00e1vel de 550mAh com suporte de carregamento Tipo C garante que pode recarregar o seu vape de forma r\u00e1pida e eficiente, mantendo-o sempre pronto a ser utilizado.<\/p>\n<p>O TheBang 30000 Puffs foi concebido tanto para principiantes como para vapers experientes, combinando alta capacidade, facilidade de utiliza\u00e7\u00e3o e tecnologia avan\u00e7ada. O seu sabor excecional e o seu design de f\u00e1cil utiliza\u00e7\u00e3o fazem dele uma escolha de excel\u00eancia no mercado da vaporiza\u00e7\u00e3o. Obtenha o melhor pre\u00e7o por grosso e envio r\u00e1pido em Vape4Wholesale<\/p>\n<h2><strong>Bang King Coloor 30000 Puffs Carater\u00edsticas<\/strong><\/h2>\n<ul>\n<li>Puffs: At\u00e9 30000 baforadas<\/li>\n<li>N\u00facleo: Bobina de malha 1.0ohm<\/li>\n<li>E-l\u00edquido: 36ml<\/li>\n<li>Nicotina: 0%\/ 2%\/ 3%\/ 5%<\/li>\n<li>Bateria: 550mAh<\/li>\n<li>Recarreg\u00e1vel: Tipo C<\/li>\n<li>Ecr\u00e3 digital LCD<\/li>\n<li>Duplo gosto<\/li>\n<li>Bang 30000 Puffs<\/li>\n<\/ul>\n<h2><strong>Lista de sabores<\/strong><\/h2>\n<ul>\n<li>Gelo de melancia e menta de mirtilo<\/li>\n<li>Gelo de melancia, morango e manga<\/li>\n<li>Morango Melancia e Kiwi Maracuj\u00e1 Goiaba<\/li>\n<li>Gelado de morango, melancia e uva<\/li>\n<li>Gelo de mirtilo e gelo de drag\u00e3o negro<\/li>\n<li>Gelo de mirtilo, morango e banana<\/li>\n<li>Red Bull e melancia com mirtilo<\/li>\n<li>Red Bull e rebu\u00e7ados de melancia<\/li>\n<li>Mirtilo Framboesa e P\u00eassego Manga Melancia<\/li>\n<li>Mirtilo Framboesa e Frutos Mistos com Bolor<\/li>\n<li>Gelado de morango, kiwi e p\u00eassego<\/li>\n<li>Morango Kiwi e Ma\u00e7\u00e3 \u00c1cida Framboesa<\/li>\n<\/ul>\n<figure id=\"attachment_16526\" aria-describedby=\"caption-attachment-16526\" style=\"width: 800px\" class=\"wp-caption alignnone\"><img loading=\"lazy\" decoding=\"async\" class=\"wp-image-16526 size-full\" title=\"Bang King Coloor 30000 Puffs Vape Descart\u00e1vel Atacado (2)\" src=\"https:\/\/www.vape4wholesale.com\/wp-content\/uploads\/2024\/07\/Bang-King-Coloor-30000-Puffs-Disposable-Vape-Wholesale-2.jpg\" alt=\"Bang King Coloor 30000 Puffs Vape Descart\u00e1vel Atacado (2)\" width=\"800\" height=\"800\" srcset=\"https:\/\/www.vape4wholesale.com\/wp-content\/uploads\/2024\/07\/Bang-King-Coloor-30000-Puffs-Disposable-Vape-Wholesale-2.jpg 800w, https:\/\/www.vape4wholesale.com\/wp-content\/uploads\/2024\/07\/Bang-King-Coloor-30000-Puffs-Disposable-Vape-Wholesale-2-247x247.jpg 247w, https:\/\/www.vape4wholesale.com\/wp-content\/uploads\/2024\/07\/Bang-King-Coloor-30000-Puffs-Disposable-Vape-Wholesale-2-100x100.jpg 100w, https:\/\/www.vape4wholesale.com\/wp-content\/uploads\/2024\/07\/Bang-King-Coloor-30000-Puffs-Disposable-Vape-Wholesale-2-510x510.jpg 510w\" sizes=\"auto, (max-width: 800px) 100vw, 800px\" \/><figcaption id=\"caption-attachment-16526\" class=\"wp-caption-text\">Bang King Coloor 30000 Puffs Vape Descart\u00e1vel Atacado<\/figcaption><\/figure>\n<p><img loading=\"lazy\" decoding=\"async\" class=\"alignnone size-full wp-image-16527\" title=\"Bang King Coloor 30000 Puffs Vape Descart\u00e1vel Atacado (3)\" src=\"https:\/\/www.vape4wholesale.com\/wp-content\/uploads\/2024\/07\/Bang-King-Coloor-30000-Puffs-Disposable-Vape-Wholesale-3.jpg\" alt=\"Bang King Coloor 30000 Puffs Vape Descart\u00e1vel Atacado (3)\" width=\"800\" height=\"800\" srcset=\"https:\/\/www.vape4wholesale.com\/wp-content\/uploads\/2024\/07\/Bang-King-Coloor-30000-Puffs-Disposable-Vape-Wholesale-3.jpg 800w, https:\/\/www.vape4wholesale.com\/wp-content\/uploads\/2024\/07\/Bang-King-Coloor-30000-Puffs-Disposable-Vape-Wholesale-3-247x247.jpg 247w, https:\/\/www.vape4wholesale.com\/wp-content\/uploads\/2024\/07\/Bang-King-Coloor-30000-Puffs-Disposable-Vape-Wholesale-3-100x100.jpg 100w, https:\/\/www.vape4wholesale.com\/wp-content\/uploads\/2024\/07\/Bang-King-Coloor-30000-Puffs-Disposable-Vape-Wholesale-3-510x510.jpg 510w\" sizes=\"auto, (max-width: 800px) 100vw, 800px\" \/><\/p>\n<h2>PORQU\u00ca N\u00d3S?<\/h2>\r\n<ul>\r\n<li>Fonte vape real, fi\u00e1vel e profissional.<\/li>\r\n<li>100% Garantia genu\u00edna: S\u00f3 fornecemos produtos originais e genu\u00ednos, recusamos a contrafa\u00e7\u00e3o.<\/li>\r\n<li>100% Garantia de entrega: Utilizamos o melhor m\u00e9todo de envio para garantir que recebe a encomenda 100%.<\/li>\r\n<li>Ap\u00f3s o envio, fornecer-lhe-emos o n\u00famero de acompanhamento e a etiqueta de envio e acompanharemos a mercadoria at\u00e9 que a receba.<\/li>\r\n<li>Sem problemas aduaneiros, sem direitos aduaneiros<\/li>\r\n<\/ul>","protected":false},"excerpt":{"rendered":"<div class=\"wsppc_div_block woocommerce_before_add_to_cart_form\">\r\n<p><strong><span style=\"color: #00a859;\">Clear customs<\/span> before delivery &amp; 100% Delivery Guarantee, Delivery in 19~25 days around.\u00a0<\/strong><\/p>\r\n<\/div>","protected":false},"featured_media":16537,"comment_status":"open","ping_status":"closed","template":"","meta":[],"pwb-brand":[1275],"product_cat":[873],"product_tag":[22,24,249,849,850],"class_list":{"0":"post-16512","1":"product","2":"type-product","3":"status-publish","4":"has-post-thumbnail","6":"pwb-brand-bang","7":"product_cat-above-20k-puffs","8":"product_tag-disposable","9":"product_tag-wholesale","10":"product_tag-bang","11":"product_tag-36-0ml","12":"product_tag-30000-puffs","13":"wcpa_has_options","15":"first","16":"instock","17":"shipping-taxable","18":"purchasable","19":"product-type-variable"},"aioseo_notices":[],"brands":[{"id":1275,"name":"Pancada","slug":"pancada"}],"_links":{"self":[{"href":"https:\/\/www.vape4wholesale.com\/pt\/wp-json\/wp\/v2\/product\/16512","targetHints":{"allow":["GET"]}}],"collection":[{"href":"https:\/\/www.vape4wholesale.com\/pt\/wp-json\/wp\/v2\/product"}],"about":[{"href":"https:\/\/www.vape4wholesale.com\/pt\/wp-json\/wp\/v2\/types\/product"}],"replies":[{"embeddable":true,"href":"https:\/\/www.vape4wholesale.com\/pt\/wp-json\/wp\/v2\/comments?post=16512"}],"wp:featuredmedia":[{"embeddable":true,"href":"https:\/\/www.vape4wholesale.com\/pt\/wp-json\/wp\/v2\/media\/16537"}],"wp:attachment":[{"href":"https:\/\/www.vape4wholesale.com\/pt\/wp-json\/wp\/v2\/media?parent=16512"}],"wp:term":[{"taxonomy":"pwb-brand","embeddable":true,"href":"https:\/\/www.vape4wholesale.com\/pt\/wp-json\/wp\/v2\/pwb-brand?post=16512"},{"taxonomy":"product_cat","embeddable":true,"href":"https:\/\/www.vape4wholesale.com\/pt\/wp-json\/wp\/v2\/product_cat?post=16512"},{"taxonomy":"product_tag","embeddable":true,"href":"https:\/\/www.vape4wholesale.com\/pt\/wp-json\/wp\/v2\/product_tag?post=16512"}],"curies":[{"name":"wp","href":"https:\/\/api.w.org\/{rel}","templated":true}]}}