{"id":16486,"date":"2024-07-30T21:08:00","date_gmt":"2024-07-30T13:08:00","guid":{"rendered":"https:\/\/www.vape4wholesale.com\/?post_type=product&#038;p=16486"},"modified":"2026-01-26T13:40:22","modified_gmt":"2026-01-26T13:40:22","slug":"bang-25000-puffs-vape-descartavel-por-atacado","status":"publish","type":"product","link":"https:\/\/www.vape4wholesale.com\/pt\/product\/bang-25000-puffs-disposable-vape-wholesale","title":{"rendered":"Bang 25000 Puffs Vape Descart\u00e1vel Atacado"},"content":{"rendered":"<p>O Bang 25000 \u00e9 um vape descart\u00e1vel com um design agrad\u00e1vel que vem com bateria e visor de n\u00edvel de suco eletr\u00f4nico, e \u00e9 constru\u00eddo com bateria recarreg\u00e1vel de 650mAh e tamb\u00e9m com 25ml de l\u00edquido, que suporta at\u00e9 25000 sopros.<\/p>\n<p>Encomende a granel a nossa vasta sele\u00e7\u00e3o de 10 sabores de Bang 25000 vape desaposent\u00e1vel com o melhor pre\u00e7o e envio r\u00e1pido<\/p>\n<h2><strong>Bang 25000 Puffs Vape descart\u00e1vel Detalhes:<\/strong><\/h2>\n<ul>\n<li>Bateria recarreg\u00e1vel de 650mah<\/li>\n<li>25 ml de e-l\u00edquido pr\u00e9-carregado<\/li>\n<li>0\/2\/3\/5% for\u00e7a da nicotina<\/li>\n<li>Alcance at\u00e9 25000 baforadas<\/li>\n<li>Bobina de malha de 1,0 ohm<\/li>\n<li>Porta de carregamento tipo C<\/li>\n<\/ul>\n<h2><strong>Bang 25000 Puffs Sabores opcionais:<\/strong><\/h2>\n<ul>\n<li>Gelo de mirtilo<\/li>\n<li>Mirtilo Framboesa<\/li>\n<li>Mirtilo Hortel\u00e3<\/li>\n<li>Gelo de uva<\/li>\n<li>Melancia com morango<\/li>\n<li>Morango Kiwi<\/li>\n<li>Pastilha el\u00e1stica de melancia<\/li>\n<li>Sangue de tigre<\/li>\n<li>Gelo de melancia<\/li>\n<li>Gelo de morango<\/li>\n<li>Manga P\u00eassego<\/li>\n<li>Mistura de frutas<\/li>\n<\/ul>\n<figure id=\"attachment_16498\" aria-describedby=\"caption-attachment-16498\" style=\"width: 800px\" class=\"wp-caption alignnone\"><img loading=\"lazy\" decoding=\"async\" class=\"size-full wp-image-16498\" title=\"Bang 25000 Puffs Vape descart\u00e1vel Atacado Sangue de tigre\" src=\"https:\/\/www.vape4wholesale.com\/wp-content\/uploads\/2024\/07\/Bang-25000-Puffs-Disposable-Vape-Wholesale-Tiger-blood.jpg\" alt=\"Bang 25000 Puffs Vape descart\u00e1vel Atacado Sangue de tigre\" width=\"800\" height=\"800\" srcset=\"https:\/\/www.vape4wholesale.com\/wp-content\/uploads\/2024\/07\/Bang-25000-Puffs-Disposable-Vape-Wholesale-Tiger-blood.jpg 800w, https:\/\/www.vape4wholesale.com\/wp-content\/uploads\/2024\/07\/Bang-25000-Puffs-Disposable-Vape-Wholesale-Tiger-blood-247x247.jpg 247w, https:\/\/www.vape4wholesale.com\/wp-content\/uploads\/2024\/07\/Bang-25000-Puffs-Disposable-Vape-Wholesale-Tiger-blood-100x100.jpg 100w, https:\/\/www.vape4wholesale.com\/wp-content\/uploads\/2024\/07\/Bang-25000-Puffs-Disposable-Vape-Wholesale-Tiger-blood-510x510.jpg 510w, https:\/\/www.vape4wholesale.com\/wp-content\/uploads\/2024\/07\/Bang-25000-Puffs-Disposable-Vape-Wholesale-Tiger-blood-64x64.jpg 64w, https:\/\/www.vape4wholesale.com\/wp-content\/uploads\/2024\/07\/Bang-25000-Puffs-Disposable-Vape-Wholesale-Tiger-blood-300x300.jpg 300w, https:\/\/www.vape4wholesale.com\/wp-content\/uploads\/2024\/07\/Bang-25000-Puffs-Disposable-Vape-Wholesale-Tiger-blood-150x150.jpg 150w, https:\/\/www.vape4wholesale.com\/wp-content\/uploads\/2024\/07\/Bang-25000-Puffs-Disposable-Vape-Wholesale-Tiger-blood-768x768.jpg 768w, https:\/\/www.vape4wholesale.com\/wp-content\/uploads\/2024\/07\/Bang-25000-Puffs-Disposable-Vape-Wholesale-Tiger-blood-12x12.jpg 12w\" sizes=\"auto, (max-width: 800px) 100vw, 800px\" \/><figcaption id=\"caption-attachment-16498\" class=\"wp-caption-text\">Bang 25000 Puffs Vape Descart\u00e1vel Atacado<\/figcaption><\/figure>\n<h2>PORQU\u00ca N\u00d3S?<\/h2>\r\n<ul>\r\n<li>Fonte vape real, fi\u00e1vel e profissional.<\/li>\r\n<li>100% Garantia genu\u00edna: S\u00f3 fornecemos produtos originais e genu\u00ednos, recusamos a contrafa\u00e7\u00e3o.<\/li>\r\n<li>100% Garantia de entrega: Utilizamos o melhor m\u00e9todo de envio para garantir que recebe a encomenda 100%.<\/li>\r\n<li>Ap\u00f3s o envio, fornecer-lhe-emos o n\u00famero de acompanhamento e a etiqueta de envio e acompanharemos a mercadoria at\u00e9 que a receba.<\/li>\r\n<li>Sem problemas aduaneiros, sem direitos aduaneiros<\/li>\r\n<\/ul>","protected":false},"excerpt":{"rendered":"<div class=\"wsppc_div_block woocommerce_before_add_to_cart_form\">\r\n<p><strong><span style=\"color: #00a859;\">Passar na alf\u00e2ndega<\/span> antes da entrega e% Garantia de Entrega de 100 dias, Entrega em cerca de 19 a 25 dias.\u00a0<\/strong><\/p>\r\n<\/div>","protected":false},"featured_media":16492,"comment_status":"open","ping_status":"closed","template":"","meta":[],"pwb-brand":[1275],"product_cat":[873],"product_tag":[22,24,249,692,915],"class_list":{"0":"post-16486","1":"product","2":"type-product","3":"status-publish","4":"has-post-thumbnail","6":"pwb-brand-bang","7":"product_cat-above-20k-puffs","8":"product_tag-disposable","9":"product_tag-wholesale","10":"product_tag-bang","11":"product_tag-25-0ml","12":"product_tag-25000-puffs","13":"wcpa_has_options","15":"first","16":"instock","17":"featured","18":"shipping-taxable","19":"purchasable","20":"product-type-variable"},"aioseo_notices":[],"brands":[{"id":1275,"name":"Pancada","slug":"pancada"}],"_links":{"self":[{"href":"https:\/\/www.vape4wholesale.com\/pt\/wp-json\/wp\/v2\/product\/16486","targetHints":{"allow":["GET"]}}],"collection":[{"href":"https:\/\/www.vape4wholesale.com\/pt\/wp-json\/wp\/v2\/product"}],"about":[{"href":"https:\/\/www.vape4wholesale.com\/pt\/wp-json\/wp\/v2\/types\/product"}],"replies":[{"embeddable":true,"href":"https:\/\/www.vape4wholesale.com\/pt\/wp-json\/wp\/v2\/comments?post=16486"}],"wp:featuredmedia":[{"embeddable":true,"href":"https:\/\/www.vape4wholesale.com\/pt\/wp-json\/wp\/v2\/media\/16492"}],"wp:attachment":[{"href":"https:\/\/www.vape4wholesale.com\/pt\/wp-json\/wp\/v2\/media?parent=16486"}],"wp:term":[{"taxonomy":"pwb-brand","embeddable":true,"href":"https:\/\/www.vape4wholesale.com\/pt\/wp-json\/wp\/v2\/pwb-brand?post=16486"},{"taxonomy":"product_cat","embeddable":true,"href":"https:\/\/www.vape4wholesale.com\/pt\/wp-json\/wp\/v2\/product_cat?post=16486"},{"taxonomy":"product_tag","embeddable":true,"href":"https:\/\/www.vape4wholesale.com\/pt\/wp-json\/wp\/v2\/product_tag?post=16486"}],"curies":[{"name":"wp","href":"https:\/\/api.w.org\/{rel}","templated":true}]}}