{"id":16479,"date":"2024-07-29T13:00:24","date_gmt":"2024-07-29T05:00:24","guid":{"rendered":"https:\/\/www.vape4wholesale.com\/?post_type=product&#038;p=16479"},"modified":"2026-01-26T13:40:24","modified_gmt":"2026-01-26T13:40:24","slug":"vaporizador-recarregavel-old-school-rrd-por-atacado","status":"publish","type":"product","link":"https:\/\/www.vape4wholesale.com\/pt\/product\/old-school-rrd-refillable-vape-wholesale","title":{"rendered":"Old School RRD Vape Recarreg\u00e1vel Atacado"},"content":{"rendered":"<p>O Old School RRD vape \u00e9 recarreg\u00e1vel e com design gradiente de cor de dois tons, vem com bateria recarreg\u00e1vel de 650mAh, a c\u00e1psula pode conter 4ml de el\u00edquido no m\u00e1ximo.<\/p>\n<h2><strong>Informa\u00e7\u00f5es sobre o produto Old School RRD<\/strong><\/h2>\n<ul>\n<li>Fun\u00e7\u00e3o de ligar e desligar: 5 cliques em 2 segundos, e a luz vermelha pisca 5 vezes antes de ligar\/desligar<\/li>\n<li>Fun\u00e7\u00e3o de regula\u00e7\u00e3o da press\u00e3o: 3 cliques seguidos para mudar de velocidade<\/li>\n<li>Luz vermelha:3,0v<\/li>\n<li>LUZ AZUL:3,5V<\/li>\n<li>Luz verde:4.0v<\/li>\n<li>Bateria: 650mAh recarreg\u00e1vel<\/li>\n<li>Capacidade da c\u00e1psula: 4ml<\/li>\n<\/ul>\n<h2><strong>Cores dispon\u00edveis<\/strong><\/h2>\n<ul>\n<li>Vermelho e laranja<\/li>\n<li>Azul e roxo<\/li>\n<li>Verde e cinzento<\/li>\n<li>Roxo e azul<\/li>\n<li>Azul e amarelo<\/li>\n<li>Verde e vermelho<\/li>\n<\/ul>\n<h2><strong>Especifica\u00e7\u00f5es do produto<\/strong><\/h2>\n<ul>\n<li>Caixa de oferta: 49*17*100mm 1PCS 45g<\/li>\n<li>Caixa grande: 101*91*103mm 10PCS 477g<\/li>\n<li>Caixa exterior: 325*479*237mm 300PCS 16.3kg<\/li>\n<\/ul>\n<figure id=\"attachment_16472\" aria-describedby=\"caption-attachment-16472\" style=\"width: 1000px\" class=\"wp-caption alignnone\"><img loading=\"lazy\" decoding=\"async\" class=\"wp-image-16472 size-full\" title=\"Old School RRD Refillable Vape Wholesale (8)\" src=\"https:\/\/www.vape4wholesale.com\/wp-content\/uploads\/2024\/07\/Old-School-RRD-Refillable-Vape-Wholesale-8.webp\" alt=\"Old School RRD Refillable Vape Wholesale (8)\" width=\"1000\" height=\"1000\" srcset=\"https:\/\/www.vape4wholesale.com\/wp-content\/uploads\/2024\/07\/Old-School-RRD-Refillable-Vape-Wholesale-8.webp 1000w, https:\/\/www.vape4wholesale.com\/wp-content\/uploads\/2024\/07\/Old-School-RRD-Refillable-Vape-Wholesale-8-247x247.webp 247w, https:\/\/www.vape4wholesale.com\/wp-content\/uploads\/2024\/07\/Old-School-RRD-Refillable-Vape-Wholesale-8-100x100.webp 100w, https:\/\/www.vape4wholesale.com\/wp-content\/uploads\/2024\/07\/Old-School-RRD-Refillable-Vape-Wholesale-8-510x510.webp 510w, https:\/\/www.vape4wholesale.com\/wp-content\/uploads\/2024\/07\/Old-School-RRD-Refillable-Vape-Wholesale-8-64x64.webp 64w, https:\/\/www.vape4wholesale.com\/wp-content\/uploads\/2024\/07\/Old-School-RRD-Refillable-Vape-Wholesale-8-300x300.webp 300w, https:\/\/www.vape4wholesale.com\/wp-content\/uploads\/2024\/07\/Old-School-RRD-Refillable-Vape-Wholesale-8-150x150.webp 150w, https:\/\/www.vape4wholesale.com\/wp-content\/uploads\/2024\/07\/Old-School-RRD-Refillable-Vape-Wholesale-8-768x768.webp 768w, https:\/\/www.vape4wholesale.com\/wp-content\/uploads\/2024\/07\/Old-School-RRD-Refillable-Vape-Wholesale-8-12x12.webp 12w\" sizes=\"auto, (max-width: 1000px) 100vw, 1000px\" \/><figcaption id=\"caption-attachment-16472\" class=\"wp-caption-text\">Old School RRD Vape Recarreg\u00e1vel Atacado<\/figcaption><\/figure>\n<p><img loading=\"lazy\" decoding=\"async\" class=\"alignnone size-full wp-image-16474\" title=\"Old School RRD Refillable Vape Wholesale (10)\" src=\"https:\/\/www.vape4wholesale.com\/wp-content\/uploads\/2024\/07\/Old-School-RRD-Refillable-Vape-Wholesale-10.webp\" alt=\"Old School RRD Refillable Vape Wholesale (10)\" width=\"1000\" height=\"1000\" srcset=\"https:\/\/www.vape4wholesale.com\/wp-content\/uploads\/2024\/07\/Old-School-RRD-Refillable-Vape-Wholesale-10.webp 1000w, https:\/\/www.vape4wholesale.com\/wp-content\/uploads\/2024\/07\/Old-School-RRD-Refillable-Vape-Wholesale-10-247x247.webp 247w, https:\/\/www.vape4wholesale.com\/wp-content\/uploads\/2024\/07\/Old-School-RRD-Refillable-Vape-Wholesale-10-100x100.webp 100w, https:\/\/www.vape4wholesale.com\/wp-content\/uploads\/2024\/07\/Old-School-RRD-Refillable-Vape-Wholesale-10-510x510.webp 510w\" sizes=\"auto, (max-width: 1000px) 100vw, 1000px\" \/><\/p>\n<h2>PORQU\u00ca N\u00d3S?<\/h2>\r\n<ul>\r\n<li>Fonte vape real, fi\u00e1vel e profissional.<\/li>\r\n<li>100% Garantia genu\u00edna: S\u00f3 fornecemos produtos originais e genu\u00ednos, recusamos a contrafa\u00e7\u00e3o.<\/li>\r\n<li>100% Garantia de entrega: Utilizamos o melhor m\u00e9todo de envio para garantir que recebe a encomenda 100%.<\/li>\r\n<li>Ap\u00f3s o envio, fornecer-lhe-emos o n\u00famero de acompanhamento e a etiqueta de envio e acompanharemos a mercadoria at\u00e9 que a receba.<\/li>\r\n<li>Sem problemas aduaneiros, sem direitos aduaneiros<\/li>\r\n<\/ul>","protected":false},"excerpt":{"rendered":"<div class=\"wsppc_div_block woocommerce_before_add_to_cart_form\">\r\n<p><strong><span style=\"color: #00a859;\">Clear customs<\/span> before delivery &amp; 100% Delivery Guarantee, Delivery in 19~25 days around.\u00a0<\/strong><\/p>\r\n<\/div>\n<p>Este produto n\u00e3o \u00e9 fornecido com e-l\u00edquido<\/p>\n<p>MOQ: 200 PCS\/ Cor<\/p>","protected":false},"featured_media":16473,"comment_status":"open","ping_status":"closed","template":"","meta":[],"pwb-brand":[1289],"product_cat":[15],"product_tag":[],"class_list":{"0":"post-16479","1":"product","2":"type-product","3":"status-publish","4":"has-post-thumbnail","6":"pwb-brand-others","7":"product_cat-others","9":"first","10":"instock","11":"shipping-taxable","12":"purchasable","13":"product-type-variable"},"aioseo_notices":[],"brands":[{"id":1289,"name":"Outros","slug":"outros"}],"_links":{"self":[{"href":"https:\/\/www.vape4wholesale.com\/pt\/wp-json\/wp\/v2\/product\/16479","targetHints":{"allow":["GET"]}}],"collection":[{"href":"https:\/\/www.vape4wholesale.com\/pt\/wp-json\/wp\/v2\/product"}],"about":[{"href":"https:\/\/www.vape4wholesale.com\/pt\/wp-json\/wp\/v2\/types\/product"}],"replies":[{"embeddable":true,"href":"https:\/\/www.vape4wholesale.com\/pt\/wp-json\/wp\/v2\/comments?post=16479"}],"wp:featuredmedia":[{"embeddable":true,"href":"https:\/\/www.vape4wholesale.com\/pt\/wp-json\/wp\/v2\/media\/16473"}],"wp:attachment":[{"href":"https:\/\/www.vape4wholesale.com\/pt\/wp-json\/wp\/v2\/media?parent=16479"}],"wp:term":[{"taxonomy":"pwb-brand","embeddable":true,"href":"https:\/\/www.vape4wholesale.com\/pt\/wp-json\/wp\/v2\/pwb-brand?post=16479"},{"taxonomy":"product_cat","embeddable":true,"href":"https:\/\/www.vape4wholesale.com\/pt\/wp-json\/wp\/v2\/product_cat?post=16479"},{"taxonomy":"product_tag","embeddable":true,"href":"https:\/\/www.vape4wholesale.com\/pt\/wp-json\/wp\/v2\/product_tag?post=16479"}],"curies":[{"name":"wp","href":"https:\/\/api.w.org\/{rel}","templated":true}]}}