{"id":16445,"date":"2024-07-24T15:10:00","date_gmt":"2024-07-24T07:10:00","guid":{"rendered":"https:\/\/www.vape4wholesale.com\/?post_type=product&#038;p=16445"},"modified":"2026-04-15T13:44:18","modified_gmt":"2026-04-15T05:44:18","slug":"vapsolo-twins-20000-puffs-vape-descartavel-por-atacado","status":"publish","type":"product","link":"https:\/\/www.vape4wholesale.com\/pt\/product\/vapsolo-twins-20000-puffs-disposable-vape-wholesale","title":{"rendered":"Vapsolo Twins 20000 Puffs Vape Descart\u00e1vel Atacado"},"content":{"rendered":"<p>O <a href=\"\/pt\/marca_do_produto\/vapsolo\/\" rel=\"sponsored\">VapSolo<\/a> Twins 20000 \u00e9 um vape descart\u00e1vel premium e de ponta, vem com 25ml de el\u00edquido e com bobina de malha de resist\u00eancia de 0,6\u03a9, e \u00e9 constru\u00eddo com bateria recarreg\u00e1vel de 650mah para garantir que suporta at\u00e9 2000 Puffs.<\/p>\n<p>Possui sabores duplos para alternar e um ecr\u00e3 inteligente para mostrar a bateria e o resto do l\u00edquido.<\/p>\n<p>Encomende a granel a nossa vasta sele\u00e7\u00e3o de 10 sabores de Vapsolo Twins com o melhor pre\u00e7o e envio r\u00e1pido.<\/p>\n<p>Ver o <a title=\"v\u00eddeo dos g\u00e9meos vapesolo\" href=\"https:\/\/youtube.com\/shorts\/jYfwcxRsAnc?si=cJjFvkdWPRfrGENx\" target=\"_blank\" rel=\"noopener\">v\u00eddeo dos g\u00e9meos vapesolo<\/a> para saber mais sobre as carater\u00edsticas deste produto.<\/p>\n<h2>Vapsolo Twins 20000 Puffs Vape descart\u00e1vel Detalhe r\u00e1pido<\/h2>\n<ul>\n<li>Puff: At\u00e9 20000 baforadas<\/li>\n<li>L\u00edquido: 19 mL Dul Tant pr\u00e9-cheio<\/li>\n<li>Nicotina: 0%\/2%\/3%\/5%<\/li>\n<li>Bateria: 650mAh recarreg\u00e1vel<\/li>\n<li>N\u00facleo: Bobina de malha 1.0 \u03a9<\/li>\n<li>Recarreg\u00e1vel, porta de carregamento tipo C<\/li>\n<li>Ecr\u00e3 inteligente<\/li>\n<li>Bobina de malha dupla<\/li>\n<li>Controlo do fluxo de ar<\/li>\n<li>2 em 1 Escolha multi-sabor<\/li>\n<li>Kit de c\u00e1psulas activadas por desenho<\/li>\n<li>Dispositivo de vaporiza\u00e7\u00e3o MTL e f\u00e1cil de utilizar<\/li>\n<\/ul>\n<h2>Sabores dispon\u00edveis<\/h2>\n<p>01# Lim\u00e3o, lima e melancia<br \/>\n02# Uva gelada e morango kiwi<br \/>\n03# Anan\u00e1s, coco e morango, banana<br \/>\n04# Laranja Manga Melancia e Red Bull<br \/>\n05# Mirtilo gelado e cereja com g\u00e1s<br \/>\n06# Melancia gelada e mistura de frutos silvestres<br \/>\n07# Morango, Banana e Cereja com g\u00e1s<br \/>\n08# Morango Framboesa Cereja Gelo e Uva Gelo<br \/>\n09# Blue Razz Limonada e lima-lim\u00e3o<br \/>\n10# Melancia Gelada e Morango Manga<br \/>\n11# Mel\u00e3o Triplo e Melancia com Framboesa<br \/>\n12# Gelo negro Fruta do drag\u00e3o Morango e framboesa Melancia<br \/>\n13# Anan\u00e1s, coco e melancia gelados<br \/>\n14# Gelo de morango e melancia de manga e p\u00eassego<br \/>\n15# Morango Kiwi e Morango Framboesa Cereja Gelado<br \/>\n16# Mel\u00e3o triplo e anan\u00e1s de coco<br \/>\n17# Cherry Cola&amp; Juicy Peach Ice<br \/>\n18# Morango, melancia e gomas<br \/>\n19# Refrescante de mirtilo, groselha e toranja<br \/>\n20# Mojito de maracuj\u00e1 e hortel\u00e3 tripla<\/p>\n<h2>Detalhes da embalagem<\/h2>\n<ul>\n<li>Peso \u00danico\uff1a108g\/pcs<\/li>\n<li>200pcs\/ctn;10cs\/caixa<\/li>\n<li>23,3 kg\/ctn<\/li>\n<li>Tamanho da caixa: 44*43*26.5CM<\/li>\n<\/ul>\n<figure id=\"attachment_16450\" aria-describedby=\"caption-attachment-16450\" style=\"width: 800px\" class=\"wp-caption alignnone\"><img loading=\"lazy\" decoding=\"async\" class=\"size-full wp-image-16450\" title=\"Vapsolo Twins 20000 Puffs Vape Descart\u00e1vel Atacado BLACK ICE DRAGONFRUIT STRAWBERRY\" src=\"https:\/\/www.vape4wholesale.com\/wp-content\/uploads\/2024\/07\/Vapsolo-Twins-20000-Puffs-Disposable-Vape-Wholesale-BLACK-ICE-DRAGONFRUIT-STRAWBERRY.jpg\" alt=\"Vapsolo Twins 20000 Puffs Vape Descart\u00e1vel Atacado BLACK ICE DRAGONFRUIT STRAWBERRY\" width=\"800\" height=\"800\" srcset=\"https:\/\/www.vape4wholesale.com\/wp-content\/uploads\/2024\/07\/Vapsolo-Twins-20000-Puffs-Disposable-Vape-Wholesale-BLACK-ICE-DRAGONFRUIT-STRAWBERRY.jpg 800w, https:\/\/www.vape4wholesale.com\/wp-content\/uploads\/2024\/07\/Vapsolo-Twins-20000-Puffs-Disposable-Vape-Wholesale-BLACK-ICE-DRAGONFRUIT-STRAWBERRY-247x247.jpg 247w, https:\/\/www.vape4wholesale.com\/wp-content\/uploads\/2024\/07\/Vapsolo-Twins-20000-Puffs-Disposable-Vape-Wholesale-BLACK-ICE-DRAGONFRUIT-STRAWBERRY-100x100.jpg 100w, https:\/\/www.vape4wholesale.com\/wp-content\/uploads\/2024\/07\/Vapsolo-Twins-20000-Puffs-Disposable-Vape-Wholesale-BLACK-ICE-DRAGONFRUIT-STRAWBERRY-510x510.jpg 510w, https:\/\/www.vape4wholesale.com\/wp-content\/uploads\/2024\/07\/Vapsolo-Twins-20000-Puffs-Disposable-Vape-Wholesale-BLACK-ICE-DRAGONFRUIT-STRAWBERRY-64x64.jpg 64w, https:\/\/www.vape4wholesale.com\/wp-content\/uploads\/2024\/07\/Vapsolo-Twins-20000-Puffs-Disposable-Vape-Wholesale-BLACK-ICE-DRAGONFRUIT-STRAWBERRY-300x300.jpg 300w, https:\/\/www.vape4wholesale.com\/wp-content\/uploads\/2024\/07\/Vapsolo-Twins-20000-Puffs-Disposable-Vape-Wholesale-BLACK-ICE-DRAGONFRUIT-STRAWBERRY-150x150.jpg 150w, https:\/\/www.vape4wholesale.com\/wp-content\/uploads\/2024\/07\/Vapsolo-Twins-20000-Puffs-Disposable-Vape-Wholesale-BLACK-ICE-DRAGONFRUIT-STRAWBERRY-768x768.jpg 768w, https:\/\/www.vape4wholesale.com\/wp-content\/uploads\/2024\/07\/Vapsolo-Twins-20000-Puffs-Disposable-Vape-Wholesale-BLACK-ICE-DRAGONFRUIT-STRAWBERRY-12x12.jpg 12w\" sizes=\"auto, (max-width: 800px) 100vw, 800px\" \/><figcaption id=\"caption-attachment-16450\" class=\"wp-caption-text\">Vapsolo Twins 20000 Puffs Vape Descart\u00e1vel Atacado<\/figcaption><\/figure>\n<h2>PORQU\u00ca N\u00d3S?<\/h2>\r\n<ul>\r\n<li>Fonte vape real, fi\u00e1vel e profissional.<\/li>\r\n<li>100% Garantia genu\u00edna: S\u00f3 fornecemos produtos originais e genu\u00ednos, recusamos a contrafa\u00e7\u00e3o.<\/li>\r\n<li>100% Garantia de entrega: Utilizamos o melhor m\u00e9todo de envio para garantir que recebe a encomenda 100%.<\/li>\r\n<li>Ap\u00f3s o envio, fornecer-lhe-emos o n\u00famero de acompanhamento e a etiqueta de envio e acompanharemos a mercadoria at\u00e9 que a receba.<\/li>\r\n<li>Sem problemas aduaneiros, sem direitos aduaneiros<\/li>\r\n<\/ul>","protected":false},"excerpt":{"rendered":"<p><b><span style=\"color: #00a859;\">Envio gr\u00e1tis<\/span>\u00a0Do armaz\u00e9m da Europa, tempo de entrega de 7 a 15 dias \u00fateis.<\/b><\/p>\r\n<div class=\"wsppc_div_block woocommerce_before_add_to_cart_form\">\r\n<p><strong>Desalfandegar antes da entrega e garantia de entrega 100%%<\/strong><\/p>\r\n<\/div>","protected":false},"featured_media":16447,"comment_status":"open","ping_status":"closed","template":"","meta":[],"pwb-brand":[1271],"product_cat":[938],"product_tag":[22,24,692,794,899],"class_list":{"0":"post-16445","1":"product","2":"type-product","3":"status-publish","4":"has-post-thumbnail","6":"pwb-brand-vapsolo","7":"product_cat-europe-warehouse","8":"product_tag-disposable","9":"product_tag-wholesale","10":"product_tag-25-0ml","11":"product_tag-20000-puffs","12":"product_tag-vapsolo","13":"product_shipping_class-eu-warehouse","14":"wcpa_has_options","16":"first","17":"instock","18":"shipping-taxable","19":"purchasable","20":"product-type-variable"},"aioseo_notices":[],"brands":[{"id":1271,"name":"Vapsolo","slug":"vapsolo"}],"_links":{"self":[{"href":"https:\/\/www.vape4wholesale.com\/pt\/wp-json\/wp\/v2\/product\/16445","targetHints":{"allow":["GET"]}}],"collection":[{"href":"https:\/\/www.vape4wholesale.com\/pt\/wp-json\/wp\/v2\/product"}],"about":[{"href":"https:\/\/www.vape4wholesale.com\/pt\/wp-json\/wp\/v2\/types\/product"}],"replies":[{"embeddable":true,"href":"https:\/\/www.vape4wholesale.com\/pt\/wp-json\/wp\/v2\/comments?post=16445"}],"wp:featuredmedia":[{"embeddable":true,"href":"https:\/\/www.vape4wholesale.com\/pt\/wp-json\/wp\/v2\/media\/16447"}],"wp:attachment":[{"href":"https:\/\/www.vape4wholesale.com\/pt\/wp-json\/wp\/v2\/media?parent=16445"}],"wp:term":[{"taxonomy":"pwb-brand","embeddable":true,"href":"https:\/\/www.vape4wholesale.com\/pt\/wp-json\/wp\/v2\/pwb-brand?post=16445"},{"taxonomy":"product_cat","embeddable":true,"href":"https:\/\/www.vape4wholesale.com\/pt\/wp-json\/wp\/v2\/product_cat?post=16445"},{"taxonomy":"product_tag","embeddable":true,"href":"https:\/\/www.vape4wholesale.com\/pt\/wp-json\/wp\/v2\/product_tag?post=16445"}],"curies":[{"name":"wp","href":"https:\/\/api.w.org\/{rel}","templated":true}]}}