{"id":16414,"date":"2024-07-23T14:13:00","date_gmt":"2024-07-23T06:13:00","guid":{"rendered":"https:\/\/www.vape4wholesale.com\/?post_type=product&#038;p=16414"},"modified":"2026-02-02T07:02:18","modified_gmt":"2026-02-02T07:02:18","slug":"vapsolo-viking-12000-puffs-vape-descartavel-por-atacado","status":"publish","type":"product","link":"https:\/\/www.vape4wholesale.com\/pt\/product\/vapsolo-viking-12000-puffs-disposable-vape-wholesale","title":{"rendered":"Vapsolo Viking 12000 Puffs Vape Descart\u00e1vel Atacado"},"content":{"rendered":"<p>O <a href=\"\/pt\/marca_do_produto\/vapsolo\/\">VapSolo<\/a> O Viking 12000 \u00e9 um vape descart\u00e1vel com um design \u00fanico que inclui uma bobina de malha, 22 ml de e-l\u00edquido pr\u00e9-cheio e uma bateria recarreg\u00e1vel de 650 mAh tipo C. O controlo de gest\u00e3o do fluxo de ar de 4 fases e o ecr\u00e3 LCD permitem ver a capacidade restante da bateria e do e-l\u00edquido.<\/p>\n<p>Encomende a granel a nossa vasta sele\u00e7\u00e3o de 15 sabores do vape descart\u00e1vel Vapsolo Viking 12000 com o melhor pre\u00e7o e envio r\u00e1pido.<\/p>\n<div>\n<h2>Vapsolo Viking 12000 Puffs Vape descart\u00e1vel Detalhe r\u00e1pido<\/h2>\n<ul>\n<li>Puff: At\u00e9 12000 baforadas<\/li>\n<li>L\u00edquido: 22 mL pr\u00e9-cheio<\/li>\n<li>Nicotina: 2%\/5%<\/li>\n<li>Bateria: 650mAh recarreg\u00e1vel<\/li>\n<li>N\u00facleo: Bobina de malha 1.0 \u03a9<\/li>\n<li>Pr\u00e9-cheio +Bobina de malha*2<\/li>\n<li>Recarreg\u00e1vel, porta de carregamento tipo C<\/li>\n<li>Controlo do fluxo de ar:4 n\u00edveis<\/li>\n<li>Indica\u00e7\u00e3o da pot\u00eancia e do sumo eletr\u00f3nico<\/li>\n<\/ul>\n<\/div>\n<div>\n<div class=\"wmkc-template-12\">\n<h2 class=\"wmkc-white\">Sabores dispon\u00edveis<\/h2>\n<\/div>\n<ol>\n<li>Mirtilo Framboesa<\/li>\n<li>Mirtilo<\/li>\n<li>Cereja com g\u00e1s<\/li>\n<li>Gelo de melancia<\/li>\n<li>Morango Kiwi<\/li>\n<li>Melancia com morango<\/li>\n<li>Sonho de ver\u00e3o<\/li>\n<li>Mirtilo Cereja Arando<\/li>\n<li>Lima-lim\u00e3o<\/li>\n<li>Urso de goma<\/li>\n<li>Banana com morango<\/li>\n<li>Hortel\u00e3 fresca<\/li>\n<li>Gelo de morango e framboesa<\/li>\n<li>P\u00eassego-lim\u00e3o<\/li>\n<li>Gelo de ma\u00e7\u00e3 vermelha<\/li>\n<\/ol>\n<\/div>\n<h2>Detalhes da embalagem:<\/h2>\n<ul>\n<li>200pcs\/ctn;10cs\/caixa<\/li>\n<li>Peso\uff1a85g\/pcs<\/li>\n<li>18,6 kg\/ctn<\/li>\n<li>Tamanho da caixa: 44*43*26.5CM<\/li>\n<\/ul>\n<figure id=\"attachment_16422\" aria-describedby=\"caption-attachment-16422\" style=\"width: 800px\" class=\"wp-caption alignnone\"><img loading=\"lazy\" decoding=\"async\" class=\"size-full wp-image-16422\" title=\"Vapsolo Viking 12000 Puffs Vape Descart\u00e1vel Atacado Lim\u00e3o P\u00eassego\" src=\"https:\/\/www.vape4wholesale.com\/wp-content\/uploads\/2024\/07\/Vapsolo-Viking-12000-Puffs-Disposable-Vape-Wholesale-Lemon-Peach.jpg\" alt=\"Vapsolo Viking 12000 Puffs Vape Descart\u00e1vel Atacado Lim\u00e3o P\u00eassego\" width=\"800\" height=\"800\" srcset=\"https:\/\/www.vape4wholesale.com\/wp-content\/uploads\/2024\/07\/Vapsolo-Viking-12000-Puffs-Disposable-Vape-Wholesale-Lemon-Peach.jpg 800w, https:\/\/www.vape4wholesale.com\/wp-content\/uploads\/2024\/07\/Vapsolo-Viking-12000-Puffs-Disposable-Vape-Wholesale-Lemon-Peach-247x247.jpg 247w, https:\/\/www.vape4wholesale.com\/wp-content\/uploads\/2024\/07\/Vapsolo-Viking-12000-Puffs-Disposable-Vape-Wholesale-Lemon-Peach-100x100.jpg 100w, https:\/\/www.vape4wholesale.com\/wp-content\/uploads\/2024\/07\/Vapsolo-Viking-12000-Puffs-Disposable-Vape-Wholesale-Lemon-Peach-510x510.jpg 510w, https:\/\/www.vape4wholesale.com\/wp-content\/uploads\/2024\/07\/Vapsolo-Viking-12000-Puffs-Disposable-Vape-Wholesale-Lemon-Peach-64x64.jpg 64w, https:\/\/www.vape4wholesale.com\/wp-content\/uploads\/2024\/07\/Vapsolo-Viking-12000-Puffs-Disposable-Vape-Wholesale-Lemon-Peach-300x300.jpg 300w, https:\/\/www.vape4wholesale.com\/wp-content\/uploads\/2024\/07\/Vapsolo-Viking-12000-Puffs-Disposable-Vape-Wholesale-Lemon-Peach-150x150.jpg 150w, https:\/\/www.vape4wholesale.com\/wp-content\/uploads\/2024\/07\/Vapsolo-Viking-12000-Puffs-Disposable-Vape-Wholesale-Lemon-Peach-768x768.jpg 768w, https:\/\/www.vape4wholesale.com\/wp-content\/uploads\/2024\/07\/Vapsolo-Viking-12000-Puffs-Disposable-Vape-Wholesale-Lemon-Peach-12x12.jpg 12w\" sizes=\"auto, (max-width: 800px) 100vw, 800px\" \/><figcaption id=\"caption-attachment-16422\" class=\"wp-caption-text\">Vapsolo Viking 12000 Puffs Vape Descart\u00e1vel Atacado<\/figcaption><\/figure>\n<h2>PORQU\u00ca N\u00d3S?<\/h2>\r\n<ul>\r\n<li>Fonte vape real, fi\u00e1vel e profissional.<\/li>\r\n<li>100% Garantia genu\u00edna: S\u00f3 fornecemos produtos originais e genu\u00ednos, recusamos a contrafa\u00e7\u00e3o.<\/li>\r\n<li>100% Garantia de entrega: Utilizamos o melhor m\u00e9todo de envio para garantir que recebe a encomenda 100%.<\/li>\r\n<li>Ap\u00f3s o envio, fornecer-lhe-emos o n\u00famero de acompanhamento e a etiqueta de envio e acompanharemos a mercadoria at\u00e9 que a receba.<\/li>\r\n<li>Sem problemas aduaneiros, sem direitos aduaneiros<\/li>\r\n<\/ul>","protected":false},"excerpt":{"rendered":"<p><b><span style=\"color: #00a859;\">Envio gr\u00e1tis<\/span>\u00a0Do armaz\u00e9m da Europa, tempo de entrega de 7 a 15 dias \u00fateis.<\/b><\/p>\r\n<div class=\"wsppc_div_block woocommerce_before_add_to_cart_form\">\r\n<p><strong>Desalfandegar antes da entrega e garantia de entrega 100%%<\/strong><\/p>\r\n<\/div>","protected":false},"featured_media":16419,"comment_status":"open","ping_status":"closed","template":"","meta":[],"pwb-brand":[1271],"product_cat":[871],"product_tag":[22,24,556,877,899],"class_list":{"0":"post-16414","1":"product","2":"type-product","3":"status-publish","4":"has-post-thumbnail","6":"pwb-brand-vapsolo","7":"product_cat-10-15k-puffs","8":"product_tag-disposable","9":"product_tag-wholesale","10":"product_tag-12000-puffs","11":"product_tag-22-0ml","12":"product_tag-vapsolo","13":"product_shipping_class-vapsolo-cn-eu","14":"wcpa_has_options","16":"first","17":"outofstock","18":"shipping-taxable","19":"purchasable","20":"product-type-variable"},"aioseo_notices":[],"brands":[{"id":1271,"name":"Vapsolo","slug":"vapsolo"}],"_links":{"self":[{"href":"https:\/\/www.vape4wholesale.com\/pt\/wp-json\/wp\/v2\/product\/16414","targetHints":{"allow":["GET"]}}],"collection":[{"href":"https:\/\/www.vape4wholesale.com\/pt\/wp-json\/wp\/v2\/product"}],"about":[{"href":"https:\/\/www.vape4wholesale.com\/pt\/wp-json\/wp\/v2\/types\/product"}],"replies":[{"embeddable":true,"href":"https:\/\/www.vape4wholesale.com\/pt\/wp-json\/wp\/v2\/comments?post=16414"}],"wp:featuredmedia":[{"embeddable":true,"href":"https:\/\/www.vape4wholesale.com\/pt\/wp-json\/wp\/v2\/media\/16419"}],"wp:attachment":[{"href":"https:\/\/www.vape4wholesale.com\/pt\/wp-json\/wp\/v2\/media?parent=16414"}],"wp:term":[{"taxonomy":"pwb-brand","embeddable":true,"href":"https:\/\/www.vape4wholesale.com\/pt\/wp-json\/wp\/v2\/pwb-brand?post=16414"},{"taxonomy":"product_cat","embeddable":true,"href":"https:\/\/www.vape4wholesale.com\/pt\/wp-json\/wp\/v2\/product_cat?post=16414"},{"taxonomy":"product_tag","embeddable":true,"href":"https:\/\/www.vape4wholesale.com\/pt\/wp-json\/wp\/v2\/product_tag?post=16414"}],"curies":[{"name":"wp","href":"https:\/\/api.w.org\/{rel}","templated":true}]}}