{"id":16238,"date":"2024-07-19T21:24:00","date_gmt":"2024-07-19T13:24:00","guid":{"rendered":"https:\/\/www.vape4wholesale.com\/?post_type=product&#038;p=16238"},"modified":"2026-01-27T14:50:06","modified_gmt":"2026-01-27T14:50:06","slug":"bang-engrenagem-mecanica-20000-puffs-vape-descartavel-por-atacado","status":"publish","type":"product","link":"https:\/\/www.vape4wholesale.com\/pt\/product\/bang-mechanical-gear-20000-puffs-disposable-vape-wholesale","title":{"rendered":"Bang Engrenagem Mec\u00e2nica 20000 Puffs Vape Descart\u00e1vel Atacado"},"content":{"rendered":"<p>O Bang Mechanical Gear 20000 \u00e9 um Vape descart\u00e1vel com uma engrenagem mec\u00e2nica que gira ao vaporizar, \u00e9 constru\u00eddo com 25ml de eliquid e com uma bateria recarreg\u00e1vel de 550mAh que suporta at\u00e9 20000 Puffs.<\/p>\n<p>Encomende a granel a nossa vasta sele\u00e7\u00e3o de 16 sabores Bang Mechanical Gear vape em 0%, 2%, 3%, 5% nicotina com o melhor pre\u00e7o e envio r\u00e1pido.<\/p>\n<h2><strong>Bang Mechanical Gear 20000 Vape Caracter\u00edsticas<\/strong><\/h2>\n<ul>\n<li>Puffs: At\u00e9 20000 puffs<\/li>\n<li>eLiquid: 25 ml de e-liquid pr\u00e9-carregado<\/li>\n<li>Nicotina: 0%\/ 2%\/ 3%\/ 5%Sal de nicotina<\/li>\n<li>Tipos:Descart\u00e1vel<\/li>\n<li>Bateria de 500mAh<\/li>\n<li>Ecr\u00e3 LED<\/li>\n<li>Tipo C recarreg\u00e1vel<\/li>\n<li>12 sabores dispon\u00edveis<\/li>\n<\/ul>\n<p>&nbsp;<\/p>\n<h2><strong>Lista de aromas<\/strong><\/h2>\n<p>1. manga com morango<br \/>\n2. bebida energ\u00e9tica<br \/>\n3. limonada de cereja e mirtilo<br \/>\n4. gelo de drag\u00e3o negro<br \/>\n5. gelo de p\u00eassego<br \/>\n6. banana com morango<br \/>\n7. mistura de frutas<br \/>\n8. gelo de mirtilo<br \/>\n9. gelo de melancia<br \/>\n10. morango Kiwi<br \/>\n11. amora framboesa<br \/>\n12. melancia com morango<\/p>\n<figure id=\"attachment_16239\" aria-describedby=\"caption-attachment-16239\" style=\"width: 800px\" class=\"wp-caption alignnone\"><img loading=\"lazy\" decoding=\"async\" class=\"size-full wp-image-16239\" title=\"Bang Mechanical Gear 20000 Puffs Vape Descart\u00e1vel Atacado (5)\" src=\"https:\/\/www.vape4wholesale.com\/wp-content\/uploads\/2024\/07\/Bang-Mechanical-Gear-20000-Puffs-Disposable-Vape-Wholesale-5.jpg\" alt=\"Bang Mechanical Gear 20000 Puffs Vape Descart\u00e1vel Atacado (5)\" width=\"800\" height=\"800\" srcset=\"https:\/\/www.vape4wholesale.com\/wp-content\/uploads\/2024\/07\/Bang-Mechanical-Gear-20000-Puffs-Disposable-Vape-Wholesale-5.jpg 800w, https:\/\/www.vape4wholesale.com\/wp-content\/uploads\/2024\/07\/Bang-Mechanical-Gear-20000-Puffs-Disposable-Vape-Wholesale-5-247x247.jpg 247w, https:\/\/www.vape4wholesale.com\/wp-content\/uploads\/2024\/07\/Bang-Mechanical-Gear-20000-Puffs-Disposable-Vape-Wholesale-5-100x100.jpg 100w, https:\/\/www.vape4wholesale.com\/wp-content\/uploads\/2024\/07\/Bang-Mechanical-Gear-20000-Puffs-Disposable-Vape-Wholesale-5-510x510.jpg 510w, https:\/\/www.vape4wholesale.com\/wp-content\/uploads\/2024\/07\/Bang-Mechanical-Gear-20000-Puffs-Disposable-Vape-Wholesale-5-64x64.jpg 64w, https:\/\/www.vape4wholesale.com\/wp-content\/uploads\/2024\/07\/Bang-Mechanical-Gear-20000-Puffs-Disposable-Vape-Wholesale-5-300x300.jpg 300w, https:\/\/www.vape4wholesale.com\/wp-content\/uploads\/2024\/07\/Bang-Mechanical-Gear-20000-Puffs-Disposable-Vape-Wholesale-5-150x150.jpg 150w, https:\/\/www.vape4wholesale.com\/wp-content\/uploads\/2024\/07\/Bang-Mechanical-Gear-20000-Puffs-Disposable-Vape-Wholesale-5-768x768.jpg 768w\" sizes=\"auto, (max-width: 800px) 100vw, 800px\" \/><figcaption id=\"caption-attachment-16239\" class=\"wp-caption-text\">Bang Engrenagem Mec\u00e2nica 20000 Puffs Vape Descart\u00e1vel Atacado<\/figcaption><\/figure>\n<h2>PORQU\u00ca N\u00d3S?<\/h2>\r\n<ul>\r\n<li>Fonte vape real, fi\u00e1vel e profissional.<\/li>\r\n<li>100% Garantia genu\u00edna: S\u00f3 fornecemos produtos originais e genu\u00ednos, recusamos a contrafa\u00e7\u00e3o.<\/li>\r\n<li>100% Garantia de entrega: Utilizamos o melhor m\u00e9todo de envio para garantir que recebe a encomenda 100%.<\/li>\r\n<li>Ap\u00f3s o envio, fornecer-lhe-emos o n\u00famero de acompanhamento e a etiqueta de envio e acompanharemos a mercadoria at\u00e9 que a receba.<\/li>\r\n<li>Sem problemas aduaneiros, sem direitos aduaneiros<\/li>\r\n<\/ul>","protected":false},"excerpt":{"rendered":"<div class=\"wsppc_div_block woocommerce_before_add_to_cart_form\">\r\n<p><strong><span style=\"color: #00a859;\">Clear customs<\/span> before delivery &amp; 100% Delivery Guarantee, Delivery in 19~25 days around.\u00a0<\/strong><\/p>\r\n<\/div>","protected":false},"featured_media":16244,"comment_status":"open","ping_status":"closed","template":"","meta":[],"pwb-brand":[1275],"product_cat":[873],"product_tag":[22,24,249,692,794],"class_list":{"0":"post-16238","1":"product","2":"type-product","3":"status-publish","4":"has-post-thumbnail","6":"pwb-brand-bang","7":"product_cat-above-20k-puffs","8":"product_tag-disposable","9":"product_tag-wholesale","10":"product_tag-bang","11":"product_tag-25-0ml","12":"product_tag-20000-puffs","13":"wcpa_has_options","15":"first","16":"outofstock","17":"shipping-taxable","18":"purchasable","19":"product-type-variable"},"aioseo_notices":[],"brands":[{"id":1275,"name":"Pancada","slug":"pancada"}],"_links":{"self":[{"href":"https:\/\/www.vape4wholesale.com\/pt\/wp-json\/wp\/v2\/product\/16238","targetHints":{"allow":["GET"]}}],"collection":[{"href":"https:\/\/www.vape4wholesale.com\/pt\/wp-json\/wp\/v2\/product"}],"about":[{"href":"https:\/\/www.vape4wholesale.com\/pt\/wp-json\/wp\/v2\/types\/product"}],"replies":[{"embeddable":true,"href":"https:\/\/www.vape4wholesale.com\/pt\/wp-json\/wp\/v2\/comments?post=16238"}],"wp:featuredmedia":[{"embeddable":true,"href":"https:\/\/www.vape4wholesale.com\/pt\/wp-json\/wp\/v2\/media\/16244"}],"wp:attachment":[{"href":"https:\/\/www.vape4wholesale.com\/pt\/wp-json\/wp\/v2\/media?parent=16238"}],"wp:term":[{"taxonomy":"pwb-brand","embeddable":true,"href":"https:\/\/www.vape4wholesale.com\/pt\/wp-json\/wp\/v2\/pwb-brand?post=16238"},{"taxonomy":"product_cat","embeddable":true,"href":"https:\/\/www.vape4wholesale.com\/pt\/wp-json\/wp\/v2\/product_cat?post=16238"},{"taxonomy":"product_tag","embeddable":true,"href":"https:\/\/www.vape4wholesale.com\/pt\/wp-json\/wp\/v2\/product_tag?post=16238"}],"curies":[{"name":"wp","href":"https:\/\/api.w.org\/{rel}","templated":true}]}}