{"id":16121,"date":"2024-07-02T15:07:00","date_gmt":"2024-07-02T07:07:00","guid":{"rendered":"https:\/\/www.vape4wholesale.com\/?post_type=product&#038;p=16121"},"modified":"2026-01-27T14:55:36","modified_gmt":"2026-01-27T14:55:36","slug":"fihp-monster-shisha-12000-puffs-vape-descartavel-por-atacado","status":"publish","type":"product","link":"https:\/\/www.vape4wholesale.com\/pt\/product\/fihp-monster-shisha-12000-puffs-disposable-vape-wholesale","title":{"rendered":"FIHP Monster Shisha 12000 Puffs Vape Descart\u00e1vel Atacado"},"content":{"rendered":"<p>O FIHP Monster \u00e9 um vape descart\u00e1vel de narguil\u00e9 com um design agrad\u00e1vel, vem com um exterior colorido envolto em couro e com ecr\u00e3 de led. constru\u00eddo com bateria recarreg\u00e1vel de 650mah e 20ml de l\u00edquido, que suporta no m\u00e1ximo 12000 baforadas.<\/p>\n<p>Encomende a granel os nossos 10 sabores de FIHP Monster com o melhor pre\u00e7o e envio r\u00e1pido.<\/p>\n<h2><strong>FIHP Monster Shisha 12000 Puffs Caracter\u00edsticas do produto<\/strong><\/h2>\n<ul>\n<li><strong>Puffs<\/strong>: Desfrute de at\u00e9 12000 baforadas por dispositivo, garantindo uma satisfa\u00e7\u00e3o duradoura.<\/li>\n<li><strong>N\u00facleo<\/strong>: Equipado com uma bobina de malha de \u00faltima gera\u00e7\u00e3o a 0,6ohm para uma produ\u00e7\u00e3o de vapor suave e consistente.<\/li>\n<li><strong>E-l\u00edquido<\/strong>: Cont\u00e9m uma generosa quantidade de 22 ml de e-l\u00edquido por dispositivo, concebido para um sabor rico e um prazer prolongado.<\/li>\n<li><strong>Nicotina<\/strong>: Baixo teor de nicotina de 6 mg, ideal para quem procura uma experi\u00eancia de vaporiza\u00e7\u00e3o mais suave.<\/li>\n<li><strong>Bateria<\/strong>: Alimentado por uma robusta bateria de 650mAh, garante fiabilidade e uma utiliza\u00e7\u00e3o prolongada.<\/li>\n<li><strong>Recarreg\u00e1vel<\/strong>: Com capacidade de carregamento r\u00e1pido Tipo C para recargas c\u00f3modas e r\u00e1pidas.<\/li>\n<li><strong>Ecr\u00e3 LED<\/strong>: Inclui um ecr\u00e3 LED intuitivo para uma visibilidade clara da dura\u00e7\u00e3o da bateria e das estat\u00edsticas de utiliza\u00e7\u00e3o.<\/li>\n<\/ul>\n<h2><strong>Lista de aromas<\/strong><\/h2>\n<ol>\n<li><strong>Gelo de melancia<\/strong>: Melancia crocante com um final refrescante e gelado, perfeito para os dias quentes.<\/li>\n<li><strong>Gelo de uva<\/strong>: Uvas sumarentas combinadas com um toque refrescante de mentol, um delicioso vape para todo o dia.<\/li>\n<li><strong>Mirtilo Framboesa<\/strong>: Uma mistura harmoniosa de mirtilos doces e framboesas \u00e1cidas, uma explos\u00e3o frutada.<\/li>\n<li><strong>Morango Kiwi<\/strong>: Morangos maduros combinados com kiwi picante, uma combina\u00e7\u00e3o cl\u00e1ssica.<\/li>\n<li><strong>Bagas mistas<\/strong>: Bagas variadas com uma do\u00e7ura natural, um sonho para os amantes das bagas.<\/li>\n<li><strong>Melancia com morango<\/strong>: Morangos doces misturados com melancia sumarenta, um favorito do ver\u00e3o.<\/li>\n<li><strong>Pastilha el\u00e1stica de melancia<\/strong>: Melancia sumarenta com um sabor nost\u00e1lgico a pastilha el\u00e1stica, uma del\u00edcia divertida.<\/li>\n<li><strong>P\u00eassego Manga Anan\u00e1s<\/strong>: Para\u00edso tropical com mangas maduras, p\u00eassegos suculentos e anan\u00e1s picante.<\/li>\n<li><strong>Kiwi Maracuj\u00e1 Goiaba<\/strong>: Mistura ex\u00f3tica de kiwi, maracuj\u00e1 e goiaba para uma escapadela tropical.<\/li>\n<li><strong>Morango Framboesa Cereja<\/strong>: Mistura vibrante de morangos, framboesas e cerejas, repleta de frutos.<\/li>\n<\/ol>\n<figure id=\"attachment_16133\" aria-describedby=\"caption-attachment-16133\" style=\"width: 800px\" class=\"wp-caption alignnone\"><img loading=\"lazy\" decoding=\"async\" class=\"wp-image-16133 size-full\" title=\"FIHP Monster Shisha 12000 Puffs Vape Descart\u00e1vel Atacado (12)\" src=\"https:\/\/www.vape4wholesale.com\/wp-content\/uploads\/2024\/07\/FIHP-Monster-Shisha-12000-Puffs-Disposable-Vape-Wholesale-12.webp\" alt=\"FIHP Monster Shisha 12000 Puffs Vape Descart\u00e1vel Atacado (12)\" width=\"800\" height=\"800\" srcset=\"https:\/\/www.vape4wholesale.com\/wp-content\/uploads\/2024\/07\/FIHP-Monster-Shisha-12000-Puffs-Disposable-Vape-Wholesale-12.webp 800w, https:\/\/www.vape4wholesale.com\/wp-content\/uploads\/2024\/07\/FIHP-Monster-Shisha-12000-Puffs-Disposable-Vape-Wholesale-12-247x247.webp 247w, https:\/\/www.vape4wholesale.com\/wp-content\/uploads\/2024\/07\/FIHP-Monster-Shisha-12000-Puffs-Disposable-Vape-Wholesale-12-100x100.webp 100w, https:\/\/www.vape4wholesale.com\/wp-content\/uploads\/2024\/07\/FIHP-Monster-Shisha-12000-Puffs-Disposable-Vape-Wholesale-12-510x510.webp 510w, https:\/\/www.vape4wholesale.com\/wp-content\/uploads\/2024\/07\/FIHP-Monster-Shisha-12000-Puffs-Disposable-Vape-Wholesale-12-64x64.webp 64w, https:\/\/www.vape4wholesale.com\/wp-content\/uploads\/2024\/07\/FIHP-Monster-Shisha-12000-Puffs-Disposable-Vape-Wholesale-12-300x300.webp 300w, https:\/\/www.vape4wholesale.com\/wp-content\/uploads\/2024\/07\/FIHP-Monster-Shisha-12000-Puffs-Disposable-Vape-Wholesale-12-150x150.webp 150w, https:\/\/www.vape4wholesale.com\/wp-content\/uploads\/2024\/07\/FIHP-Monster-Shisha-12000-Puffs-Disposable-Vape-Wholesale-12-768x768.webp 768w\" sizes=\"auto, (max-width: 800px) 100vw, 800px\" \/><figcaption id=\"caption-attachment-16133\" class=\"wp-caption-text\">FIHP Monster Shisha 12000 Puffs Vape Descart\u00e1vel Atacado<\/figcaption><\/figure>\n<p><img loading=\"lazy\" decoding=\"async\" class=\"alignnone size-full wp-image-16135\" title=\"FIHP Monster Shisha 12000 Puffs Vape Descart\u00e1vel Atacado\" src=\"https:\/\/www.vape4wholesale.com\/wp-content\/uploads\/2024\/07\/FIHP-Monster-Shisha-12000-Puffs-Disposable-Vape-Wholesale.webp\" alt=\"FIHP Monster Shisha 12000 Puffs Vape Descart\u00e1vel Atacado\" width=\"800\" height=\"800\" srcset=\"https:\/\/www.vape4wholesale.com\/wp-content\/uploads\/2024\/07\/FIHP-Monster-Shisha-12000-Puffs-Disposable-Vape-Wholesale.webp 800w, https:\/\/www.vape4wholesale.com\/wp-content\/uploads\/2024\/07\/FIHP-Monster-Shisha-12000-Puffs-Disposable-Vape-Wholesale-247x247.webp 247w, https:\/\/www.vape4wholesale.com\/wp-content\/uploads\/2024\/07\/FIHP-Monster-Shisha-12000-Puffs-Disposable-Vape-Wholesale-100x100.webp 100w, https:\/\/www.vape4wholesale.com\/wp-content\/uploads\/2024\/07\/FIHP-Monster-Shisha-12000-Puffs-Disposable-Vape-Wholesale-510x510.webp 510w, https:\/\/www.vape4wholesale.com\/wp-content\/uploads\/2024\/07\/FIHP-Monster-Shisha-12000-Puffs-Disposable-Vape-Wholesale-64x64.webp 64w, https:\/\/www.vape4wholesale.com\/wp-content\/uploads\/2024\/07\/FIHP-Monster-Shisha-12000-Puffs-Disposable-Vape-Wholesale-300x300.webp 300w, https:\/\/www.vape4wholesale.com\/wp-content\/uploads\/2024\/07\/FIHP-Monster-Shisha-12000-Puffs-Disposable-Vape-Wholesale-150x150.webp 150w, https:\/\/www.vape4wholesale.com\/wp-content\/uploads\/2024\/07\/FIHP-Monster-Shisha-12000-Puffs-Disposable-Vape-Wholesale-768x768.webp 768w\" sizes=\"auto, (max-width: 800px) 100vw, 800px\" \/> <img loading=\"lazy\" decoding=\"async\" class=\"alignnone size-full wp-image-16134\" title=\"FIHP Monster Shisha 12000 Puffs Vape Descart\u00e1vel Atacado (13)\" src=\"https:\/\/www.vape4wholesale.com\/wp-content\/uploads\/2024\/07\/FIHP-Monster-Shisha-12000-Puffs-Disposable-Vape-Wholesale-13.webp\" alt=\"FIHP Monster Shisha 12000 Puffs Vape Descart\u00e1vel Atacado (13)\" width=\"800\" height=\"800\" srcset=\"https:\/\/www.vape4wholesale.com\/wp-content\/uploads\/2024\/07\/FIHP-Monster-Shisha-12000-Puffs-Disposable-Vape-Wholesale-13.webp 800w, https:\/\/www.vape4wholesale.com\/wp-content\/uploads\/2024\/07\/FIHP-Monster-Shisha-12000-Puffs-Disposable-Vape-Wholesale-13-247x247.webp 247w, https:\/\/www.vape4wholesale.com\/wp-content\/uploads\/2024\/07\/FIHP-Monster-Shisha-12000-Puffs-Disposable-Vape-Wholesale-13-100x100.webp 100w, https:\/\/www.vape4wholesale.com\/wp-content\/uploads\/2024\/07\/FIHP-Monster-Shisha-12000-Puffs-Disposable-Vape-Wholesale-13-510x510.webp 510w, https:\/\/www.vape4wholesale.com\/wp-content\/uploads\/2024\/07\/FIHP-Monster-Shisha-12000-Puffs-Disposable-Vape-Wholesale-13-64x64.webp 64w, https:\/\/www.vape4wholesale.com\/wp-content\/uploads\/2024\/07\/FIHP-Monster-Shisha-12000-Puffs-Disposable-Vape-Wholesale-13-300x300.webp 300w, https:\/\/www.vape4wholesale.com\/wp-content\/uploads\/2024\/07\/FIHP-Monster-Shisha-12000-Puffs-Disposable-Vape-Wholesale-13-150x150.webp 150w, https:\/\/www.vape4wholesale.com\/wp-content\/uploads\/2024\/07\/FIHP-Monster-Shisha-12000-Puffs-Disposable-Vape-Wholesale-13-768x768.webp 768w\" sizes=\"auto, (max-width: 800px) 100vw, 800px\" \/><\/p>\n<h2>PORQU\u00ca N\u00d3S?<\/h2>\r\n<ul>\r\n<li>Fonte vape real, fi\u00e1vel e profissional.<\/li>\r\n<li>100% Garantia genu\u00edna: S\u00f3 fornecemos produtos originais e genu\u00ednos, recusamos a contrafa\u00e7\u00e3o.<\/li>\r\n<li>100% Garantia de entrega: Utilizamos o melhor m\u00e9todo de envio para garantir que recebe a encomenda 100%.<\/li>\r\n<li>Ap\u00f3s o envio, fornecer-lhe-emos o n\u00famero de acompanhamento e a etiqueta de envio e acompanharemos a mercadoria at\u00e9 que a receba.<\/li>\r\n<li>Sem problemas aduaneiros, sem direitos aduaneiros<\/li>\r\n<\/ul>","protected":false},"excerpt":{"rendered":"<div class=\"wsppc_div_block woocommerce_before_add_to_cart_form\">\r\n<p><strong><span style=\"color: #00a859;\">Passar na alf\u00e2ndega<\/span> antes da entrega e% Garantia de Entrega de 100 dias, Entrega em cerca de 19 a 25 dias.\u00a0<\/strong><\/p>\r\n<\/div>","protected":false},"featured_media":16124,"comment_status":"open","ping_status":"closed","template":"","meta":[],"pwb-brand":[1279],"product_cat":[871],"product_tag":[22,24,556,877,878],"class_list":{"0":"post-16121","1":"product","2":"type-product","3":"status-publish","4":"has-post-thumbnail","6":"pwb-brand-fihp","7":"product_cat-10-15k-puffs","8":"product_tag-disposable","9":"product_tag-wholesale","10":"product_tag-12000-puffs","11":"product_tag-22-0ml","12":"product_tag-fihp","14":"first","15":"instock","16":"shipping-taxable","17":"purchasable","18":"product-type-variable"},"aioseo_notices":[],"brands":[{"id":1279,"name":"FIHP","slug":"fihp"}],"_links":{"self":[{"href":"https:\/\/www.vape4wholesale.com\/pt\/wp-json\/wp\/v2\/product\/16121","targetHints":{"allow":["GET"]}}],"collection":[{"href":"https:\/\/www.vape4wholesale.com\/pt\/wp-json\/wp\/v2\/product"}],"about":[{"href":"https:\/\/www.vape4wholesale.com\/pt\/wp-json\/wp\/v2\/types\/product"}],"replies":[{"embeddable":true,"href":"https:\/\/www.vape4wholesale.com\/pt\/wp-json\/wp\/v2\/comments?post=16121"}],"wp:featuredmedia":[{"embeddable":true,"href":"https:\/\/www.vape4wholesale.com\/pt\/wp-json\/wp\/v2\/media\/16124"}],"wp:attachment":[{"href":"https:\/\/www.vape4wholesale.com\/pt\/wp-json\/wp\/v2\/media?parent=16121"}],"wp:term":[{"taxonomy":"pwb-brand","embeddable":true,"href":"https:\/\/www.vape4wholesale.com\/pt\/wp-json\/wp\/v2\/pwb-brand?post=16121"},{"taxonomy":"product_cat","embeddable":true,"href":"https:\/\/www.vape4wholesale.com\/pt\/wp-json\/wp\/v2\/product_cat?post=16121"},{"taxonomy":"product_tag","embeddable":true,"href":"https:\/\/www.vape4wholesale.com\/pt\/wp-json\/wp\/v2\/product_tag?post=16121"}],"curies":[{"name":"wp","href":"https:\/\/api.w.org\/{rel}","templated":true}]}}