{"id":16094,"date":"2024-07-01T18:17:00","date_gmt":"2024-07-01T10:17:00","guid":{"rendered":"https:\/\/www.vape4wholesale.com\/?post_type=product&#038;p=16094"},"modified":"2026-01-27T14:58:52","modified_gmt":"2026-01-27T14:58:52","slug":"breze-stiik-king-max-pro-18000-puffs-dtl-descartavel-vape-wholesale","status":"publish","type":"product","link":"https:\/\/www.vape4wholesale.com\/pt\/product\/breze-stiik-king-max-pro-18000-puffs-dtl-disposable-vape-wholesale","title":{"rendered":"Breze Stiik King Max Pro 18000 Puffs DTL Vape Descart\u00e1vel Atacado"},"content":{"rendered":"<p>O Breze Stiik King Max Pro \u00e9 um vape descart\u00e1vel comut\u00e1vel DTL\/RDL, vem com um ecr\u00e3 LED para mostrar o n\u00edvel da bateria e do E-l\u00edquido. constru\u00eddo com 24ml de e-l\u00edquido e bateria recarreg\u00e1vel de 600mah que suporta at\u00e9 18000 puffs.<\/p>\n<h2><strong>Breze Stiik King Max Pro 18000 Puffs DTL Vape Descart\u00e1vel Caracter\u00edsticas principais<\/strong><\/h2>\n<ul>\n<li>18000 baforadas: Desfruta de uma viagem vaporizadora de longa dura\u00e7\u00e3o com um n\u00famero impressionante de baforadas.<\/li>\n<li>Bateria de 600mAh: Energia fi\u00e1vel que garante a sua satisfa\u00e7\u00e3o durante todo o dia.<\/li>\n<li>Capacidade de 24 ml de e-l\u00edquido: Uma quantidade generosa de e-l\u00edquido para um prazer ininterrupto.<\/li>\n<li>Dimens\u00f5es 34x120mm: Compacto e port\u00e1til, perfeito para utiliza\u00e7\u00e3o em viagem.<\/li>\n<li>Ecr\u00e3 LED: Mantenha-se informado com indicadores de n\u00edvel de bateria e l\u00edquido em tempo real.<\/li>\n<li>Punho de couro luxuoso: Um acabamento em pele macia proporciona uma pega confort\u00e1vel e elegante.<\/li>\n<li>Bobina de malha sub-ohm: Experimente os sabores mais puros com a nossa bobina de malha sub-ohm, ideal para vaping DTL (Direct-to-Lung).<\/li>\n<li>Fluxo de ar ajust\u00e1vel: Personalize o seu desenho com o sistema de fluxo de ar amplamente ajust\u00e1vel.<\/li>\n<li>Nicotina: 0%, 1%, 2%<\/li>\n<\/ul>\n<h2><strong>Lista de sabores<\/strong><\/h2>\n<ol>\n<li>Limonada Blue Raz<\/li>\n<li>Algod\u00e3o doce<\/li>\n<li>Ma\u00e7\u00e3 P\u00eassego<\/li>\n<li>Gelo de melancia<\/li>\n<li>Gelo de menta<\/li>\n<li>Gelado de morango<\/li>\n<li>Mirtilo Framboesa<\/li>\n<li>P\u00eassego Manga<\/li>\n<li>Refrigerante de uva<\/li>\n<li>Morango Kiwi<\/li>\n<\/ol>\n<p>&nbsp;<\/p>\n<h2><strong>Detalhes da embalagem<\/strong><\/h2>\n<p>1 unidade\/embalagem<br data-filtered=\"filtered\" \/>10 unidades\/caixa<br data-filtered=\"filtered\" \/>150 unidades\/caixa de cart\u00e3o 18 kg<\/p>\n<figure id=\"attachment_16113\" aria-describedby=\"caption-attachment-16113\" style=\"width: 800px\" class=\"wp-caption alignnone\"><img loading=\"lazy\" decoding=\"async\" class=\"wp-image-16113 size-full\" title=\"Breze Stiik King Max Pro 18000 Puffs DTL Vape Descart\u00e1vel Atacado P\u00caSSEGO MANGO\" src=\"https:\/\/www.vape4wholesale.com\/wp-content\/uploads\/2024\/07\/Breze-Stiik-King-Max-Pro-18000-Puffs-DTL-Disposable-Vape-Wholesale-PEACH-MANGO.jpg\" alt=\"Breze Stiik King Max Pro 18000 Puffs DTL Vape Descart\u00e1vel Atacado P\u00caSSEGO MANGO\" width=\"800\" height=\"800\" srcset=\"https:\/\/www.vape4wholesale.com\/wp-content\/uploads\/2024\/07\/Breze-Stiik-King-Max-Pro-18000-Puffs-DTL-Disposable-Vape-Wholesale-PEACH-MANGO.jpg 800w, https:\/\/www.vape4wholesale.com\/wp-content\/uploads\/2024\/07\/Breze-Stiik-King-Max-Pro-18000-Puffs-DTL-Disposable-Vape-Wholesale-PEACH-MANGO-247x247.jpg 247w, https:\/\/www.vape4wholesale.com\/wp-content\/uploads\/2024\/07\/Breze-Stiik-King-Max-Pro-18000-Puffs-DTL-Disposable-Vape-Wholesale-PEACH-MANGO-100x100.jpg 100w, https:\/\/www.vape4wholesale.com\/wp-content\/uploads\/2024\/07\/Breze-Stiik-King-Max-Pro-18000-Puffs-DTL-Disposable-Vape-Wholesale-PEACH-MANGO-510x510.jpg 510w, https:\/\/www.vape4wholesale.com\/wp-content\/uploads\/2024\/07\/Breze-Stiik-King-Max-Pro-18000-Puffs-DTL-Disposable-Vape-Wholesale-PEACH-MANGO-64x64.jpg 64w, https:\/\/www.vape4wholesale.com\/wp-content\/uploads\/2024\/07\/Breze-Stiik-King-Max-Pro-18000-Puffs-DTL-Disposable-Vape-Wholesale-PEACH-MANGO-300x300.jpg 300w, https:\/\/www.vape4wholesale.com\/wp-content\/uploads\/2024\/07\/Breze-Stiik-King-Max-Pro-18000-Puffs-DTL-Disposable-Vape-Wholesale-PEACH-MANGO-150x150.jpg 150w, https:\/\/www.vape4wholesale.com\/wp-content\/uploads\/2024\/07\/Breze-Stiik-King-Max-Pro-18000-Puffs-DTL-Disposable-Vape-Wholesale-PEACH-MANGO-768x768.jpg 768w\" sizes=\"auto, (max-width: 800px) 100vw, 800px\" \/><figcaption id=\"caption-attachment-16113\" class=\"wp-caption-text\">Breze Stiik King Max Pro 18000 Puffs DTL Vape Descart\u00e1vel Atacado<\/figcaption><\/figure>\n<p><img loading=\"lazy\" decoding=\"async\" class=\"alignnone size-full wp-image-16106\" title=\"Breze Stiik King Max Pro 18000 Puffs DTL Vape Descart\u00e1vel Atacado\" src=\"https:\/\/www.vape4wholesale.com\/wp-content\/uploads\/2024\/07\/Breze-Stiik-King-Max-Pro-18000-Puffs-DTL-Disposable-Vape-Wholesale.jpg\" alt=\"Breze Stiik King Max Pro 18000 Puffs DTL Vape Descart\u00e1vel Atacado\" width=\"800\" height=\"800\" srcset=\"https:\/\/www.vape4wholesale.com\/wp-content\/uploads\/2024\/07\/Breze-Stiik-King-Max-Pro-18000-Puffs-DTL-Disposable-Vape-Wholesale.jpg 800w, https:\/\/www.vape4wholesale.com\/wp-content\/uploads\/2024\/07\/Breze-Stiik-King-Max-Pro-18000-Puffs-DTL-Disposable-Vape-Wholesale-247x247.jpg 247w, https:\/\/www.vape4wholesale.com\/wp-content\/uploads\/2024\/07\/Breze-Stiik-King-Max-Pro-18000-Puffs-DTL-Disposable-Vape-Wholesale-100x100.jpg 100w, https:\/\/www.vape4wholesale.com\/wp-content\/uploads\/2024\/07\/Breze-Stiik-King-Max-Pro-18000-Puffs-DTL-Disposable-Vape-Wholesale-510x510.jpg 510w, https:\/\/www.vape4wholesale.com\/wp-content\/uploads\/2024\/07\/Breze-Stiik-King-Max-Pro-18000-Puffs-DTL-Disposable-Vape-Wholesale-64x64.jpg 64w, https:\/\/www.vape4wholesale.com\/wp-content\/uploads\/2024\/07\/Breze-Stiik-King-Max-Pro-18000-Puffs-DTL-Disposable-Vape-Wholesale-300x300.jpg 300w, https:\/\/www.vape4wholesale.com\/wp-content\/uploads\/2024\/07\/Breze-Stiik-King-Max-Pro-18000-Puffs-DTL-Disposable-Vape-Wholesale-150x150.jpg 150w, https:\/\/www.vape4wholesale.com\/wp-content\/uploads\/2024\/07\/Breze-Stiik-King-Max-Pro-18000-Puffs-DTL-Disposable-Vape-Wholesale-768x768.jpg 768w\" sizes=\"auto, (max-width: 800px) 100vw, 800px\" \/> <img loading=\"lazy\" decoding=\"async\" class=\"alignnone size-full wp-image-16105\" title=\"Breze Stiik King Max Pro 18000 Puffs DTL Vape Descart\u00e1vel Embalagem por atacado\" src=\"https:\/\/www.vape4wholesale.com\/wp-content\/uploads\/2024\/07\/Breze-Stiik-King-Max-Pro-18000-Puffs-DTL-Disposable-Vape-Wholesale-Packing.jpg\" alt=\"Breze Stiik King Max Pro 18000 Puffs DTL Vape Descart\u00e1vel Embalagem por atacado\" width=\"800\" height=\"800\" srcset=\"https:\/\/www.vape4wholesale.com\/wp-content\/uploads\/2024\/07\/Breze-Stiik-King-Max-Pro-18000-Puffs-DTL-Disposable-Vape-Wholesale-Packing.jpg 800w, https:\/\/www.vape4wholesale.com\/wp-content\/uploads\/2024\/07\/Breze-Stiik-King-Max-Pro-18000-Puffs-DTL-Disposable-Vape-Wholesale-Packing-247x247.jpg 247w, https:\/\/www.vape4wholesale.com\/wp-content\/uploads\/2024\/07\/Breze-Stiik-King-Max-Pro-18000-Puffs-DTL-Disposable-Vape-Wholesale-Packing-100x100.jpg 100w, https:\/\/www.vape4wholesale.com\/wp-content\/uploads\/2024\/07\/Breze-Stiik-King-Max-Pro-18000-Puffs-DTL-Disposable-Vape-Wholesale-Packing-510x510.jpg 510w, https:\/\/www.vape4wholesale.com\/wp-content\/uploads\/2024\/07\/Breze-Stiik-King-Max-Pro-18000-Puffs-DTL-Disposable-Vape-Wholesale-Packing-64x64.jpg 64w, https:\/\/www.vape4wholesale.com\/wp-content\/uploads\/2024\/07\/Breze-Stiik-King-Max-Pro-18000-Puffs-DTL-Disposable-Vape-Wholesale-Packing-300x300.jpg 300w, https:\/\/www.vape4wholesale.com\/wp-content\/uploads\/2024\/07\/Breze-Stiik-King-Max-Pro-18000-Puffs-DTL-Disposable-Vape-Wholesale-Packing-150x150.jpg 150w, https:\/\/www.vape4wholesale.com\/wp-content\/uploads\/2024\/07\/Breze-Stiik-King-Max-Pro-18000-Puffs-DTL-Disposable-Vape-Wholesale-Packing-768x768.jpg 768w\" sizes=\"auto, (max-width: 800px) 100vw, 800px\" \/><\/p>\n<h2>PORQU\u00ca N\u00d3S?<\/h2>\r\n<ul>\r\n<li>Fonte vape real, fi\u00e1vel e profissional.<\/li>\r\n<li>100% Garantia genu\u00edna: S\u00f3 fornecemos produtos originais e genu\u00ednos, recusamos a contrafa\u00e7\u00e3o.<\/li>\r\n<li>100% Garantia de entrega: Utilizamos o melhor m\u00e9todo de envio para garantir que recebe a encomenda 100%.<\/li>\r\n<li>Ap\u00f3s o envio, fornecer-lhe-emos o n\u00famero de acompanhamento e a etiqueta de envio e acompanharemos a mercadoria at\u00e9 que a receba.<\/li>\r\n<li>Sem problemas aduaneiros, sem direitos aduaneiros<\/li>\r\n<\/ul>","protected":false},"excerpt":{"rendered":"<div class=\"wsppc_div_block woocommerce_before_add_to_cart_form\">\r\n<p><strong><span style=\"color: #00a859;\">Clear customs<\/span> before delivery &amp; 100% Delivery Guarantee, Delivery in 19~25 days around.\u00a0<\/strong><\/p>\r\n<\/div>","protected":false},"featured_media":16113,"comment_status":"open","ping_status":"closed","template":"","meta":[],"pwb-brand":[1289],"product_cat":[872],"product_tag":[22,24,719,867,868],"class_list":{"0":"post-16094","1":"product","2":"type-product","3":"status-publish","4":"has-post-thumbnail","6":"pwb-brand-others","7":"product_cat-15k-20k-puffs","8":"product_tag-disposable","9":"product_tag-wholesale","10":"product_tag-18000-puffs","11":"product_tag-24-0ml","12":"product_tag-breze-stiik","13":"wcpa_has_options","15":"first","16":"instock","17":"shipping-taxable","18":"purchasable","19":"product-type-variable"},"aioseo_notices":[],"brands":[{"id":1289,"name":"Outros","slug":"outros"}],"_links":{"self":[{"href":"https:\/\/www.vape4wholesale.com\/pt\/wp-json\/wp\/v2\/product\/16094","targetHints":{"allow":["GET"]}}],"collection":[{"href":"https:\/\/www.vape4wholesale.com\/pt\/wp-json\/wp\/v2\/product"}],"about":[{"href":"https:\/\/www.vape4wholesale.com\/pt\/wp-json\/wp\/v2\/types\/product"}],"replies":[{"embeddable":true,"href":"https:\/\/www.vape4wholesale.com\/pt\/wp-json\/wp\/v2\/comments?post=16094"}],"wp:featuredmedia":[{"embeddable":true,"href":"https:\/\/www.vape4wholesale.com\/pt\/wp-json\/wp\/v2\/media\/16113"}],"wp:attachment":[{"href":"https:\/\/www.vape4wholesale.com\/pt\/wp-json\/wp\/v2\/media?parent=16094"}],"wp:term":[{"taxonomy":"pwb-brand","embeddable":true,"href":"https:\/\/www.vape4wholesale.com\/pt\/wp-json\/wp\/v2\/pwb-brand?post=16094"},{"taxonomy":"product_cat","embeddable":true,"href":"https:\/\/www.vape4wholesale.com\/pt\/wp-json\/wp\/v2\/product_cat?post=16094"},{"taxonomy":"product_tag","embeddable":true,"href":"https:\/\/www.vape4wholesale.com\/pt\/wp-json\/wp\/v2\/product_tag?post=16094"}],"curies":[{"name":"wp","href":"https:\/\/api.w.org\/{rel}","templated":true}]}}