{"id":1604,"date":"2021-12-15T12:57:31","date_gmt":"2021-12-15T04:57:31","guid":{"rendered":"https:\/\/www.vape4wholesale.com\/?post_type=product&#038;p=1604"},"modified":"2026-01-26T13:43:50","modified_gmt":"2026-01-26T13:43:50","slug":"lavie-bar-2-vape-descartavel-sem-nicotina-800-puffs-wholesale","status":"publish","type":"product","link":"https:\/\/www.vape4wholesale.com\/pt\/product\/lavie-bar-2-nicotine-free-disposable-vape-800-puffs-wholesale","title":{"rendered":"Lavie Bar 2% \/ Vape descart\u00e1vel sem nicotina (800 puffs) Atacado"},"content":{"rendered":"<p>O <a href=\"https:\/\/www.vape4wholesale.com\/pt\/marca_do_produto\/lavie\/\">Lavie<\/a> O Bar 2% \/ vers\u00e3o sem nicotina cumpre os requisitos da maioria dos pa\u00edses da UE, bem como aqueles que precisam de vapes com sabor mais leve, vem com bateria de 450mah que dura 800 puffs, o e-l\u00edquido \u00e9 de 3,2ml com for\u00e7a de nicotina 2% ou 0%.<\/p>\n<p><strong>SABORES:<\/strong><\/p>\n<p>Cocktail, Cool mint, Cola, Blueberry, Mix berry, Grape ice,<br \/>\nCoco de mel\u00e3o, gelo de p\u00eassego, limonada cor-de-rosa, melancia e morango.<\/p>\n<p><strong>Embalagem:<\/strong><\/p>\n<p>cada um com uma embalagem pequena, 10 unidades numa caixa m\u00e9dia.<br \/>\n300 PCS\/caixa master, 11.5KG<\/p>\n<p><img loading=\"lazy\" decoding=\"async\" class=\"alignnone size-full wp-image-13436\" title=\"Lavie Bar 2 Vape descart\u00e1vel 800 Puffs Detalhe por atacado 2\" src=\"https:\/\/www.vape4wholesale.com\/wp-content\/uploads\/2021\/12\/Lavie-Bar-2-Disposable-Vape-800-Puffs-Wholesale_Detail_2.jpg\" alt=\"Lavie Bar 2 Vape descart\u00e1vel 800 Puffs Detalhe por atacado 2\" width=\"800\" height=\"1076\" srcset=\"https:\/\/www.vape4wholesale.com\/wp-content\/uploads\/2021\/12\/Lavie-Bar-2-Disposable-Vape-800-Puffs-Wholesale_Detail_2.jpg 800w, https:\/\/www.vape4wholesale.com\/wp-content\/uploads\/2021\/12\/Lavie-Bar-2-Disposable-Vape-800-Puffs-Wholesale_Detail_2-510x686.jpg 510w, https:\/\/www.vape4wholesale.com\/wp-content\/uploads\/2021\/12\/Lavie-Bar-2-Disposable-Vape-800-Puffs-Wholesale_Detail_2-64x86.jpg 64w, https:\/\/www.vape4wholesale.com\/wp-content\/uploads\/2021\/12\/Lavie-Bar-2-Disposable-Vape-800-Puffs-Wholesale_Detail_2-223x300.jpg 223w, https:\/\/www.vape4wholesale.com\/wp-content\/uploads\/2021\/12\/Lavie-Bar-2-Disposable-Vape-800-Puffs-Wholesale_Detail_2-761x1024.jpg 761w, https:\/\/www.vape4wholesale.com\/wp-content\/uploads\/2021\/12\/Lavie-Bar-2-Disposable-Vape-800-Puffs-Wholesale_Detail_2-768x1033.jpg 768w\" sizes=\"auto, (max-width: 800px) 100vw, 800px\" \/> \u00a0 \u00a0\u00a0<img loading=\"lazy\" decoding=\"async\" class=\"alignnone size-full wp-image-13450\" title=\"Lavie Bar 2 Vape Descart\u00e1vel 800 Puffs Atacado\" src=\"https:\/\/www.vape4wholesale.com\/wp-content\/uploads\/2021\/12\/Lavie-Bar-2-Disposable-Vape-800-Puffs-Wholesale.jpg\" alt=\"Lavie Bar 2 Vape Descart\u00e1vel 800 Puffs Atacado\" width=\"1000\" height=\"1000\" srcset=\"https:\/\/www.vape4wholesale.com\/wp-content\/uploads\/2021\/12\/Lavie-Bar-2-Disposable-Vape-800-Puffs-Wholesale.jpg 1000w, https:\/\/www.vape4wholesale.com\/wp-content\/uploads\/2021\/12\/Lavie-Bar-2-Disposable-Vape-800-Puffs-Wholesale-247x247.jpg 247w, https:\/\/www.vape4wholesale.com\/wp-content\/uploads\/2021\/12\/Lavie-Bar-2-Disposable-Vape-800-Puffs-Wholesale-100x100.jpg 100w, https:\/\/www.vape4wholesale.com\/wp-content\/uploads\/2021\/12\/Lavie-Bar-2-Disposable-Vape-800-Puffs-Wholesale-510x510.jpg 510w, https:\/\/www.vape4wholesale.com\/wp-content\/uploads\/2021\/12\/Lavie-Bar-2-Disposable-Vape-800-Puffs-Wholesale-64x64.jpg 64w, https:\/\/www.vape4wholesale.com\/wp-content\/uploads\/2021\/12\/Lavie-Bar-2-Disposable-Vape-800-Puffs-Wholesale-300x300.jpg 300w, https:\/\/www.vape4wholesale.com\/wp-content\/uploads\/2021\/12\/Lavie-Bar-2-Disposable-Vape-800-Puffs-Wholesale-150x150.jpg 150w, https:\/\/www.vape4wholesale.com\/wp-content\/uploads\/2021\/12\/Lavie-Bar-2-Disposable-Vape-800-Puffs-Wholesale-768x768.jpg 768w\" sizes=\"auto, (max-width: 1000px) 100vw, 1000px\" \/> \u00a0<img loading=\"lazy\" decoding=\"async\" class=\"alignnone size-full wp-image-13452\" title=\"Lavie Bar 2 Vape descart\u00e1vel 800 Puffs Detalhe por atacado 1\" src=\"https:\/\/www.vape4wholesale.com\/wp-content\/uploads\/2021\/12\/Lavie-Bar-2-Disposable-Vape-800-Puffs-Wholesale_Detail_1.jpg\" alt=\"Lavie Bar 2 Vape descart\u00e1vel 800 Puffs Detalhe por atacado 1\" width=\"800\" height=\"643\" srcset=\"https:\/\/www.vape4wholesale.com\/wp-content\/uploads\/2021\/12\/Lavie-Bar-2-Disposable-Vape-800-Puffs-Wholesale_Detail_1.jpg 800w, https:\/\/www.vape4wholesale.com\/wp-content\/uploads\/2021\/12\/Lavie-Bar-2-Disposable-Vape-800-Puffs-Wholesale_Detail_1-510x410.jpg 510w, https:\/\/www.vape4wholesale.com\/wp-content\/uploads\/2021\/12\/Lavie-Bar-2-Disposable-Vape-800-Puffs-Wholesale_Detail_1-64x51.jpg 64w, https:\/\/www.vape4wholesale.com\/wp-content\/uploads\/2021\/12\/Lavie-Bar-2-Disposable-Vape-800-Puffs-Wholesale_Detail_1-300x241.jpg 300w, https:\/\/www.vape4wholesale.com\/wp-content\/uploads\/2021\/12\/Lavie-Bar-2-Disposable-Vape-800-Puffs-Wholesale_Detail_1-768x617.jpg 768w\" sizes=\"auto, (max-width: 800px) 100vw, 800px\" \/><\/p>\n<h2>PORQU\u00ca N\u00d3S?<\/h2>\r\n<ul>\r\n<li>Fonte vape real, fi\u00e1vel e profissional.<\/li>\r\n<li>100% Garantia genu\u00edna: S\u00f3 fornecemos produtos originais e genu\u00ednos, recusamos a contrafa\u00e7\u00e3o.<\/li>\r\n<li>100% Garantia de entrega: Utilizamos o melhor m\u00e9todo de envio para garantir que recebe a encomenda 100%.<\/li>\r\n<li>Ap\u00f3s o envio, fornecer-lhe-emos o n\u00famero de acompanhamento e a etiqueta de envio e acompanharemos a mercadoria at\u00e9 que a receba.<\/li>\r\n<li>Sem problemas aduaneiros, sem direitos aduaneiros<\/li>\r\n<\/ul>","protected":false},"excerpt":{"rendered":"<div class=\"wsppc_div_block woocommerce_before_add_to_cart_form\">\r\n<p><strong><span style=\"color: #00a859;\">Passar na alf\u00e2ndega<\/span> antes da entrega e% Garantia de Entrega de 100 dias, Entrega em cerca de 19 a 25 dias.\u00a0<\/strong><\/p>\r\n<\/div>","protected":false},"featured_media":13439,"comment_status":"open","ping_status":"closed","template":"","meta":[],"pwb-brand":[1277],"product_cat":[48],"product_tag":[87,90,22,24,37],"class_list":{"0":"post-1604","1":"product","2":"type-product","3":"status-publish","4":"has-post-thumbnail","6":"pwb-brand-lavie","7":"product_cat-below-2000-puffs","8":"product_tag-3-2ml","9":"product_tag-800-puffs","10":"product_tag-disposable","11":"product_tag-wholesale","12":"product_tag-lavie","13":"wcpa_has_options","15":"first","16":"instock","17":"shipping-taxable","18":"purchasable","19":"product-type-variable"},"aioseo_notices":[],"brands":[{"id":1277,"name":"Lavie","slug":"lavie"}],"_links":{"self":[{"href":"https:\/\/www.vape4wholesale.com\/pt\/wp-json\/wp\/v2\/product\/1604","targetHints":{"allow":["GET"]}}],"collection":[{"href":"https:\/\/www.vape4wholesale.com\/pt\/wp-json\/wp\/v2\/product"}],"about":[{"href":"https:\/\/www.vape4wholesale.com\/pt\/wp-json\/wp\/v2\/types\/product"}],"replies":[{"embeddable":true,"href":"https:\/\/www.vape4wholesale.com\/pt\/wp-json\/wp\/v2\/comments?post=1604"}],"wp:featuredmedia":[{"embeddable":true,"href":"https:\/\/www.vape4wholesale.com\/pt\/wp-json\/wp\/v2\/media\/13439"}],"wp:attachment":[{"href":"https:\/\/www.vape4wholesale.com\/pt\/wp-json\/wp\/v2\/media?parent=1604"}],"wp:term":[{"taxonomy":"pwb-brand","embeddable":true,"href":"https:\/\/www.vape4wholesale.com\/pt\/wp-json\/wp\/v2\/pwb-brand?post=1604"},{"taxonomy":"product_cat","embeddable":true,"href":"https:\/\/www.vape4wholesale.com\/pt\/wp-json\/wp\/v2\/product_cat?post=1604"},{"taxonomy":"product_tag","embeddable":true,"href":"https:\/\/www.vape4wholesale.com\/pt\/wp-json\/wp\/v2\/product_tag?post=1604"}],"curies":[{"name":"wp","href":"https:\/\/api.w.org\/{rel}","templated":true}]}}