{"id":16011,"date":"2024-06-20T09:45:00","date_gmt":"2024-06-20T01:45:00","guid":{"rendered":"https:\/\/www.vape4wholesale.com\/?post_type=product&#038;p=16011"},"modified":"2026-01-26T13:40:50","modified_gmt":"2026-01-26T13:40:50","slug":"lavie-cyber-20000-puffs-vape-descartavel-por-atacado","status":"publish","type":"product","link":"https:\/\/www.vape4wholesale.com\/pt\/product\/lavie-cyber-20000-puffs-disposable-vape-wholesale","title":{"rendered":"Lavie Cyber 20000 Puffs Vape Descart\u00e1vel Atacado"},"content":{"rendered":"<p>O Lavie Cyber 20000 \u00e9 um vape descart\u00e1vel de duplo sabor com ecr\u00e3 LED, que pode mostrar a pot\u00eancia e o n\u00edvel do sumo eletr\u00f3nico. Cont\u00e9m 26 ml de sumo eletr\u00f3nico de sal de nicotina 0\/2%\/5% e suporta at\u00e9 20000 baforadas. Existem 10 sabores duplos para escolher. A porta recarreg\u00e1vel na parte inferior do dispositivo garante-lhe que acaba sempre com a \u00faltima gota de sumo eletr\u00f3nico no dep\u00f3sito.<\/p>\n<p>Possui sabores duplos, para mudar o sabor atual do vape, levante a boquilha e gire-a, \u00e9 f\u00e1cil de trabalhar.<\/p>\n<p>Encomende a granel a nossa sele\u00e7\u00e3o de 10 sabores do Lavie Cyber 20000 Puffs com o melhor pre\u00e7o e envio r\u00e1pido.<\/p>\n<h2><strong>Lavie Cyber 20000 Puffs Vape descart\u00e1vel Caracter\u00edsticas:<\/strong><\/h2>\n<ul>\n<li>Bateria recarreg\u00e1vel de 700mah (600mah para o mercado coreano)<\/li>\n<li>25 ml de e-l\u00edquido pr\u00e9-carregado<\/li>\n<li>0\/2\/3\/5% for\u00e7a da nicotina<\/li>\n<li>Alcance at\u00e9 20000 baforadas<\/li>\n<li>Bobina de malha de 1,0 ohm<\/li>\n<li>Tanque duplo (Sabores duplos)<\/li>\n<li>Porta de carregamento tipo C<\/li>\n<\/ul>\n<h2><strong>Sabores dispon\u00edveis:<\/strong><\/h2>\n<ul>\n<li>Alo\u00e9 Uva e Mirtilo Framboesa Pastilha el\u00e1stica<\/li>\n<li>Bacco &amp; Mango lce<\/li>\n<li>Ma\u00e7\u00e3 dupla e amor 66<\/li>\n<li>Gelo de uva e Gelo de menta<\/li>\n<li>Lim\u00e3o Cola e Maracuj\u00e1Guava<\/li>\n<li>Liceu de lichia e Liceu de melancia<\/li>\n<li>Gelado de morango, kiwi e mel\u00e3o<\/li>\n<li>Gelado de morango, melancia e amora com pomo de cereja<\/li>\n<li>Pelo de anan\u00e1s e Pelo de taro<\/li>\n<li>Matcha e caf\u00e9 lce<\/li>\n<\/ul>\n<h2><strong>Lista de embalagem:<\/strong><\/h2>\n<ul>\n<li>Caixa \u00fanica\/ vape<\/li>\n<li>10 unidades\/caixa m\u00e9dia<\/li>\n<li>200 unidades\/caixa de cart\u00e3o (21 kg)<\/li>\n<\/ul>\n<figure id=\"attachment_16014\" aria-describedby=\"caption-attachment-16014\" style=\"width: 801px\" class=\"wp-caption alignnone\"><img loading=\"lazy\" decoding=\"async\" class=\"wp-image-16014 size-full\" title=\"Lavie Cyber 20000 Puffs Vape descart\u00e1vel Atacado Alo\u00e9 Uva Mirtilo Framboesa Pastilha el\u00e1stica\" src=\"https:\/\/www.vape4wholesale.com\/wp-content\/uploads\/2024\/06\/Lavie-Cyber-20000-Puffs-Disposable-Vape-Wholesale-Aloe-Grape-Blueberry-Raspberry-Bubblegum.webp\" alt=\"Lavie Cyber 20000 Puffs Vape descart\u00e1vel Atacado Alo\u00e9 Uva Mirtilo Framboesa Pastilha el\u00e1stica\" width=\"801\" height=\"797\" srcset=\"https:\/\/www.vape4wholesale.com\/wp-content\/uploads\/2024\/06\/Lavie-Cyber-20000-Puffs-Disposable-Vape-Wholesale-Aloe-Grape-Blueberry-Raspberry-Bubblegum.webp 801w, https:\/\/www.vape4wholesale.com\/wp-content\/uploads\/2024\/06\/Lavie-Cyber-20000-Puffs-Disposable-Vape-Wholesale-Aloe-Grape-Blueberry-Raspberry-Bubblegum-247x247.webp 247w, https:\/\/www.vape4wholesale.com\/wp-content\/uploads\/2024\/06\/Lavie-Cyber-20000-Puffs-Disposable-Vape-Wholesale-Aloe-Grape-Blueberry-Raspberry-Bubblegum-100x100.webp 100w, https:\/\/www.vape4wholesale.com\/wp-content\/uploads\/2024\/06\/Lavie-Cyber-20000-Puffs-Disposable-Vape-Wholesale-Aloe-Grape-Blueberry-Raspberry-Bubblegum-510x507.webp 510w, https:\/\/www.vape4wholesale.com\/wp-content\/uploads\/2024\/06\/Lavie-Cyber-20000-Puffs-Disposable-Vape-Wholesale-Aloe-Grape-Blueberry-Raspberry-Bubblegum-64x64.webp 64w, https:\/\/www.vape4wholesale.com\/wp-content\/uploads\/2024\/06\/Lavie-Cyber-20000-Puffs-Disposable-Vape-Wholesale-Aloe-Grape-Blueberry-Raspberry-Bubblegum-300x300.webp 300w, https:\/\/www.vape4wholesale.com\/wp-content\/uploads\/2024\/06\/Lavie-Cyber-20000-Puffs-Disposable-Vape-Wholesale-Aloe-Grape-Blueberry-Raspberry-Bubblegum-150x150.webp 150w, https:\/\/www.vape4wholesale.com\/wp-content\/uploads\/2024\/06\/Lavie-Cyber-20000-Puffs-Disposable-Vape-Wholesale-Aloe-Grape-Blueberry-Raspberry-Bubblegum-768x764.webp 768w\" sizes=\"auto, (max-width: 801px) 100vw, 801px\" \/><figcaption id=\"caption-attachment-16014\" class=\"wp-caption-text\">Lavie Cyber 20000 Puffs Vape Descart\u00e1vel Atacado<\/figcaption><\/figure>\n<p><img loading=\"lazy\" decoding=\"async\" class=\"alignnone size-full wp-image-16013\" title=\"Lavie Cyber 20000 Puffs Vape descart\u00e1vel Atacado 3\" src=\"https:\/\/www.vape4wholesale.com\/wp-content\/uploads\/2024\/06\/Lavie-Cyber-20000-Puffs-Disposable-Vape-Wholesale-3.webp\" alt=\"Lavie Cyber 20000 Puffs Vape descart\u00e1vel Atacado 3\" width=\"800\" height=\"570\" srcset=\"https:\/\/www.vape4wholesale.com\/wp-content\/uploads\/2024\/06\/Lavie-Cyber-20000-Puffs-Disposable-Vape-Wholesale-3.webp 800w, https:\/\/www.vape4wholesale.com\/wp-content\/uploads\/2024\/06\/Lavie-Cyber-20000-Puffs-Disposable-Vape-Wholesale-3-510x363.webp 510w, https:\/\/www.vape4wholesale.com\/wp-content\/uploads\/2024\/06\/Lavie-Cyber-20000-Puffs-Disposable-Vape-Wholesale-3-64x46.webp 64w, https:\/\/www.vape4wholesale.com\/wp-content\/uploads\/2024\/06\/Lavie-Cyber-20000-Puffs-Disposable-Vape-Wholesale-3-300x214.webp 300w, https:\/\/www.vape4wholesale.com\/wp-content\/uploads\/2024\/06\/Lavie-Cyber-20000-Puffs-Disposable-Vape-Wholesale-3-768x547.webp 768w\" sizes=\"auto, (max-width: 800px) 100vw, 800px\" \/> <img loading=\"lazy\" decoding=\"async\" class=\"alignnone size-full wp-image-16012\" title=\"Lavie Cyber 20000 Puffs Vape descart\u00e1vel Atacado 1 1\" src=\"https:\/\/www.vape4wholesale.com\/wp-content\/uploads\/2024\/06\/Lavie-Cyber-20000-Puffs-Disposable-Vape-Wholesale-1-1.webp\" alt=\"Lavie Cyber 20000 Puffs Vape descart\u00e1vel Atacado 1 1\" width=\"800\" height=\"520\" srcset=\"https:\/\/www.vape4wholesale.com\/wp-content\/uploads\/2024\/06\/Lavie-Cyber-20000-Puffs-Disposable-Vape-Wholesale-1-1.webp 800w, https:\/\/www.vape4wholesale.com\/wp-content\/uploads\/2024\/06\/Lavie-Cyber-20000-Puffs-Disposable-Vape-Wholesale-1-1-510x332.webp 510w, https:\/\/www.vape4wholesale.com\/wp-content\/uploads\/2024\/06\/Lavie-Cyber-20000-Puffs-Disposable-Vape-Wholesale-1-1-64x42.webp 64w, https:\/\/www.vape4wholesale.com\/wp-content\/uploads\/2024\/06\/Lavie-Cyber-20000-Puffs-Disposable-Vape-Wholesale-1-1-300x195.webp 300w, https:\/\/www.vape4wholesale.com\/wp-content\/uploads\/2024\/06\/Lavie-Cyber-20000-Puffs-Disposable-Vape-Wholesale-1-1-768x499.webp 768w\" sizes=\"auto, (max-width: 800px) 100vw, 800px\" \/><\/p>\n<h2>PORQU\u00ca N\u00d3S?<\/h2>\r\n<ul>\r\n<li>Fonte vape real, fi\u00e1vel e profissional.<\/li>\r\n<li>100% Garantia genu\u00edna: S\u00f3 fornecemos produtos originais e genu\u00ednos, recusamos a contrafa\u00e7\u00e3o.<\/li>\r\n<li>100% Garantia de entrega: Utilizamos o melhor m\u00e9todo de envio para garantir que recebe a encomenda 100%.<\/li>\r\n<li>Ap\u00f3s o envio, fornecer-lhe-emos o n\u00famero de acompanhamento e a etiqueta de envio e acompanharemos a mercadoria at\u00e9 que a receba.<\/li>\r\n<li>Sem problemas aduaneiros, sem direitos aduaneiros<\/li>\r\n<\/ul>","protected":false},"excerpt":{"rendered":"<div class=\"wsppc_div_block woocommerce_before_add_to_cart_form\">\r\n<p><strong><span style=\"color: #00a859;\">Passar na alf\u00e2ndega<\/span> antes da entrega e% Garantia de Entrega de 100 dias, Entrega em cerca de 19 a 25 dias.\u00a0<\/strong><\/p>\r\n<\/div>","protected":false},"featured_media":16020,"comment_status":"open","ping_status":"closed","template":"","meta":[],"pwb-brand":[1277],"product_cat":[873],"product_tag":[794,22,24,37,692],"class_list":{"0":"post-16011","1":"product","2":"type-product","3":"status-publish","4":"has-post-thumbnail","6":"pwb-brand-lavie","7":"product_cat-above-20k-puffs","8":"product_tag-20000-puffs","9":"product_tag-disposable","10":"product_tag-wholesale","11":"product_tag-lavie","12":"product_tag-25-0ml","13":"wcpa_has_options","15":"first","16":"instock","17":"featured","18":"shipping-taxable","19":"purchasable","20":"product-type-variable"},"aioseo_notices":[],"brands":[{"id":1277,"name":"Lavie","slug":"lavie"}],"_links":{"self":[{"href":"https:\/\/www.vape4wholesale.com\/pt\/wp-json\/wp\/v2\/product\/16011","targetHints":{"allow":["GET"]}}],"collection":[{"href":"https:\/\/www.vape4wholesale.com\/pt\/wp-json\/wp\/v2\/product"}],"about":[{"href":"https:\/\/www.vape4wholesale.com\/pt\/wp-json\/wp\/v2\/types\/product"}],"replies":[{"embeddable":true,"href":"https:\/\/www.vape4wholesale.com\/pt\/wp-json\/wp\/v2\/comments?post=16011"}],"wp:featuredmedia":[{"embeddable":true,"href":"https:\/\/www.vape4wholesale.com\/pt\/wp-json\/wp\/v2\/media\/16020"}],"wp:attachment":[{"href":"https:\/\/www.vape4wholesale.com\/pt\/wp-json\/wp\/v2\/media?parent=16011"}],"wp:term":[{"taxonomy":"pwb-brand","embeddable":true,"href":"https:\/\/www.vape4wholesale.com\/pt\/wp-json\/wp\/v2\/pwb-brand?post=16011"},{"taxonomy":"product_cat","embeddable":true,"href":"https:\/\/www.vape4wholesale.com\/pt\/wp-json\/wp\/v2\/product_cat?post=16011"},{"taxonomy":"product_tag","embeddable":true,"href":"https:\/\/www.vape4wholesale.com\/pt\/wp-json\/wp\/v2\/product_tag?post=16011"}],"curies":[{"name":"wp","href":"https:\/\/api.w.org\/{rel}","templated":true}]}}