{"id":15929,"date":"2025-07-14T23:55:00","date_gmt":"2025-07-14T23:55:00","guid":{"rendered":"https:\/\/www.vape4wholesale.com\/?post_type=product&#038;p=15929"},"modified":"2026-03-15T22:36:40","modified_gmt":"2026-03-15T14:36:40","slug":"randm-tornado-15000-vape-descartavel-por-atacado-2","status":"publish","type":"product","link":"https:\/\/www.vape4wholesale.com\/pt\/product\/randm-tornado-15000-disposable-vape-wholesale","title":{"rendered":"Randm Tornado 15000 Vape Descart\u00e1vel Atacado"},"content":{"rendered":"<p>O RandM Tornado 15000 \u00e9 um dispositivo de vaporiza\u00e7\u00e3o descart\u00e1vel recarreg\u00e1vel com bateria e visor de n\u00edvel de sumo eletr\u00f3nico. Cont\u00e9m 25 ml de sumo eletr\u00f3nico com sal de nicotina 0\/2\/3\/5% e pode ser fumado at\u00e9 15000 vezes. Existem 41 sabores para escolher. A porta recarreg\u00e1vel na parte inferior do dispositivo garante-lhe que acaba sempre com a \u00faltima gota de sumo eletr\u00f3nico no dep\u00f3sito.<\/p>\n<h2 class=\"p\">Dispositivo descart\u00e1vel RandM Tornado 15000 Caracter\u00edsticas:<\/h2>\n<p class=\"p\">0\/2\/3\/5% Sal de nicotina.<br data-filtered=\"filtered\" \/>25ML de E-liquid.<br data-filtered=\"filtered\" \/>Bobina de malha<br data-filtered=\"filtered\" \/>Bateria carreg\u00e1vel<br data-filtered=\"filtered\" \/>Bateria integrada de 850mAh.<br data-filtered=\"filtered\" \/>41 sabores dispon\u00edveis.<br data-filtered=\"filtered\" \/>10 unidades numa caixa de exposi\u00e7\u00e3o.<br data-filtered=\"filtered\" \/>160 unidades numa caixa de cart\u00e3o.<\/p>\n<h2 class=\"p\">Sabores dispon\u00edveis:<\/h2>\n<p class=\"p\">01# Limonada Blue Razz<br \/>\n02# Gelo de p\u00eassego<br \/>\n03# Ma\u00e7\u00e3 \u00e1cida<br \/>\n04# Melancia Gelo<br \/>\n05# Mirtilo no gelo<br \/>\n06# Mirtilo Framboesa<br \/>\n07# Gelo de anan\u00e1s<br \/>\n08# Cerejeira<br \/>\n09# Gelo de morango<br \/>\n10# Vimto<br \/>\n11# Gelo de uva<br \/>\n12# Cola Ice<br \/>\n13# Morango Melancia<br \/>\n14# Limonada cor-de-rosa<br \/>\n15# Baga mista<br \/>\n16# P\u00eassego Manga<br \/>\n17# Frutos de drag\u00e3o<br \/>\n18# Morango Uva<br \/>\n19# Sr. Azul<br \/>\n20# Gelo exuberante<br \/>\n21# Picol\u00e9<br \/>\n22# Morango Kiwi<br \/>\n23# Kiwi Maracuj\u00e1 Goiaba<br \/>\n24# Triple Berry<br \/>\n25# Gelo de banana<br \/>\n26# Rebu\u00e7ados de p\u00eassego e mirtilo<br \/>\n27# Ma\u00e7\u00e3 P\u00eassego Pera<br \/>\n28# Limonada de bagas<br \/>\n29# Azul Razz Cereja<br \/>\n30# Pastilha el\u00e1stica de mirtilo<br \/>\n31# Mirtilo Cereja Arando<br \/>\n32# Mirtilo Rom\u00e3<br \/>\n33# Bluesour Raspberry<br \/>\n34# Cherry Cola<br \/>\n35# Goma de urso<br \/>\n36# Lim\u00e3o e lima<br \/>\n37# Manga no gelo<br \/>\n38# Vermelho Energy Ice<br \/>\n39# Morango e banana<br \/>\n40# Touro vermelho morango<br \/>\n41# Limonada de melancia e morango<br \/>\n42# Ch\u00e1 gelado com lim\u00e3o<br \/>\n43# Ch\u00e1 gelado P\u00eassego Gelado<br \/>\n44# Cereja com g\u00e1s<br \/>\n45# Gomas<br \/>\n46# Menta fresca<br \/>\n47# Pina Colada<br \/>\n48# Huckleberry<br \/>\n49# Mirtilo P\u00eassego Gelo<br \/>\n50# Uva Lim\u00e3o<br \/>\n51# Fanta<br \/>\n52# Mentol fresco Mojito<br \/>\n53# Alo\u00e9 Bagas de Lim\u00e3o<br \/>\n54# Ma\u00e7\u00e3 verde Citrus Mentol<br \/>\n55# Mel\u00e3o de uva verde<br \/>\n56# Cato Kiwi<br \/>\n57# Cola Lim\u00e3o<br \/>\n58# Cactus Ice<br \/>\n59# Goma de ursinho Razz azul<\/p>\n<figure id=\"attachment_15975\" aria-describedby=\"caption-attachment-15975\" style=\"width: 640px\" class=\"wp-caption alignnone\"><img loading=\"lazy\" decoding=\"async\" class=\"size-full wp-image-15975\" title=\"Randm Tornado 15000 Vape Descart\u00e1vel Atacado (6)\" src=\"https:\/\/www.vape4wholesale.com\/wp-content\/uploads\/2024\/06\/Randm-Tornado-15000-Disposable-Vape-Wholesale-6.webp\" alt=\"Randm Tornado 15000 Vape Descart\u00e1vel Atacado (6)\" width=\"640\" height=\"640\" srcset=\"https:\/\/www.vape4wholesale.com\/wp-content\/uploads\/2024\/06\/Randm-Tornado-15000-Disposable-Vape-Wholesale-6.webp 640w, https:\/\/www.vape4wholesale.com\/wp-content\/uploads\/2024\/06\/Randm-Tornado-15000-Disposable-Vape-Wholesale-6-247x247.webp 247w, https:\/\/www.vape4wholesale.com\/wp-content\/uploads\/2024\/06\/Randm-Tornado-15000-Disposable-Vape-Wholesale-6-100x100.webp 100w, https:\/\/www.vape4wholesale.com\/wp-content\/uploads\/2024\/06\/Randm-Tornado-15000-Disposable-Vape-Wholesale-6-510x510.webp 510w\" sizes=\"auto, (max-width: 640px) 100vw, 640px\" \/><figcaption id=\"caption-attachment-15975\" class=\"wp-caption-text\">Randm Tornado 15000 Vape Descart\u00e1vel Atacado<\/figcaption><\/figure>\n<h2>PORQU\u00ca N\u00d3S?<\/h2>\r\n<ul>\r\n<li>Fonte vape real, fi\u00e1vel e profissional.<\/li>\r\n<li>100% Garantia genu\u00edna: S\u00f3 fornecemos produtos originais e genu\u00ednos, recusamos a contrafa\u00e7\u00e3o.<\/li>\r\n<li>100% Garantia de entrega: Utilizamos o melhor m\u00e9todo de envio para garantir que recebe a encomenda 100%.<\/li>\r\n<li>Ap\u00f3s o envio, fornecer-lhe-emos o n\u00famero de acompanhamento e a etiqueta de envio e acompanharemos a mercadoria at\u00e9 que a receba.<\/li>\r\n<li>Sem problemas aduaneiros, sem direitos aduaneiros<\/li>\r\n<\/ul>\n<p>&nbsp;<\/p>","protected":false},"excerpt":{"rendered":"<div class=\"wsppc_div_block woocommerce_before_add_to_cart_form\">\r\n<p><strong><span style=\"color: #00a859;\">Clear customs<\/span> before delivery &amp; 100% Delivery Guarantee, Delivery in 19~25 days around.\u00a0<\/strong><\/p>\r\n<\/div>","protected":false},"featured_media":15975,"comment_status":"open","ping_status":"closed","template":"","meta":[],"pwb-brand":[1269],"product_cat":[872],"product_tag":[22,24,180,684,692],"class_list":{"0":"post-15929","1":"product","2":"type-product","3":"status-publish","4":"has-post-thumbnail","6":"pwb-brand-fumot","7":"product_cat-15k-20k-puffs","8":"product_tag-disposable","9":"product_tag-wholesale","10":"product_tag-randm-tornado","11":"product_tag-15000-puffs","12":"product_tag-25-0ml","13":"wcpa_has_options","15":"first","16":"instock","17":"featured","18":"shipping-taxable","19":"purchasable","20":"product-type-variable"},"aioseo_notices":[],"brands":[{"id":1269,"name":"Fumot","slug":"fumot"}],"_links":{"self":[{"href":"https:\/\/www.vape4wholesale.com\/pt\/wp-json\/wp\/v2\/product\/15929","targetHints":{"allow":["GET"]}}],"collection":[{"href":"https:\/\/www.vape4wholesale.com\/pt\/wp-json\/wp\/v2\/product"}],"about":[{"href":"https:\/\/www.vape4wholesale.com\/pt\/wp-json\/wp\/v2\/types\/product"}],"replies":[{"embeddable":true,"href":"https:\/\/www.vape4wholesale.com\/pt\/wp-json\/wp\/v2\/comments?post=15929"}],"wp:featuredmedia":[{"embeddable":true,"href":"https:\/\/www.vape4wholesale.com\/pt\/wp-json\/wp\/v2\/media\/15975"}],"wp:attachment":[{"href":"https:\/\/www.vape4wholesale.com\/pt\/wp-json\/wp\/v2\/media?parent=15929"}],"wp:term":[{"taxonomy":"pwb-brand","embeddable":true,"href":"https:\/\/www.vape4wholesale.com\/pt\/wp-json\/wp\/v2\/pwb-brand?post=15929"},{"taxonomy":"product_cat","embeddable":true,"href":"https:\/\/www.vape4wholesale.com\/pt\/wp-json\/wp\/v2\/product_cat?post=15929"},{"taxonomy":"product_tag","embeddable":true,"href":"https:\/\/www.vape4wholesale.com\/pt\/wp-json\/wp\/v2\/product_tag?post=15929"}],"curies":[{"name":"wp","href":"https:\/\/api.w.org\/{rel}","templated":true}]}}