{"id":15878,"date":"2025-10-29T16:52:00","date_gmt":"2025-10-29T08:52:00","guid":{"rendered":"https:\/\/www.vape4wholesale.com\/?post_type=product&#038;p=15878"},"modified":"2026-03-30T11:12:14","modified_gmt":"2026-03-30T03:12:14","slug":"elf-bar-raya-d3-25000-puffs-vape-descartavel-por-atacado","status":"publish","type":"product","link":"https:\/\/www.vape4wholesale.com\/pt\/produto\/elf-bar-raya-d3-25000-puffs-vape-descartavel-por-atacado","title":{"rendered":"Elf Bar Raya D3 25000 Puffs Vape Descart\u00e1vel Atacado"},"content":{"rendered":"<p>O vape descart\u00e1vel Elf Bar Raya D3 introduz uma experi\u00eancia de vaporiza\u00e7\u00e3o sem paralelo com a sua inovadora capacidade de 25 mil baforadas e o sistema integrado de ajuste de ar e press\u00e3o. Este dispositivo recarreg\u00e1vel possui um grande ecr\u00e3 lateral de tubo digital e um cativante anel de luz exterior azul monocrom\u00e1tico, estabelecendo um novo padr\u00e3o para os vapes descart\u00e1veis.<\/p>\n<p>Inclui 3 modos: Lite, Smooth e Turbo, para que possa obter mais baforadas ou nuvens mais fortes conforme desejar, alternando sem esfor\u00e7o entre os 3 modos<\/p>\n<h2><strong>Elf Bar Raya D3 Informa\u00e7\u00f5es sobre o produto:<\/strong><\/h2>\n<ul>\n<li>Grande capacidade de sumo Vape: Vem com uma capacidade substancial de 23 ml de e-l\u00edquido.<\/li>\n<li>Sistema de bobina de malha tripla: Assegura um excelente sabor e produ\u00e7\u00e3o de vapor.<\/li>\n<li>Defini\u00e7\u00f5es de baforadas vari\u00e1veis: Tr\u00eas configura\u00e7\u00f5es de engrenagem para ajustar a contagem de baforadas - 25K, 20K e 15K.<\/li>\n<li>Bateria de alta capacidade: Equipado com uma bateria de 850mAh e carregamento Tipo C.<\/li>\n<li>Ecr\u00e3 lateral sofisticado: Ecr\u00e3 digital de grandes dimens\u00f5es para uma monitoriza\u00e7\u00e3o f\u00e1cil.<\/li>\n<li>Personaliza\u00e7\u00e3o do fluxo de ar e da press\u00e3o: Sistema integrado que permite uma experi\u00eancia de vaporiza\u00e7\u00e3o personalizada.<\/li>\n<li>Design elegante: Apresenta um anel exterior com uma luz azul monocrom\u00e1tica.<\/li>\n<li>Ampla sele\u00e7\u00e3o de sabores: Escolha entre 15 sabores requintados.<\/li>\n<\/ul>\n<h2><strong>Aromas:<\/strong><\/h2>\n<p>VMT<br \/>\nManga dupla<br \/>\nGelo de p\u00eassego<br \/>\nManga P\u00eassego<br \/>\nManga P\u00eassego Melancia<br \/>\nKiwi Maracuj\u00e1 Goiaba<br \/>\nGelo de uva<br \/>\nBaga de p\u00eassego<br \/>\nPastilha el\u00e1stica de melancia<br \/>\nGelo de mirtilo<br \/>\nMa\u00e7\u00e3 dupla<br \/>\nTabaco<br \/>\nManga<br \/>\nMirtilo Framboesa<br \/>\nGelo de melancia<br \/>\nMenta alpina<br \/>\nCaf\u00e9 Ar\u00e1bica<br \/>\nMelancia Lim\u00e3o<br \/>\nMorango Uva<br \/>\nGelo de anan\u00e1s e kiwi<br \/>\nUva Cereja<\/p>\n<h2><strong>Detalhes da embalagem<\/strong><\/h2>\n<p>1 unidade\/embalagem<br data-filtered=\"filtered\" \/>10 unidades\/caixa<br data-filtered=\"filtered\" \/>200 unidades\/caixa<\/p>\n<p><strong>Dimens\u00e3o:<\/strong><br \/>\n65*35*27cm<br \/>\n21KGS\/caixa<\/p>\n<p><img loading=\"lazy\" decoding=\"async\" class=\"alignnone size-full wp-image-26772\" title=\"Elf bar RAYA D3\" src=\"https:\/\/www.vape4wholesale.com\/wp-content\/uploads\/2025\/10\/Elf-bar-RAYA-D3.webp\" alt=\"Elf bar RAYA D3\" width=\"800\" height=\"800\" srcset=\"https:\/\/www.vape4wholesale.com\/wp-content\/uploads\/2025\/10\/Elf-bar-RAYA-D3.webp 800w, https:\/\/www.vape4wholesale.com\/wp-content\/uploads\/2025\/10\/Elf-bar-RAYA-D3-247x247.webp 247w, https:\/\/www.vape4wholesale.com\/wp-content\/uploads\/2025\/10\/Elf-bar-RAYA-D3-100x100.webp 100w, https:\/\/www.vape4wholesale.com\/wp-content\/uploads\/2025\/10\/Elf-bar-RAYA-D3-510x510.webp 510w, https:\/\/www.vape4wholesale.com\/wp-content\/uploads\/2025\/10\/Elf-bar-RAYA-D3-300x300.webp 300w, https:\/\/www.vape4wholesale.com\/wp-content\/uploads\/2025\/10\/Elf-bar-RAYA-D3-150x150.webp 150w, https:\/\/www.vape4wholesale.com\/wp-content\/uploads\/2025\/10\/Elf-bar-RAYA-D3-768x768.webp 768w, https:\/\/www.vape4wholesale.com\/wp-content\/uploads\/2025\/10\/Elf-bar-RAYA-D3-12x12.webp 12w\" sizes=\"auto, (max-width: 800px) 100vw, 800px\" \/><\/p>\n<h2>PORQU\u00ca N\u00d3S?<\/h2>\r\n<ul>\r\n<li>Fonte vape real, fi\u00e1vel e profissional.<\/li>\r\n<li>100% Garantia genu\u00edna: S\u00f3 fornecemos produtos originais e genu\u00ednos, recusamos a contrafa\u00e7\u00e3o.<\/li>\r\n<li>100% Garantia de entrega: Utilizamos o melhor m\u00e9todo de envio para garantir que recebe a encomenda 100%.<\/li>\r\n<li>Ap\u00f3s o envio, fornecer-lhe-emos o n\u00famero de acompanhamento e a etiqueta de envio e acompanharemos a mercadoria at\u00e9 que a receba.<\/li>\r\n<li>Sem problemas aduaneiros, sem direitos aduaneiros<\/li>\r\n<\/ul>","protected":false},"excerpt":{"rendered":"<p><b><span style=\"color: #00a859;\">Free shipping<\/span>\u00a0from Europe warehouse, 7-15 working days delivery time.<\/b><\/p>\r\n<div class=\"wsppc_div_block woocommerce_before_add_to_cart_form\">\r\n<p><strong>Clear customs before delivery &amp; 100% Delivery Guarantee<\/strong><\/p>\r\n<\/div>","protected":false},"featured_media":26772,"comment_status":"open","ping_status":"closed","template":"","meta":[],"pwb-brand":[1278],"product_cat":[938],"product_tag":[60,557,780,828,22,24],"class_list":{"0":"post-15878","1":"product","2":"type-product","3":"status-publish","4":"has-post-thumbnail","6":"pwb-brand-elf-bar","7":"product_cat-europe-warehouse","8":"product_tag-elf-bar","9":"product_tag-23-0ml","10":"product_tag-23000-puffs","11":"product_tag-raya-d3","12":"product_tag-disposable","13":"product_tag-wholesale","14":"product_shipping_class-eu-warehouse","16":"first","17":"instock","18":"featured","19":"shipping-taxable","20":"purchasable","21":"product-type-variable"},"aioseo_notices":[],"brands":[{"id":1278,"name":"Bar dos duendes","slug":"bar-dos-elfos"}],"_links":{"self":[{"href":"https:\/\/www.vape4wholesale.com\/pt\/wp-json\/wp\/v2\/product\/15878","targetHints":{"allow":["GET"]}}],"collection":[{"href":"https:\/\/www.vape4wholesale.com\/pt\/wp-json\/wp\/v2\/product"}],"about":[{"href":"https:\/\/www.vape4wholesale.com\/pt\/wp-json\/wp\/v2\/types\/product"}],"replies":[{"embeddable":true,"href":"https:\/\/www.vape4wholesale.com\/pt\/wp-json\/wp\/v2\/comments?post=15878"}],"wp:featuredmedia":[{"embeddable":true,"href":"https:\/\/www.vape4wholesale.com\/pt\/wp-json\/wp\/v2\/media\/26772"}],"wp:attachment":[{"href":"https:\/\/www.vape4wholesale.com\/pt\/wp-json\/wp\/v2\/media?parent=15878"}],"wp:term":[{"taxonomy":"pwb-brand","embeddable":true,"href":"https:\/\/www.vape4wholesale.com\/pt\/wp-json\/wp\/v2\/pwb-brand?post=15878"},{"taxonomy":"product_cat","embeddable":true,"href":"https:\/\/www.vape4wholesale.com\/pt\/wp-json\/wp\/v2\/product_cat?post=15878"},{"taxonomy":"product_tag","embeddable":true,"href":"https:\/\/www.vape4wholesale.com\/pt\/wp-json\/wp\/v2\/product_tag?post=15878"}],"curies":[{"name":"wp","href":"https:\/\/api.w.org\/{rel}","templated":true}]}}