{"id":15844,"date":"2024-05-28T11:37:00","date_gmt":"2024-05-28T03:37:00","guid":{"rendered":"https:\/\/www.vape4wholesale.com\/?post_type=product&#038;p=15844"},"modified":"2026-01-26T13:40:56","modified_gmt":"2026-01-26T13:40:56","slug":"vapme-monster-16000-puffs-vape-descartavel-por-atacado","status":"publish","type":"product","link":"https:\/\/www.vape4wholesale.com\/pt\/product\/vapme-monster-16000-puffs-disposable-vape-wholesale","title":{"rendered":"Vapme Monster 16000 Puffs Vape Descart\u00e1vel Atacado"},"content":{"rendered":"<p>a <strong>Vapme Monster 16000<\/strong> \u00e9 um vape descart\u00e1vel com visor LED e vem com 26ml de ejuice, bateria recarreg\u00e1vel de 850mah e bobina de malha dupla com resist\u00eancia de 1,0 ohm. suporta at\u00e9 16000 baforadas, garantindo uma satisfa\u00e7\u00e3o duradoura em cada utiliza\u00e7\u00e3o.<\/p>\n<p>Encomende a granel as nossas 12 sec\u00e7\u00f5es de sabores de Vapme Monster 16000 com o melhor pre\u00e7o e envio r\u00e1pido.<\/p>\n<h2><strong>VAPME Monster 16000 Puffs Destaques:<\/strong><\/h2>\n<ul>\n<li><strong>Capacidade de sopro alargada<\/strong>: Desfrute de at\u00e9 16000 baforadas, perfeitas para uma utiliza\u00e7\u00e3o duradoura.<\/li>\n<li><strong>Capacidade generosa de E-l\u00edquido<\/strong>: Pr\u00e9-cheio com um cartucho de 26 ml de e-l\u00edquido.<\/li>\n<li><strong>M\u00faltiplas pot\u00eancias de nicotina<\/strong>: Dispon\u00edvel nas op\u00e7\u00f5es de nicotina 0\/2%\/3% e 5% para se adaptar \u00e0s suas prefer\u00eancias.<\/li>\n<li><strong>Bateria potente<\/strong>: Bateria de 850mAh com uma gama de pot\u00eancia de 7W para um desempenho consistente.<\/li>\n<li><strong>Fluxo de ar ajust\u00e1vel<\/strong>: Personalize a sua experi\u00eancia de vaporiza\u00e7\u00e3o com a bobina de malha 1.0 e o fluxo de ar ajust\u00e1vel.<\/li>\n<li><strong>Recarga c\u00f3moda<\/strong>: Design recarreg\u00e1vel tipo C para um recarregamento f\u00e1cil e eficiente.<\/li>\n<li><strong>Variedade de sabores<\/strong>: Dispon\u00edvel em 12 sabores fant\u00e1sticos para satisfazer todos os paladares.<\/li>\n<\/ul>\n<h2><strong>Lista de sabores:<\/strong><\/h2>\n<ol>\n<li>Limonada Blue Razz<\/li>\n<li>Gelo de p\u00eassego<\/li>\n<li>Gelo de melancia<\/li>\n<li>Mirtilo Framboesa<\/li>\n<li>Gelo de cereja<\/li>\n<li>Gelo de morango<\/li>\n<li>Melancia com morango<\/li>\n<li>Bagas mistas<\/li>\n<li>Morango Kiwi<\/li>\n<li>Kiwi Maracuj\u00e1 Goiaba<\/li>\n<li>Red Bull de morango<\/li>\n<li>P\u00eassego Manga Anan\u00e1s<\/li>\n<\/ol>\n<h2><strong>Detalhes do pacote<\/strong><\/h2>\n<ul>\n<li>1\/caixa pequena<\/li>\n<li>10\/ Caixa de apresenta\u00e7\u00e3o<\/li>\n<li>200\/ caixa master, 20kg<\/li>\n<\/ul>\n<figure id=\"attachment_15849\" aria-describedby=\"caption-attachment-15849\" style=\"width: 800px\" class=\"wp-caption alignnone\"><img loading=\"lazy\" decoding=\"async\" class=\"wp-image-15849 size-full\" title=\"Vapme Monster 16000 Puffs Vape Descart\u00e1vel Atacado (3)\" src=\"https:\/\/www.vape4wholesale.com\/wp-content\/uploads\/2024\/05\/Vapme-Monster-16000-Puffs-Disposable-Vape-Wholesale-3.webp\" alt=\"Vapme Monster 16000 Puffs Vape Descart\u00e1vel Atacado (3)\" width=\"800\" height=\"800\" srcset=\"https:\/\/www.vape4wholesale.com\/wp-content\/uploads\/2024\/05\/Vapme-Monster-16000-Puffs-Disposable-Vape-Wholesale-3.webp 800w, https:\/\/www.vape4wholesale.com\/wp-content\/uploads\/2024\/05\/Vapme-Monster-16000-Puffs-Disposable-Vape-Wholesale-3-247x247.webp 247w, https:\/\/www.vape4wholesale.com\/wp-content\/uploads\/2024\/05\/Vapme-Monster-16000-Puffs-Disposable-Vape-Wholesale-3-100x100.webp 100w, https:\/\/www.vape4wholesale.com\/wp-content\/uploads\/2024\/05\/Vapme-Monster-16000-Puffs-Disposable-Vape-Wholesale-3-510x510.webp 510w, https:\/\/www.vape4wholesale.com\/wp-content\/uploads\/2024\/05\/Vapme-Monster-16000-Puffs-Disposable-Vape-Wholesale-3-64x64.webp 64w, https:\/\/www.vape4wholesale.com\/wp-content\/uploads\/2024\/05\/Vapme-Monster-16000-Puffs-Disposable-Vape-Wholesale-3-300x300.webp 300w, https:\/\/www.vape4wholesale.com\/wp-content\/uploads\/2024\/05\/Vapme-Monster-16000-Puffs-Disposable-Vape-Wholesale-3-150x150.webp 150w, https:\/\/www.vape4wholesale.com\/wp-content\/uploads\/2024\/05\/Vapme-Monster-16000-Puffs-Disposable-Vape-Wholesale-3-768x768.webp 768w\" sizes=\"auto, (max-width: 800px) 100vw, 800px\" \/><figcaption id=\"caption-attachment-15849\" class=\"wp-caption-text\">Vapme Monster 16000 Puffs Vape Descart\u00e1vel Atacado<\/figcaption><\/figure>\n<figure id=\"attachment_15850\" aria-describedby=\"caption-attachment-15850\" style=\"width: 800px\" class=\"wp-caption alignnone\"><img loading=\"lazy\" decoding=\"async\" class=\"wp-image-15850 size-full\" title=\"Vapme Monster 16000 Puffs Vape Descart\u00e1vel Atacado (4)\" src=\"https:\/\/www.vape4wholesale.com\/wp-content\/uploads\/2024\/05\/Vapme-Monster-16000-Puffs-Disposable-Vape-Wholesale-4.webp\" alt=\"Vapme Monster 16000 Puffs Vape Descart\u00e1vel Atacado (4)\" width=\"800\" height=\"800\" srcset=\"https:\/\/www.vape4wholesale.com\/wp-content\/uploads\/2024\/05\/Vapme-Monster-16000-Puffs-Disposable-Vape-Wholesale-4.webp 800w, https:\/\/www.vape4wholesale.com\/wp-content\/uploads\/2024\/05\/Vapme-Monster-16000-Puffs-Disposable-Vape-Wholesale-4-247x247.webp 247w, https:\/\/www.vape4wholesale.com\/wp-content\/uploads\/2024\/05\/Vapme-Monster-16000-Puffs-Disposable-Vape-Wholesale-4-100x100.webp 100w, https:\/\/www.vape4wholesale.com\/wp-content\/uploads\/2024\/05\/Vapme-Monster-16000-Puffs-Disposable-Vape-Wholesale-4-510x510.webp 510w, https:\/\/www.vape4wholesale.com\/wp-content\/uploads\/2024\/05\/Vapme-Monster-16000-Puffs-Disposable-Vape-Wholesale-4-64x64.webp 64w, https:\/\/www.vape4wholesale.com\/wp-content\/uploads\/2024\/05\/Vapme-Monster-16000-Puffs-Disposable-Vape-Wholesale-4-300x300.webp 300w, https:\/\/www.vape4wholesale.com\/wp-content\/uploads\/2024\/05\/Vapme-Monster-16000-Puffs-Disposable-Vape-Wholesale-4-150x150.webp 150w, https:\/\/www.vape4wholesale.com\/wp-content\/uploads\/2024\/05\/Vapme-Monster-16000-Puffs-Disposable-Vape-Wholesale-4-768x768.webp 768w\" sizes=\"auto, (max-width: 800px) 100vw, 800px\" \/><figcaption id=\"caption-attachment-15850\" class=\"wp-caption-text\">Embalagem de Vapme Monster 16000 Puffs Vape Descart\u00e1vel Atacado<\/figcaption><\/figure>\n<h2>PORQU\u00ca N\u00d3S?<\/h2>\r\n<ul>\r\n<li>Fonte vape real, fi\u00e1vel e profissional.<\/li>\r\n<li>100% Garantia genu\u00edna: S\u00f3 fornecemos produtos originais e genu\u00ednos, recusamos a contrafa\u00e7\u00e3o.<\/li>\r\n<li>100% Garantia de entrega: Utilizamos o melhor m\u00e9todo de envio para garantir que recebe a encomenda 100%.<\/li>\r\n<li>Ap\u00f3s o envio, fornecer-lhe-emos o n\u00famero de acompanhamento e a etiqueta de envio e acompanharemos a mercadoria at\u00e9 que a receba.<\/li>\r\n<li>Sem problemas aduaneiros, sem direitos aduaneiros<\/li>\r\n<\/ul>","protected":false},"excerpt":{"rendered":"<div class=\"wsppc_div_block woocommerce_before_add_to_cart_form\">\r\n<p><strong><span style=\"color: #00a859;\">Passar na alf\u00e2ndega<\/span> antes da entrega e% Garantia de Entrega de 100 dias, Entrega em cerca de 19 a 25 dias.\u00a0<\/strong><\/p>\r\n<\/div>","protected":false},"featured_media":15849,"comment_status":"open","ping_status":"closed","template":"","meta":[],"pwb-brand":[1290],"product_cat":[872],"product_tag":[22,24,696,822,823],"class_list":{"0":"post-15844","1":"product","2":"type-product","3":"status-publish","4":"has-post-thumbnail","6":"pwb-brand-vapme","7":"product_cat-15k-20k-puffs","8":"product_tag-disposable","9":"product_tag-wholesale","10":"product_tag-vapme","11":"product_tag-16000-puffs","12":"product_tag-26-0ml","13":"wcpa_has_options","15":"first","16":"outofstock","17":"shipping-taxable","18":"purchasable","19":"product-type-variable"},"aioseo_notices":[],"brands":[{"id":1290,"name":"Vapme","slug":"vapme"}],"_links":{"self":[{"href":"https:\/\/www.vape4wholesale.com\/pt\/wp-json\/wp\/v2\/product\/15844","targetHints":{"allow":["GET"]}}],"collection":[{"href":"https:\/\/www.vape4wholesale.com\/pt\/wp-json\/wp\/v2\/product"}],"about":[{"href":"https:\/\/www.vape4wholesale.com\/pt\/wp-json\/wp\/v2\/types\/product"}],"replies":[{"embeddable":true,"href":"https:\/\/www.vape4wholesale.com\/pt\/wp-json\/wp\/v2\/comments?post=15844"}],"wp:featuredmedia":[{"embeddable":true,"href":"https:\/\/www.vape4wholesale.com\/pt\/wp-json\/wp\/v2\/media\/15849"}],"wp:attachment":[{"href":"https:\/\/www.vape4wholesale.com\/pt\/wp-json\/wp\/v2\/media?parent=15844"}],"wp:term":[{"taxonomy":"pwb-brand","embeddable":true,"href":"https:\/\/www.vape4wholesale.com\/pt\/wp-json\/wp\/v2\/pwb-brand?post=15844"},{"taxonomy":"product_cat","embeddable":true,"href":"https:\/\/www.vape4wholesale.com\/pt\/wp-json\/wp\/v2\/product_cat?post=15844"},{"taxonomy":"product_tag","embeddable":true,"href":"https:\/\/www.vape4wholesale.com\/pt\/wp-json\/wp\/v2\/product_tag?post=15844"}],"curies":[{"name":"wp","href":"https:\/\/api.w.org\/{rel}","templated":true}]}}