{"id":15808,"date":"2024-05-20T09:50:16","date_gmt":"2024-05-20T01:50:16","guid":{"rendered":"https:\/\/www.vape4wholesale.com\/?post_type=product&#038;p=15808"},"modified":"2026-01-26T13:40:58","modified_gmt":"2026-01-26T13:40:58","slug":"rabbeats-rc10000-touch-vape-descartavel-por-atacado","status":"publish","type":"product","link":"https:\/\/www.vape4wholesale.com\/pt\/product\/rabbeats-rc10000-touch-disposable-vape-wholesale","title":{"rendered":"RabBeats RC10000 Touch Vape Descart\u00e1vel Atacado"},"content":{"rendered":"<p>O <b>RabBeats RC10000 Touch Vape descart\u00e1vel<\/b>\u00a0\u00e9 o primeiro vape descart\u00e1vel equipado com um ecr\u00e3 t\u00e1til, proporcionando baforadas saborosas com 14 ml de delicioso e-juice, uma bateria robusta e tecnologia avan\u00e7ada de bobina de malha. O RabBeats RC10000 Touch \u00e9 um produto inovador no sector dos descart\u00e1veis. Oferece uma experi\u00eancia de vaporiza\u00e7\u00e3o imersiva sem bot\u00f5es. \u00c9 poss\u00edvel ajustar os modos tocando em vez de premir. Com a interface de f\u00e1cil utiliza\u00e7\u00e3o vem o melhor sabor. Gra\u00e7as \u00e0 avan\u00e7ada bobina de malha, cada baforada \u00e9 suave e saborosa. O RabBeats RC10000 Touch \u00e9 o futuro dos vapes descart\u00e1veis.<\/p>\n<h2 class=\"second-title\"><strong>RabBeats RC10000 Touch Vape Descart\u00e1vel Caracter\u00edsticas<\/strong><\/h2>\n<ul>\n<li>Bateria recarreg\u00e1vel de 620mAh<\/li>\n<li>E-l\u00edquido pr\u00e9-carregado de 14 ml<\/li>\n<li>Aproximadamente 14000 baforadas (modo leve)\/12000 baforadas (modo suave)\/10000 baforadas (modo forte)<\/li>\n<li>Primeiro Vape descart\u00e1vel com ecr\u00e3 t\u00e1til<\/li>\n<li>3 modos ajust\u00e1veis: Leve: Sabores delicados e toques subtis na garganta<\/li>\n<li>Suave: Sabores suaves e macios e toques suaves na garganta<\/li>\n<li>Strong: Sabores intensos e pancadas fortes e satisfat\u00f3rias<\/li>\n<li>Fluxo de ar ajust\u00e1vel<\/li>\n<li>Porta de carregamento USB tipo C (cabo n\u00e3o inclu\u00eddo)<\/li>\n<li>Tecnologia avan\u00e7ada de bobina de malha<\/li>\n<li>Ativado por sorteio<\/li>\n<li>MTL Vaping<\/li>\n<\/ul>\n<h2><strong>Lista de sabores<\/strong><\/h2>\n<ol>\n<li>Gelo Blue Razz<\/li>\n<li>Melancia com mirtilo<\/li>\n<li>Lim\u00e3o-cereja<\/li>\n<li>Citrinos Uva<\/li>\n<li>Banana com c\u00f4co<\/li>\n<li>Drag\u00e3o Strawnana<\/li>\n<li>P\u00eassego da Ge\u00f3rgia<\/li>\n<li>Casa da Moeda de LA<\/li>\n<li>Monte Splash<\/li>\n<li>OMG (Laranja Manga Uva)<\/li>\n<li>Framboesa rubi<\/li>\n<li>Pastilha el\u00e1stica de melancia<\/li>\n<\/ol>\n<figure id=\"attachment_15834\" aria-describedby=\"caption-attachment-15834\" style=\"width: 800px\" class=\"wp-caption aligncenter\"><img loading=\"lazy\" decoding=\"async\" class=\"wp-image-15834 size-full\" title=\"RabBeats RC10000 Touch Vape descart\u00e1vel Atacado mirtilo melancia\" src=\"https:\/\/www.vape4wholesale.com\/wp-content\/uploads\/2024\/05\/RabBeats-RC10000-Touch-Disposable-Vape-Wholesale-blueberry-watermelon.jpg\" alt=\"RabBeats RC10000 Touch Vape descart\u00e1vel Atacado mirtilo melancia\" width=\"800\" height=\"800\" srcset=\"https:\/\/www.vape4wholesale.com\/wp-content\/uploads\/2024\/05\/RabBeats-RC10000-Touch-Disposable-Vape-Wholesale-blueberry-watermelon.jpg 800w, https:\/\/www.vape4wholesale.com\/wp-content\/uploads\/2024\/05\/RabBeats-RC10000-Touch-Disposable-Vape-Wholesale-blueberry-watermelon-247x247.jpg 247w, https:\/\/www.vape4wholesale.com\/wp-content\/uploads\/2024\/05\/RabBeats-RC10000-Touch-Disposable-Vape-Wholesale-blueberry-watermelon-100x100.jpg 100w, https:\/\/www.vape4wholesale.com\/wp-content\/uploads\/2024\/05\/RabBeats-RC10000-Touch-Disposable-Vape-Wholesale-blueberry-watermelon-510x510.jpg 510w, https:\/\/www.vape4wholesale.com\/wp-content\/uploads\/2024\/05\/RabBeats-RC10000-Touch-Disposable-Vape-Wholesale-blueberry-watermelon-64x64.jpg 64w, https:\/\/www.vape4wholesale.com\/wp-content\/uploads\/2024\/05\/RabBeats-RC10000-Touch-Disposable-Vape-Wholesale-blueberry-watermelon-300x300.jpg 300w, https:\/\/www.vape4wholesale.com\/wp-content\/uploads\/2024\/05\/RabBeats-RC10000-Touch-Disposable-Vape-Wholesale-blueberry-watermelon-150x150.jpg 150w, https:\/\/www.vape4wholesale.com\/wp-content\/uploads\/2024\/05\/RabBeats-RC10000-Touch-Disposable-Vape-Wholesale-blueberry-watermelon-768x768.jpg 768w\" sizes=\"auto, (max-width: 800px) 100vw, 800px\" \/><figcaption id=\"caption-attachment-15834\" class=\"wp-caption-text\">RabBeats RC10000 Touch Vape Descart\u00e1vel Atacado<\/figcaption><\/figure>\n<p><img loading=\"lazy\" decoding=\"async\" class=\"size-full wp-image-15832 aligncenter\" title=\"RabBeats RC10000 Touch Vape Descart\u00e1vel Atacado\" src=\"https:\/\/www.vape4wholesale.com\/wp-content\/uploads\/2024\/05\/RabBeats-RC10000-Touch-Disposable-Vape-Wholesale.jpg\" alt=\"RabBeats RC10000 Touch Vape Descart\u00e1vel Atacado\" width=\"1000\" height=\"1343\" srcset=\"https:\/\/www.vape4wholesale.com\/wp-content\/uploads\/2024\/05\/RabBeats-RC10000-Touch-Disposable-Vape-Wholesale.jpg 1000w, https:\/\/www.vape4wholesale.com\/wp-content\/uploads\/2024\/05\/RabBeats-RC10000-Touch-Disposable-Vape-Wholesale-510x685.jpg 510w, https:\/\/www.vape4wholesale.com\/wp-content\/uploads\/2024\/05\/RabBeats-RC10000-Touch-Disposable-Vape-Wholesale-64x86.jpg 64w, https:\/\/www.vape4wholesale.com\/wp-content\/uploads\/2024\/05\/RabBeats-RC10000-Touch-Disposable-Vape-Wholesale-223x300.jpg 223w, https:\/\/www.vape4wholesale.com\/wp-content\/uploads\/2024\/05\/RabBeats-RC10000-Touch-Disposable-Vape-Wholesale-762x1024.jpg 762w, https:\/\/www.vape4wholesale.com\/wp-content\/uploads\/2024\/05\/RabBeats-RC10000-Touch-Disposable-Vape-Wholesale-768x1031.jpg 768w\" sizes=\"auto, (max-width: 1000px) 100vw, 1000px\" \/> <img loading=\"lazy\" decoding=\"async\" class=\"size-full wp-image-15833 aligncenter\" title=\"RabBeats RC10000 Touch Vape Descart\u00e1vel Atacado 2\" src=\"https:\/\/www.vape4wholesale.com\/wp-content\/uploads\/2024\/05\/RabBeats-RC10000-Touch-Disposable-Vape-Wholesale_2.jpg\" alt=\"RabBeats RC10000 Touch Vape Descart\u00e1vel Atacado 2\" width=\"1000\" height=\"1117\" srcset=\"https:\/\/www.vape4wholesale.com\/wp-content\/uploads\/2024\/05\/RabBeats-RC10000-Touch-Disposable-Vape-Wholesale_2.jpg 1000w, https:\/\/www.vape4wholesale.com\/wp-content\/uploads\/2024\/05\/RabBeats-RC10000-Touch-Disposable-Vape-Wholesale_2-510x570.jpg 510w, https:\/\/www.vape4wholesale.com\/wp-content\/uploads\/2024\/05\/RabBeats-RC10000-Touch-Disposable-Vape-Wholesale_2-64x71.jpg 64w, https:\/\/www.vape4wholesale.com\/wp-content\/uploads\/2024\/05\/RabBeats-RC10000-Touch-Disposable-Vape-Wholesale_2-269x300.jpg 269w, https:\/\/www.vape4wholesale.com\/wp-content\/uploads\/2024\/05\/RabBeats-RC10000-Touch-Disposable-Vape-Wholesale_2-917x1024.jpg 917w, https:\/\/www.vape4wholesale.com\/wp-content\/uploads\/2024\/05\/RabBeats-RC10000-Touch-Disposable-Vape-Wholesale_2-768x858.jpg 768w\" sizes=\"auto, (max-width: 1000px) 100vw, 1000px\" \/><\/p>\n<h2>PORQU\u00ca N\u00d3S?<\/h2>\r\n<ul>\r\n<li>Fonte vape real, fi\u00e1vel e profissional.<\/li>\r\n<li>100% Garantia genu\u00edna: S\u00f3 fornecemos produtos originais e genu\u00ednos, recusamos a contrafa\u00e7\u00e3o.<\/li>\r\n<li>100% Garantia de entrega: Utilizamos o melhor m\u00e9todo de envio para garantir que recebe a encomenda 100%.<\/li>\r\n<li>Ap\u00f3s o envio, fornecer-lhe-emos o n\u00famero de acompanhamento e a etiqueta de envio e acompanharemos a mercadoria at\u00e9 que a receba.<\/li>\r\n<li>Sem problemas aduaneiros, sem direitos aduaneiros<\/li>\r\n<\/ul>","protected":false},"excerpt":{"rendered":"<div class=\"wsppc_div_block woocommerce_before_add_to_cart_form\">\r\n<p><strong><span style=\"color: #00a859;\">Passar na alf\u00e2ndega<\/span> antes da entrega e% Garantia de Entrega de 100 dias, Entrega em cerca de 19 a 25 dias.\u00a0<\/strong><\/p>\r\n<\/div>\n<p><strong>Devido a altera\u00e7\u00f5es frequentes no invent\u00e1rio de produtos, na quantidade m\u00ednima de encomenda e no pre\u00e7o, contacte-nos antes de efetuar a encomenda.<\/strong><\/p>","protected":false},"featured_media":15829,"comment_status":"open","ping_status":"closed","template":"","meta":[],"pwb-brand":[1289],"product_cat":[871],"product_tag":[177,324,808,22,24,60],"class_list":{"0":"post-15808","1":"product","2":"type-product","3":"status-publish","4":"has-post-thumbnail","6":"pwb-brand-others","7":"product_cat-10-15k-puffs","8":"product_tag-14-0ml","9":"product_tag-10000-puffs","10":"product_tag-rabbeats","11":"product_tag-disposable","12":"product_tag-wholesale","13":"product_tag-elf-bar","15":"first","16":"instock","17":"shipping-taxable","18":"purchasable","19":"product-type-variable"},"aioseo_notices":[],"brands":[{"id":1289,"name":"Outros","slug":"outros"}],"_links":{"self":[{"href":"https:\/\/www.vape4wholesale.com\/pt\/wp-json\/wp\/v2\/product\/15808","targetHints":{"allow":["GET"]}}],"collection":[{"href":"https:\/\/www.vape4wholesale.com\/pt\/wp-json\/wp\/v2\/product"}],"about":[{"href":"https:\/\/www.vape4wholesale.com\/pt\/wp-json\/wp\/v2\/types\/product"}],"replies":[{"embeddable":true,"href":"https:\/\/www.vape4wholesale.com\/pt\/wp-json\/wp\/v2\/comments?post=15808"}],"wp:featuredmedia":[{"embeddable":true,"href":"https:\/\/www.vape4wholesale.com\/pt\/wp-json\/wp\/v2\/media\/15829"}],"wp:attachment":[{"href":"https:\/\/www.vape4wholesale.com\/pt\/wp-json\/wp\/v2\/media?parent=15808"}],"wp:term":[{"taxonomy":"pwb-brand","embeddable":true,"href":"https:\/\/www.vape4wholesale.com\/pt\/wp-json\/wp\/v2\/pwb-brand?post=15808"},{"taxonomy":"product_cat","embeddable":true,"href":"https:\/\/www.vape4wholesale.com\/pt\/wp-json\/wp\/v2\/product_cat?post=15808"},{"taxonomy":"product_tag","embeddable":true,"href":"https:\/\/www.vape4wholesale.com\/pt\/wp-json\/wp\/v2\/product_tag?post=15808"}],"curies":[{"name":"wp","href":"https:\/\/api.w.org\/{rel}","templated":true}]}}