{"id":15767,"date":"2024-05-20T09:26:22","date_gmt":"2024-05-20T01:26:22","guid":{"rendered":"https:\/\/www.vape4wholesale.com\/?post_type=product&#038;p=15767"},"modified":"2026-01-26T13:41:01","modified_gmt":"2026-01-26T13:41:01","slug":"rabbeats-rc10000-vape-descartavel-por-atacado","status":"publish","type":"product","link":"https:\/\/www.vape4wholesale.com\/pt\/product\/rabbeats-rc10000-disposable-vape-wholesale","title":{"rendered":"RabBeats RC10000 Vape Descart\u00e1vel Atacado"},"content":{"rendered":"<p>a\u00a0<b>Vape descart\u00e1vel RabBeats RC10000 <\/b>equipado com uma robusta bateria de 620mAh, uma capacidade de 18mL e caracter\u00edsticas essenciais, como um indicador de autonomia da bateria e um indicador de e-l\u00edquido. Este vape descart\u00e1vel tem uma vida \u00fatil not\u00e1vel, oferecendo at\u00e9 10.000 baforadas para uma experi\u00eancia de vaporiza\u00e7\u00e3o prolongada.<\/p>\n<p>O RabBeats RC10000 Disposable Vape surge como uma obra-prima no dom\u00ednio da vaporiza\u00e7\u00e3o, concebido para aqueles que anseiam por um sabor inigual\u00e1vel e um desempenho duradouro. Com uma promessa de at\u00e9 10.000 baforadas, este dispositivo n\u00e3o \u00e9 apenas uma ferramenta de vaporiza\u00e7\u00e3o, mas uma viagem atrav\u00e9s de uma rica tape\u00e7aria de sabores, concebida para satisfazer os paladares mais exigentes.<\/p>\n<p>&nbsp;<\/p>\n<h3><strong>RabBeats RC10000 Vape descart\u00e1vel Caracter\u00edsticas<\/strong><\/h3>\n<ol>\n<li>Capacidade generosa: Desfrute de at\u00e9 10.000 baforadas com um reservat\u00f3rio de e-l\u00edquido de 18mL.<\/li>\n<li>Bateria potente: Uma bateria recarreg\u00e1vel USB-C de 620mAh garante um desempenho duradouro.<\/li>\n<li>Design elegante: Revestido a borracha para maior conforto, com um painel frontal elegante e brilhante.<\/li>\n<li>Ecr\u00e3 avan\u00e7ado: Ecr\u00e3 LCD para monitoriza\u00e7\u00e3o em tempo real dos n\u00edveis da bateria e do e-l\u00edquido.<\/li>\n<li>Tecnologia de bobina inovadora: Bobina de malha com tecnologia anti-queimadura para baforadas suaves e saborosas.<\/li>\n<\/ol>\n<h2>Detalhes r\u00e1pidos<\/h2>\n<ul>\n<li>18ml E-Liquid pr\u00e9-cheio<\/li>\n<li>5%(50mg) For\u00e7a da nicotina<\/li>\n<li>Bateria recarreg\u00e1vel de 620mAh<\/li>\n<li>USB tipo C (cabo n\u00e3o inclu\u00eddo)<\/li>\n<li>Aproximadamente 10000 Puffs<\/li>\n<li>Bobina de malha<\/li>\n<li>Ativado por sorteio<\/li>\n<li>MTL Vaping<\/li>\n<li>Visor da bateria e do e-l\u00edquido<\/li>\n<li>Tecnologia avan\u00e7ada de bobina de malha<\/li>\n<li>Prote\u00e7\u00e3o anti-queimadura seca<\/li>\n<\/ul>\n<p class=\"second-title\">Aromas<\/p>\n<ul>\n<li><b>Gelo de amora<\/b>: Um sabor misturado de morango azedo e uma pitada de menta<\/li>\n<li><b>P\u00eassego Manga<\/b>: Um para\u00edso tropical de manga apaixonada e p\u00eassego sumarento<\/li>\n<li><b>Gelo de uva<\/b>: Um duo de uva azeda e menta fresca<\/li>\n<li><b>Uva Cereja<\/b>: Uma explos\u00e3o ap\u00f3s a colis\u00e3o de cereja doce e uva \u00e1cida<\/li>\n<li><b>Gelo Fuji<\/b>: T\u00e3o frio como a neve do Monte Fuji e n\u00e3o \u00e9 de modo algum inferior \u00e0 sua menta<\/li>\n<li><b>Cereja de baga louca<\/b>: Aprecie a explos\u00e3o de bagas doces e cerejas picantes nas suas papilas gustativas<\/li>\n<li><b>Mirtilo Hortel\u00e3<\/b>: Um sabor cl\u00e1ssico de fruta e menta que \u00e9 \u00e1cido, doce e gelado<\/li>\n<li><b>Blueberry Cloudz<\/b>: Para os amantes das nuvens que tamb\u00e9m gostam de mirtilos doces e florais<\/li>\n<li><b>Gelo Blue Razz<\/b>: Prepare-se para uma explos\u00e3o de framboesa azul<\/li>\n<li><b>Gelo de morango e kiwi<\/b>: Uma combina\u00e7\u00e3o perfeita de morangos e kiwis deliciosos com um ter\u00e7o de uma menta<\/li>\n<li><b>Miami Mint<\/b>: Uma mistura de citrinos frescos com menta refrescante<\/li>\n<li><b>Anan\u00e1s Morango Banana<\/b>: Uma deliciosa mistura de anan\u00e1s \u00e1cido, morango sumarento e banana madura<\/li>\n<li><b>Lima-lim\u00e3o<\/b>: Desfrute da festa picante e deliciosa do lim\u00e3o e da lima<\/li>\n<li><b>Amora preta Arando<\/b>: Experi\u00eancia de vaporiza\u00e7\u00e3o agrad\u00e1vel com amora apetitosa e arando delicioso<\/li>\n<\/ul>\n<figure id=\"attachment_15795\" aria-describedby=\"caption-attachment-15795\" style=\"width: 800px\" class=\"wp-caption aligncenter\"><img loading=\"lazy\" decoding=\"async\" class=\"size-full wp-image-15795\" title=\"RabBeats RC10000 Vape descart\u00e1vel por atacado Blueberry Mint\" src=\"https:\/\/www.vape4wholesale.com\/wp-content\/uploads\/2024\/05\/RabBeats-RC10000-Disposable-Vape-Wholesale_Blueberry-Mint.jpg\" alt=\"RabBeats RC10000 Vape descart\u00e1vel por atacado Blueberry Mint\" width=\"800\" height=\"800\" srcset=\"https:\/\/www.vape4wholesale.com\/wp-content\/uploads\/2024\/05\/RabBeats-RC10000-Disposable-Vape-Wholesale_Blueberry-Mint.jpg 800w, https:\/\/www.vape4wholesale.com\/wp-content\/uploads\/2024\/05\/RabBeats-RC10000-Disposable-Vape-Wholesale_Blueberry-Mint-247x247.jpg 247w, https:\/\/www.vape4wholesale.com\/wp-content\/uploads\/2024\/05\/RabBeats-RC10000-Disposable-Vape-Wholesale_Blueberry-Mint-100x100.jpg 100w, https:\/\/www.vape4wholesale.com\/wp-content\/uploads\/2024\/05\/RabBeats-RC10000-Disposable-Vape-Wholesale_Blueberry-Mint-510x510.jpg 510w, https:\/\/www.vape4wholesale.com\/wp-content\/uploads\/2024\/05\/RabBeats-RC10000-Disposable-Vape-Wholesale_Blueberry-Mint-64x64.jpg 64w, https:\/\/www.vape4wholesale.com\/wp-content\/uploads\/2024\/05\/RabBeats-RC10000-Disposable-Vape-Wholesale_Blueberry-Mint-300x300.jpg 300w, https:\/\/www.vape4wholesale.com\/wp-content\/uploads\/2024\/05\/RabBeats-RC10000-Disposable-Vape-Wholesale_Blueberry-Mint-150x150.jpg 150w, https:\/\/www.vape4wholesale.com\/wp-content\/uploads\/2024\/05\/RabBeats-RC10000-Disposable-Vape-Wholesale_Blueberry-Mint-768x768.jpg 768w\" sizes=\"auto, (max-width: 800px) 100vw, 800px\" \/><figcaption id=\"caption-attachment-15795\" class=\"wp-caption-text\">RabBeats RC10000 Vape Descart\u00e1vel Atacado<\/figcaption><\/figure>\n<figure id=\"attachment_15805\" aria-describedby=\"caption-attachment-15805\" style=\"width: 1200px\" class=\"wp-caption aligncenter\"><img loading=\"lazy\" decoding=\"async\" class=\"wp-image-15805 size-full\" title=\"RabBeats RC10000 Disposable Vape Wholesale Vis\u00e3o geral\" src=\"https:\/\/www.vape4wholesale.com\/wp-content\/uploads\/2024\/05\/RabBeats-RC10000-Disposable-Vape-Wholesale-Overview.jpg\" alt=\"RabBeats RC10000 Disposable Vape Wholesale Vis\u00e3o geral\" width=\"1200\" height=\"1767\" srcset=\"https:\/\/www.vape4wholesale.com\/wp-content\/uploads\/2024\/05\/RabBeats-RC10000-Disposable-Vape-Wholesale-Overview.jpg 1200w, https:\/\/www.vape4wholesale.com\/wp-content\/uploads\/2024\/05\/RabBeats-RC10000-Disposable-Vape-Wholesale-Overview-510x751.jpg 510w, https:\/\/www.vape4wholesale.com\/wp-content\/uploads\/2024\/05\/RabBeats-RC10000-Disposable-Vape-Wholesale-Overview-64x94.jpg 64w, https:\/\/www.vape4wholesale.com\/wp-content\/uploads\/2024\/05\/RabBeats-RC10000-Disposable-Vape-Wholesale-Overview-204x300.jpg 204w, https:\/\/www.vape4wholesale.com\/wp-content\/uploads\/2024\/05\/RabBeats-RC10000-Disposable-Vape-Wholesale-Overview-695x1024.jpg 695w, https:\/\/www.vape4wholesale.com\/wp-content\/uploads\/2024\/05\/RabBeats-RC10000-Disposable-Vape-Wholesale-Overview-768x1131.jpg 768w, https:\/\/www.vape4wholesale.com\/wp-content\/uploads\/2024\/05\/RabBeats-RC10000-Disposable-Vape-Wholesale-Overview-1043x1536.jpg 1043w\" sizes=\"auto, (max-width: 1200px) 100vw, 1200px\" \/><figcaption id=\"caption-attachment-15805\" class=\"wp-caption-text\">RabBeats RC10000 Vape Descart\u00e1vel Atacado<\/figcaption><\/figure>\n<h2>PORQU\u00ca N\u00d3S?<\/h2>\r\n<ul>\r\n<li>Fonte vape real, fi\u00e1vel e profissional.<\/li>\r\n<li>100% Garantia genu\u00edna: S\u00f3 fornecemos produtos originais e genu\u00ednos, recusamos a contrafa\u00e7\u00e3o.<\/li>\r\n<li>100% Garantia de entrega: Utilizamos o melhor m\u00e9todo de envio para garantir que recebe a encomenda 100%.<\/li>\r\n<li>Ap\u00f3s o envio, fornecer-lhe-emos o n\u00famero de acompanhamento e a etiqueta de envio e acompanharemos a mercadoria at\u00e9 que a receba.<\/li>\r\n<li>Sem problemas aduaneiros, sem direitos aduaneiros<\/li>\r\n<\/ul>","protected":false},"excerpt":{"rendered":"<div class=\"wsppc_div_block woocommerce_before_add_to_cart_form\">\r\n<p><strong><span style=\"color: #00a859;\">Passar na alf\u00e2ndega<\/span> antes da entrega e% Garantia de Entrega de 100 dias, Entrega em cerca de 19 a 25 dias.\u00a0<\/strong><\/p>\r\n<\/div>\n<p><strong>Devido a altera\u00e7\u00f5es frequentes no invent\u00e1rio de produtos, na quantidade m\u00ednima de encomenda e no pre\u00e7o, contacte-nos antes de efetuar a encomenda.<\/strong><\/p>","protected":false},"featured_media":15788,"comment_status":"open","ping_status":"closed","template":"","meta":[],"pwb-brand":[1289],"product_cat":[871],"product_tag":[244,324,808,22,24,60],"class_list":{"0":"post-15767","1":"product","2":"type-product","3":"status-publish","4":"has-post-thumbnail","6":"pwb-brand-others","7":"product_cat-10-15k-puffs","8":"product_tag-18-0ml","9":"product_tag-10000-puffs","10":"product_tag-rabbeats","11":"product_tag-disposable","12":"product_tag-wholesale","13":"product_tag-elf-bar","15":"first","16":"instock","17":"shipping-taxable","18":"purchasable","19":"product-type-variable"},"aioseo_notices":[],"brands":[{"id":1289,"name":"Outros","slug":"outros"}],"_links":{"self":[{"href":"https:\/\/www.vape4wholesale.com\/pt\/wp-json\/wp\/v2\/product\/15767","targetHints":{"allow":["GET"]}}],"collection":[{"href":"https:\/\/www.vape4wholesale.com\/pt\/wp-json\/wp\/v2\/product"}],"about":[{"href":"https:\/\/www.vape4wholesale.com\/pt\/wp-json\/wp\/v2\/types\/product"}],"replies":[{"embeddable":true,"href":"https:\/\/www.vape4wholesale.com\/pt\/wp-json\/wp\/v2\/comments?post=15767"}],"wp:featuredmedia":[{"embeddable":true,"href":"https:\/\/www.vape4wholesale.com\/pt\/wp-json\/wp\/v2\/media\/15788"}],"wp:attachment":[{"href":"https:\/\/www.vape4wholesale.com\/pt\/wp-json\/wp\/v2\/media?parent=15767"}],"wp:term":[{"taxonomy":"pwb-brand","embeddable":true,"href":"https:\/\/www.vape4wholesale.com\/pt\/wp-json\/wp\/v2\/pwb-brand?post=15767"},{"taxonomy":"product_cat","embeddable":true,"href":"https:\/\/www.vape4wholesale.com\/pt\/wp-json\/wp\/v2\/product_cat?post=15767"},{"taxonomy":"product_tag","embeddable":true,"href":"https:\/\/www.vape4wholesale.com\/pt\/wp-json\/wp\/v2\/product_tag?post=15767"}],"curies":[{"name":"wp","href":"https:\/\/api.w.org\/{rel}","templated":true}]}}