{"id":15703,"date":"2024-05-14T16:21:00","date_gmt":"2024-05-14T08:21:00","guid":{"rendered":"https:\/\/www.vape4wholesale.com\/?post_type=product&#038;p=15703"},"modified":"2026-01-27T15:01:31","modified_gmt":"2026-01-27T15:01:31","slug":"lavie-cube-20000-puffs-vape-descartavel-por-atacado","status":"publish","type":"product","link":"https:\/\/www.vape4wholesale.com\/pt\/product\/lavie-cube-20000-puffs-disposable-vape-wholesale","title":{"rendered":"Lavie Cube 20000 Puffs Vape descart\u00e1vel Atacado"},"content":{"rendered":"<p>O Lavie Cube 20000 \u00e9 um dispositivo vape descart\u00e1vel com bateria recarreg\u00e1vel e visor do n\u00edvel de sumo. Este vape destaca-se pelo seu desempenho potente e pelas suas caracter\u00edsticas ricas, oferecendo-lhe uma experi\u00eancia de vaporiza\u00e7\u00e3o totalmente nova.<\/p>\n<p>Equipado com uma bateria de 600mAh de alto desempenho, o LAVIE Cube 20000 Puffs Disposable Vape garante uma longa dura\u00e7\u00e3o da bateria, permitindo-lhe desfrutar do prazer da vaporiza\u00e7\u00e3o sem recargas frequentes. Entretanto, a capacidade do dep\u00f3sito de \u00f3leo de 28 ml garante sess\u00f5es de vaporiza\u00e7\u00e3o prolongadas, permitindo-lhe desfrutar ao m\u00e1ximo.<\/p>\n<p>O LAVIE Cube 20000 oferece uma variedade de op\u00e7\u00f5es de teor de nicotina 0%\/2%\/5%, satisfazendo as necessidades de todos os tipos de fumadores. A sua diversificada sele\u00e7\u00e3o de sabores \u00e9 igualmente impressionante, com 16 sabores cl\u00e1ssicos e refrescantes que v\u00e3o desde o tabaco tradicional a misturas de frutas, garantindo que h\u00e1 algo para todos.<\/p>\n<h2><strong>Lavie Cube 20000 Disposable Vape Especifica\u00e7\u00f5es:<\/strong><\/h2>\n<p>Marca:LAVIE<\/p>\n<p>Puffs:Est\u00e3o dispon\u00edveis 20000 Puffs por dispositivo<\/p>\n<p>Nicotina:2%\/5%<\/p>\n<p>Capacidade do E-juice: 28ML<\/p>\n<p>Resist\u00eancia: 1.0\u03a9<\/p>\n<p>Bateria:600mAh<\/p>\n<p>Porta de carregamento:Tipo C<\/p>\n<p>&nbsp;<\/p>\n<h2><strong>Aromas<\/strong><\/h2>\n<ol>\n<li>Gelo de morango e kiwi<\/li>\n<li>Gelo de uva Alo\u00e9 Vera<\/li>\n<li>Melancia com morango<\/li>\n<li>Gelo de pomo de amora e cereja<\/li>\n<li>Gelo de uva<\/li>\n<li>Gelo de menta<\/li>\n<li>Bacco<\/li>\n<li>Monstro de manga<\/li>\n<li>Mirtilo Framboesa Uva Gelado<\/li>\n<li>Maracuj\u00e1 Kiwi Goiaba<\/li>\n<li>Ma\u00e7\u00e3 dupla<\/li>\n<li>Cola de lim\u00e3o<\/li>\n<li>Gelo de lichia com morango<\/li>\n<li>Gelo de melancia<\/li>\n<li>Pastilha el\u00e1stica de mirtilo e framboesa<\/li>\n<li>Gelado de taro<\/li>\n<\/ol>\n<p>&nbsp;<\/p>\n<h2><strong>Embalagem e peso<\/strong><\/h2>\n<p>0.09KG\/PCS, \u00danico com embalagem pequena, 10 pcs numa caixa m\u00e9dia.<\/p>\n<p>200PCS em caixa principal, 18KG.<\/p>\n<figure id=\"attachment_15704\" aria-describedby=\"caption-attachment-15704\" style=\"width: 1000px\" class=\"wp-caption alignnone\"><img loading=\"lazy\" decoding=\"async\" class=\"wp-image-15704 size-full\" title=\"LAVIE Cube 20000 Puffs Vape descart\u00e1vel Atacado Aloe Vera Sabores de Uva e Gelo\" src=\"https:\/\/www.vape4wholesale.com\/wp-content\/uploads\/2024\/05\/LAVIE-Cube-20000-Puffs-Disposable-Vape-Wholesale-Aloe-Vera-Grape-Ice-Flavors.jpg\" alt=\"LAVIE Cube 20000 Puffs Vape descart\u00e1vel Atacado Aloe Vera Sabores de Uva e Gelo\" width=\"1000\" height=\"666\" srcset=\"https:\/\/www.vape4wholesale.com\/wp-content\/uploads\/2024\/05\/LAVIE-Cube-20000-Puffs-Disposable-Vape-Wholesale-Aloe-Vera-Grape-Ice-Flavors.jpg 1000w, https:\/\/www.vape4wholesale.com\/wp-content\/uploads\/2024\/05\/LAVIE-Cube-20000-Puffs-Disposable-Vape-Wholesale-Aloe-Vera-Grape-Ice-Flavors-510x340.jpg 510w, https:\/\/www.vape4wholesale.com\/wp-content\/uploads\/2024\/05\/LAVIE-Cube-20000-Puffs-Disposable-Vape-Wholesale-Aloe-Vera-Grape-Ice-Flavors-64x43.jpg 64w, https:\/\/www.vape4wholesale.com\/wp-content\/uploads\/2024\/05\/LAVIE-Cube-20000-Puffs-Disposable-Vape-Wholesale-Aloe-Vera-Grape-Ice-Flavors-300x200.jpg 300w, https:\/\/www.vape4wholesale.com\/wp-content\/uploads\/2024\/05\/LAVIE-Cube-20000-Puffs-Disposable-Vape-Wholesale-Aloe-Vera-Grape-Ice-Flavors-768x511.jpg 768w\" sizes=\"auto, (max-width: 1000px) 100vw, 1000px\" \/><figcaption id=\"caption-attachment-15704\" class=\"wp-caption-text\">LAVIE Cube 20000 Puffs Vape descart\u00e1vel Atacado<\/figcaption><\/figure>\n<p><img loading=\"lazy\" decoding=\"async\" class=\"alignnone size-full wp-image-15705\" title=\"LAVIE Cube 20000 Puffs Vape Descart\u00e1vel Atacado Todos os Sabores\" src=\"https:\/\/www.vape4wholesale.com\/wp-content\/uploads\/2024\/05\/LAVIE-Cube-20000-Puffs-Disposable-Vape-Wholesale-All-Flavors.jpg\" alt=\"LAVIE Cube 20000 Puffs Vape Descart\u00e1vel Atacado Todos os Sabores\" width=\"1000\" height=\"707\" srcset=\"https:\/\/www.vape4wholesale.com\/wp-content\/uploads\/2024\/05\/LAVIE-Cube-20000-Puffs-Disposable-Vape-Wholesale-All-Flavors.jpg 1000w, https:\/\/www.vape4wholesale.com\/wp-content\/uploads\/2024\/05\/LAVIE-Cube-20000-Puffs-Disposable-Vape-Wholesale-All-Flavors-510x361.jpg 510w, https:\/\/www.vape4wholesale.com\/wp-content\/uploads\/2024\/05\/LAVIE-Cube-20000-Puffs-Disposable-Vape-Wholesale-All-Flavors-64x45.jpg 64w, https:\/\/www.vape4wholesale.com\/wp-content\/uploads\/2024\/05\/LAVIE-Cube-20000-Puffs-Disposable-Vape-Wholesale-All-Flavors-300x212.jpg 300w, https:\/\/www.vape4wholesale.com\/wp-content\/uploads\/2024\/05\/LAVIE-Cube-20000-Puffs-Disposable-Vape-Wholesale-All-Flavors-768x543.jpg 768w\" sizes=\"auto, (max-width: 1000px) 100vw, 1000px\" \/> <img loading=\"lazy\" decoding=\"async\" class=\"alignnone size-full wp-image-15706\" title=\"LAVIE Cube 20000 Puffs Vape Descart\u00e1vel Atacado Aloe Vera Uva Gelo Pacote\" src=\"https:\/\/www.vape4wholesale.com\/wp-content\/uploads\/2024\/05\/LAVIE-Cube-20000-Puffs-Disposable-Vape-Wholesale-Aloe-Vera-Grape-Ice-Package.jpg\" alt=\"LAVIE Cube 20000 Puffs Vape Descart\u00e1vel Atacado Aloe Vera Uva Gelo Pacote\" width=\"1000\" height=\"706\" srcset=\"https:\/\/www.vape4wholesale.com\/wp-content\/uploads\/2024\/05\/LAVIE-Cube-20000-Puffs-Disposable-Vape-Wholesale-Aloe-Vera-Grape-Ice-Package.jpg 1000w, https:\/\/www.vape4wholesale.com\/wp-content\/uploads\/2024\/05\/LAVIE-Cube-20000-Puffs-Disposable-Vape-Wholesale-Aloe-Vera-Grape-Ice-Package-510x360.jpg 510w, https:\/\/www.vape4wholesale.com\/wp-content\/uploads\/2024\/05\/LAVIE-Cube-20000-Puffs-Disposable-Vape-Wholesale-Aloe-Vera-Grape-Ice-Package-64x45.jpg 64w, https:\/\/www.vape4wholesale.com\/wp-content\/uploads\/2024\/05\/LAVIE-Cube-20000-Puffs-Disposable-Vape-Wholesale-Aloe-Vera-Grape-Ice-Package-300x212.jpg 300w, https:\/\/www.vape4wholesale.com\/wp-content\/uploads\/2024\/05\/LAVIE-Cube-20000-Puffs-Disposable-Vape-Wholesale-Aloe-Vera-Grape-Ice-Package-768x542.jpg 768w\" sizes=\"auto, (max-width: 1000px) 100vw, 1000px\" \/><\/p>\n<h2>PORQU\u00ca N\u00d3S?<\/h2>\r\n<ul>\r\n<li>Fonte vape real, fi\u00e1vel e profissional.<\/li>\r\n<li>100% Garantia genu\u00edna: S\u00f3 fornecemos produtos originais e genu\u00ednos, recusamos a contrafa\u00e7\u00e3o.<\/li>\r\n<li>100% Garantia de entrega: Utilizamos o melhor m\u00e9todo de envio para garantir que recebe a encomenda 100%.<\/li>\r\n<li>Ap\u00f3s o envio, fornecer-lhe-emos o n\u00famero de acompanhamento e a etiqueta de envio e acompanharemos a mercadoria at\u00e9 que a receba.<\/li>\r\n<li>Sem problemas aduaneiros, sem direitos aduaneiros<\/li>\r\n<\/ul>","protected":false},"excerpt":{"rendered":"<div class=\"wsppc_div_block woocommerce_before_add_to_cart_form\">\r\n<p><strong><span style=\"color: #00a859;\">Passar na alf\u00e2ndega<\/span> antes da entrega e% Garantia de Entrega de 100 dias, Entrega em cerca de 19 a 25 dias.\u00a0<\/strong><\/p>\r\n<\/div>","protected":false},"featured_media":15738,"comment_status":"open","ping_status":"closed","template":"","meta":[],"pwb-brand":[1277],"product_cat":[873],"product_tag":[22,24,37,793,794],"class_list":{"0":"post-15703","1":"product","2":"type-product","3":"status-publish","4":"has-post-thumbnail","6":"pwb-brand-lavie","7":"product_cat-above-20k-puffs","8":"product_tag-disposable","9":"product_tag-wholesale","10":"product_tag-lavie","11":"product_tag-28-0ml","12":"product_tag-20000-puffs","13":"wcpa_has_options","15":"first","16":"instock","17":"featured","18":"shipping-taxable","19":"purchasable","20":"product-type-variable"},"aioseo_notices":[],"brands":[{"id":1277,"name":"Lavie","slug":"lavie"}],"_links":{"self":[{"href":"https:\/\/www.vape4wholesale.com\/pt\/wp-json\/wp\/v2\/product\/15703","targetHints":{"allow":["GET"]}}],"collection":[{"href":"https:\/\/www.vape4wholesale.com\/pt\/wp-json\/wp\/v2\/product"}],"about":[{"href":"https:\/\/www.vape4wholesale.com\/pt\/wp-json\/wp\/v2\/types\/product"}],"replies":[{"embeddable":true,"href":"https:\/\/www.vape4wholesale.com\/pt\/wp-json\/wp\/v2\/comments?post=15703"}],"wp:featuredmedia":[{"embeddable":true,"href":"https:\/\/www.vape4wholesale.com\/pt\/wp-json\/wp\/v2\/media\/15738"}],"wp:attachment":[{"href":"https:\/\/www.vape4wholesale.com\/pt\/wp-json\/wp\/v2\/media?parent=15703"}],"wp:term":[{"taxonomy":"pwb-brand","embeddable":true,"href":"https:\/\/www.vape4wholesale.com\/pt\/wp-json\/wp\/v2\/pwb-brand?post=15703"},{"taxonomy":"product_cat","embeddable":true,"href":"https:\/\/www.vape4wholesale.com\/pt\/wp-json\/wp\/v2\/product_cat?post=15703"},{"taxonomy":"product_tag","embeddable":true,"href":"https:\/\/www.vape4wholesale.com\/pt\/wp-json\/wp\/v2\/product_tag?post=15703"}],"curies":[{"name":"wp","href":"https:\/\/api.w.org\/{rel}","templated":true}]}}