{"id":15675,"date":"2025-10-29T18:51:50","date_gmt":"2025-10-29T10:51:50","guid":{"rendered":"https:\/\/www.vape4wholesale.com\/?post_type=product&#038;p=15675"},"modified":"2026-03-19T19:01:42","modified_gmt":"2026-03-19T11:01:42","slug":"elf-bar-gh23000-vape-descartavel-por-atacado","status":"publish","type":"product","link":"https:\/\/www.vape4wholesale.com\/pt\/product\/elf-bar-gh23000-disposable-vape-wholesale","title":{"rendered":"Elf Bar GH23000 Vape descart\u00e1vel Atacado"},"content":{"rendered":"<p>O vape descart\u00e1vel Elf Bar GH23000 apresenta uma experi\u00eancia de vaporiza\u00e7\u00e3o sem paralelo com a sua inovadora capacidade de 23 mil baforadas e o sistema integrado de ajuste de ar e press\u00e3o. Este dispositivo recarreg\u00e1vel possui um grande ecr\u00e3 lateral de tubo digital e um cativante anel de luz exterior azul monocrom\u00e1tico, estabelecendo um novo padr\u00e3o para os vapes descart\u00e1veis.<\/p>\n<h2><strong>Elf Bar GH23000 Informa\u00e7\u00f5es sobre o produto:<\/strong><\/h2>\n<ul>\n<li>Grande capacidade de sumo Vape: Vem com uma capacidade substancial de 23 ml de e-l\u00edquido.<\/li>\n<li>Sistema de bobina de malha tripla: Assegura um excelente sabor e produ\u00e7\u00e3o de vapor.<\/li>\n<li>Defini\u00e7\u00f5es de baforadas vari\u00e1veis: Tr\u00eas configura\u00e7\u00f5es de engrenagem para ajustar a contagem de baforadas - 23K, 17K e 12K.<\/li>\n<li>Bateria de alta capacidade: Equipado com uma bateria de 850mAh e carregamento Tipo C.<\/li>\n<li>Ecr\u00e3 lateral sofisticado: Ecr\u00e3 digital de grandes dimens\u00f5es para uma monitoriza\u00e7\u00e3o f\u00e1cil.<\/li>\n<li>Personaliza\u00e7\u00e3o do fluxo de ar e da press\u00e3o: Sistema integrado que permite uma experi\u00eancia de vaporiza\u00e7\u00e3o personalizada.<\/li>\n<li>Design elegante: Apresenta um anel exterior com uma luz azul monocrom\u00e1tica.<\/li>\n<li>Ampla sele\u00e7\u00e3o de sabores: Escolha entre 15 sabores requintados.<\/li>\n<\/ul>\n<h2><strong>Aromas:<\/strong><\/h2>\n<ol>\n<li>Gelo de uva<\/li>\n<li>Gelo de ma\u00e7\u00e3 verde<\/li>\n<li>Gelo de melancia<\/li>\n<li>Gelo de mirtilo e framboesa<\/li>\n<li>Banana com morango<\/li>\n<li>Melancia Cereja<\/li>\n<li>Framboesa Melancia Lim\u00e3o<\/li>\n<li>Ameixa verde Lima azeda<\/li>\n<li>Pera Ma\u00e7\u00e3<\/li>\n<li>Jasmim Framboesa<\/li>\n<li>Hortel\u00e3 polar<\/li>\n<li>Hortel\u00e3 p\u00farpura<\/li>\n<li>Pastilhas el\u00e1sticas de morango e melancia<\/li>\n<li>Doce de melancia azeda<\/li>\n<li>Cola de cereja<\/li>\n<\/ol>\n<h2><strong>Detalhes da embalagem<\/strong><\/h2>\n<p>1 unidade\/embalagem<br data-filtered=\"filtered\" \/>10 unidades\/caixa<br data-filtered=\"filtered\" \/>200 unidades\/caixa<\/p>\n<p><strong>Dimens\u00e3o:<\/strong><br \/>\n58*29*14cm<br \/>\n24KGS\/caixa<\/p>\n<figure id=\"attachment_15692\" aria-describedby=\"caption-attachment-15692\" style=\"width: 800px\" class=\"wp-caption alignnone\"><img loading=\"lazy\" decoding=\"async\" class=\"size-full wp-image-15692\" title=\"ELF BAR GH23000 Vape descart\u00e1vel por atacado (4)\" src=\"https:\/\/www.vape4wholesale.com\/wp-content\/uploads\/2024\/05\/ELF-BAR-GH23000-Disposable-Vape-Wholesale-4.webp\" alt=\"ELF BAR GH23000 Vape descart\u00e1vel por atacado (4)\" width=\"800\" height=\"644\" srcset=\"https:\/\/www.vape4wholesale.com\/wp-content\/uploads\/2024\/05\/ELF-BAR-GH23000-Disposable-Vape-Wholesale-4.webp 800w, https:\/\/www.vape4wholesale.com\/wp-content\/uploads\/2024\/05\/ELF-BAR-GH23000-Disposable-Vape-Wholesale-4-510x411.webp 510w\" sizes=\"auto, (max-width: 800px) 100vw, 800px\" \/><figcaption id=\"caption-attachment-15692\" class=\"wp-caption-text\">ELF BAR GH23000 Vape descart\u00e1vel Atacado<\/figcaption><\/figure>\n<h2>PORQU\u00ca N\u00d3S?<\/h2>\r\n<ul>\r\n<li>Fonte vape real, fi\u00e1vel e profissional.<\/li>\r\n<li>100% Garantia genu\u00edna: S\u00f3 fornecemos produtos originais e genu\u00ednos, recusamos a contrafa\u00e7\u00e3o.<\/li>\r\n<li>100% Garantia de entrega: Utilizamos o melhor m\u00e9todo de envio para garantir que recebe a encomenda 100%.<\/li>\r\n<li>Ap\u00f3s o envio, fornecer-lhe-emos o n\u00famero de acompanhamento e a etiqueta de envio e acompanharemos a mercadoria at\u00e9 que a receba.<\/li>\r\n<li>Sem problemas aduaneiros, sem direitos aduaneiros<\/li>\r\n<\/ul>","protected":false},"excerpt":{"rendered":"<p><b><span style=\"color: #00a859;\">Free shipping<\/span>\u00a0from Europe warehouse, 7-15 working days delivery time.<\/b><\/p>\r\n<div class=\"wsppc_div_block woocommerce_before_add_to_cart_form\">\r\n<p><strong>Clear customs before delivery &amp; 100% Delivery Guarantee<\/strong><\/p>\r\n<\/div>","protected":false},"featured_media":26773,"comment_status":"open","ping_status":"closed","template":"","meta":[],"pwb-brand":[1278],"product_cat":[938],"product_tag":[22,24,60,557,780],"class_list":{"0":"post-15675","1":"product","2":"type-product","3":"status-publish","4":"has-post-thumbnail","6":"pwb-brand-elf-bar","7":"product_cat-europe-warehouse","8":"product_tag-disposable","9":"product_tag-wholesale","10":"product_tag-elf-bar","11":"product_tag-23-0ml","12":"product_tag-23000-puffs","13":"product_shipping_class-eu-warehouse","15":"first","16":"instock","17":"shipping-taxable","18":"purchasable","19":"product-type-variable"},"aioseo_notices":[],"brands":[{"id":1278,"name":"Bar dos duendes","slug":"bar-dos-elfos"}],"_links":{"self":[{"href":"https:\/\/www.vape4wholesale.com\/pt\/wp-json\/wp\/v2\/product\/15675","targetHints":{"allow":["GET"]}}],"collection":[{"href":"https:\/\/www.vape4wholesale.com\/pt\/wp-json\/wp\/v2\/product"}],"about":[{"href":"https:\/\/www.vape4wholesale.com\/pt\/wp-json\/wp\/v2\/types\/product"}],"replies":[{"embeddable":true,"href":"https:\/\/www.vape4wholesale.com\/pt\/wp-json\/wp\/v2\/comments?post=15675"}],"wp:featuredmedia":[{"embeddable":true,"href":"https:\/\/www.vape4wholesale.com\/pt\/wp-json\/wp\/v2\/media\/26773"}],"wp:attachment":[{"href":"https:\/\/www.vape4wholesale.com\/pt\/wp-json\/wp\/v2\/media?parent=15675"}],"wp:term":[{"taxonomy":"pwb-brand","embeddable":true,"href":"https:\/\/www.vape4wholesale.com\/pt\/wp-json\/wp\/v2\/pwb-brand?post=15675"},{"taxonomy":"product_cat","embeddable":true,"href":"https:\/\/www.vape4wholesale.com\/pt\/wp-json\/wp\/v2\/product_cat?post=15675"},{"taxonomy":"product_tag","embeddable":true,"href":"https:\/\/www.vape4wholesale.com\/pt\/wp-json\/wp\/v2\/product_tag?post=15675"}],"curies":[{"name":"wp","href":"https:\/\/api.w.org\/{rel}","templated":true}]}}