{"id":15573,"date":"2024-04-17T22:26:53","date_gmt":"2024-04-17T14:26:53","guid":{"rendered":"https:\/\/www.vape4wholesale.com\/?post_type=product&#038;p=15573"},"modified":"2026-01-26T13:41:07","modified_gmt":"2026-01-26T13:41:07","slug":"lavie-plus-15000-vape-descartavel-por-atacado","status":"publish","type":"product","link":"https:\/\/www.vape4wholesale.com\/pt\/produto\/lavie-plus-15000-vape-descartavel-por-atacado","title":{"rendered":"Lavie Plus 15000 Vape Descart\u00e1vel Atacado"},"content":{"rendered":"<p>O Lavie Plus 15000 \u00e9 um revolucion\u00e1rio dispositivo de vapor descart\u00e1vel desenvolvido e produzido pela Lavie com a mais recente tecnologia de ponta, que pode atingir at\u00e9 15000 baforadas, equipado com uma bateria recarreg\u00e1vel de 650mAh. Com uma generosa capacidade de 25ml de e-l\u00edquido e um conjunto tentador de 12 sabores \u00e0 escolha, o Lavie Plus 15000 garante sempre uma experi\u00eancia saborosa.<\/p>\n<p>O Lavie Plus 15000 est\u00e1 dispon\u00edvel em dois modos diferentes: O modo \"Normal\" \u00e9 alimentado por uma \u00fanica bobina de malha, cada tragada proporciona sabores matizados e nuvens suaves. O modelo \"Pulse+\" amplifica-o com o poder da bobina de malha dupla.<\/p>\n<p>Encomende a granel a nossa vasta sele\u00e7\u00e3o de 12 sabores de Lavie Plus 15000 Puffs pelo nosso melhor pre\u00e7o por grosso e envio r\u00e1pido!<\/p>\n<h2><strong>Detalhes do Vape descart\u00e1vel Lavie Plus 15000:<\/strong><\/h2>\n<ul>\n<li>25ml de E-l\u00edquido pr\u00e9-cheio<\/li>\n<li>5% Intensidade da nicotina<\/li>\n<li>Bateria recarreg\u00e1vel de 650mAh<\/li>\n<li>At\u00e9 15000 baforadas<\/li>\n<li>Carregamento tipo C<\/li>\n<\/ul>\n<h2><strong>Favores dispon\u00edveis:<\/strong><\/h2>\n<ol>\n<li>Limonada cor-de-rosa<\/li>\n<li>Gelo de melancia<\/li>\n<li>M\u00e9xico Manga<\/li>\n<li>Explos\u00e3o de arco-\u00edris tropical<\/li>\n<li>Manga com morango<\/li>\n<li>Gelo Blue Razz<\/li>\n<li>Miami Mint<\/li>\n<li>Gelo de p\u00eassego sumarento<\/li>\n<li>Gelo de ma\u00e7\u00e3 azeda<\/li>\n<li>Cereja da Calif\u00f3rnia<\/li>\n<li>Doce de manga e anan\u00e1s<\/li>\n<li>Meta Lua<\/li>\n<\/ol>\n<h2><strong>Detalhes da embalagem:<\/strong><\/h2>\n<ul>\n<li>1 unidade\/embalagem<\/li>\n<li>10 unidades\/caixa<\/li>\n<li>200 unidades\/caixa<\/li>\n<li>20 kg\/caixa<\/li>\n<\/ul>\n<figure id=\"attachment_15586\" aria-describedby=\"caption-attachment-15586\" style=\"width: 800px\" class=\"wp-caption alignnone\"><img loading=\"lazy\" decoding=\"async\" class=\"wp-image-15586 size-full\" title=\"LAVIE PLUS 15000 Puffs Vape descart\u00e1vel Sabores por atacado\" src=\"https:\/\/www.vape4wholesale.com\/wp-content\/uploads\/2024\/04\/LAVIE-PLUS-15000-Puffs-Disposable-Vape-Wholesale-Flavors.webp\" alt=\"LAVIE PLUS 15000 Puffs Vape descart\u00e1vel Sabores por atacado\" width=\"800\" height=\"1298\" srcset=\"https:\/\/www.vape4wholesale.com\/wp-content\/uploads\/2024\/04\/LAVIE-PLUS-15000-Puffs-Disposable-Vape-Wholesale-Flavors.webp 800w, https:\/\/www.vape4wholesale.com\/wp-content\/uploads\/2024\/04\/LAVIE-PLUS-15000-Puffs-Disposable-Vape-Wholesale-Flavors-510x827.webp 510w, https:\/\/www.vape4wholesale.com\/wp-content\/uploads\/2024\/04\/LAVIE-PLUS-15000-Puffs-Disposable-Vape-Wholesale-Flavors-64x104.webp 64w, https:\/\/www.vape4wholesale.com\/wp-content\/uploads\/2024\/04\/LAVIE-PLUS-15000-Puffs-Disposable-Vape-Wholesale-Flavors-185x300.webp 185w, https:\/\/www.vape4wholesale.com\/wp-content\/uploads\/2024\/04\/LAVIE-PLUS-15000-Puffs-Disposable-Vape-Wholesale-Flavors-631x1024.webp 631w, https:\/\/www.vape4wholesale.com\/wp-content\/uploads\/2024\/04\/LAVIE-PLUS-15000-Puffs-Disposable-Vape-Wholesale-Flavors-768x1246.webp 768w\" sizes=\"auto, (max-width: 800px) 100vw, 800px\" \/><figcaption id=\"caption-attachment-15586\" class=\"wp-caption-text\">LAVIE PLUS 15000 Puffs Vape Descart\u00e1vel Atacado Todos os Sabores<\/figcaption><\/figure>\n<h2>PORQU\u00ca N\u00d3S?<\/h2>\r\n<ul>\r\n<li>Fonte vape real, fi\u00e1vel e profissional.<\/li>\r\n<li>100% Garantia genu\u00edna: S\u00f3 fornecemos produtos originais e genu\u00ednos, recusamos a contrafa\u00e7\u00e3o.<\/li>\r\n<li>100% Garantia de entrega: Utilizamos o melhor m\u00e9todo de envio para garantir que recebe a encomenda 100%.<\/li>\r\n<li>Ap\u00f3s o envio, fornecer-lhe-emos o n\u00famero de acompanhamento e a etiqueta de envio e acompanharemos a mercadoria at\u00e9 que a receba.<\/li>\r\n<li>Sem problemas aduaneiros, sem direitos aduaneiros<\/li>\r\n<\/ul>","protected":false},"excerpt":{"rendered":"<div class=\"wsppc_div_block woocommerce_before_add_to_cart_form\">\r\n<p><strong><span style=\"color: #00a859;\">Clear customs<\/span> before delivery &amp; 100% Delivery Guarantee, Delivery in 19~25 days around.\u00a0<\/strong><\/p>\r\n<\/div>","protected":false},"featured_media":15574,"comment_status":"open","ping_status":"closed","template":"","meta":[],"pwb-brand":[1277],"product_cat":[872],"product_tag":[22,24,37,684,692],"class_list":{"0":"post-15573","1":"product","2":"type-product","3":"status-publish","4":"has-post-thumbnail","6":"pwb-brand-lavie","7":"product_cat-15k-20k-puffs","8":"product_tag-disposable","9":"product_tag-wholesale","10":"product_tag-lavie","11":"product_tag-15000-puffs","12":"product_tag-25-0ml","13":"wcpa_has_options","15":"first","16":"instock","17":"shipping-taxable","18":"purchasable","19":"product-type-variable"},"aioseo_notices":[],"brands":[{"id":1277,"name":"Lavie","slug":"lavie"}],"_links":{"self":[{"href":"https:\/\/www.vape4wholesale.com\/pt\/wp-json\/wp\/v2\/product\/15573","targetHints":{"allow":["GET"]}}],"collection":[{"href":"https:\/\/www.vape4wholesale.com\/pt\/wp-json\/wp\/v2\/product"}],"about":[{"href":"https:\/\/www.vape4wholesale.com\/pt\/wp-json\/wp\/v2\/types\/product"}],"replies":[{"embeddable":true,"href":"https:\/\/www.vape4wholesale.com\/pt\/wp-json\/wp\/v2\/comments?post=15573"}],"wp:featuredmedia":[{"embeddable":true,"href":"https:\/\/www.vape4wholesale.com\/pt\/wp-json\/wp\/v2\/media\/15574"}],"wp:attachment":[{"href":"https:\/\/www.vape4wholesale.com\/pt\/wp-json\/wp\/v2\/media?parent=15573"}],"wp:term":[{"taxonomy":"pwb-brand","embeddable":true,"href":"https:\/\/www.vape4wholesale.com\/pt\/wp-json\/wp\/v2\/pwb-brand?post=15573"},{"taxonomy":"product_cat","embeddable":true,"href":"https:\/\/www.vape4wholesale.com\/pt\/wp-json\/wp\/v2\/product_cat?post=15573"},{"taxonomy":"product_tag","embeddable":true,"href":"https:\/\/www.vape4wholesale.com\/pt\/wp-json\/wp\/v2\/product_tag?post=15573"}],"curies":[{"name":"wp","href":"https:\/\/api.w.org\/{rel}","templated":true}]}}