{"id":15506,"date":"2024-04-11T12:42:29","date_gmt":"2024-04-11T04:42:29","guid":{"rendered":"https:\/\/www.vape4wholesale.com\/?post_type=product&#038;p=15506"},"modified":"2026-01-26T13:41:12","modified_gmt":"2026-01-26T13:41:12","slug":"elf-bar-ep8000-vape-descartavel-por-atacado","status":"publish","type":"product","link":"https:\/\/www.vape4wholesale.com\/pt\/product\/elf-bar-ep8000-disposable-vape-wholesale","title":{"rendered":"Elf Bar EP8000 Vape descart\u00e1vel Atacado"},"content":{"rendered":"<p>O Elf Bar EP8000 apresenta um design elegante com 18 ml de sumo eletr\u00f3nico e uma bateria recarreg\u00e1vel de 1500 mAh para proporcionar uma sensa\u00e7\u00e3o de sabor insuper\u00e1vel. suporta at\u00e9 8000 baforadas. Testemunhe um brilho cintilante com um ecr\u00e3 vibrante de seis tonalidades de cor. A \u00faltima tonalidade mostra o n\u00edvel atual de e-l\u00edquido e a carga da bateria.<\/p>\n<p>Esta mistura estimulante combina a ess\u00eancia ousada das amoras com o sabor picante das framboesas, criando uma sinfonia harmoniosa de frutos. Com um toque refrescante de mentol gelado, cada baforada proporciona uma explos\u00e3o de frescura que seduz os sentidos.<\/p>\n<p>Encomende a granel os nossos 20 sabores exclusivos Elf Bar BC15000 a pre\u00e7os grossistas imbat\u00edveis com envio r\u00e1pido.<\/p>\n<h2><strong>Elf Bar EP8000 Vape descart\u00e1vel Caracter\u00edsticas:<\/strong><\/h2>\n<ul>\n<li>Marca: Elf Bar<\/li>\n<li>Tipo: EP8000<\/li>\n<li>Puffs: 8000 Puffs<\/li>\n<li>Nicotina: 5%<\/li>\n<li>Capacidade do E-juice: 18 ML<\/li>\n<li>Capacidade da bateria: 1500mAh (recarreg\u00e1vel)<\/li>\n<li>Tamanho: 88\u00d744\u00d722 mm<\/li>\n<\/ul>\n<h2><strong>Sabores dispon\u00edveis\uff1a<\/strong><\/h2>\n<p>1. uva-cereja<br \/>\n2. limonada de p\u00eassego e cereja<br \/>\n3. uva<br \/>\n4. Kiwi Maracuj\u00e1 Goiaba<br \/>\n5.Tabaco<br \/>\n6. gelo de melancia<br \/>\n7.Cola Ice<br \/>\n8. baga de p\u00eassego<br \/>\n9.Blue Razz Ice<br \/>\n10. amora preta amora branca<br \/>\n11. pastilha el\u00e1stica de melancia<br \/>\n12.Double Mango<br \/>\n13.Gelo de p\u00eassego<br \/>\n14.Black Razz Ice<br \/>\n15. manga P\u00eassego Melancia<br \/>\n16.Ma\u00e7\u00e3 dupla<br \/>\n17. uva branca<br \/>\n18. p\u00eassego manga<br \/>\n19. gelado de morango<br \/>\n20. gelo de morango<\/p>\n<h2><strong>Detalhes da embalagem<\/strong><\/h2>\n<p>1 unidade\/embalagem<br data-filtered=\"filtered\" \/>10 unidades\/caixa<br data-filtered=\"filtered\" \/>200 unidades\/caixa<\/p>\n<p><strong>Dimens\u00e3o:<\/strong><br \/>\n58*29*14cm<br \/>\n12KGS\/caixa<\/p>\n<figure id=\"attachment_15529\" aria-describedby=\"caption-attachment-15529\" style=\"width: 747px\" class=\"wp-caption alignnone\"><img loading=\"lazy\" decoding=\"async\" class=\"wp-image-15529 size-full\" title=\"Elf Bar EP8000 Vape descart\u00e1vel Atacado Melancia Gelo 8000 Puffs\" src=\"https:\/\/www.vape4wholesale.com\/wp-content\/uploads\/2024\/04\/Elf-Bar-EP8000-Disposable-Vape-Wholesale-Watermelon-Ice-8000-Puffs.webp\" alt=\"Elf Bar EP8000 Vape descart\u00e1vel Atacado Melancia Gelo 8000 Puffs\" width=\"747\" height=\"800\" srcset=\"https:\/\/www.vape4wholesale.com\/wp-content\/uploads\/2024\/04\/Elf-Bar-EP8000-Disposable-Vape-Wholesale-Watermelon-Ice-8000-Puffs.webp 747w, https:\/\/www.vape4wholesale.com\/wp-content\/uploads\/2024\/04\/Elf-Bar-EP8000-Disposable-Vape-Wholesale-Watermelon-Ice-8000-Puffs-510x546.webp 510w, https:\/\/www.vape4wholesale.com\/wp-content\/uploads\/2024\/04\/Elf-Bar-EP8000-Disposable-Vape-Wholesale-Watermelon-Ice-8000-Puffs-64x69.webp 64w, https:\/\/www.vape4wholesale.com\/wp-content\/uploads\/2024\/04\/Elf-Bar-EP8000-Disposable-Vape-Wholesale-Watermelon-Ice-8000-Puffs-280x300.webp 280w\" sizes=\"auto, (max-width: 747px) 100vw, 747px\" \/><figcaption id=\"caption-attachment-15529\" class=\"wp-caption-text\">Elf Bar EP8000 Vape descart\u00e1vel Atacado<\/figcaption><\/figure>\n<h2>PORQU\u00ca N\u00d3S?<\/h2>\r\n<ul>\r\n<li>Fonte vape real, fi\u00e1vel e profissional.<\/li>\r\n<li>100% Garantia genu\u00edna: S\u00f3 fornecemos produtos originais e genu\u00ednos, recusamos a contrafa\u00e7\u00e3o.<\/li>\r\n<li>100% Garantia de entrega: Utilizamos o melhor m\u00e9todo de envio para garantir que recebe a encomenda 100%.<\/li>\r\n<li>Ap\u00f3s o envio, fornecer-lhe-emos o n\u00famero de acompanhamento e a etiqueta de envio e acompanharemos a mercadoria at\u00e9 que a receba.<\/li>\r\n<li>Sem problemas aduaneiros, sem direitos aduaneiros<\/li>\r\n<\/ul>","protected":false},"excerpt":{"rendered":"<div class=\"wsppc_div_block woocommerce_before_add_to_cart_form\">\r\n<p><strong><span style=\"color: #00a859;\">Passar na alf\u00e2ndega<\/span> antes da entrega e% Garantia de Entrega de 100 dias, Entrega em cerca de 19 a 25 dias.\u00a0<\/strong><\/p>\r\n<\/div>\n<p><strong>Devido a altera\u00e7\u00f5es frequentes no invent\u00e1rio de produtos, na quantidade m\u00ednima de encomenda e no pre\u00e7o, contacte-nos antes de efetuar a encomenda.<\/strong><\/p>","protected":false},"featured_media":15532,"comment_status":"open","ping_status":"closed","template":"","meta":[],"pwb-brand":[1278],"product_cat":[870],"product_tag":[343,22,24,60,244],"class_list":{"0":"post-15506","1":"product","2":"type-product","3":"status-publish","4":"has-post-thumbnail","6":"pwb-brand-elf-bar","7":"product_cat-8000-10000-puffs","8":"product_tag-8000-puffs","9":"product_tag-disposable","10":"product_tag-wholesale","11":"product_tag-elf-bar","12":"product_tag-18-0ml","14":"first","15":"instock","16":"shipping-taxable","17":"purchasable","18":"product-type-variable"},"aioseo_notices":[],"brands":[{"id":1278,"name":"Bar dos duendes","slug":"bar-dos-elfos"}],"_links":{"self":[{"href":"https:\/\/www.vape4wholesale.com\/pt\/wp-json\/wp\/v2\/product\/15506","targetHints":{"allow":["GET"]}}],"collection":[{"href":"https:\/\/www.vape4wholesale.com\/pt\/wp-json\/wp\/v2\/product"}],"about":[{"href":"https:\/\/www.vape4wholesale.com\/pt\/wp-json\/wp\/v2\/types\/product"}],"replies":[{"embeddable":true,"href":"https:\/\/www.vape4wholesale.com\/pt\/wp-json\/wp\/v2\/comments?post=15506"}],"wp:featuredmedia":[{"embeddable":true,"href":"https:\/\/www.vape4wholesale.com\/pt\/wp-json\/wp\/v2\/media\/15532"}],"wp:attachment":[{"href":"https:\/\/www.vape4wholesale.com\/pt\/wp-json\/wp\/v2\/media?parent=15506"}],"wp:term":[{"taxonomy":"pwb-brand","embeddable":true,"href":"https:\/\/www.vape4wholesale.com\/pt\/wp-json\/wp\/v2\/pwb-brand?post=15506"},{"taxonomy":"product_cat","embeddable":true,"href":"https:\/\/www.vape4wholesale.com\/pt\/wp-json\/wp\/v2\/product_cat?post=15506"},{"taxonomy":"product_tag","embeddable":true,"href":"https:\/\/www.vape4wholesale.com\/pt\/wp-json\/wp\/v2\/product_tag?post=15506"}],"curies":[{"name":"wp","href":"https:\/\/api.w.org\/{rel}","templated":true}]}}