{"id":15476,"date":"2024-04-11T12:20:52","date_gmt":"2024-04-11T04:20:52","guid":{"rendered":"https:\/\/www.vape4wholesale.com\/?post_type=product&#038;p=15476"},"modified":"2026-01-26T13:41:14","modified_gmt":"2026-01-26T13:41:14","slug":"elf-bar-bc15000-vape-descartavel-por-atacado","status":"publish","type":"product","link":"https:\/\/www.vape4wholesale.com\/pt\/product\/elf-bar-bc15000-disposable-vape-wholesale","title":{"rendered":"Elf Bar BC15000 Vape descart\u00e1vel Atacado"},"content":{"rendered":"<p>O Elf bar BC15000 \u00e9 um vape descart\u00e1vel de vanguarda com uma bateria recarreg\u00e1vel de 650mAh e um dep\u00f3sito de e-l\u00edquido pr\u00e9-cheio de 23 ml, que proporciona at\u00e9 15 000 baforadas. A sua inovadora barra de progresso com visor de energia oferece aos utilizadores um feedback em tempo real sobre o consumo de energia<\/p>\n<p>O Elfbar BC15000 oferece dois modos distintos - \"Smooth\" para uma extra\u00e7\u00e3o satisfat\u00f3ria e \"Turbo\" para uma produ\u00e7\u00e3o de vapor densa. O seu design compacto mas potente garante uma experi\u00eancia de vaporiza\u00e7\u00e3o confort\u00e1vel e de qualidade superior.<br \/>\nEncomende por grosso os nossos 15 sabores exclusivos Elf Bar BC15000 a pre\u00e7os grossistas imbat\u00edveis com envio r\u00e1pido.<\/p>\n<h2><strong>Elf Bar BC15000 Vape descart\u00e1vel Caracter\u00edsticas:<\/strong><\/h2>\n<ul>\n<li>Marca: Elf Bar<\/li>\n<li>Tipo: BC15000<\/li>\n<li>Puffs: 15000 Puffs<\/li>\n<li>Nicotina: 5%<\/li>\n<li>Capacidade do E-juice: 23 ML<\/li>\n<li>Capacidade da bateria: 650mAh (recarreg\u00e1vel)<\/li>\n<li>Porta de carregamento: Tipo C<\/li>\n<\/ul>\n<h2><strong>Sabores dispon\u00edveis\uff1a<\/strong><\/h2>\n<ol>\n<li>Amora Cereja<\/li>\n<li>Gelo Blue Razz<\/li>\n<li>Lima-cereja<\/li>\n<li>Uva e arando<\/li>\n<li>Gelo de uva<\/li>\n<li>Kiwi Maracuj\u00e1 Goiaba<\/li>\n<li>P\u00eassego Manga Melancia<\/li>\n<li>Anan\u00e1s Dragonfruit Toranja<\/li>\n<li>Ma\u00e7\u00e3 \u00e1cida<\/li>\n<li>Banana com morango<\/li>\n<li>Morango Kiwi<\/li>\n<li>Hortel\u00e3-pimenta<\/li>\n<li>Gelo de melancia<\/li>\n<li>Kiwi Anan\u00e1s P\u00eassego<\/li>\n<li>Toranja Maracuj\u00e1<\/li>\n<\/ol>\n<h2><strong>Detalhes da embalagem<\/strong><\/h2>\n<p>1 unidade\/embalagem<br data-filtered=\"filtered\" \/>10 unidades\/caixa<br data-filtered=\"filtered\" \/>200 unidades\/caixa<\/p>\n<p><strong>Dimens\u00e3o:<\/strong><br data-filtered=\"filtered\" \/>55,5*29,5*27,5cm<br data-filtered=\"filtered\" \/>26KGS\/caixa<\/p>\n<figure id=\"attachment_15493\" aria-describedby=\"caption-attachment-15493\" style=\"width: 800px\" class=\"wp-caption alignnone\"><img loading=\"lazy\" decoding=\"async\" class=\"wp-image-15493 size-full\" title=\"Elf Bar BC15000 Vape Descart\u00e1vel Atacado Ma\u00e7\u00e3 \u00c1cida 15000 Puffs\" src=\"https:\/\/www.vape4wholesale.com\/wp-content\/uploads\/2024\/04\/Elf-Bar-BC15000-Disposable-Vape-Wholesale-Sour-Apple-15000-Puffs.webp\" alt=\"Elf Bar BC15000 Vape Descart\u00e1vel Atacado Ma\u00e7\u00e3 \u00c1cida 15000 Puffs\" width=\"800\" height=\"800\" srcset=\"https:\/\/www.vape4wholesale.com\/wp-content\/uploads\/2024\/04\/Elf-Bar-BC15000-Disposable-Vape-Wholesale-Sour-Apple-15000-Puffs.webp 800w, https:\/\/www.vape4wholesale.com\/wp-content\/uploads\/2024\/04\/Elf-Bar-BC15000-Disposable-Vape-Wholesale-Sour-Apple-15000-Puffs-247x247.webp 247w, https:\/\/www.vape4wholesale.com\/wp-content\/uploads\/2024\/04\/Elf-Bar-BC15000-Disposable-Vape-Wholesale-Sour-Apple-15000-Puffs-100x100.webp 100w, https:\/\/www.vape4wholesale.com\/wp-content\/uploads\/2024\/04\/Elf-Bar-BC15000-Disposable-Vape-Wholesale-Sour-Apple-15000-Puffs-510x510.webp 510w, https:\/\/www.vape4wholesale.com\/wp-content\/uploads\/2024\/04\/Elf-Bar-BC15000-Disposable-Vape-Wholesale-Sour-Apple-15000-Puffs-64x64.webp 64w, https:\/\/www.vape4wholesale.com\/wp-content\/uploads\/2024\/04\/Elf-Bar-BC15000-Disposable-Vape-Wholesale-Sour-Apple-15000-Puffs-300x300.webp 300w, https:\/\/www.vape4wholesale.com\/wp-content\/uploads\/2024\/04\/Elf-Bar-BC15000-Disposable-Vape-Wholesale-Sour-Apple-15000-Puffs-150x150.webp 150w, https:\/\/www.vape4wholesale.com\/wp-content\/uploads\/2024\/04\/Elf-Bar-BC15000-Disposable-Vape-Wholesale-Sour-Apple-15000-Puffs-768x768.webp 768w\" sizes=\"auto, (max-width: 800px) 100vw, 800px\" \/><figcaption id=\"caption-attachment-15493\" class=\"wp-caption-text\">Elf Bar BC15000 Vape descart\u00e1vel Atacado<\/figcaption><\/figure>\n<h2>PORQU\u00ca N\u00d3S?<\/h2>\r\n<ul>\r\n<li>Fonte vape real, fi\u00e1vel e profissional.<\/li>\r\n<li>100% Garantia genu\u00edna: S\u00f3 fornecemos produtos originais e genu\u00ednos, recusamos a contrafa\u00e7\u00e3o.<\/li>\r\n<li>100% Garantia de entrega: Utilizamos o melhor m\u00e9todo de envio para garantir que recebe a encomenda 100%.<\/li>\r\n<li>Ap\u00f3s o envio, fornecer-lhe-emos o n\u00famero de acompanhamento e a etiqueta de envio e acompanharemos a mercadoria at\u00e9 que a receba.<\/li>\r\n<li>Sem problemas aduaneiros, sem direitos aduaneiros<\/li>\r\n<\/ul>","protected":false},"excerpt":{"rendered":"<div class=\"wsppc_div_block woocommerce_before_add_to_cart_form\">\r\n<p><strong><span style=\"color: #00a859;\">Passar na alf\u00e2ndega<\/span> antes da entrega e% Garantia de Entrega de 100 dias, Entrega em cerca de 19 a 25 dias.\u00a0<\/strong><\/p>\r\n<\/div>\n<p><strong>Devido a altera\u00e7\u00f5es frequentes no invent\u00e1rio de produtos, na quantidade m\u00ednima de encomenda e no pre\u00e7o, contacte-nos antes de efetuar a encomenda.<\/strong><\/p>","protected":false},"featured_media":15493,"comment_status":"open","ping_status":"closed","template":"","meta":[],"pwb-brand":[1278],"product_cat":[872],"product_tag":[557,684,22,24,60],"class_list":{"0":"post-15476","1":"product","2":"type-product","3":"status-publish","4":"has-post-thumbnail","6":"pwb-brand-elf-bar","7":"product_cat-15k-20k-puffs","8":"product_tag-23-0ml","9":"product_tag-15000-puffs","10":"product_tag-disposable","11":"product_tag-wholesale","12":"product_tag-elf-bar","14":"first","15":"instock","16":"shipping-taxable","17":"purchasable","18":"product-type-variable"},"aioseo_notices":[],"brands":[{"id":1278,"name":"Bar dos duendes","slug":"bar-dos-elfos"}],"_links":{"self":[{"href":"https:\/\/www.vape4wholesale.com\/pt\/wp-json\/wp\/v2\/product\/15476","targetHints":{"allow":["GET"]}}],"collection":[{"href":"https:\/\/www.vape4wholesale.com\/pt\/wp-json\/wp\/v2\/product"}],"about":[{"href":"https:\/\/www.vape4wholesale.com\/pt\/wp-json\/wp\/v2\/types\/product"}],"replies":[{"embeddable":true,"href":"https:\/\/www.vape4wholesale.com\/pt\/wp-json\/wp\/v2\/comments?post=15476"}],"wp:featuredmedia":[{"embeddable":true,"href":"https:\/\/www.vape4wholesale.com\/pt\/wp-json\/wp\/v2\/media\/15493"}],"wp:attachment":[{"href":"https:\/\/www.vape4wholesale.com\/pt\/wp-json\/wp\/v2\/media?parent=15476"}],"wp:term":[{"taxonomy":"pwb-brand","embeddable":true,"href":"https:\/\/www.vape4wholesale.com\/pt\/wp-json\/wp\/v2\/pwb-brand?post=15476"},{"taxonomy":"product_cat","embeddable":true,"href":"https:\/\/www.vape4wholesale.com\/pt\/wp-json\/wp\/v2\/product_cat?post=15476"},{"taxonomy":"product_tag","embeddable":true,"href":"https:\/\/www.vape4wholesale.com\/pt\/wp-json\/wp\/v2\/product_tag?post=15476"}],"curies":[{"name":"wp","href":"https:\/\/api.w.org\/{rel}","templated":true}]}}