{"id":15424,"date":"2024-04-01T11:07:28","date_gmt":"2024-04-01T03:07:28","guid":{"rendered":"https:\/\/www.vape4wholesale.com\/?post_type=product&#038;p=15424"},"modified":"2026-01-26T13:41:17","modified_gmt":"2026-01-26T13:41:17","slug":"lavie-insider-12000-puffs-vape-descartavel-por-atacado","status":"publish","type":"product","link":"https:\/\/www.vape4wholesale.com\/pt\/product\/lavie-insider-12000-puffs-disposable-vape-wholesale","title":{"rendered":"Lavie Insider 12000 Puffs Vape Descart\u00e1vel Atacado"},"content":{"rendered":"<p>O Lavie Insider 12000 \u00e9 um vape descart\u00e1vel com 18ml de \u00f3leo e constru\u00eddo com uma bateria recarreg\u00e1vel de 650mah que suporta at\u00e9 12.000 baforadas.<br \/>\n\u00c9 um estilo de design elegante com uma mistura de duas cores que oferece uma boa ader\u00eancia \u00e0 m\u00e3o e um aspeto marcante.<br \/>\nEscolha o nosso lavie sinder at\u00e9 12 sabores ao melhor pre\u00e7o por grosso e envio r\u00e1pido!<\/p>\n<h2><strong>Lavie Insider 12000 Disposable Vape Especifica\u00e7\u00f5es:<\/strong><\/h2>\n<ul>\n<li>Marca: Lavie<\/li>\n<li>Puffs: 12000 Puffs<\/li>\n<li>Nicotina: 2%\/5%<\/li>\n<li>Capacidade do E-juice: 18ML<\/li>\n<li>Bateria: 650mAh<\/li>\n<li>Porta de carregamento: Tipo C<\/li>\n<\/ul>\n<h2><strong>Aromas<\/strong><\/h2>\n<ol>\n<li>Melancia com morango<\/li>\n<li>Gelo de melancia<\/li>\n<li>Gelo de manga<\/li>\n<li>Ch\u00e1 Preto Rosa<\/li>\n<li>Gelo de mirtilo<\/li>\n<li>Mojito<\/li>\n<li>Gelo de uva verde<\/li>\n<li>Caf\u00e9<\/li>\n<li>Gelo de cola de lim\u00e3o<\/li>\n<li>Gelo laranja<\/li>\n<li>Gelo de menta<\/li>\n<li>Gelo de ma\u00e7\u00e3 verde<\/li>\n<\/ol>\n<h2><strong>Embalagem e peso<\/strong><\/h2>\n<ul>\n<li>0.095KG\/PCS, 10 PCS\/caixa m\u00e9dia<\/li>\n<li>200PCS\/caixa de cart\u00e3o principal, 19KG.<\/li>\n<\/ul>\n<figure id=\"attachment_15438\" aria-describedby=\"caption-attachment-15438\" style=\"width: 800px\" class=\"wp-caption alignnone\"><img loading=\"lazy\" decoding=\"async\" class=\"size-full wp-image-15438\" title=\"LAVIE INSIDER 12000 Puffs Vape Descart\u00e1vel Atacado 2 Sabores\" src=\"https:\/\/www.vape4wholesale.com\/wp-content\/uploads\/2024\/04\/LAVIE-INSIDER-12000-Puffs-Disposable-Vape-Wholesale-2-Flavors.jpg\" alt=\"LAVIE INSIDER 12000 Puffs Vape Descart\u00e1vel Atacado 2 Sabores\" width=\"800\" height=\"1000\" srcset=\"https:\/\/www.vape4wholesale.com\/wp-content\/uploads\/2024\/04\/LAVIE-INSIDER-12000-Puffs-Disposable-Vape-Wholesale-2-Flavors.jpg 800w, https:\/\/www.vape4wholesale.com\/wp-content\/uploads\/2024\/04\/LAVIE-INSIDER-12000-Puffs-Disposable-Vape-Wholesale-2-Flavors-510x638.jpg 510w, https:\/\/www.vape4wholesale.com\/wp-content\/uploads\/2024\/04\/LAVIE-INSIDER-12000-Puffs-Disposable-Vape-Wholesale-2-Flavors-64x80.jpg 64w, https:\/\/www.vape4wholesale.com\/wp-content\/uploads\/2024\/04\/LAVIE-INSIDER-12000-Puffs-Disposable-Vape-Wholesale-2-Flavors-240x300.jpg 240w, https:\/\/www.vape4wholesale.com\/wp-content\/uploads\/2024\/04\/LAVIE-INSIDER-12000-Puffs-Disposable-Vape-Wholesale-2-Flavors-768x960.jpg 768w\" sizes=\"auto, (max-width: 800px) 100vw, 800px\" \/><figcaption id=\"caption-attachment-15438\" class=\"wp-caption-text\">LAVIE INSIDER 12000 Puffs Vape descart\u00e1vel Atacado<\/figcaption><\/figure>\n<h2>PORQU\u00ca N\u00d3S?<\/h2>\r\n<ul>\r\n<li>Fonte vape real, fi\u00e1vel e profissional.<\/li>\r\n<li>100% Garantia genu\u00edna: S\u00f3 fornecemos produtos originais e genu\u00ednos, recusamos a contrafa\u00e7\u00e3o.<\/li>\r\n<li>100% Garantia de entrega: Utilizamos o melhor m\u00e9todo de envio para garantir que recebe a encomenda 100%.<\/li>\r\n<li>Ap\u00f3s o envio, fornecer-lhe-emos o n\u00famero de acompanhamento e a etiqueta de envio e acompanharemos a mercadoria at\u00e9 que a receba.<\/li>\r\n<li>Sem problemas aduaneiros, sem direitos aduaneiros<\/li>\r\n<\/ul>","protected":false},"excerpt":{"rendered":"<div class=\"wsppc_div_block woocommerce_before_add_to_cart_form\">\r\n<p><strong><span style=\"color: #00a859;\">Passar na alf\u00e2ndega<\/span> antes da entrega e% Garantia de Entrega de 100 dias, Entrega em cerca de 19 a 25 dias.\u00a0<\/strong><\/p>\r\n<\/div>","protected":false},"featured_media":15446,"comment_status":"open","ping_status":"closed","template":"","meta":[],"pwb-brand":[1277],"product_cat":[871],"product_tag":[37,244,556,22,24],"class_list":{"0":"post-15424","1":"product","2":"type-product","3":"status-publish","4":"has-post-thumbnail","6":"pwb-brand-lavie","7":"product_cat-10-15k-puffs","8":"product_tag-lavie","9":"product_tag-18-0ml","10":"product_tag-12000-puffs","11":"product_tag-disposable","12":"product_tag-wholesale","13":"wcpa_has_options","15":"first","16":"instock","17":"shipping-taxable","18":"purchasable","19":"product-type-variable"},"aioseo_notices":[],"brands":[{"id":1277,"name":"Lavie","slug":"lavie"}],"_links":{"self":[{"href":"https:\/\/www.vape4wholesale.com\/pt\/wp-json\/wp\/v2\/product\/15424","targetHints":{"allow":["GET"]}}],"collection":[{"href":"https:\/\/www.vape4wholesale.com\/pt\/wp-json\/wp\/v2\/product"}],"about":[{"href":"https:\/\/www.vape4wholesale.com\/pt\/wp-json\/wp\/v2\/types\/product"}],"replies":[{"embeddable":true,"href":"https:\/\/www.vape4wholesale.com\/pt\/wp-json\/wp\/v2\/comments?post=15424"}],"wp:featuredmedia":[{"embeddable":true,"href":"https:\/\/www.vape4wholesale.com\/pt\/wp-json\/wp\/v2\/media\/15446"}],"wp:attachment":[{"href":"https:\/\/www.vape4wholesale.com\/pt\/wp-json\/wp\/v2\/media?parent=15424"}],"wp:term":[{"taxonomy":"pwb-brand","embeddable":true,"href":"https:\/\/www.vape4wholesale.com\/pt\/wp-json\/wp\/v2\/pwb-brand?post=15424"},{"taxonomy":"product_cat","embeddable":true,"href":"https:\/\/www.vape4wholesale.com\/pt\/wp-json\/wp\/v2\/product_cat?post=15424"},{"taxonomy":"product_tag","embeddable":true,"href":"https:\/\/www.vape4wholesale.com\/pt\/wp-json\/wp\/v2\/product_tag?post=15424"}],"curies":[{"name":"wp","href":"https:\/\/api.w.org\/{rel}","templated":true}]}}