{"id":15236,"date":"2024-02-29T22:53:23","date_gmt":"2024-02-29T14:53:23","guid":{"rendered":"https:\/\/www.vape4wholesale.com\/?post_type=product&#038;p=15236"},"modified":"2026-01-26T13:41:21","modified_gmt":"2026-01-26T13:41:21","slug":"elf-bar-raya-d1-13000-puffs-vape-descartavel-por-atacado","status":"publish","type":"product","link":"https:\/\/www.vape4wholesale.com\/pt\/product\/elf-bar-raya-d1-13000-puffs-disposable-vape-wholesale","title":{"rendered":"Elf Bar Raya D1 13000 Puffs Vape Descart\u00e1vel Atacado"},"content":{"rendered":"<p>O Elfbar Raya D1 vem com 13.000 baforadas e \u00e9 um dispositivo de c\u00e1psula descart\u00e1vel de \u00faltima gera\u00e7\u00e3o concebido para uma experi\u00eancia de vaporiza\u00e7\u00e3o prolongada e satisfat\u00f3ria. Com uma impressionante capacidade de puffs, este dispositivo proporciona uma viagem duradoura e saborosa. Com a sua tecnologia inovadora, a Elfbar garante uma solu\u00e7\u00e3o de vaporiza\u00e7\u00e3o c\u00f3moda e sem complica\u00e7\u00f5es. A variante Raya D1 oferece uma deliciosa mistura de sabores de melancia e melada, proporcionando um perfil de sabor refrescante e agrad\u00e1vel. Ideal para utilizadores que procuram uma op\u00e7\u00e3o descart\u00e1vel de alta press\u00e3o, o Elfbar Raya D1 promete uma sess\u00e3o de vaporiza\u00e7\u00e3o envolvente a cada tragada.<\/p>\n<p>Encomende a granel a nossa vasta sele\u00e7\u00e3o de sabores Elf Bar Raya D1 13000 pelo nosso melhor pre\u00e7o por grosso e envio r\u00e1pido!<\/p>\n<h2><strong>Elf Bar Raya D1 13000 Detalhe r\u00e1pido<\/strong><\/h2>\n<ul>\n<li>Capacidade do E-l\u00edquido: 18ml<\/li>\n<li>Capacidade da bateria: 650mAh<\/li>\n<li>Puffs: At\u00e9 13000<\/li>\n<li>For\u00e7a da nicotina: 50mg\/ml<\/li>\n<li>Ecr\u00e3 de LED: Energia e l\u00edquido<\/li>\n<li>Recarreg\u00e1vel tipo C<\/li>\n<\/ul>\n<h2><strong>Elf Bar Raya D1 Sabores dispon\u00edveis<\/strong><\/h2>\n<p>1. gelo Americano<br \/>\n2.Apple Ice<br \/>\n3. mirtilo Gami<br \/>\n4. gelo de mirtilo<br \/>\n5. gelo de uva<br \/>\n6.Miami Mint<br \/>\n7.Gelo de p\u00eassego<br \/>\n8. gelo de anan\u00e1s<br \/>\n9. gelo de morango<br \/>\n10.Tabaco<br \/>\n11. gelo de melancia<br \/>\n12. amora preta amora branca<br \/>\n13.Blue Razz Ice<br \/>\n14. mirtilo menta<br \/>\n15. melancia cereja<br \/>\n16.Manga dupla<br \/>\n17. uva-cereja<br \/>\n18. lima-lim\u00e3o<br \/>\n19. p\u00eassego manga<br \/>\n20. anan\u00e1s morango banana<br \/>\n21. cereja de baga vermelha<br \/>\n22. morango e banana<br \/>\n23. gelo de morango e kiwi<\/p>\n<h2><strong>Detalhe da embalagem<\/strong><\/h2>\n<p>1 unidade\/embalagem<br \/>\n10 unidades\/caixa<br \/>\n200 unidades\/caixa<\/p>\n<p>Dimens\u00e3o: 56*28*24cm<br \/>\n26KGS\/caixa<\/p>\n<figure id=\"attachment_15240\" aria-describedby=\"caption-attachment-15240\" style=\"width: 600px\" class=\"wp-caption alignnone\"><img loading=\"lazy\" decoding=\"async\" class=\"wp-image-15240 size-full\" title=\"Elf Bar Raya D1 13000 Puffs Vape Descart\u00e1vel Atacado\" src=\"https:\/\/www.vape4wholesale.com\/wp-content\/uploads\/2024\/02\/Elf-Bar-Raya-D1-13000-Disposable-Vape-Wholesale-2.png\" alt=\"Elf Bar Raya D1 13000 Puffs Vape Descart\u00e1vel Atacado\" width=\"600\" height=\"600\" srcset=\"https:\/\/www.vape4wholesale.com\/wp-content\/uploads\/2024\/02\/Elf-Bar-Raya-D1-13000-Disposable-Vape-Wholesale-2.png 600w, https:\/\/www.vape4wholesale.com\/wp-content\/uploads\/2024\/02\/Elf-Bar-Raya-D1-13000-Disposable-Vape-Wholesale-2-247x247.png 247w, https:\/\/www.vape4wholesale.com\/wp-content\/uploads\/2024\/02\/Elf-Bar-Raya-D1-13000-Disposable-Vape-Wholesale-2-100x100.png 100w, https:\/\/www.vape4wholesale.com\/wp-content\/uploads\/2024\/02\/Elf-Bar-Raya-D1-13000-Disposable-Vape-Wholesale-2-510x510.png 510w, https:\/\/www.vape4wholesale.com\/wp-content\/uploads\/2024\/02\/Elf-Bar-Raya-D1-13000-Disposable-Vape-Wholesale-2-64x64.png 64w, https:\/\/www.vape4wholesale.com\/wp-content\/uploads\/2024\/02\/Elf-Bar-Raya-D1-13000-Disposable-Vape-Wholesale-2-300x300.png 300w, https:\/\/www.vape4wholesale.com\/wp-content\/uploads\/2024\/02\/Elf-Bar-Raya-D1-13000-Disposable-Vape-Wholesale-2-150x150.png 150w\" sizes=\"auto, (max-width: 600px) 100vw, 600px\" \/><figcaption id=\"caption-attachment-15240\" class=\"wp-caption-text\">Elf Bar Raya D1 13000 Puffs Vape Descart\u00e1vel Atacado<\/figcaption><\/figure>\n<h2>PORQU\u00ca N\u00d3S?<\/h2>\r\n<ul>\r\n<li>Fonte vape real, fi\u00e1vel e profissional.<\/li>\r\n<li>100% Garantia genu\u00edna: S\u00f3 fornecemos produtos originais e genu\u00ednos, recusamos a contrafa\u00e7\u00e3o.<\/li>\r\n<li>100% Garantia de entrega: Utilizamos o melhor m\u00e9todo de envio para garantir que recebe a encomenda 100%.<\/li>\r\n<li>Ap\u00f3s o envio, fornecer-lhe-emos o n\u00famero de acompanhamento e a etiqueta de envio e acompanharemos a mercadoria at\u00e9 que a receba.<\/li>\r\n<li>Sem problemas aduaneiros, sem direitos aduaneiros<\/li>\r\n<\/ul>","protected":false},"excerpt":{"rendered":"<div class=\"wsppc_div_block woocommerce_before_add_to_cart_form\">\r\n<p><strong><span style=\"color: #00a859;\">Passar na alf\u00e2ndega<\/span> antes da entrega e% Garantia de Entrega de 100 dias, Entrega em cerca de 19 a 25 dias.\u00a0<\/strong><\/p>\r\n<\/div>\n<p><strong>Devido a altera\u00e7\u00f5es frequentes no invent\u00e1rio de produtos, na quantidade m\u00ednima de encomenda e no pre\u00e7o, contacte-nos antes de efetuar a encomenda.<\/strong><\/p>","protected":false},"featured_media":15241,"comment_status":"open","ping_status":"closed","template":"","meta":[],"pwb-brand":[1278],"product_cat":[871],"product_tag":[737,22,24,60,244],"class_list":{"0":"post-15236","1":"product","2":"type-product","3":"status-publish","4":"has-post-thumbnail","6":"pwb-brand-elf-bar","7":"product_cat-10-15k-puffs","8":"product_tag-13000-puffs","9":"product_tag-disposable","10":"product_tag-wholesale","11":"product_tag-elf-bar","12":"product_tag-18-0ml","14":"first","15":"instock","16":"shipping-taxable","17":"purchasable","18":"product-type-variable"},"aioseo_notices":[],"brands":[{"id":1278,"name":"Bar dos duendes","slug":"bar-dos-elfos"}],"_links":{"self":[{"href":"https:\/\/www.vape4wholesale.com\/pt\/wp-json\/wp\/v2\/product\/15236","targetHints":{"allow":["GET"]}}],"collection":[{"href":"https:\/\/www.vape4wholesale.com\/pt\/wp-json\/wp\/v2\/product"}],"about":[{"href":"https:\/\/www.vape4wholesale.com\/pt\/wp-json\/wp\/v2\/types\/product"}],"replies":[{"embeddable":true,"href":"https:\/\/www.vape4wholesale.com\/pt\/wp-json\/wp\/v2\/comments?post=15236"}],"wp:featuredmedia":[{"embeddable":true,"href":"https:\/\/www.vape4wholesale.com\/pt\/wp-json\/wp\/v2\/media\/15241"}],"wp:attachment":[{"href":"https:\/\/www.vape4wholesale.com\/pt\/wp-json\/wp\/v2\/media?parent=15236"}],"wp:term":[{"taxonomy":"pwb-brand","embeddable":true,"href":"https:\/\/www.vape4wholesale.com\/pt\/wp-json\/wp\/v2\/pwb-brand?post=15236"},{"taxonomy":"product_cat","embeddable":true,"href":"https:\/\/www.vape4wholesale.com\/pt\/wp-json\/wp\/v2\/product_cat?post=15236"},{"taxonomy":"product_tag","embeddable":true,"href":"https:\/\/www.vape4wholesale.com\/pt\/wp-json\/wp\/v2\/product_tag?post=15236"}],"curies":[{"name":"wp","href":"https:\/\/api.w.org\/{rel}","templated":true}]}}