{"id":15179,"date":"2024-02-28T21:21:34","date_gmt":"2024-02-28T13:21:34","guid":{"rendered":"https:\/\/www.vape4wholesale.com\/?post_type=product&#038;p=15179"},"modified":"2026-01-26T13:41:25","modified_gmt":"2026-01-26T13:41:25","slug":"bang-tornado-12000-puffs-vape-descartavel-por-atacado","status":"publish","type":"product","link":"https:\/\/www.vape4wholesale.com\/pt\/product\/bang-tornado-12000-puffs-disposable-vape-wholesale","title":{"rendered":"Bang Tornado 12000 Puffs Vape Descart\u00e1vel Atacado"},"content":{"rendered":"<p>O Bang Tornado 12000 \u00e9 um vape descart\u00e1vel com um design agrad\u00e1vel, tem autocolantes fixes e uma dura\u00e7\u00e3o super longa, cont\u00e9m 23ml de e-l\u00edquido com bateria recarreg\u00e1vel de 650mah, suporta at\u00e9 12000 puffs.<\/p>\n<p>0mg\/20mg\/30mg\/50mg de nicotina \u00e0 escolha, Encomende a granel a nossa vasta sele\u00e7\u00e3o de 12 sabores de Bang Tornado 12000 Puffs pelo nosso melhor pre\u00e7o por grosso e envio r\u00e1pido!<\/p>\n<h2><strong>Bang Tornado 12000 Vape descart\u00e1vel Detalhes r\u00e1pidos:<\/strong><\/h2>\n<ul>\n<li>Marca e modelo: Bang Tornado<\/li>\n<li>Puffs: 12000 Puffs<\/li>\n<li>Nicotina: 0, 2%, 3%, 5%<\/li>\n<li>Capacidade do E-juice: 23 ML<\/li>\n<li>Bateria: 650mAh (recarreg\u00e1vel)<\/li>\n<li>Porta de carregamento: Tipo C<\/li>\n<\/ul>\n<p>&nbsp;<\/p>\n<h2><strong>Sabores dispon\u00edveis\uff1a<\/strong><\/h2>\n<ul>\n<li>Gelo de mirtilo<\/li>\n<li>Pastilha el\u00e1stica de melancia<\/li>\n<li>Gelo Blue Razz<\/li>\n<li>Gelado de morango<\/li>\n<li>Americano<\/li>\n<li>Uva Real<\/li>\n<li>Gelo de Watermlon<\/li>\n<li>Ma\u00e7\u00e3 \u00c1cida Framboesa<\/li>\n<li>P\u00eassego Manga Melancia<\/li>\n<li>Morango Kiwi<\/li>\n<li>Kiwi Maracuj\u00e1 Goiaba<\/li>\n<li>Melancia com morango<\/li>\n<\/ul>\n<h2><strong>Conte\u00fado da embalagem:<\/strong><\/h2>\n<ul>\n<li>Individual com embalagem pequena<\/li>\n<li>10 unidades numa caixa m\u00e9dia.<\/li>\n<li>200 unidades por caixa, 22 kg\/caixa<\/li>\n<\/ul>\n<figure id=\"attachment_15616\" aria-describedby=\"caption-attachment-15616\" style=\"width: 800px\" class=\"wp-caption alignnone\"><img loading=\"lazy\" decoding=\"async\" class=\"size-full wp-image-15616\" title=\"Bang Tornado 12000 Puffs Vape Descart\u00e1vel Atacado (12)\" src=\"https:\/\/www.vape4wholesale.com\/wp-content\/uploads\/2024\/04\/Bang-Tornado-12000-Puffs-Disposable-Vape-Wholesale-12.webp\" alt=\"Bang Tornado 12000 Puffs Vape Descart\u00e1vel Atacado (12)\" width=\"800\" height=\"800\" srcset=\"https:\/\/www.vape4wholesale.com\/wp-content\/uploads\/2024\/04\/Bang-Tornado-12000-Puffs-Disposable-Vape-Wholesale-12.webp 800w, https:\/\/www.vape4wholesale.com\/wp-content\/uploads\/2024\/04\/Bang-Tornado-12000-Puffs-Disposable-Vape-Wholesale-12-247x247.webp 247w, https:\/\/www.vape4wholesale.com\/wp-content\/uploads\/2024\/04\/Bang-Tornado-12000-Puffs-Disposable-Vape-Wholesale-12-100x100.webp 100w, https:\/\/www.vape4wholesale.com\/wp-content\/uploads\/2024\/04\/Bang-Tornado-12000-Puffs-Disposable-Vape-Wholesale-12-510x510.webp 510w, https:\/\/www.vape4wholesale.com\/wp-content\/uploads\/2024\/04\/Bang-Tornado-12000-Puffs-Disposable-Vape-Wholesale-12-64x64.webp 64w, https:\/\/www.vape4wholesale.com\/wp-content\/uploads\/2024\/04\/Bang-Tornado-12000-Puffs-Disposable-Vape-Wholesale-12-300x300.webp 300w, https:\/\/www.vape4wholesale.com\/wp-content\/uploads\/2024\/04\/Bang-Tornado-12000-Puffs-Disposable-Vape-Wholesale-12-150x150.webp 150w, https:\/\/www.vape4wholesale.com\/wp-content\/uploads\/2024\/04\/Bang-Tornado-12000-Puffs-Disposable-Vape-Wholesale-12-768x768.webp 768w\" sizes=\"auto, (max-width: 800px) 100vw, 800px\" \/><figcaption id=\"caption-attachment-15616\" class=\"wp-caption-text\">Bang Tornado 12000 Puffs Vape Descart\u00e1vel Atacado<\/figcaption><\/figure>\n<h2>PORQU\u00ca N\u00d3S?<\/h2>\r\n<ul>\r\n<li>Fonte vape real, fi\u00e1vel e profissional.<\/li>\r\n<li>100% Garantia genu\u00edna: S\u00f3 fornecemos produtos originais e genu\u00ednos, recusamos a contrafa\u00e7\u00e3o.<\/li>\r\n<li>100% Garantia de entrega: Utilizamos o melhor m\u00e9todo de envio para garantir que recebe a encomenda 100%.<\/li>\r\n<li>Ap\u00f3s o envio, fornecer-lhe-emos o n\u00famero de acompanhamento e a etiqueta de envio e acompanharemos a mercadoria at\u00e9 que a receba.<\/li>\r\n<li>Sem problemas aduaneiros, sem direitos aduaneiros<\/li>\r\n<\/ul>","protected":false},"excerpt":{"rendered":"<div class=\"wsppc_div_block woocommerce_before_add_to_cart_form\">\r\n<p><strong><span style=\"color: #00a859;\">Clear customs<\/span> before delivery &amp; 100% Delivery Guarantee, Delivery in 19~25 days around.\u00a0<\/strong><\/p>\r\n<\/div>","protected":false},"featured_media":15607,"comment_status":"open","ping_status":"closed","template":"","meta":[],"pwb-brand":[1275],"product_cat":[871],"product_tag":[22,24,249,556,557],"class_list":{"0":"post-15179","1":"product","2":"type-product","3":"status-publish","4":"has-post-thumbnail","6":"pwb-brand-bang","7":"product_cat-10-15k-puffs","8":"product_tag-disposable","9":"product_tag-wholesale","10":"product_tag-bang","11":"product_tag-12000-puffs","12":"product_tag-23-0ml","13":"wcpa_has_options","15":"first","16":"instock","17":"shipping-taxable","18":"purchasable","19":"product-type-variable"},"aioseo_notices":[],"brands":[{"id":1275,"name":"Pancada","slug":"pancada"}],"_links":{"self":[{"href":"https:\/\/www.vape4wholesale.com\/pt\/wp-json\/wp\/v2\/product\/15179","targetHints":{"allow":["GET"]}}],"collection":[{"href":"https:\/\/www.vape4wholesale.com\/pt\/wp-json\/wp\/v2\/product"}],"about":[{"href":"https:\/\/www.vape4wholesale.com\/pt\/wp-json\/wp\/v2\/types\/product"}],"replies":[{"embeddable":true,"href":"https:\/\/www.vape4wholesale.com\/pt\/wp-json\/wp\/v2\/comments?post=15179"}],"wp:featuredmedia":[{"embeddable":true,"href":"https:\/\/www.vape4wholesale.com\/pt\/wp-json\/wp\/v2\/media\/15607"}],"wp:attachment":[{"href":"https:\/\/www.vape4wholesale.com\/pt\/wp-json\/wp\/v2\/media?parent=15179"}],"wp:term":[{"taxonomy":"pwb-brand","embeddable":true,"href":"https:\/\/www.vape4wholesale.com\/pt\/wp-json\/wp\/v2\/pwb-brand?post=15179"},{"taxonomy":"product_cat","embeddable":true,"href":"https:\/\/www.vape4wholesale.com\/pt\/wp-json\/wp\/v2\/product_cat?post=15179"},{"taxonomy":"product_tag","embeddable":true,"href":"https:\/\/www.vape4wholesale.com\/pt\/wp-json\/wp\/v2\/product_tag?post=15179"}],"curies":[{"name":"wp","href":"https:\/\/api.w.org\/{rel}","templated":true}]}}