{"id":15147,"date":"2024-02-28T17:25:06","date_gmt":"2024-02-28T09:25:06","guid":{"rendered":"https:\/\/www.vape4wholesale.com\/?post_type=product&#038;p=15147"},"modified":"2026-01-26T13:41:27","modified_gmt":"2026-01-26T13:41:27","slug":"bang-shisha-15000-puffs-vape-descartavel-por-atacado","status":"publish","type":"product","link":"https:\/\/www.vape4wholesale.com\/pt\/produto\/bang-shisha-15000-puffs-vape-descartavel-por-atacado","title":{"rendered":"Bang Shisha 15000 Puffs Vape Descart\u00e1vel Atacado"},"content":{"rendered":"<p>a <strong>Narguil\u00e9 Bang 15000<\/strong> \u00e9 um dos dispositivos DTL vape que apresenta grande vapor com \u00f3timo sabor, constru\u00eddo com atomizador de 1,0\u03a9, 15ml de el\u00edquido com for\u00e7a de nicotina 0% ~ 5%. ele suporta at\u00e9 15000 puffs, uma vez totalmente carregado, voc\u00ea pode ter uma \u00f3tima experi\u00eancia de vaporiza\u00e7\u00e3o.<\/p>\n<p>Encomende a granel a nossa vasta sele\u00e7\u00e3o de 20 sabores Bang Shisha 15000 pelo nosso melhor pre\u00e7o por grosso e envio r\u00e1pido!<\/p>\n<h2><strong>Bang Shisha 15000 Detalhes r\u00e1pidos:<\/strong><\/h2>\n<ul>\n<li>Puffs: 15000 Puffs<\/li>\n<li>Nicotina: 0%, 2%, 3%, 5%<\/li>\n<li>Capacidade do E-juice: 15 ML<\/li>\n<li>Bateria: 600mAh (recarreg\u00e1vel)<\/li>\n<li>Porta de carregamento: Tipo C<\/li>\n<li>Resist\u00eancia: 1,0\u03a9<\/li>\n<\/ul>\n<h2><strong>Sabores dispon\u00edveis\uff1a<\/strong><\/h2>\n<ol>\n<li>Gelo de mirtilo<\/li>\n<li>Gelo Blue Razz<\/li>\n<li>Melancia com cereja<\/li>\n<li>Ma\u00e7\u00e3 congelada<\/li>\n<li>Goma de hortel\u00e3<\/li>\n<li>Manga Banana<\/li>\n<li>Mistura de gelo de bagas<\/li>\n<li>Anan\u00e1s de coco<\/li>\n<li>Sumo de frutos vermelhos<\/li>\n<li>Kiwi Maracuj\u00e1 Goiaba<\/li>\n<li>Uva de arando<\/li>\n<li>Gelo de morango<\/li>\n<li>Morango Kiwi<\/li>\n<li>Rebu\u00e7ados de morango e framboesa<\/li>\n<li>Gelo de melancia<\/li>\n<li>P\u00eassegos sumarentos<\/li>\n<li><del>Amor 66<\/del><\/li>\n<li>P\u00eassego Manga Melancia<\/li>\n<li><del>Red Bull<\/del><\/li>\n<li>Melancia Morango Pastilha el\u00e1stica<\/li>\n<\/ol>\n<h2><strong>Conte\u00fado da embalagem:<\/strong><\/h2>\n<ul>\n<li>10 unidades \/ caixa m\u00e9dia.<\/li>\n<li>200 unidades\/caixa<\/li>\n<li>22 kg\/caixa<\/li>\n<li>Tamanho da caixa: 39,5*39*30,5cm<\/li>\n<\/ul>\n<h2>PORQU\u00ca N\u00d3S?<\/h2>\r\n<ul>\r\n<li>Fonte vape real, fi\u00e1vel e profissional.<\/li>\r\n<li>100% Garantia genu\u00edna: S\u00f3 fornecemos produtos originais e genu\u00ednos, recusamos a contrafa\u00e7\u00e3o.<\/li>\r\n<li>100% Garantia de entrega: Utilizamos o melhor m\u00e9todo de envio para garantir que recebe a encomenda 100%.<\/li>\r\n<li>Ap\u00f3s o envio, fornecer-lhe-emos o n\u00famero de acompanhamento e a etiqueta de envio e acompanharemos a mercadoria at\u00e9 que a receba.<\/li>\r\n<li>Sem problemas aduaneiros, sem direitos aduaneiros<\/li>\r\n<\/ul>","protected":false},"excerpt":{"rendered":"<div class=\"wsppc_div_block woocommerce_before_add_to_cart_form\">\r\n<p><strong><span style=\"color: #00a859;\">Clear customs<\/span> before delivery &amp; 100% Delivery Guarantee, Delivery in 19~25 days around.\u00a0<\/strong><\/p>\r\n<\/div>","protected":false},"featured_media":15170,"comment_status":"open","ping_status":"closed","template":"","meta":[],"pwb-brand":[1275],"product_cat":[872],"product_tag":[22,24,233,249,684,726],"class_list":{"0":"post-15147","1":"product","2":"type-product","3":"status-publish","4":"has-post-thumbnail","6":"pwb-brand-bang","7":"product_cat-15k-20k-puffs","8":"product_tag-disposable","9":"product_tag-wholesale","10":"product_tag-15-0ml","11":"product_tag-bang","12":"product_tag-15000-puffs","13":"product_tag-shisha","14":"wcpa_has_options","16":"first","17":"outofstock","18":"shipping-taxable","19":"purchasable","20":"product-type-variable"},"aioseo_notices":[],"brands":[{"id":1275,"name":"Pancada","slug":"pancada"}],"_links":{"self":[{"href":"https:\/\/www.vape4wholesale.com\/pt\/wp-json\/wp\/v2\/product\/15147","targetHints":{"allow":["GET"]}}],"collection":[{"href":"https:\/\/www.vape4wholesale.com\/pt\/wp-json\/wp\/v2\/product"}],"about":[{"href":"https:\/\/www.vape4wholesale.com\/pt\/wp-json\/wp\/v2\/types\/product"}],"replies":[{"embeddable":true,"href":"https:\/\/www.vape4wholesale.com\/pt\/wp-json\/wp\/v2\/comments?post=15147"}],"wp:featuredmedia":[{"embeddable":true,"href":"https:\/\/www.vape4wholesale.com\/pt\/wp-json\/wp\/v2\/media\/15170"}],"wp:attachment":[{"href":"https:\/\/www.vape4wholesale.com\/pt\/wp-json\/wp\/v2\/media?parent=15147"}],"wp:term":[{"taxonomy":"pwb-brand","embeddable":true,"href":"https:\/\/www.vape4wholesale.com\/pt\/wp-json\/wp\/v2\/pwb-brand?post=15147"},{"taxonomy":"product_cat","embeddable":true,"href":"https:\/\/www.vape4wholesale.com\/pt\/wp-json\/wp\/v2\/product_cat?post=15147"},{"taxonomy":"product_tag","embeddable":true,"href":"https:\/\/www.vape4wholesale.com\/pt\/wp-json\/wp\/v2\/product_tag?post=15147"}],"curies":[{"name":"wp","href":"https:\/\/api.w.org\/{rel}","templated":true}]}}